{"id":13676,"date":"2021-04-14T17:34:49","date_gmt":"2021-04-14T15:34:49","guid":{"rendered":"https:\/\/us.edu.pl\/pracownik\/?page_id=13676"},"modified":"2021-05-13T20:23:20","modified_gmt":"2021-05-13T18:23:20","slug":"posiedzenie-komisji-19-04-2021-2","status":"publish","type":"page","link":"https:\/\/us.edu.pl\/pracownik\/sprawy-dydaktyczne\/senacka-komisja-ds-ksztalcenia\/senacka-komisja-ds-ksztalcenia-sklad-komisji\/kadencja-2020-2024\/posiedzenie-komisji-19-04-2021-2\/","title":{"rendered":"Posiedzenie komisji &#8211; 19.04.2021"},"content":{"rendered":"<p>[vc_row][vc_column]\r\n                <div class=\"text-modules\">\r\n                    <div class=\"container\">\r\n                        <h3 class=\"page-title text__title\">Posiedzenie Komisji ds. kszta\u0142cenia i student\u00f3w - 19 kwietnia 2021 r.<\/h3>\r\n                        <div class=\"text-modules__content\"><p>Posiedzenie Komisji ds. kszta\u0142cenia i student\u00f3w, kt\u00f3re odb\u0119dzie si\u0119 19 kwietnia 2021 r. o godz. 13.00. Spotkanie odb\u0119dzie si\u0119 w formie zdalnej za po\u015brednictwem platformy Microsoft Teams.<\/p>\n<p><strong>Porz\u0105dek posiedzenia.<\/strong><\/p>\n<ol>\n<li>Komunikaty Prorektor ds. kszta\u0142cenia i student\u00f3w;<\/li>\n<li>Informacja o pracach Zespo\u0142u ds. opracowania projektu zmian w Regulaminie Studi\u00f3w U\u015a;<\/li>\n<li>Przyj\u0119cie <a href=\"https:\/\/us.edu.pl\/pracownik\/wp-content\/uploads\/sites\/2\/Editor\/sprawy-dydatktyczne\/Komisja-kszta\u0142cenia\/Kadencja-2020-2024\/20202021\/19.04.2021\/Regulamin-studi\u00f3w-PROJEKT-14-kwietnia-2021.docx\" class=\"mtli_attachment mtli_docx\" data-mtli=\"mtli_filesize115,87kB\" class=\"mtli_attachment mtli_docx\" data-mtli=\"mtli_filesize115,87kB\">projektu zmian w Regulaminie studi\u00f3w w U\u015a,<\/a><\/li>\n<li>Opinia do projektu <a href=\"https:\/\/us.edu.pl\/pracownik\/wp-content\/uploads\/sites\/2\/Editor\/sprawy-dydatktyczne\/Komisja-kszta\u0142cenia\/Kadencja-2020-2024\/20202021\/19.04.2021\/Zarz\u0105dzenie-organizacja-roku-2021-2.doc\" class=\"mtli_attachment mtli_doc\" data-mtli=\"mtli_filesize48,50kB\" class=\"mtli_attachment mtli_doc\" data-mtli=\"mtli_filesize48,50kB\">organizacji roku akademickiego 2021\/2022;<\/a><\/li>\n<li>Opinia do propozycji<a href=\"https:\/\/us.edu.pl\/pracownik\/wp-content\/uploads\/sites\/2\/Editor\/sprawy-dydatktyczne\/Komisja-kszta\u0142cenia\/Kadencja-2020-2024\/20202021\/19.04.2021\/X_Limity-przyj\u0119\u0107-na-rok-akad_2021_2022.xlsx\" class=\"mtli_attachment mtli_xlsx\" data-mtli=\"mtli_filesize23,25kB\" class=\"mtli_attachment mtli_xlsx\" data-mtli=\"mtli_filesize23,25kB\"> limit\u00f3w przyj\u0119\u0107 na I rok studi\u00f3w w Uniwersytecie \u015al\u0105skim<\/a> na rok akademicki 2021\/2022;<\/li>\n<li>Modu\u0142y og\u00f3lnouczelniane realizowane na poziomie studi\u00f3w drugiego stopnia\u00a0 jako elementy Wsp\u00f3lnej Oferty Dydaktycznej;<\/li>\n<li>Ankietyzacja oceny pracy dydaktycznej nauczyciela akademickiego &#8211; informacje na temat ankietyzacji semestru zimowego i stan prac nad nowym formularzem ankiety;<\/li>\n<li>Opinia do wniosku Wydzia\u0142u Nauk \u015acis\u0142ych i Technicznych o likwidacj\u0119 studi\u00f3w I i II stopnia na kierunku ekonofizyka od roku akademickiego 2021\/2022;<\/li>\n<li>Opinia do projektu programu nowych studi\u00f3w podyplomowych <a href=\"https:\/\/us.edu.pl\/pracownik\/wp-content\/uploads\/sites\/2\/Editor\/sprawy-dydatktyczne\/Komisja-kszta\u0142cenia\/Kadencja-2020-2024\/20202021\/19.04.2021\/Fwd_-Studia-podyplomowe-Dziedzictwo-kulturowe.zip\">\u201eDziedzictwo kulturowe \u015al\u0105ska Cieszy\u0144skiego i \u017bywiecczyzny\u201d;<\/a><\/li>\n<li>Opinia do projektu modyfikacji <a href=\"https:\/\/us.edu.pl\/pracownik\/wp-content\/uploads\/sites\/2\/Editor\/sprawy-dydatktyczne\/Komisja-kszta\u0142cenia\/Kadencja-2020-2024\/20202021\/19.04.2021\/Fwd_-Studia-podyplomowe-Komisja.zip\">programu Studi\u00f3w Podyplomowych Teologii Duchowo\u015bci;<\/a><\/li>\n<li>Wolne wnioski<\/li>\n<\/ol>\n<p>\n<style type=\"text\/css\">a[data-mtli~=\"mtli_filesize115,87kB\"]:after {content:\" (115,87 kB)\"}a[data-mtli~=\"mtli_filesize48,50kB\"]:after {content:\" (48,50 kB)\"}a[data-mtli~=\"mtli_filesize23,25kB\"]:after {content:\" (23,25 kB)\"}<\/style><\/div>\r\n                    <\/div>\r\n                <\/div>[\/vc_column][\/vc_row]<\/p>\n<style type=\"text\/css\">a[data-mtli~=\"mtli_filesize115,87kB\"]:after {content:\" (115,87 kB)\"}a[data-mtli~=\"mtli_filesize48,50kB\"]:after {content:\" (48,50 kB)\"}a[data-mtli~=\"mtli_filesize23,25kB\"]:after {content:\" (23,25 kB)\"}<\/style>","protected":false},"excerpt":{"rendered":"<p>[vc_row][vc_column][\/vc_column][\/vc_row] [&#8230;]<\/p>\n<p><a class=\"btn btn-secondary understrap-read-more-link\" href=\"https:\/\/us.edu.pl\/pracownik\/sprawy-dydaktyczne\/senacka-komisja-ds-ksztalcenia\/senacka-komisja-ds-ksztalcenia-sklad-komisji\/kadencja-2020-2024\/posiedzenie-komisji-19-04-2021-2\/\">Read More&#8230;<\/a><\/p>\n","protected":false},"author":31,"featured_media":0,"parent":5151,"menu_order":481,"comment_status":"closed","ping_status":"closed","template":"page-templates\/inner-page.php","meta":{"_expiration-date-status":"saved","_expiration-date":0,"_expiration-date-type":"","_expiration-date-categories":[],"_expiration-date-options":[]},"acf":[],"_links":{"self":[{"href":"https:\/\/us.edu.pl\/pracownik\/wp-json\/wp\/v2\/pages\/13676"}],"collection":[{"href":"https:\/\/us.edu.pl\/pracownik\/wp-json\/wp\/v2\/pages"}],"about":[{"href":"https:\/\/us.edu.pl\/pracownik\/wp-json\/wp\/v2\/types\/page"}],"author":[{"embeddable":true,"href":"https:\/\/us.edu.pl\/pracownik\/wp-json\/wp\/v2\/users\/31"}],"replies":[{"embeddable":true,"href":"https:\/\/us.edu.pl\/pracownik\/wp-json\/wp\/v2\/comments?post=13676"}],"version-history":[{"count":5,"href":"https:\/\/us.edu.pl\/pracownik\/wp-json\/wp\/v2\/pages\/13676\/revisions"}],"predecessor-version":[{"id":13735,"href":"https:\/\/us.edu.pl\/pracownik\/wp-json\/wp\/v2\/pages\/13676\/revisions\/13735"}],"up":[{"embeddable":true,"href":"https:\/\/us.edu.pl\/pracownik\/wp-json\/wp\/v2\/pages\/5151"}],"wp:attachment":[{"href":"https:\/\/us.edu.pl\/pracownik\/wp-json\/wp\/v2\/media?parent=13676"}],"curies":[{"name":"wp","href":"https:\/\/api.w.org\/{rel}","templated":true}]}}