{"id":14074,"date":"2021-05-13T20:05:28","date_gmt":"2021-05-13T18:05:28","guid":{"rendered":"https:\/\/us.edu.pl\/pracownik\/?page_id=14074"},"modified":"2021-05-17T12:29:21","modified_gmt":"2021-05-17T10:29:21","slug":"posiedzenie-komisji-17-05-2021","status":"publish","type":"page","link":"https:\/\/us.edu.pl\/pracownik\/sprawy-dydaktyczne\/senacka-komisja-ds-ksztalcenia\/senacka-komisja-ds-ksztalcenia-sklad-komisji\/kadencja-2020-2024\/posiedzenie-komisji-17-05-2021\/","title":{"rendered":"Posiedzenie komisji &#8211; 17.05.2021"},"content":{"rendered":"<p>[vc_row][vc_column]\r\n                <div class=\"text-modules\">\r\n                    <div class=\"container\">\r\n                        <h3 class=\"page-title text__title\">Posiedzenie Komisji ds. kszta\u0142cenia i student\u00f3w - 17 maja 2021 r.<\/h3>\r\n                        <div class=\"text-modules__content\"><\/p>\n<p style=\"font-weight: 400\">Posiedzenie Komisji ds. kszta\u0142cenia i student\u00f3w, kt\u00f3re odb\u0119dzie si\u0119 <strong>17 maja 2021 r. o godz. 13.00<\/strong>.\u00a0Spotkanie odb\u0119dzie si\u0119 w formie zdalnej za po\u015brednictwem platformy Microsoft Teams.<\/p>\n<p style=\"font-weight: 400\"><strong>Porz\u0105dek posiedzenia:<\/strong><\/p>\n<ol>\n<li style=\"font-weight: 400\">Komunikaty Prorektora ds. kszta\u0142cenia i student\u00f3w;<\/li>\n<li style=\"font-weight: 400\">Opinia do projektu uchwa\u0142y Senatu U\u015a w sprawie planowanych limit\u00f3w przyj\u0119\u0107 kandydat\u00f3w na pierwszy rok studi\u00f3w w Uniwersytecie \u015al\u0105skim w Katowicach na rok akademicki 2021\/2022; <a href=\"https:\/\/us.edu.pl\/pracownik\/wp-content\/uploads\/sites\/2\/Editor\/sprawy-dydatktyczne\/Komisja-kszta\u0142cenia\/Kadencja-2020-2024\/20202021\/17.05.2021\/limity-2021a.xlsx\" class=\"mtli_attachment mtli_xlsx\" data-mtli=\"mtli_filesize23,53kB\" class=\"mtli_attachment mtli_xlsx\" data-mtli=\"mtli_filesize23,53kB\">tabela &#8211; limity 2021\/2022;<\/a><\/li>\n<li style=\"font-weight: 400\"><a href=\"https:\/\/us.edu.pl\/pracownik\/wp-content\/uploads\/sites\/2\/Editor\/sprawy-dydatktyczne\/Komisja-kszta\u0142cenia\/Kadencja-2020-2024\/20202021\/17.05.2021\/uchwa\u0142a_2021.zip\">Opinia do projektu uchwa\u0142y Senatu U\u015a\u00a0zmieniaj\u0105cej uchwa\u0142\u0119 w sprawie warunk\u00f3w i trybu rekrutacji na I rok studi\u00f3w w Uniwersytecie \u015al\u0105skim w roku akademickim 2021\/2022;<\/a><\/li>\n<li style=\"font-weight: 400\">Opinia do projektu <a href=\"https:\/\/us.edu.pl\/pracownik\/wp-content\/uploads\/sites\/2\/Editor\/sprawy-dydatktyczne\/Komisja-kszta\u0142cenia\/Kadencja-2020-2024\/20202021\/17.05.2021\/przeliczanie-ocen.docx\" class=\"mtli_attachment mtli_docx\" data-mtli=\"mtli_filesize54,04kB\" class=\"mtli_attachment mtli_docx\" data-mtli=\"mtli_filesize54,04kB\">uchwa\u0142y Senatu U\u015a\u00a0w sprawie zasad i sposobu przeliczania ocen ze \u015bwiadectw uzyskanych za granic\u0105 na potrzeby rekrutacji na studia pierwszego stopnia i jednolite studia magisterskie w Uniwersytecie \u015al\u0105skim w Katowicach na rok akademickie 2021\/2022;<\/a><\/li>\n<li style=\"font-weight: 400\">Opinia do projektu uchwa\u0142y Senatu U\u015a <a href=\"https:\/\/us.edu.pl\/pracownik\/wp-content\/uploads\/sites\/2\/Editor\/sprawy-dydatktyczne\/Komisja-kszta\u0142cenia\/Kadencja-2020-2024\/20202021\/17.05.2021\/olimpiady-i-sportowcy.docx\" class=\"mtli_attachment mtli_docx\" data-mtli=\"mtli_filesize32,11kB\" class=\"mtli_attachment mtli_docx\" data-mtli=\"mtli_filesize32,11kB\">zmieniaj\u0105cej uchwa\u0142\u0119 w sprawie szczeg\u00f3\u0142owych zasad przyjmowania na I rok studi\u00f3w laureat\u00f3w i finalist\u00f3w olimpiad stopnia centralnego oraz laureat\u00f3w konkurs\u00f3w mi\u0119dzynarodowych oraz og\u00f3lnopolskich w latach 2019\/2020, 2020\/2021, 2021\/2022, 2022\/2023;<\/a><\/li>\n<li style=\"font-weight: 400\">Opinie do wniosk\u00f3w w sprawie modyfikacji program\u00f3w studi\u00f3w obowi\u0105zuj\u0105ce od cyklu dydaktycznego 2021\/22:<\/li>\n<\/ol>\n<ul>\n<li style=\"list-style-type: none\">\n<ul>\n<li style=\"font-weight: 400\"><a href=\"https:\/\/us.edu.pl\/pracownik\/wp-content\/uploads\/sites\/2\/Editor\/sprawy-dydatktyczne\/Komisja-kszta\u0142cenia\/Kadencja-2020-2024\/20202021\/17.05.2021\/WH-_-architektura-informacji.zip\">architektura informacji<\/a> (I stopie\u0144, stacjonarne)<\/li>\n<li style=\"font-weight: 400\">informacja naukowa i bibliotekoznawstwo (II stopie\u0144, stacjonarne i niestacjonarne)<\/li>\n<li style=\"font-weight: 400\"><a href=\"https:\/\/us.edu.pl\/pracownik\/wp-content\/uploads\/sites\/2\/Editor\/sprawy-dydatktyczne\/Komisja-kszta\u0142cenia\/Kadencja-2020-2024\/20202021\/17.05.2021\/WH-_-kulturoznawstwo.zip\">kulturoznawstwo<\/a> (II stopie\u0144, stacjonarne i niestacjonarne)<\/li>\n<li style=\"font-weight: 400\"><a href=\"https:\/\/us.edu.pl\/pracownik\/wp-content\/uploads\/sites\/2\/Editor\/sprawy-dydatktyczne\/Komisja-kszta\u0142cenia\/Kadencja-2020-2024\/20202021\/17.05.2021\/WH-_-kultury-medi\u00f3w-_-II-st._SS_NS.zip\">kultury medi\u00f3w<\/a> (II stopie\u0144, stacjonarne i niestacjonarne)<\/li>\n<li style=\"font-weight: 400\"><a href=\"https:\/\/us.edu.pl\/pracownik\/wp-content\/uploads\/sites\/2\/Editor\/sprawy-dydatktyczne\/Komisja-kszta\u0142cenia\/Kadencja-2020-2024\/20202021\/17.05.2021\/WH-_-kultury-medi\u00f3w-_-I-st._SS_NS.zip\">kultury medi\u00f3w<\/a> (I stopie\u0144, stacjonarne i niestacjonarne)<\/li>\n<li style=\"font-weight: 400\"><a href=\"https:\/\/us.edu.pl\/pracownik\/wp-content\/uploads\/sites\/2\/Editor\/sprawy-dydatktyczne\/Komisja-kszta\u0142cenia\/Kadencja-2020-2024\/20202021\/17.05.2021\/WH_Historia-sztuki.zip\">historia sztuki<\/a> &#8211; studia stacjonarne I stopnia,<\/li>\n<li style=\"font-weight: 400\"><a href=\"https:\/\/us.edu.pl\/pracownik\/wp-content\/uploads\/sites\/2\/Editor\/sprawy-dydatktyczne\/Komisja-kszta\u0142cenia\/Kadencja-2020-2024\/20202021\/17.05.2021\/SzF-_-organ.-prod.-film.-i-tv.zip\">organizacji produkcji filmowej i telewizyjnej<\/a> (II stopie\u0144, stacjonarne i niestacjonarne).<\/li>\n<li style=\"font-weight: 400\"><a href=\"https:\/\/us.edu.pl\/pracownik\/wp-content\/uploads\/sites\/2\/Editor\/sprawy-dydatktyczne\/Komisja-kszta\u0142cenia\/Kadencja-2020-2024\/20202021\/17.05.2021\/WN\u015aiT_fizyka.zip\">fizyka<\/a> &#8211; studia stacjonarne II stopnia,<\/li>\n<li style=\"font-weight: 400\"><a href=\"https:\/\/us.edu.pl\/pracownik\/wp-content\/uploads\/sites\/2\/Editor\/sprawy-dydatktyczne\/Komisja-kszta\u0142cenia\/Kadencja-2020-2024\/20202021\/17.05.2021\/WSziNoE_Grafika.zip\">grafika<\/a> &#8211; studia stacjonarne jednolite magisterskie,<\/li>\n<\/ul>\n<\/li>\n<\/ul>\n<p style=\"font-weight: 400;padding-left: 40px\">(zmiany w cyklu 2017\/18; 2018\/19; 2019\/20, 2020\/21, kt\u00f3re maj\u0105 obowi\u0105zywa\u0107 od 2021\/22).<\/p>\n<ul>\n<li style=\"list-style-type: none\">\n<ul>\n<li style=\"font-weight: 400\"><a href=\"https:\/\/us.edu.pl\/pracownik\/wp-content\/uploads\/sites\/2\/Editor\/sprawy-dydatktyczne\/Komisja-kszta\u0142cenia\/Kadencja-2020-2024\/20202021\/17.05.2021\/WSziNoE_edukacja-artystyczna-w-zakresie-sztuk-plastycznych.zip\">edukacja artystyczna w zakresie sztuk plastycznych<\/a> dla studi\u00f3w stacjonarnych I-go stopnia zmiany w cyklach: 2018\/19; 2019\/20; 2020\/21 oraz dla studi\u00f3w stacjonarnych II-go stopnia &#8211; tylko dla cyklu 2019\/20. W tym przypadku zmiany obowi\u0105zuj\u0105 od cyklu 2020\/21.<\/li>\n<\/ul>\n<\/li>\n<\/ul>\n<ol start=\"7\">\n<li style=\"font-weight: 400\">Zaopiniowanie programu studi\u00f3w nowego kierunku\u00a0<strong>mi\u0119dzynarodowe studia polityczne<\/strong>, studia stacjonarne I i II stopnia, profil og\u00f3lnoakademicki;<\/li>\n<li style=\"font-weight: 400\">Informacja o realizacji ankiety oceny pracy dydaktycznej nauczycieli akademickich w semestrze letnim 2020\/2021;<\/li>\n<li style=\"font-weight: 400\"><a href=\"https:\/\/us.edu.pl\/pracownik\/wp-content\/uploads\/sites\/2\/Editor\/sprawy-dydatktyczne\/Komisja-kszta\u0142cenia\/Kadencja-2020-2024\/20202021\/17.05.2021\/ankiety.zip\">Dyskusja o projekcie nowych kwestionariuszy ankiety oceny pracy dydaktycznej nauczycieli akademickich i innych os\u00f3b prowadz\u0105cych zaj\u0119cia dydaktyczne na Uniwersytecie \u015al\u0105skim w Katowicach oraz ankiety dla os\u00f3b prowadz\u0105cych zaj\u0119cia dydaktyczne na temat wsp\u00f3\u0142pracy z dan\u0105 grup\u0105 zaj\u0119ciow\u0105;<\/a><\/li>\n<li style=\"font-weight: 400\">Wolne wnioski &#8211; <a href=\"https:\/\/us.edu.pl\/pracownik\/wp-content\/uploads\/sites\/2\/Editor\/sprawy-dydatktyczne\/Komisja-kszta\u0142cenia\/Kadencja-2020-2024\/20202021\/17.05.2021\/WSziNoE-_-etnol.-i-antr.-kult.zip\">etnologia i antropologia kulturowa<\/a> \u2013 studia pierwszego i drugiego stopnia, stacjonarne \u2013 modyfikacja program\u00f3w studi\u00f3w obowi\u0105zuj\u0105cych od cyklu dydaktycznego 2021\/22.<\/li>\n<\/ol>\n<p style=\"font-weight: 400\">Mamy nadziej\u0119 na udzia\u0142 w posiedzeniu Prorektora ds. Nauki i Finans\u00f3w prof. dr hab. Micha\u0142a Daszykowskiego.<\/p>\n<p style=\"font-weight: 400\">Przewidujemy tak\u017ce udzia\u0142\u00a0 inicjator\u00f3w wniosku w sprawie utworzenia nowego kierunku (pkt. 7 porz\u0105dku).<\/p>\n<p>\n<style type=\"text\/css\">a[data-mtli~=\"mtli_filesize23,53kB\"]:after {content:\" (23,53 kB)\"}a[data-mtli~=\"mtli_filesize54,04kB\"]:after {content:\" (54,04 kB)\"}a[data-mtli~=\"mtli_filesize32,11kB\"]:after {content:\" (32,11 kB)\"}<\/style><\/div>\r\n                    <\/div>\r\n                <\/div>[\/vc_column][\/vc_row]<\/p>\n<style type=\"text\/css\">a[data-mtli~=\"mtli_filesize23,53kB\"]:after {content:\" (23,53 kB)\"}a[data-mtli~=\"mtli_filesize54,04kB\"]:after {content:\" (54,04 kB)\"}a[data-mtli~=\"mtli_filesize32,11kB\"]:after {content:\" (32,11 kB)\"}<\/style>","protected":false},"excerpt":{"rendered":"<p>[vc_row][vc_column][\/vc_column][\/vc_row] [&#8230;]<\/p>\n<p><a class=\"btn btn-secondary understrap-read-more-link\" href=\"https:\/\/us.edu.pl\/pracownik\/sprawy-dydaktyczne\/senacka-komisja-ds-ksztalcenia\/senacka-komisja-ds-ksztalcenia-sklad-komisji\/kadencja-2020-2024\/posiedzenie-komisji-17-05-2021\/\">Read More&#8230;<\/a><\/p>\n","protected":false},"author":31,"featured_media":0,"parent":5151,"menu_order":479,"comment_status":"closed","ping_status":"closed","template":"page-templates\/inner-page.php","meta":{"_expiration-date-status":"saved","_expiration-date":0,"_expiration-date-type":"","_expiration-date-categories":[],"_expiration-date-options":[]},"acf":[],"_links":{"self":[{"href":"https:\/\/us.edu.pl\/pracownik\/wp-json\/wp\/v2\/pages\/14074"}],"collection":[{"href":"https:\/\/us.edu.pl\/pracownik\/wp-json\/wp\/v2\/pages"}],"about":[{"href":"https:\/\/us.edu.pl\/pracownik\/wp-json\/wp\/v2\/types\/page"}],"author":[{"embeddable":true,"href":"https:\/\/us.edu.pl\/pracownik\/wp-json\/wp\/v2\/users\/31"}],"replies":[{"embeddable":true,"href":"https:\/\/us.edu.pl\/pracownik\/wp-json\/wp\/v2\/comments?post=14074"}],"version-history":[{"count":14,"href":"https:\/\/us.edu.pl\/pracownik\/wp-json\/wp\/v2\/pages\/14074\/revisions"}],"predecessor-version":[{"id":14118,"href":"https:\/\/us.edu.pl\/pracownik\/wp-json\/wp\/v2\/pages\/14074\/revisions\/14118"}],"up":[{"embeddable":true,"href":"https:\/\/us.edu.pl\/pracownik\/wp-json\/wp\/v2\/pages\/5151"}],"wp:attachment":[{"href":"https:\/\/us.edu.pl\/pracownik\/wp-json\/wp\/v2\/media?parent=14074"}],"curies":[{"name":"wp","href":"https:\/\/api.w.org\/{rel}","templated":true}]}}