{"id":14227,"date":"2021-05-31T10:29:46","date_gmt":"2021-05-31T08:29:46","guid":{"rendered":"https:\/\/us.edu.pl\/pracownik\/?page_id=14227"},"modified":"2021-05-31T12:09:58","modified_gmt":"2021-05-31T10:09:58","slug":"slowniczek-rodzajow-zajec","status":"publish","type":"page","link":"https:\/\/us.edu.pl\/pracownik\/sprawy-dydaktyczne\/pion-ksztalcenia\/niezbednik-prawny\/slowniczek-rodzajow-zajec\/","title":{"rendered":"S\u0142owniczek rodzaj\u00f3w zaj\u0119\u0107"},"content":{"rendered":"<p>[vc_row][vc_column][\/vc_column][\/vc_row][vc_row][vc_column]\r\n                <div class=\"text-modules\">\r\n                    <div class=\"container\">\r\n                        <h3 class=\"page-title text__title\">S\u0142owniczek rodzaj\u00f3w zaj\u0119\u0107<\/h3>\r\n                        <div class=\"text-modules__content\"><p>S\u0142owniczek opracowany zosta\u0142 przez Zesp\u00f3\u0142 ds. Dydaktyki Akademickiej<\/p>\n<\/div>\r\n                    <\/div>\r\n                <\/div>[\/vc_column][\/vc_row]<\/p>","protected":false},"excerpt":{"rendered":"<p>[vc_row][vc_column][\/vc_column][\/vc_row][vc_row][vc_column][\/vc_column][\/vc_row] [&#8230;]<\/p>\n<p><a class=\"btn btn-secondary understrap-read-more-link\" href=\"https:\/\/us.edu.pl\/pracownik\/sprawy-dydaktyczne\/pion-ksztalcenia\/niezbednik-prawny\/slowniczek-rodzajow-zajec\/\">Read More&#8230;<\/a><\/p>\n","protected":false},"author":41,"featured_media":0,"parent":13505,"menu_order":417,"comment_status":"closed","ping_status":"closed","template":"page-templates\/page-with-sidebar-and-bookmarks.php","meta":{"_expiration-date-status":"saved","_expiration-date":0,"_expiration-date-type":"","_expiration-date-categories":[],"_expiration-date-options":[]},"acf":[],"_links":{"self":[{"href":"https:\/\/us.edu.pl\/pracownik\/wp-json\/wp\/v2\/pages\/14227"}],"collection":[{"href":"https:\/\/us.edu.pl\/pracownik\/wp-json\/wp\/v2\/pages"}],"about":[{"href":"https:\/\/us.edu.pl\/pracownik\/wp-json\/wp\/v2\/types\/page"}],"author":[{"embeddable":true,"href":"https:\/\/us.edu.pl\/pracownik\/wp-json\/wp\/v2\/users\/41"}],"replies":[{"embeddable":true,"href":"https:\/\/us.edu.pl\/pracownik\/wp-json\/wp\/v2\/comments?post=14227"}],"version-history":[{"count":4,"href":"https:\/\/us.edu.pl\/pracownik\/wp-json\/wp\/v2\/pages\/14227\/revisions"}],"predecessor-version":[{"id":14239,"href":"https:\/\/us.edu.pl\/pracownik\/wp-json\/wp\/v2\/pages\/14227\/revisions\/14239"}],"up":[{"embeddable":true,"href":"https:\/\/us.edu.pl\/pracownik\/wp-json\/wp\/v2\/pages\/13505"}],"wp:attachment":[{"href":"https:\/\/us.edu.pl\/pracownik\/wp-json\/wp\/v2\/media?parent=14227"}],"curies":[{"name":"wp","href":"https:\/\/api.w.org\/{rel}","templated":true}]}}