{"id":14480,"date":"2021-06-17T13:59:15","date_gmt":"2021-06-17T11:59:15","guid":{"rendered":"https:\/\/us.edu.pl\/pracownik\/?page_id=14480"},"modified":"2021-06-21T11:10:57","modified_gmt":"2021-06-21T09:10:57","slug":"posiedzenie-komisji-21-06-2021","status":"publish","type":"page","link":"https:\/\/us.edu.pl\/pracownik\/sprawy-dydaktyczne\/senacka-komisja-ds-ksztalcenia\/senacka-komisja-ds-ksztalcenia-sklad-komisji\/kadencja-2020-2024\/posiedzenie-komisji-21-06-2021\/","title":{"rendered":"Posiedzenie komisji &#8211; 21.06.2021"},"content":{"rendered":"<p>[vc_row][vc_column]\r\n                <div class=\"text-modules\">\r\n                    <div class=\"container\">\r\n                        <h3 class=\"page-title text__title\">Posiedzenie Komisji ds. kszta\u0142cenia i student\u00f3w - 21 czerwca 2021 r.<\/h3>\r\n                        <div class=\"text-modules__content\"><p>Posiedzenie Komisji ds. kszta\u0142cenia i student\u00f3w, kt\u00f3re odb\u0119dzie si\u0119 21 czerwca 2021 r. o godz. 13.00, tym razem na Wydziale Prawa i Administracji, ul Bankowa 11b. w sali\u00a0 posiedze\u0144 Rady Naukowej\u00a0 1.4 (I pi\u0119tro). Spotkanie zorganizowane zostanie w formie hybrydowej.<\/p>\n<p><strong>\u00a0<\/strong><\/p>\n<p><strong>Planowany porz\u0105dek posiedzenia:<\/strong><\/p>\n<ol>\n<li>Wyst\u0105pienie Rektora Uniwersytetu \u015al\u0105skiego;<\/li>\n<li>Komunikaty Prorektora ds. kszta\u0142cenia i student\u00f3w;<\/li>\n<li>Opinia do projektu <a href=\"https:\/\/us.edu.pl\/pracownik\/wp-content\/uploads\/sites\/2\/Editor\/sprawy-dydatktyczne\/Komisja-kszta\u0142cenia\/Kadencja-2020-2024\/20202021\/21.06.2021\/rekrutacja-2022.zip\">uchwa\u0142y w sprawie warunk\u00f3w i trybu rekrutacji na I rok studi\u00f3w w Uniwersytecie \u015al\u0105skim w roku akademickim 2022\/2023;<\/a><\/li>\n<li>Opinia do p<a href=\"https:\/\/us.edu.pl\/pracownik\/wp-content\/uploads\/sites\/2\/Editor\/sprawy-dydatktyczne\/Komisja-kszta\u0142cenia\/Kadencja-2020-2024\/20202021\/21.06.2021\/olimpiady-2021.zip\">rojektu uchwa\u0142y w sprawie szczeg\u00f3\u0142owych zasad przyjmowania na I rok studi\u00f3w laureat\u00f3w i finalist\u00f3w olimpiad stopnia centralnego, laureat\u00f3w konkurs\u00f3w mi\u0119dzynarodowych oraz og\u00f3lnopolskich a tak\u017ce finalist\u00f3w Mistrzostw Polski w kategoriach\u00a0 m\u0142odzie\u017cowych, w dyscyplinach sportowych uj\u0119tych w rywalizacji sportu\u00a0 akademickiego w ramach programu Akademickie Mistrzostwa Polski w latach 2023\/2024, 2024\/2025, 2025\/2026, 2026\/2027;<\/a><\/li>\n<li>Zaopiniowanie program\u00f3w studi\u00f3w podyplomowych:<\/li>\n<\/ol>\n<ul>\n<li style=\"list-style-type: none;\">\n<ul>\n<li><a href=\"https:\/\/us.edu.pl\/pracownik\/wp-content\/uploads\/sites\/2\/Editor\/sprawy-dydatktyczne\/Komisja-kszta\u0142cenia\/Kadencja-2020-2024\/20202021\/21.06.2021\/Program-studi\u00f3w-Podyplomowe-Studia-Nauczania-J\u0119zyka-Polskiego.docx\" class=\"mtli_attachment mtli_docx\" data-mtli=\"mtli_filesize47,56kB\" class=\"mtli_attachment mtli_docx\" data-mtli=\"mtli_filesize47,56kB\">Podyplomowe Studia Nauczania J\u0119zyka Polskiego w\u015br\u00f3d Dzieci i M\u0142odzie\u017cy z Kontekstem Migracyjnym;<\/a><\/li>\n<li><a href=\"https:\/\/us.edu.pl\/pracownik\/wp-content\/uploads\/sites\/2\/Editor\/sprawy-dydatktyczne\/Komisja-kszta\u0142cenia\/Kadencja-2020-2024\/20202021\/21.06.2021\/Program-studi\u00f3w-Podyplomowe-Studia-Kwalifikacyjne-Nauczania-J\u0119zyka-Polskiego.docx\" class=\"mtli_attachment mtli_docx\" data-mtli=\"mtli_filesize49,13kB\" class=\"mtli_attachment mtli_docx\" data-mtli=\"mtli_filesize49,13kB\">Podyplomowe Studia Kwalifikacyjne Nauczania J\u0119zyka Polskiego w\u015br\u00f3d Dzieci i M\u0142odzie\u017cy z Kontekstem Migracyjnym;<\/a><\/li>\n<li><a href=\"https:\/\/us.edu.pl\/pracownik\/wp-content\/uploads\/sites\/2\/Editor\/sprawy-dydatktyczne\/Komisja-kszta\u0142cenia\/Kadencja-2020-2024\/20202021\/21.06.2021\/Za\u0142\u0105cznik-bez-tytu\u0142u-00049.pdf\" class=\"mtli_attachment mtli_pdf\" data-mtli=\"mtli_filesize107,30kB\" class=\"mtli_attachment mtli_pdf\" data-mtli=\"mtli_filesize107,30kB\">opinia do projekt\u00f3w studi\u00f3w podyplomowych<\/a><\/li>\n<\/ul>\n<\/li>\n<\/ul>\n<ol start=\"6\">\n<li>Informacja o projekcie organizacji zaj\u0119\u0107 na poziomie og\u00f3lnouczelnianym (OOD);<\/li>\n<li>Opinia do projektu zmiany uchwa\u0142y nr 490 Senatu Uniwersytetu \u015al\u0105skiego w Katowicach z dnia 28 stycznia 2020 r. w sprawie wytycznych dotycz\u0105cych wymaga\u0144 w zakresie tworzenia i zmiany program\u00f3w studi\u00f3w prowadzonych w Uniwersytecie \u015al\u0105skim w Katowicach;<\/li>\n<li>Opinia do projektu zarz\u0105dzenia w sprawie powierzania nauczycielom akademickim zaj\u0119\u0107 dydaktycznych w Uniwersytecie \u015al\u0105skim w Katowicach;<\/li>\n<li>Modyfikacje program\u00f3w studi\u00f3w obowi\u0105zuj\u0105ce:<\/li>\n<\/ol>\n<p><u>od roku <\/u><u>akademickiego 2021\/2022:<\/u><\/p>\n<ul>\n<li><a href=\"https:\/\/us.edu.pl\/pracownik\/wp-content\/uploads\/sites\/2\/Editor\/sprawy-dydatktyczne\/Komisja-kszta\u0142cenia\/Kadencja-2020-2024\/20202021\/21.06.2021\/WH_doradztwo-filozoficzne-i-coaching_-II-st._SS_NS.zip\"><strong>doradztwo filozoficzne i coaching<\/strong><\/a> \u2013 studia stacjonarne i niestacjonarne II stopnia, profil praktyczny;<\/li>\n<li><a href=\"https:\/\/us.edu.pl\/pracownik\/wp-content\/uploads\/sites\/2\/Editor\/sprawy-dydatktyczne\/Komisja-kszta\u0142cenia\/Kadencja-2020-2024\/20202021\/21.06.2021\/WH_filozofia_-I-i-II-st._SS-i-NS.zip\"><strong>filozofia<\/strong><\/a> \u2013 studia stacjonarne i niestacjonarne I i II stopnia, profil og\u00f3lnoakademicki;<\/li>\n<li><a href=\"https:\/\/us.edu.pl\/pracownik\/wp-content\/uploads\/sites\/2\/Editor\/sprawy-dydatktyczne\/Komisja-kszta\u0142cenia\/Kadencja-2020-2024\/20202021\/21.06.2021\/WH_historia_II-st._SS.zip\"><strong>historia<\/strong><\/a> \u2013 studia stacjonarne II stopnia, profil og\u00f3lnoakademicki;<\/li>\n<li><a href=\"https:\/\/us.edu.pl\/pracownik\/wp-content\/uploads\/sites\/2\/Editor\/sprawy-dydatktyczne\/Komisja-kszta\u0142cenia\/Kadencja-2020-2024\/20202021\/21.06.2021\/WH_kognitywistyka_I-i-II-st._SS-i-NS.zip\"><strong>kognitywistyka<\/strong><\/a> \u2013 studia stacjonarne i niestacjonarne I i II stopnia, profil og\u00f3lnoakademicki;<\/li>\n<li><strong><a href=\"https:\/\/us.edu.pl\/pracownik\/wp-content\/uploads\/sites\/2\/Editor\/sprawy-dydatktyczne\/Komisja-kszta\u0142cenia\/Kadencja-2020-2024\/20202021\/21.06.2021\/WNP_biologia_I-i-II-st._-SS.zip\">biologia<\/a> <\/strong>\u2013 studia stacjonarne I i II stopnia, profil og\u00f3lnoakademicki;<\/li>\n<li><a href=\"https:\/\/us.edu.pl\/pracownik\/wp-content\/uploads\/sites\/2\/Editor\/sprawy-dydatktyczne\/Komisja-kszta\u0142cenia\/Kadencja-2020-2024\/20202021\/21.06.2021\/WNP_biotechnologia_I-i-II-st._-SS.zip\"><strong>biotechnologia<\/strong><\/a> \u2013 studia stacjonarne I i II stopnia, profil og\u00f3lnoakademicki;<\/li>\n<li><a href=\"https:\/\/us.edu.pl\/pracownik\/wp-content\/uploads\/sites\/2\/Editor\/sprawy-dydatktyczne\/Komisja-kszta\u0142cenia\/Kadencja-2020-2024\/20202021\/21.06.2021\/WNP_biotechnologia-w-j\u0119z.-angielskim_II-st._SS.zip\"><strong>biotechnologia<\/strong><\/a> (w j\u0119z. angielskim) \u2013 studia stacjonarne II stopnia, profil og\u00f3lnoakademicki;<\/li>\n<li><a href=\"https:\/\/us.edu.pl\/pracownik\/wp-content\/uploads\/sites\/2\/Editor\/sprawy-dydatktyczne\/Komisja-kszta\u0142cenia\/Kadencja-2020-2024\/20202021\/21.06.2021\/WNP_ochrona-\u015brodowiska_I-i-II-st._-SS.zip\"><strong>ochrona \u015brodowiska<\/strong><\/a> \u2013 studia stacjonarne I i II stopnia, profil og\u00f3lnoakademicki;<\/li>\n<li><a href=\"https:\/\/us.edu.pl\/pracownik\/wp-content\/uploads\/sites\/2\/Editor\/sprawy-dydatktyczne\/Komisja-kszta\u0142cenia\/Kadencja-2020-2024\/20202021\/21.06.2021\/WNS_arteterapia_-I-st._SS.zip\"><strong>arteterapia<\/strong> <\/a>\u2013 studia stacjonarne I stopnia, profil og\u00f3lnoakademicki;<\/li>\n<li><a href=\"https:\/\/us.edu.pl\/pracownik\/wp-content\/uploads\/sites\/2\/Editor\/sprawy-dydatktyczne\/Komisja-kszta\u0142cenia\/Kadencja-2020-2024\/20202021\/21.06.2021\/WNS_psychologia_-JM_-SS-i-NS.zip\"><strong>psychologia<\/strong> <\/a>\u2013 studia stacjonarne i niestacjonarne jednolite magisterskie, profil og\u00f3lnoakademicki;<\/li>\n<li><a href=\"https:\/\/us.edu.pl\/pracownik\/wp-content\/uploads\/sites\/2\/Editor\/sprawy-dydatktyczne\/Komisja-kszta\u0142cenia\/Kadencja-2020-2024\/20202021\/21.06.2021\/WNS_socjologia_-II-st._SS.zip\"><strong>socjologia<\/strong><\/a> \u2013 studia stacjonarne i niestacjonarne II stopnia, profil og\u00f3lnoakademicki;<\/li>\n<li><a href=\"https:\/\/us.edu.pl\/pracownik\/wp-content\/uploads\/sites\/2\/Editor\/sprawy-dydatktyczne\/Komisja-kszta\u0142cenia\/Kadencja-2020-2024\/20202021\/21.06.2021\/WN\u253c\u00dciT_chemia_I-i-II-st._SS.zip\"><strong>chemia<\/strong> <\/a>\u2013 studia stacjonarne I stopnia oraz studia stacjonarne II stopnia (4-semestralne), profil og\u00f3lnoakademicki;<\/li>\n<li><a href=\"https:\/\/us.edu.pl\/pracownik\/wp-content\/uploads\/sites\/2\/Editor\/sprawy-dydatktyczne\/Komisja-kszta\u0142cenia\/Kadencja-2020-2024\/20202021\/21.06.2021\/WN\u253c\u00dciT_informatyka_I-st._SS-i-NS.zip\"><strong>informatyka<\/strong><\/a> \u2013 studia stacjonarne i niestacjonarne I stopnia, profil og\u00f3lnoakademicki;<\/li>\n<li><a href=\"https:\/\/us.edu.pl\/pracownik\/wp-content\/uploads\/sites\/2\/Editor\/sprawy-dydatktyczne\/Komisja-kszta\u0142cenia\/Kadencja-2020-2024\/20202021\/21.06.2021\/WN\u253c\u00dciT_matematyka_I-i-II-st._-SS-i-NS.zip\"><strong>matematyka<\/strong><\/a> \u2013 studia stacjonarne i niestacjonarne I i II stopnia, profil og\u00f3lnoakademicki;<\/li>\n<li><a href=\"https:\/\/us.edu.pl\/pracownik\/wp-content\/uploads\/sites\/2\/Editor\/sprawy-dydatktyczne\/Komisja-kszta\u0142cenia\/Kadencja-2020-2024\/20202021\/21.06.2021\/WN\u253c\u00dciT_technologia-chemiczna_I-st._SS.zip\"><strong>technologia chemiczna<\/strong><\/a> \u2013 studia stacjonarne I stopnia, profil og\u00f3lnoakademicki;<\/li>\n<li><strong><a href=\"https:\/\/us.edu.pl\/pracownik\/wp-content\/uploads\/sites\/2\/Editor\/sprawy-dydatktyczne\/Komisja-kszta\u0142cenia\/Kadencja-2020-2024\/20202021\/21.06.2021\/Administracja-1.zip\">administracja <\/a>&#8211; <\/strong>II stopie\u0144, stacjonarne i niestacjonarne;<\/li>\n<li><strong><a href=\"https:\/\/us.edu.pl\/pracownik\/wp-content\/uploads\/sites\/2\/Editor\/sprawy-dydatktyczne\/Komisja-kszta\u0142cenia\/Kadencja-2020-2024\/20202021\/21.06.2021\/SzF-_-realizacja-obrazu.zip\">realizacja obrazu filmowego, telewizyjnego i fotografia<\/a>\u00a0 &#8211; <\/strong>jednolite magisterskie, stacjonarne;<\/li>\n<li><strong><a href=\"https:\/\/us.edu.pl\/pracownik\/wp-content\/uploads\/sites\/2\/Editor\/sprawy-dydatktyczne\/Komisja-kszta\u0142cenia\/Kadencja-2020-2024\/20202021\/21.06.2021\/SzF-_-re\u017cyseria.zip\">re\u017cyseria<\/a> &#8211; <\/strong>II stopie\u0144, stacjonarne;<\/li>\n<li><strong><a href=\"https:\/\/us.edu.pl\/pracownik\/wp-content\/uploads\/sites\/2\/Editor\/sprawy-dydatktyczne\/Komisja-kszta\u0142cenia\/Kadencja-2020-2024\/20202021\/21.06.2021\/WH-_-fil.-angielska.zip\">filologia angielska<\/a> &#8211; <\/strong>I stopie\u0144 stacjonarne i II stopie\u0144 stacjonarne i niestacjonarne;<\/li>\n<li><strong><a href=\"https:\/\/us.edu.pl\/pracownik\/wp-content\/uploads\/sites\/2\/Editor\/sprawy-dydatktyczne\/Komisja-kszta\u0142cenia\/Kadencja-2020-2024\/20202021\/21.06.2021\/WH-_-fil.-germa\u0144ska.zip\">filologia germa\u0144ska<\/a> &#8211; <\/strong>II stopie\u0144, stacjonarne;<\/li>\n<li><strong><a href=\"https:\/\/us.edu.pl\/pracownik\/wp-content\/uploads\/sites\/2\/Editor\/sprawy-dydatktyczne\/Komisja-kszta\u0142cenia\/Kadencja-2020-2024\/20202021\/21.06.2021\/WH-_-fil.-klasyczna.zip\">filologia klasyczna<\/a> &#8211; <\/strong>II stopie\u0144, stacjonarne;<\/li>\n<li><strong><a href=\"https:\/\/us.edu.pl\/pracownik\/wp-content\/uploads\/sites\/2\/Editor\/sprawy-dydatktyczne\/Komisja-kszta\u0142cenia\/Kadencja-2020-2024\/20202021\/21.06.2021\/WH-_-fil.-polska.zip\">filologia polska<\/a> &#8211; <\/strong>I stopie\u0144, stacjonarne i II stopie\u0144, stacjonarne;<\/li>\n<li><strong><a href=\"https:\/\/us.edu.pl\/pracownik\/wp-content\/uploads\/sites\/2\/Editor\/sprawy-dydatktyczne\/Komisja-kszta\u0142cenia\/Kadencja-2020-2024\/20202021\/21.06.2021\/WH-_-fil.-roma\u0144ska.zip\">filologia roma\u0144ska<\/a> &#8211; <\/strong>I stopie\u0144, stacjonarne i II stopie\u0144, stacjonarne;<\/li>\n<li><strong><a href=\"https:\/\/us.edu.pl\/pracownik\/wp-content\/uploads\/sites\/2\/Editor\/sprawy-dydatktyczne\/Komisja-kszta\u0142cenia\/Kadencja-2020-2024\/20202021\/21.06.2021\/WH-_-fil.-rosyjska.zip\">filologia rosyjska<\/a> &#8211; <\/strong>I stopie\u0144, stacjonarne i niestacjonarne i II stopie\u0144, stacjonarne;<\/li>\n<li><strong><a href=\"https:\/\/us.edu.pl\/pracownik\/wp-content\/uploads\/sites\/2\/Editor\/sprawy-dydatktyczne\/Komisja-kszta\u0142cenia\/Kadencja-2020-2024\/20202021\/21.06.2021\/WH-_-fil.-s\u0142owia\u0144ska.zip\">filologia s\u0142owia\u0144ska<\/a> &#8211; <\/strong>I stopie\u0144, stacjonarne i II stopie\u0144, stacjonarne;<\/li>\n<li><strong><a href=\"https:\/\/us.edu.pl\/pracownik\/wp-content\/uploads\/sites\/2\/Editor\/sprawy-dydatktyczne\/Komisja-kszta\u0142cenia\/Kadencja-2020-2024\/20202021\/21.06.2021\/WH-_-komunikacja-promocyjna-i-kryzysowa.zip\">komunikacja promocyjna i kryzysowa<\/a>\u00a0 &#8211; <\/strong>II stopie\u0144, stacjonarne;<\/li>\n<li><strong><a href=\"https:\/\/us.edu.pl\/pracownik\/wp-content\/uploads\/sites\/2\/Editor\/sprawy-dydatktyczne\/Komisja-kszta\u0142cenia\/Kadencja-2020-2024\/20202021\/21.06.2021\/WH-_-mediteranistyka.zip\">mediteranistyka<\/a> &#8211; <\/strong>I stopie\u0144, stacjonarne;<\/li>\n<li><strong><a href=\"https:\/\/us.edu.pl\/pracownik\/wp-content\/uploads\/sites\/2\/Editor\/sprawy-dydatktyczne\/Komisja-kszta\u0142cenia\/Kadencja-2020-2024\/20202021\/21.06.2021\/WH-_-mi\u0119dzynarodowe-studia-polskie.zip\">mi\u0119dzynarodowe studia polskie<\/a> &#8211; <\/strong>II stopie\u0144, stacjonarne;<\/li>\n<li><strong><a href=\"https:\/\/us.edu.pl\/pracownik\/wp-content\/uploads\/sites\/2\/Editor\/sprawy-dydatktyczne\/Komisja-kszta\u0142cenia\/Kadencja-2020-2024\/20202021\/21.06.2021\/WH-_-tw\u00f3rcze-pisanie.zip\">tw\u00f3rcze pisanie i marketing wydawniczy<\/a> &#8211; <\/strong>II stopie\u0144, stacjonarne;<\/li>\n<li><strong><a href=\"https:\/\/us.edu.pl\/pracownik\/wp-content\/uploads\/sites\/2\/Editor\/sprawy-dydatktyczne\/Komisja-kszta\u0142cenia\/Kadencja-2020-2024\/20202021\/21.06.2021\/WSziNoE-_-edukacja-kulturalna.zip\">edukacja kulturalna<\/a> &#8211; <\/strong>II stopie\u0144, stacjonarne;<\/li>\n<li><strong><a href=\"https:\/\/us.edu.pl\/pracownik\/wp-content\/uploads\/sites\/2\/Editor\/sprawy-dydatktyczne\/Komisja-kszta\u0142cenia\/Kadencja-2020-2024\/20202021\/21.06.2021\/WSziNoE-_-animacja-spo\u0142.-kult.-z-eduk.-kult.zip\">animacja spo\u0142eczno-kulturalna z edukacj\u0105 kulturaln\u0105<\/a> &#8211; <\/strong>I stopie\u0144, stacjonarne;<\/li>\n<\/ul>\n<p><u>zmiana w cyklu 2020\/21<\/u><\/p>\n<ul>\n<li><strong><a href=\"https:\/\/us.edu.pl\/pracownik\/wp-content\/uploads\/sites\/2\/Editor\/sprawy-dydatktyczne\/Komisja-kszta\u0142cenia\/Kadencja-2020-2024\/20202021\/21.06.2021\/WSziNoE-_-animacja-spo\u0142.-kult.-z-eduk.-kult.zip\">animacja spo\u0142eczno-kulturalna z edukacj\u0105 kulturaln\u0105<\/a> &#8211; <\/strong>I stopie\u0144, stacjonarne<\/li>\n<\/ul>\n<ol start=\"10\">\n<li>Wolne wnioski.<\/li>\n<\/ol>\n<p>W posiedzeniu uczestniczy\u0107 b\u0119d\u0105 tak\u017ce zaproszeni go\u015bcie:<\/p>\n<ol>\n<li>Pe\u0142nomocniczka Rektora ds. rekrutacji (pkt. 3 i 4 porz\u0105dku);<\/li>\n<li>Wsp\u00f3\u0142autorka programu studi\u00f3w podyplomowych (pkt. 5 porz\u0105dku).<\/li>\n<\/ol>\n<p>\n<style type=\"text\/css\">a[data-mtli~=\"mtli_filesize47,56kB\"]:after {content:\" (47,56 kB)\"}a[data-mtli~=\"mtli_filesize49,13kB\"]:after {content:\" (49,13 kB)\"}a[data-mtli~=\"mtli_filesize107,30kB\"]:after {content:\" (107,30 kB)\"}<\/style><\/div>\r\n                    <\/div>\r\n                <\/div>[\/vc_column][\/vc_row]<\/p>\n<style type=\"text\/css\">a[data-mtli~=\"mtli_filesize47,56kB\"]:after {content:\" (47,56 kB)\"}a[data-mtli~=\"mtli_filesize49,13kB\"]:after {content:\" (49,13 kB)\"}a[data-mtli~=\"mtli_filesize107,30kB\"]:after {content:\" (107,30 kB)\"}<\/style>","protected":false},"excerpt":{"rendered":"<p>[vc_row][vc_column][\/vc_column][\/vc_row] [&#8230;]<\/p>\n<p><a class=\"btn btn-secondary understrap-read-more-link\" href=\"https:\/\/us.edu.pl\/pracownik\/sprawy-dydaktyczne\/senacka-komisja-ds-ksztalcenia\/senacka-komisja-ds-ksztalcenia-sklad-komisji\/kadencja-2020-2024\/posiedzenie-komisji-21-06-2021\/\">Read More&#8230;<\/a><\/p>\n","protected":false},"author":31,"featured_media":0,"parent":5151,"menu_order":478,"comment_status":"closed","ping_status":"closed","template":"page-templates\/inner-page.php","meta":{"_expiration-date-status":"saved","_expiration-date":0,"_expiration-date-type":"","_expiration-date-categories":[],"_expiration-date-options":[]},"acf":[],"_links":{"self":[{"href":"https:\/\/us.edu.pl\/pracownik\/wp-json\/wp\/v2\/pages\/14480"}],"collection":[{"href":"https:\/\/us.edu.pl\/pracownik\/wp-json\/wp\/v2\/pages"}],"about":[{"href":"https:\/\/us.edu.pl\/pracownik\/wp-json\/wp\/v2\/types\/page"}],"author":[{"embeddable":true,"href":"https:\/\/us.edu.pl\/pracownik\/wp-json\/wp\/v2\/users\/31"}],"replies":[{"embeddable":true,"href":"https:\/\/us.edu.pl\/pracownik\/wp-json\/wp\/v2\/comments?post=14480"}],"version-history":[{"count":16,"href":"https:\/\/us.edu.pl\/pracownik\/wp-json\/wp\/v2\/pages\/14480\/revisions"}],"predecessor-version":[{"id":14551,"href":"https:\/\/us.edu.pl\/pracownik\/wp-json\/wp\/v2\/pages\/14480\/revisions\/14551"}],"up":[{"embeddable":true,"href":"https:\/\/us.edu.pl\/pracownik\/wp-json\/wp\/v2\/pages\/5151"}],"wp:attachment":[{"href":"https:\/\/us.edu.pl\/pracownik\/wp-json\/wp\/v2\/media?parent=14480"}],"curies":[{"name":"wp","href":"https:\/\/api.w.org\/{rel}","templated":true}]}}