{"id":14655,"date":"2021-07-09T12:05:11","date_gmt":"2021-07-09T10:05:11","guid":{"rendered":"https:\/\/us.edu.pl\/pracownik\/?page_id=14655"},"modified":"2025-08-25T13:12:18","modified_gmt":"2025-08-25T11:12:18","slug":"bezpieczenstwo-wyjazdow","status":"publish","type":"page","link":"https:\/\/us.edu.pl\/pracownik\/sprawy-miedzynarodowe\/mobilnosc-miedzynarodowa\/wyjazdy-zagraniczne\/bezpieczenstwo-wyjazdow\/","title":{"rendered":"Bezpiecze\u0144stwo wyjazd\u00f3w"},"content":{"rendered":"<p>[vc_row][vc_column]\r\n                <div class=\"text-modules\">\r\n                    <div class=\"container\">\r\n                        <h3 class=\"page-title text__title\">Bezpiecze\u0144stwo wyjazd\u00f3w<\/h3>\r\n                        <div class=\"text-modules__content\"><\/div>\r\n                    <\/div>\r\n                <\/div>[\/vc_column][\/vc_row][vc_row][vc_column]\r\n                <div class=\"text-modules\">\r\n                    <div class=\"container\">\r\n                        \r\n                        <div class=\"text-modules__content\"><\/p>\n<p style=\"text-align: justify;\">Informacje dotycz\u0105ce bie\u017c\u0105cych procedur bezpiecze\u0144stwa i obostrze\u0144 obowi\u0105zuj\u0105cych w poszczeg\u00f3lnych krajach s\u0105 dost\u0119pne m.in. na stronach:<\/p>\n<ul>\n<li><a href=\"https:\/\/www.gov.pl\/web\/dyplomacja\/informacje-dla-podrozujacych\">Ministerstwa Spraw Zagranicznych,<\/a><\/li>\n<li>w\u0142a\u015bciwych dla danego kraju <a href=\"https:\/\/www.gov.pl\/web\/dyplomacja\/polskie-przedstawicielstwa-na-swiecie\">ambasad i konsulat\u00f3w.<\/a><\/li>\n<\/ul>\n<p style=\"text-align: justify;\">Ministerstwo Spraw Zagranicznych zach\u0119ca do zg\u0142oszenia podr\u00f3\u017cy w systemie <a href=\"https:\/\/odyseusz.msz.gov.pl\/\">Odyseusz<\/a>. W przypadku wyst\u0105pienia sytuacji nadzwyczajnych za granic\u0105, MSZ b\u0119dzie m\u00f3g\u0142 podj\u0105\u0107 z Pa\u0144stwem kontakt, udzieli\u0107 niezb\u0119dnych informacji oraz pomocy poprzez w\u0142a\u015bciw\u0105 plac\u00f3wk\u0119 dyplomatyczno-konsularn\u0105. System umo\u017cliwi r\u00f3wnie\u017c otrzymywanie powiadomie\u0144 o zagro\u017ceniach w kraju podr\u00f3\u017cy oraz innych informacji konsularnych.<\/p>\n<p>Na stronie MSZ znajduje si\u0119 r\u00f3wnie\u017c <a href=\"https:\/\/us.edu.pl\/pracownik\/wp-content\/uploads\/sites\/2\/Editor\/DMM-Sprawy-miedzynarodowe\/Checklista-wyjazdowa_EuropeanDayofSafeTravelAbroad.pdf\" class=\"mtli_attachment mtli_pdf\" data-mtli=\"mtli_filesize15,57MB\" class=\"mtli_attachment mtli_pdf\" data-mtli=\"mtli_filesize15,57MB\">Checklista wyjazdowa<\/a>.<\/p>\n<p>Przypominamy o konieczno\u015bci zaopatrzenia si\u0119 przez wszystkie osoby wyje\u017cd\u017caj\u0105ce do kraj\u00f3w Unii Europejskiej oraz EFTA w kart\u0119 EKUZ \u2013 Europejsk\u0105 Kart\u0119 Ubezpieczenia Zdrowotnego. Szczeg\u00f3\u0142owe informacje na temat kart EKUZ mo\u017cna znale\u017a\u0107 na stronie <a href=\"https:\/\/www.nfz.gov.pl\/dla-pacjenta\/nasze-zdrowie-w-ue\/leczenie-w-krajach-unii-europejskiej-i-efta\/\">Narodowego Funduszu Zdrowia.<\/a><\/p>\n<p style=\"text-align: justify;\">Zalecamy, aby planuj\u0105c wyjazd stara\u0107 si\u0119 ograniczy\u0107 potencjalne skutki rezygnacji z wyjazdu, np.: rezerwowania nocleg\u00f3w z mo\u017cliwo\u015bci\u0105 rezygnacji, dok\u0142adne sprawdzenie zakresu ubezpieczenia, wykupienie dodatkowego ubezpieczenia.<\/p>\n<p>\n<style type=\"text\/css\">a[data-mtli~=\"mtli_filesize15,57MB\"]:after {content:\" (15,57 MB)\"}<\/style><\/div>\r\n                    <\/div>\r\n                <\/div>[\/vc_column][\/vc_row]<\/p>\n<style type=\"text\/css\">a[data-mtli~=\"mtli_filesize15,57MB\"]:after {content:\" (15,57 MB)\"}<\/style>","protected":false},"excerpt":{"rendered":"<p>[vc_row][vc_column][\/vc_column][\/vc_row][vc_row][vc_column][\/vc_column][\/vc_row] [&#8230;]<\/p>\n<p><a class=\"btn btn-secondary understrap-read-more-link\" href=\"https:\/\/us.edu.pl\/pracownik\/sprawy-miedzynarodowe\/mobilnosc-miedzynarodowa\/wyjazdy-zagraniczne\/bezpieczenstwo-wyjazdow\/\">Read More&#8230;<\/a><\/p>\n","protected":false},"author":26,"featured_media":0,"parent":9166,"menu_order":129,"comment_status":"closed","ping_status":"closed","template":"page-templates\/inner-page.php","meta":{"_expiration-date-status":"saved","_expiration-date":0,"_expiration-date-type":"","_expiration-date-categories":[],"_expiration-date-options":[]},"acf":[],"_links":{"self":[{"href":"https:\/\/us.edu.pl\/pracownik\/wp-json\/wp\/v2\/pages\/14655"}],"collection":[{"href":"https:\/\/us.edu.pl\/pracownik\/wp-json\/wp\/v2\/pages"}],"about":[{"href":"https:\/\/us.edu.pl\/pracownik\/wp-json\/wp\/v2\/types\/page"}],"author":[{"embeddable":true,"href":"https:\/\/us.edu.pl\/pracownik\/wp-json\/wp\/v2\/users\/26"}],"replies":[{"embeddable":true,"href":"https:\/\/us.edu.pl\/pracownik\/wp-json\/wp\/v2\/comments?post=14655"}],"version-history":[{"count":8,"href":"https:\/\/us.edu.pl\/pracownik\/wp-json\/wp\/v2\/pages\/14655\/revisions"}],"predecessor-version":[{"id":40657,"href":"https:\/\/us.edu.pl\/pracownik\/wp-json\/wp\/v2\/pages\/14655\/revisions\/40657"}],"up":[{"embeddable":true,"href":"https:\/\/us.edu.pl\/pracownik\/wp-json\/wp\/v2\/pages\/9166"}],"wp:attachment":[{"href":"https:\/\/us.edu.pl\/pracownik\/wp-json\/wp\/v2\/media?parent=14655"}],"curies":[{"name":"wp","href":"https:\/\/api.w.org\/{rel}","templated":true}]}}