{"id":147,"date":"2019-09-11T14:17:54","date_gmt":"2019-09-11T12:17:54","guid":{"rendered":"http:\/\/php71.nfinity-beta.pl\/us\/pracownik\/?page_id=147"},"modified":"2019-09-13T11:30:19","modified_gmt":"2019-09-13T09:30:19","slug":"informacje-dla-pracownikow-rozliczajacych-sie-z-materialow-pobranych-do-przerobu","status":"publish","type":"page","link":"https:\/\/us.edu.pl\/pracownik\/umowy-formularze-druki\/informacje-dla-pracownikow-rozliczajacych-sie-z-materialow-pobranych-do-przerobu\/","title":{"rendered":"Informacje dla pracownik\u00f3w rozliczaj\u0105cych si\u0119 z materia\u0142\u00f3w pobranych do przerobu"},"content":{"rendered":"<p>[vc_row][vc_column]\r\n                <div class=\"text-modules\">\r\n                    <div class=\"container\">\r\n                        <h3 class=\"page-title text__title\">Informacje dla pracownik\u00f3w rozliczaj\u0105cych si\u0119 z materia\u0142\u00f3w pobranych do przerobu<\/h3>\r\n                        <div class=\"text-modules__content\"><p>W przypadku braku mo\u017cliwo\u015bci osobistego odbioru materia\u0142\u00f3w do przerobu przez osoby materialnie odpowiedzialne, nale\u017cy uzupe\u0142ni\u0107 upowa\u017cnienie <a href=\"http:\/\/php71.nfinity-beta.pl\/us\/pracownik\/wp-content\/uploads\/sites\/2\/pracownik\/upowdoprzer.pdf\" class=\"mtli_attachment mtli_pdf\" class=\"mtli_attachment mtli_pdf\" target=\"_blank\" rel=\"noopener noreferrer\">http:\/\/info.adm.us.edu.pl\/sap\/MMI\/upowdoprzer.pdf<\/a> i wydrukowa\u0107 je w trzech egzemplarzach. Upowa\u017cnienia nale\u017cy dostarczy\u0107 do Magazynu Artyku\u0142\u00f3w Technicznych do dnia 29.01.2010.<\/p>\n<\/div>\r\n                    <\/div>\r\n                <\/div>[\/vc_column][\/vc_row]<\/p>","protected":false},"excerpt":{"rendered":"<p>[vc_row][vc_column][\/vc_column][\/vc_row] [&#8230;]<\/p>\n<p><a class=\"btn btn-secondary understrap-read-more-link\" href=\"https:\/\/us.edu.pl\/pracownik\/umowy-formularze-druki\/informacje-dla-pracownikow-rozliczajacych-sie-z-materialow-pobranych-do-przerobu\/\">Read More&#8230;<\/a><\/p>\n","protected":false},"author":1,"featured_media":0,"parent":123,"menu_order":406,"comment_status":"closed","ping_status":"closed","template":"","meta":{"_expiration-date-status":"","_expiration-date":0,"_expiration-date-type":"","_expiration-date-categories":[],"_expiration-date-options":[]},"acf":[],"_links":{"self":[{"href":"https:\/\/us.edu.pl\/pracownik\/wp-json\/wp\/v2\/pages\/147"}],"collection":[{"href":"https:\/\/us.edu.pl\/pracownik\/wp-json\/wp\/v2\/pages"}],"about":[{"href":"https:\/\/us.edu.pl\/pracownik\/wp-json\/wp\/v2\/types\/page"}],"author":[{"embeddable":true,"href":"https:\/\/us.edu.pl\/pracownik\/wp-json\/wp\/v2\/users\/1"}],"replies":[{"embeddable":true,"href":"https:\/\/us.edu.pl\/pracownik\/wp-json\/wp\/v2\/comments?post=147"}],"version-history":[{"count":2,"href":"https:\/\/us.edu.pl\/pracownik\/wp-json\/wp\/v2\/pages\/147\/revisions"}],"predecessor-version":[{"id":271,"href":"https:\/\/us.edu.pl\/pracownik\/wp-json\/wp\/v2\/pages\/147\/revisions\/271"}],"up":[{"embeddable":true,"href":"https:\/\/us.edu.pl\/pracownik\/wp-json\/wp\/v2\/pages\/123"}],"wp:attachment":[{"href":"https:\/\/us.edu.pl\/pracownik\/wp-json\/wp\/v2\/media?parent=147"}],"curies":[{"name":"wp","href":"https:\/\/api.w.org\/{rel}","templated":true}]}}