{"id":15131,"date":"2021-09-01T12:25:06","date_gmt":"2021-09-01T10:25:06","guid":{"rendered":"https:\/\/us.edu.pl\/pracownik\/?page_id=15131"},"modified":"2021-09-03T11:17:55","modified_gmt":"2021-09-03T09:17:55","slug":"posiedzenie-komisji-06-09-2021","status":"publish","type":"page","link":"https:\/\/us.edu.pl\/pracownik\/sprawy-dydaktyczne\/senacka-komisja-ds-ksztalcenia\/senacka-komisja-ds-ksztalcenia-sklad-komisji\/kadencja-2020-2024\/posiedzenie-komisji-06-09-2021\/","title":{"rendered":"Posiedzenie komisji &#8211; 06.09.2021"},"content":{"rendered":"<p>[vc_row][vc_column]\r\n                <div class=\"text-modules\">\r\n                    <div class=\"container\">\r\n                        <h3 class=\"page-title text__title\">Posiedzenie Komisji ds. kszta\u0142cenia i student\u00f3w - 6 wrze\u015bnia 2021 r.<\/h3>\r\n                        <div class=\"text-modules__content\"><\/p>\n<p style=\"font-weight: 400;\">Posiedzenie Komisji ds. kszta\u0142cenia i student\u00f3w, kt\u00f3re odb\u0119dzie si\u0119 <strong>6 wrze\u015bnia 2021 r. o godz. 13.00<\/strong>. Spotkanie odb\u0119dzie si\u0119 w formule zdalnej za po\u015brednictwem platformy Microsoft Teams.<\/p>\n<p style=\"font-weight: 400;\"><strong>Porz\u0105dek posiedzenia<\/strong><\/p>\n<p>1. Komunikaty;<\/p>\n<p>2. Zaopiniowanie program\u00f3w studi\u00f3w podyplomowych realizowanych na zlecenie MEiN:<\/p>\n<p style=\"font-weight: 400; padding-left: 40px;\"><a href=\"https:\/\/us.edu.pl\/pracownik\/wp-content\/uploads\/sites\/2\/Editor\/sprawy-dydatktyczne\/Komisja-kszta\u0142cenia\/Kadencja-2020-2024\/20202021\/06.09.2021\/FW_-Studia-podyplomowe.zip\">1) Kwalifikacyjne studia podyplomowe dla nauczycieli informatyki;<\/a><\/p>\n<p style=\"font-weight: 400; padding-left: 40px;\"><a href=\"https:\/\/us.edu.pl\/pracownik\/wp-content\/uploads\/sites\/2\/Editor\/sprawy-dydatktyczne\/Komisja-kszta\u0142cenia\/Kadencja-2020-2024\/20202021\/06.09.2021\/FW_-Studia-podyplomowe.zip\">2) Doskonal\u0105ce studia podyplomowe dla nauczycieli informatyki;<\/a><\/p>\n<p style=\"font-weight: 400; padding-left: 40px;\">3) <a href=\"https:\/\/us.edu.pl\/pracownik\/wp-content\/uploads\/sites\/2\/Editor\/sprawy-dydatktyczne\/Komisja-kszta\u0142cenia\/Kadencja-2020-2024\/20202021\/06.09.2021\/FW_-Studia-podyplomowe.zip\">Doskonal\u0105ce studia podyplomowe dla nauczycieli edukacji wczesnoszkolnej w zakresie edukacji informatycznej.<\/a><\/p>\n<p>3. Modyfikacje program\u00f3w studi\u00f3w obowi\u0105zuj\u0105ce od roku akademickiego 2021\/2022:<\/p>\n<p style=\"font-weight: 400; padding-left: 40px;\">1)\u00a0\u00a0\u00a0\u00a0\u00a0\u00a0<a href=\"https:\/\/us.edu.pl\/pracownik\/wp-content\/uploads\/sites\/2\/Editor\/sprawy-dydatktyczne\/Komisja-kszta\u0142cenia\/Kadencja-2020-2024\/20202021\/06.09.2021\/Bezpiecze\u0144stwo-narodowe-i-mi\u0119dzynarodowe.zip\"><strong>Bezpiecze\u0144stwo narodowe i mi\u0119dzynarodowe<\/strong>\u00a0<\/a>\u2013 studia stacjonarne i\u00a0niestacjonarne I i II stopnia;<\/p>\n<p style=\"font-weight: 400; padding-left: 40px;\">2)\u00a0\u00a0\u00a0\u00a0\u00a0\u00a0<a href=\"https:\/\/us.edu.pl\/pracownik\/wp-content\/uploads\/sites\/2\/Editor\/sprawy-dydatktyczne\/Komisja-kszta\u0142cenia\/Kadencja-2020-2024\/20202021\/06.09.2021\/Doradztwo-polityczne-i-publiczne.zip\"><strong>Doradztwo polityczne i publiczne<\/strong><\/a>\u00a0&#8211; studia stacjonarne i niestacjonarne I stopnia;<\/p>\n<p style=\"font-weight: 400; padding-left: 40px;\">3)\u00a0\u00a0\u00a0\u00a0\u00a0\u00a0<a href=\"https:\/\/us.edu.pl\/pracownik\/wp-content\/uploads\/sites\/2\/Editor\/sprawy-dydatktyczne\/Komisja-kszta\u0142cenia\/Kadencja-2020-2024\/20202021\/06.09.2021\/Politologia.zip\"><strong>Politologia<\/strong>\u00a0<\/a>&#8211; studia stacjonarne i niestacjonarne I i II stopnia;<\/p>\n<p style=\"font-weight: 400; padding-left: 40px;\">4)\u00a0\u00a0\u00a0\u00a0\u00a0\u00a0<a href=\"https:\/\/us.edu.pl\/pracownik\/wp-content\/uploads\/sites\/2\/Editor\/sprawy-dydatktyczne\/Komisja-kszta\u0142cenia\/Kadencja-2020-2024\/20202021\/06.09.2021\/Doradztwo-filozoficzne-i-coaching.zip\"><strong>Doradztwo filozoficzne i coaching<\/strong><\/a>\u00a0\u2013 studia stacjonarne i niestacjonarne II stopnia;<\/p>\n<p style=\"font-weight: 400; padding-left: 40px;\">zmiana w cyklu 2020\/2021:<\/p>\n<p style=\"font-weight: 400; padding-left: 40px;\">5)\u00a0\u00a0\u00a0\u00a0\u00a0\u00a0<a href=\"https:\/\/us.edu.pl\/pracownik\/wp-content\/uploads\/sites\/2\/Editor\/sprawy-dydatktyczne\/Komisja-kszta\u0142cenia\/Kadencja-2020-2024\/20202021\/06.09.2021\/Fil.-angielska-_-2020-2021.zip\"><strong>Filologia angielska<\/strong><\/a>\u00a0\u2013 studia stacjonarne I stopnia.<\/p>\n<p>4. Utworzenie od roku akademickiego 2021\/2022 na kierunku <a href=\"https:\/\/us.edu.pl\/pracownik\/wp-content\/uploads\/sites\/2\/Editor\/sprawy-dydatktyczne\/Komisja-kszta\u0142cenia\/Kadencja-2020-2024\/20202021\/06.09.2021\/Biofizyka.zip\"><strong>Biofizyka<\/strong><\/a>\u00a0\u2013 studia stacjonarne II stopnia (w ramach\u00a0programu Erasmus Mundus) programu studi\u00f3w dla nowej specjalno\u015bci:\u00a0nauka o materia\u0142ach biologicznych i farmaceutycznych (<em>Bio and Pharmaceutical Material Science)<\/em>\u00a0prowadzonej w j\u0119zyku angielskim.<\/p>\n<p>5. Informacja o<a href=\"https:\/\/us.edu.pl\/pracownik\/wp-content\/uploads\/sites\/2\/Editor\/sprawy-dydatktyczne\/Komisja-kszta\u0142cenia\/Kadencja-2020-2024\/20202021\/06.09.2021\/zarzadzenie_OOD.zip\"> projekcie zarz\u0105dzenia Rektora U\u015a w sprawie sposobu organizacji zaj\u0119\u0107 realizowanych na poziomie og\u00f3lnouczelnianym.<\/a><\/p>\n<p>6. Informacja <a href=\"https:\/\/us.edu.pl\/pracownik\/wp-content\/uploads\/sites\/2\/Editor\/sprawy-dydatktyczne\/Komisja-kszta\u0142cenia\/Kadencja-2020-2024\/20202021\/06.09.2021\/kszta\u0142cenie-na-odleg\u0142o\u015b\u0107.docx\" class=\"mtli_attachment mtli_docx\" data-mtli=\"mtli_filesize41,92kB\" class=\"mtli_attachment mtli_docx\" data-mtli=\"mtli_filesize41,92kB\">o projekcie zarz\u0105dzenia Rektora U\u015a w sprawie zasad prowadzenia w Uniwersytecie \u015al\u0105skim w Katowicach zaj\u0119\u0107 dydaktycznych z wykorzystaniem metod i technik kszta\u0142cenia na odleg\u0142o\u015b\u0107.<\/a><\/p>\n<p>7. Wypracowanie procedury sk\u0142adania i archiwizowania pisemnych prac dyplomowych \u2013 dyskusja nad projektem zarz\u0105dzenia Rektora U\u015a w tej sprawie.<\/p>\n<p>8. Informacje Biura Jako\u015bci Kszta\u0142cenia.<\/p>\n<p>9. Wolne wnioski<\/p>\n<style type=\"text\/css\">a[data-mtli~=\"mtli_filesize41,92kB\"]:after {content:\" (41,92 kB)\"}<\/style><\/div>\r\n                    <\/div>\r\n                <\/div>[\/vc_column][\/vc_row]<\/p>\n<style type=\"text\/css\">a[data-mtli~=\"mtli_filesize41,92kB\"]:after {content:\" (41,92 kB)\"}<\/style>","protected":false},"excerpt":{"rendered":"<p>[vc_row][vc_column][\/vc_column][\/vc_row] [&#8230;]<\/p>\n<p><a class=\"btn btn-secondary understrap-read-more-link\" href=\"https:\/\/us.edu.pl\/pracownik\/sprawy-dydaktyczne\/senacka-komisja-ds-ksztalcenia\/senacka-komisja-ds-ksztalcenia-sklad-komisji\/kadencja-2020-2024\/posiedzenie-komisji-06-09-2021\/\">Read More&#8230;<\/a><\/p>\n","protected":false},"author":31,"featured_media":0,"parent":5151,"menu_order":476,"comment_status":"closed","ping_status":"closed","template":"page-templates\/inner-page.php","meta":{"_expiration-date-status":"saved","_expiration-date":0,"_expiration-date-type":"","_expiration-date-categories":[],"_expiration-date-options":[]},"acf":[],"_links":{"self":[{"href":"https:\/\/us.edu.pl\/pracownik\/wp-json\/wp\/v2\/pages\/15131"}],"collection":[{"href":"https:\/\/us.edu.pl\/pracownik\/wp-json\/wp\/v2\/pages"}],"about":[{"href":"https:\/\/us.edu.pl\/pracownik\/wp-json\/wp\/v2\/types\/page"}],"author":[{"embeddable":true,"href":"https:\/\/us.edu.pl\/pracownik\/wp-json\/wp\/v2\/users\/31"}],"replies":[{"embeddable":true,"href":"https:\/\/us.edu.pl\/pracownik\/wp-json\/wp\/v2\/comments?post=15131"}],"version-history":[{"count":9,"href":"https:\/\/us.edu.pl\/pracownik\/wp-json\/wp\/v2\/pages\/15131\/revisions"}],"predecessor-version":[{"id":15167,"href":"https:\/\/us.edu.pl\/pracownik\/wp-json\/wp\/v2\/pages\/15131\/revisions\/15167"}],"up":[{"embeddable":true,"href":"https:\/\/us.edu.pl\/pracownik\/wp-json\/wp\/v2\/pages\/5151"}],"wp:attachment":[{"href":"https:\/\/us.edu.pl\/pracownik\/wp-json\/wp\/v2\/media?parent=15131"}],"curies":[{"name":"wp","href":"https:\/\/api.w.org\/{rel}","templated":true}]}}