{"id":15443,"date":"2021-10-07T12:56:22","date_gmt":"2021-10-07T10:56:22","guid":{"rendered":"https:\/\/us.edu.pl\/pracownik\/?page_id=15443"},"modified":"2022-07-22T13:41:16","modified_gmt":"2022-07-22T11:41:16","slug":"informacja-dla-kadry-wsparcia-administracyjnego-ipo","status":"publish","type":"page","link":"https:\/\/us.edu.pl\/pracownik\/sprawy-pracownicze\/nauczyciele-akademiccy-na\/indywidualny-przydzial-obowiazkow\/informacja-dla-kadry-wsparcia-administracyjnego-ipo\/","title":{"rendered":"Informacja dla kadry wsparcia administracyjnego (IPO)"},"content":{"rendered":"<p>[vc_row][vc_column][\/vc_column][\/vc_row][vc_row][vc_column]\r\n                <div class=\"text-modules\">\r\n                    <div class=\"container\">\r\n                        <h3 class=\"page-title text__title\">IPO - informacja dla kadry wsparcia administracyjnego<\/h3>\r\n                        <div class=\"text-modules__content\"><p><a href=\"https:\/\/us.edu.pl\/pracownik\/wp-content\/uploads\/sites\/2\/pracownik\/sprawy-kadrowe-nauczyciele-akademiccy\/2021.07.27-funkcje-i-cia\u0142a-kolegialne-do-IPO.pdf\" class=\"mtli_attachment mtli_pdf\" data-mtli=\"mtli_filesize180,22kB\" class=\"mtli_attachment mtli_pdf\" data-mtli=\"mtli_filesize180,22kB\" target=\"_blank\" rel=\"noopener noreferrer\">Funkcje i cia\u0142a kolegialne do IPO<\/a><\/p>\n<ul>\n<li>Do infotypu 9009 lub infotypu 9301 w SAP nale\u017cy wprowadza\u0107 wy\u0142\u0105cznie informacje o funkcjach lub cz\u0142onkostwie w cia\u0142ach kolegialnych, kt\u00f3re s\u0105 bezpo\u015brednio zwi\u0105zane ze stosunkiem pracy danego pracownika z Uniwersytetem \u015al\u0105skim. Nie nale\u017cy wi\u0119c wprowadza\u0107 do ww. infotyp\u00f3w informacji np. o cz\u0142onkostwie w stowarzyszeniach, towarzystwach etc., gdzie dany pracownik nie jest oficjalnym przedstawicielem Uniwersytetu.<\/li>\n<li>Wprowadzaj\u0105c dane do infotypu 9009 lub infotypu 9301 w SAP nie powinno si\u0119 skraca\u0107 nazw w\u0142asnych funkcji i cia\u0142 kolegialnych, nawet gdy s\u0105 bardzo d\u0142ugie (np. w przypadku nazw kierunk\u00f3w studi\u00f3w czy instytut\u00f3w).<\/li>\n<li>Dane o cz\u0142onkostwie nauczyciela akademickiego w ciele kolegialnym powo\u0142anym w ramach centrum badawczego wprowadza do infotypu 9301 w SAP jego macierzysta jednostka zatrudnienia po dostarczeniu przeze\u0144 stosownej informacji.<\/li>\n<li>Dane o cz\u0142onkach komisji (w tym promotorach i recenzentach) w post\u0119powaniach o nadanie stopnia naukowego (dr hab. i dr) lub o nadanie tytu\u0142u zawodowego (lic., in\u017c., mgr etc.) wprowadzane s\u0105 do systemu USOS i nie nale\u017cy ich wprowadza\u0107 do infotypu 9009 ani infotypu 9301 w SAP.<\/li>\n<li>Dane o projektach w rozumieniu przepis\u00f3w <em>zarz\u0105dzenia nr 69 Rektora Uniwersytetu \u015al\u0105skiego z dnia 19 kwietnia 2021 r. w sprawie przygotowywania, realizacji i rozliczania projekt\u00f3w i\u00a0zada\u0144 finansowanych lub wsp\u00f3\u0142finansowanych ze \u015brodk\u00f3w zewn\u0119trznych<\/em> (w\u00a0szczeg\u00f3lno\u015bci o\u00a0kierownikach projekt\u00f3w, wykonawcach etc. a tak\u017ce o\u00a0wnioskodawcach i osobach uczestnicz\u0105cych w przygotowywaniu wniosku) wprowadzane s\u0105 do systemu SAP w dedykowanym module przez Dzia\u0142 Projekt\u00f3w i nie nale\u017cy ich wprowadza\u0107 do infotypu 9009 ani infotypu 9301 w SAP.<\/li>\n<li>Dane o zespo\u0142ach badawczych w poszczeg\u00f3lnych instytutach i ich sk\u0142adzie osobowym s\u0105 zbierane przez Dzia\u0142 Nauki i b\u0119d\u0105 prowadzone w odr\u0119bnym systemie informatycznym, w zwi\u0105zku z czym nie nale\u017cy ich wprowadza\u0107 do infotypu 9009 ani infotypu 9301 w SAP.<\/li>\n<li>Dane o pe\u0142nieniu roli koordynatora modu\u0142u s\u0105 prowadzone w systemie USOS w zwi\u0105zku z czym nie nale\u017cy ich wprowadza\u0107 do infotypu 9009 ani infotypu 9301 w SAP.<\/li>\n<li>Dane o byciu cz\u0142onkiem zwi\u0105zku zawodowego lub pe\u0142nieniu okre\u015blonej funkcji w organizacji zwi\u0105zkowej s\u0105 danymi wra\u017cliwymi i jako takie nie mog\u0105 by\u0107 wprowadzane do infotypu 9009 ani infotypu 9301 w SAP, za wyj\u0105tkiem os\u00f3b, kt\u00f3re s\u0105 oficjalnymi przedstawicielami zwi\u0105zk\u00f3w zawodowych w danym ciele kolegialnym \u2013 wtedy do infotypu 9301 nale\u017cy wprowadzi\u0107 informacj\u0119, \u017ce danych pracownik jest reprezentantem zwi\u0105zk\u00f3w zawodowych w tym ciele kolegialnym.<\/li>\n<li>Dane o pe\u0142nieniu roli kierownika\/ koordynatora\/ opiekuna urz\u0105dzenia\/ pracowni\/ laboratorium s\u0105 zbierane przez Dzia\u0142 Nauki i b\u0119d\u0105 prowadzone w odr\u0119bnym systemie informatycznym, w zwi\u0105zku z czym nie nale\u017cy ich wprowadza\u0107 do infotypu 9009 ani infotypu 9301 w SAP.<\/li>\n<li>Przed wprowadzeniem do infotypu 9009 ani infotypu 9301 w SAP informacji o funkcji lub\u00a0cz\u0142onkostwie w ciele kolegialnym, kt\u00f3re nie zosta\u0142y wyszczeg\u00f3lnione w powy\u017cszym zestawieniu, prosimy o kontakt mailowy: <a href=\"mailto:ipo@us.edu.pl\">ipo@us.edu.pl<\/a>.<\/li>\n<\/ul>\n<p>\n<style type=\"text\/css\">a[data-mtli~=\"mtli_filesize180,22kB\"]:after {content:\" (180,22 kB)\"}<\/style><\/div>\r\n                    <\/div>\r\n                <\/div>[\/vc_column][\/vc_row]<\/p>\n<style type=\"text\/css\">a[data-mtli~=\"mtli_filesize180,22kB\"]:after {content:\" (180,22 kB)\"}<\/style>","protected":false},"excerpt":{"rendered":"<p>[vc_row][vc_column][\/vc_column][\/vc_row][vc_row][vc_column][\/vc_column][\/vc_row] [&#8230;]<\/p>\n<p><a class=\"btn btn-secondary understrap-read-more-link\" href=\"https:\/\/us.edu.pl\/pracownik\/sprawy-pracownicze\/nauczyciele-akademiccy-na\/indywidualny-przydzial-obowiazkow\/informacja-dla-kadry-wsparcia-administracyjnego-ipo\/\">Read More&#8230;<\/a><\/p>\n","protected":false},"author":41,"featured_media":0,"parent":14872,"menu_order":123,"comment_status":"closed","ping_status":"closed","template":"page-templates\/inner-page-with-bookmarks.php","meta":{"_expiration-date-status":"","_expiration-date":0,"_expiration-date-type":"","_expiration-date-categories":[],"_expiration-date-options":[]},"acf":[],"_links":{"self":[{"href":"https:\/\/us.edu.pl\/pracownik\/wp-json\/wp\/v2\/pages\/15443"}],"collection":[{"href":"https:\/\/us.edu.pl\/pracownik\/wp-json\/wp\/v2\/pages"}],"about":[{"href":"https:\/\/us.edu.pl\/pracownik\/wp-json\/wp\/v2\/types\/page"}],"author":[{"embeddable":true,"href":"https:\/\/us.edu.pl\/pracownik\/wp-json\/wp\/v2\/users\/41"}],"replies":[{"embeddable":true,"href":"https:\/\/us.edu.pl\/pracownik\/wp-json\/wp\/v2\/comments?post=15443"}],"version-history":[{"count":5,"href":"https:\/\/us.edu.pl\/pracownik\/wp-json\/wp\/v2\/pages\/15443\/revisions"}],"predecessor-version":[{"id":18449,"href":"https:\/\/us.edu.pl\/pracownik\/wp-json\/wp\/v2\/pages\/15443\/revisions\/18449"}],"up":[{"embeddable":true,"href":"https:\/\/us.edu.pl\/pracownik\/wp-json\/wp\/v2\/pages\/14872"}],"wp:attachment":[{"href":"https:\/\/us.edu.pl\/pracownik\/wp-json\/wp\/v2\/media?parent=15443"}],"curies":[{"name":"wp","href":"https:\/\/api.w.org\/{rel}","templated":true}]}}