{"id":15484,"date":"2021-10-08T09:10:35","date_gmt":"2021-10-08T07:10:35","guid":{"rendered":"https:\/\/us.edu.pl\/pracownik\/?page_id=15484"},"modified":"2021-10-08T09:24:32","modified_gmt":"2021-10-08T07:24:32","slug":"indywidualne-sprawy-studentow-zalatwiane-w-drodze-decyzji-administracyjnych-albo-rozstrzygniec","status":"publish","type":"page","link":"https:\/\/us.edu.pl\/pracownik\/sprawy-dydaktyczne\/pion-ksztalcenia\/dokumentacja-toku-studiow\/indywidualne-sprawy-studentow-zalatwiane-w-drodze-decyzji-administracyjnych-albo-rozstrzygniec\/","title":{"rendered":"Indywidualne sprawy student\u00f3w za\u0142atwiane w drodze decyzji administracyjnych albo rozstrzygni\u0119\u0107"},"content":{"rendered":"<p>[vc_row][vc_column]\r\n                <div class=\"text-modules\">\r\n                    <div class=\"container\">\r\n                        <h3 class=\"page-title text__title\">Indywidualne sprawy student\u00f3w za\u0142atwiane s\u0105 w drodze decyzji administracyjnych albo rozstrzygni\u0119\u0107<\/h3>\r\n                        <div class=\"text-modules__content\"><\/div>\r\n                    <\/div>\r\n                <\/div>\r\n                <div class=\"tiles-section\" style=\"background: \">\r\n                    <div class=\"container\">\r\n                        <h3 class=\"page-title\"><\/h3>\r\n                        <div class=\"tiles tiles-2\">\r\n                            <a href=\"https:\/\/us.edu.pl\/pracownik\/wp-content\/uploads\/sites\/2\/Editor\/sprawy-dydatktyczne\/op\u0142aty\/decyzje-2021.pdf\" class=\"mtli_attachment mtli_pdf\" data-mtli=\"mtli_filesize270,51kB\" class=\"tile tile_ justify-content-center\" style=\"background-color: #002E5A; font-weight: bold; color: #ffffff;  \">\r\n                                \r\n                                   \r\n                               \r\n                                <div class=\"tile__name\">Decyzje administracyjne<\/div>\r\n                            <\/a>\r\n                            <a href=\"https:\/\/us.edu.pl\/pracownik\/wp-content\/uploads\/sites\/2\/Editor\/sprawy-dydatktyczne\/op\u0142aty\/roztrzygniecie-2021.pdf\" class=\"mtli_attachment mtli_pdf\" data-mtli=\"mtli_filesize204,60kB\" class=\"tile tile_ justify-content-center\" style=\"background-color: #002E5A; font-weight: bold; color: #ffffff;  \">\r\n                                \r\n                                   \r\n                               \r\n                                <div class=\"tile__name\">Rozstrzygni\u0119cia<\/div>\r\n                            <\/a><\/div>\r\n                    <\/div>\r\n                <\/div>[\/vc_column][\/vc_row]<\/p>\n<style type=\"text\/css\">a[data-mtli~=\"mtli_filesize270,51kB\"]:after {content:\" (270,51 kB)\"}a[data-mtli~=\"mtli_filesize204,60kB\"]:after {content:\" (204,60 kB)\"}<\/style>","protected":false},"excerpt":{"rendered":"<p>[vc_row][vc_column][\/vc_column][\/vc_row] [&#8230;]<\/p>\n<p><a class=\"btn btn-secondary understrap-read-more-link\" href=\"https:\/\/us.edu.pl\/pracownik\/sprawy-dydaktyczne\/pion-ksztalcenia\/dokumentacja-toku-studiow\/indywidualne-sprawy-studentow-zalatwiane-w-drodze-decyzji-administracyjnych-albo-rozstrzygniec\/\">Read More&#8230;<\/a><\/p>\n","protected":false},"author":31,"featured_media":0,"parent":731,"menu_order":121,"comment_status":"closed","ping_status":"closed","template":"page-templates\/inner-page.php","meta":{"_expiration-date-status":"saved","_expiration-date":0,"_expiration-date-type":"","_expiration-date-categories":[],"_expiration-date-options":[]},"acf":[],"_links":{"self":[{"href":"https:\/\/us.edu.pl\/pracownik\/wp-json\/wp\/v2\/pages\/15484"}],"collection":[{"href":"https:\/\/us.edu.pl\/pracownik\/wp-json\/wp\/v2\/pages"}],"about":[{"href":"https:\/\/us.edu.pl\/pracownik\/wp-json\/wp\/v2\/types\/page"}],"author":[{"embeddable":true,"href":"https:\/\/us.edu.pl\/pracownik\/wp-json\/wp\/v2\/users\/31"}],"replies":[{"embeddable":true,"href":"https:\/\/us.edu.pl\/pracownik\/wp-json\/wp\/v2\/comments?post=15484"}],"version-history":[{"count":3,"href":"https:\/\/us.edu.pl\/pracownik\/wp-json\/wp\/v2\/pages\/15484\/revisions"}],"predecessor-version":[{"id":15489,"href":"https:\/\/us.edu.pl\/pracownik\/wp-json\/wp\/v2\/pages\/15484\/revisions\/15489"}],"up":[{"embeddable":true,"href":"https:\/\/us.edu.pl\/pracownik\/wp-json\/wp\/v2\/pages\/731"}],"wp:attachment":[{"href":"https:\/\/us.edu.pl\/pracownik\/wp-json\/wp\/v2\/media?parent=15484"}],"curies":[{"name":"wp","href":"https:\/\/api.w.org\/{rel}","templated":true}]}}