{"id":15597,"date":"2021-10-26T13:41:39","date_gmt":"2021-10-26T11:41:39","guid":{"rendered":"https:\/\/us.edu.pl\/pracownik\/?page_id=15597"},"modified":"2026-02-25T15:11:15","modified_gmt":"2026-02-25T14:11:15","slug":"baza-kierunkow-akredytowanych-przez-pka","status":"publish","type":"page","link":"https:\/\/us.edu.pl\/pracownik\/sprawy-dydaktyczne\/pion-ksztalcenia\/akredytacja\/baza-kierunkow-akredytowanych-przez-pka\/","title":{"rendered":"Baza kierunk\u00f3w akredytowanych przez PKA"},"content":{"rendered":"<p>[vc_row][vc_column][\/vc_column][\/vc_row][vc_row][vc_column]\r\n                <div class=\"text-modules\">\r\n                    <div class=\"container\">\r\n                        <h3 class=\"page-title text__title\">Baza kierunk\u00f3w akredytowanych przez PKA<\/h3>\r\n                        <div class=\"text-modules__content\"><p><strong>Oceny programowe:<\/strong><\/p>\n<table style=\"width: 100%; border-collapse: collapse; border-style: solid; height: 935px;\" border=\"1\">\n<tbody>\n<tr style=\"height: 18px;\">\n<td style=\"width: 3.72417%; height: 18px;\" width=\"31\"><strong>Lp<\/strong><\/td>\n<td style=\"width: 6.92672%; height: 18px;\" width=\"64\"><strong>Wydzia\u0142<\/strong><\/td>\n<td style=\"width: 39.9768%; height: 18px;\" width=\"368\"><strong>Kierunek<\/strong><\/td>\n<td style=\"width: 20.2796%; height: 18px;\" width=\"194\"><strong>Ostatnia uchwa\u0142a PKA<\/strong><\/td>\n<td style=\"width: 11.4398%; height: 18px;\" width=\"102\"><strong>Typ oceny<\/strong><\/td>\n<td style=\"width: 17.6529%; height: 18px;\" width=\"163\"><strong>Nast\u0119pna akredytacja<\/strong><\/td>\n<\/tr>\n<tr style=\"height: 18px;\">\n<td style=\"width: 3.72417%; height: 18px;\">1<\/td>\n<td style=\"width: 6.92672%; height: 18px;\">WPiA<\/td>\n<td style=\"width: 39.9768%; height: 18px;\" width=\"368\">administracja<\/td>\n<td style=\"width: 20.2796%; height: 18px;\" width=\"194\">245\/2023 z dn. 20.04.2023<\/td>\n<td style=\"width: 11.4398%; height: 18px;\" width=\"102\">programowa<\/td>\n<td style=\"width: 17.6529%; height: 18px;\" width=\"163\">2028\/2029<\/td>\n<\/tr>\n<tr style=\"height: 18px;\">\n<td style=\"width: 3.72417%; height: 18px;\">2<\/td>\n<td style=\"width: 6.92672%; height: 18px;\">WNS<\/td>\n<td style=\"width: 39.9768%; height: 18px;\" width=\"368\">bezpiecze\u0144stwo narodowe i\u00a0mi\u0119dzynarodowe<\/td>\n<td style=\"width: 20.2796%; height: 18px;\" width=\"194\">881\/2019 z dn. 28.11.2019<\/td>\n<td style=\"width: 11.4398%; height: 18px;\" width=\"102\">programowa<\/td>\n<td style=\"width: 17.6529%; height: 18px;\" width=\"163\">2025\/2026<\/td>\n<\/tr>\n<tr style=\"height: 18px;\">\n<td style=\"width: 3.72417%; height: 18px;\">3<\/td>\n<td style=\"width: 6.92672%; height: 18px;\">WNST<\/td>\n<td style=\"width: 39.9768%; height: 18px;\" width=\"368\">biofizyka<\/td>\n<td style=\"width: 20.2796%; height: 18px;\" width=\"194\">139\/2025 z dn. 06.03.2025<\/td>\n<td style=\"width: 11.4398%; height: 18px;\" width=\"102\">programowa<\/td>\n<td style=\"width: 17.6529%; height: 18px;\" width=\"163\">2030\/2031<\/td>\n<\/tr>\n<tr style=\"height: 18px;\">\n<td style=\"width: 3.72417%; height: 18px;\">4<\/td>\n<td style=\"width: 6.92672%; height: 18px;\">WNP<\/td>\n<td style=\"width: 39.9768%; height: 18px;\" width=\"368\">biologia<\/td>\n<td style=\"width: 20.2796%; height: 18px;\" width=\"194\">84\/2022 z dn. 10.02.2022<\/td>\n<td style=\"width: 11.4398%; height: 18px;\" width=\"102\">programowa<\/td>\n<td style=\"width: 17.6529%; height: 18px;\" width=\"163\">2027\/2028<\/td>\n<\/tr>\n<tr style=\"height: 18px;\">\n<td style=\"width: 3.72417%; height: 18px;\">5<\/td>\n<td style=\"width: 6.92672%; height: 18px;\">WNP<\/td>\n<td style=\"width: 39.9768%; height: 18px;\">biotechnologia<\/td>\n<td style=\"width: 20.2796%; height: 18px;\">793\/2022 z dn. 14.09.2022<\/td>\n<td style=\"width: 11.4398%; height: 18px;\">programowa<\/td>\n<td style=\"width: 17.6529%; height: 18px;\">2027\/2028<\/td>\n<\/tr>\n<tr style=\"height: 18px;\">\n<td style=\"width: 3.72417%; height: 18px;\">6<\/td>\n<td style=\"width: 6.92672%; height: 18px;\">WNST<\/td>\n<td style=\"width: 39.9768%; height: 18px;\" width=\"368\">chemia<\/td>\n<td style=\"width: 20.2796%; height: 18px;\" width=\"194\">140\/2025 z dn. 06.03.2025<\/td>\n<td style=\"width: 11.4398%; height: 18px;\" width=\"102\">programowa<\/td>\n<td style=\"width: 17.6529%; height: 18px;\" width=\"163\">2030\/2031<\/td>\n<\/tr>\n<tr style=\"height: 18px;\">\n<td style=\"width: 3.72417%; height: 18px;\">7<\/td>\n<td style=\"width: 6.92672%; height: 18px;\">WH<\/td>\n<td style=\"width: 39.9768%; height: 18px;\" width=\"368\">doradztwo filozoficzne i coaching \u2013 studia I stopnia<\/td>\n<td style=\"width: 20.2796%; height: 18px;\" width=\"194\">57\/2020 z dn. 27.02.2020<\/td>\n<td style=\"width: 11.4398%; height: 18px;\" width=\"102\">programowa<\/td>\n<td style=\"width: 17.6529%; height: 18px;\" width=\"163\">2025\/2026<\/td>\n<\/tr>\n<tr style=\"height: 18px;\">\n<td style=\"width: 3.72417%; height: 18px;\">8<\/td>\n<td style=\"width: 6.92672%; height: 18px;\">WH<\/td>\n<td style=\"width: 39.9768%; height: 18px;\" width=\"368\">doradztwo filozoficzne i coaching \u2013 studia II stopnia<\/td>\n<td style=\"width: 20.2796%; height: 18px;\" width=\"194\">284\/2022 z dn. 05.05.2022<\/td>\n<td style=\"width: 11.4398%; height: 18px;\" width=\"102\">programowa<\/td>\n<td style=\"width: 17.6529%; height: 18px;\" width=\"163\">2025\/2026<\/td>\n<\/tr>\n<tr style=\"height: 18px;\">\n<td style=\"width: 3.72417%; height: 18px;\">9<\/td>\n<td style=\"width: 6.92672%; height: 18px;\">WNS<\/td>\n<td style=\"width: 39.9768%; height: 18px;\" width=\"368\">dziennikarstwo i komunikacja spo\u0142eczna<\/td>\n<td style=\"width: 20.2796%; height: 18px;\" width=\"194\">603\/2020 z dn. 28.08.2020<\/td>\n<td style=\"width: 11.4398%; height: 18px;\" width=\"102\">programowa<\/td>\n<td style=\"width: 17.6529%; height: 18px;\" width=\"163\">2025\/2026<\/td>\n<\/tr>\n<tr style=\"height: 18px;\">\n<td style=\"width: 3.72417%; height: 18px;\">10<\/td>\n<td style=\"width: 6.92672%; height: 18px;\">WSNE<\/td>\n<td style=\"width: 39.9768%; height: 18px;\" width=\"368\">edukacja artystyczna w zakresie sztuk plastycznych<\/td>\n<td style=\"width: 20.2796%; height: 18px;\" width=\"194\">869\/2019 z dn. 28.11.2019<\/td>\n<td style=\"width: 11.4398%; height: 18px;\" width=\"102\">programowa<\/td>\n<td style=\"width: 17.6529%; height: 18px;\" width=\"163\">2025\/2026<\/td>\n<\/tr>\n<tr style=\"height: 18px;\">\n<td style=\"width: 3.72417%; height: 44px;\">11<\/td>\n<td style=\"width: 6.92672%; height: 44px;\">WSNE<\/td>\n<td style=\"width: 39.9768%; height: 44px;\" width=\"368\">edukacja artystyczna w zakresie sztuki muzycznej<\/td>\n<td style=\"width: 20.2796%; height: 44px;\" width=\"194\">1\/2022 z dn. 13.01.2022<\/td>\n<td style=\"width: 11.4398%; height: 44px;\" width=\"102\">programowa<\/td>\n<td style=\"width: 17.6529%; height: 44px;\" width=\"163\">2027\/2028<\/td>\n<\/tr>\n<tr style=\"height: 18px;\">\n<td style=\"width: 3.72417%; height: 10px;\">12<\/td>\n<td style=\"width: 6.92672%; height: 10px;\">WH<\/td>\n<td style=\"width: 39.9768%; height: 10px;\" width=\"368\">filologia polska -studia I stopnia<\/td>\n<td style=\"width: 20.2796%; height: 10px;\" width=\"194\">757\/2025 z dn. 18.09.2025<\/td>\n<td style=\"width: 11.4398%; height: 10px;\" width=\"102\">programowa<\/td>\n<td style=\"width: 17.6529%; height: 10px;\" width=\"163\">2030\/2031<\/td>\n<\/tr>\n<tr style=\"height: 78px;\">\n<td style=\"width: 3.72417%; height: 29px;\">13<\/td>\n<td style=\"width: 6.92672%; height: 29px;\">WH<\/td>\n<td style=\"width: 39.9768%; height: 29px;\">filologia polska &#8211; studia II stopnia<\/td>\n<td style=\"width: 20.2796%; height: 29px;\">758\/2025 z dn. 18.09.2025<\/td>\n<td style=\"width: 11.4398%; height: 29px;\">programowa<\/td>\n<td style=\"width: 17.6529%; height: 29px;\">2027\/2028<\/td>\n<\/tr>\n<tr style=\"height: 114px;\">\n<td style=\"width: 3.72417%; height: 13px;\">14<\/td>\n<td style=\"width: 6.92672%; height: 13px;\">WH<\/td>\n<td style=\"width: 39.9768%; height: 13px;\">filozofia<\/td>\n<td style=\"width: 20.2796%; height: 13px;\">481\/2024 z dn. 11.07.2024<\/td>\n<td style=\"width: 11.4398%; height: 13px;\">programowa<\/td>\n<td style=\"width: 17.6529%; height: 13px;\">2029\/2030<\/td>\n<\/tr>\n<tr style=\"height: 18px;\">\n<td style=\"width: 3.72417%; height: 18px;\">15<\/td>\n<td style=\"width: 6.92672%; height: 18px;\">WNST<\/td>\n<td style=\"width: 39.9768%; height: 18px;\" width=\"368\">fizyka<\/td>\n<td style=\"width: 20.2796%; height: 18px;\" width=\"194\">508\/2025 z dn. 20.07.2025<\/td>\n<td style=\"width: 11.4398%; height: 18px;\" width=\"102\">programowa<\/td>\n<td style=\"width: 17.6529%; height: 18px;\" width=\"163\">2030\/2031<\/td>\n<\/tr>\n<tr style=\"height: 18px;\">\n<td style=\"width: 3.72417%; height: 18px;\">16<\/td>\n<td style=\"width: 6.92672%; height: 18px;\">WNST<\/td>\n<td style=\"width: 39.9768%; height: 18px;\" width=\"368\">fizyka medyczna<\/td>\n<td style=\"width: 20.2796%; height: 18px;\" width=\"194\">296\/2025 z dn. 22.05.2025<\/td>\n<td style=\"width: 11.4398%; height: 18px;\" width=\"102\">programowa<\/td>\n<td style=\"width: 17.6529%; height: 18px;\" width=\"163\">2030\/2031<\/td>\n<\/tr>\n<tr style=\"height: 18px;\">\n<td style=\"width: 3.72417%; height: 18px;\">17<\/td>\n<td style=\"width: 6.92672%; height: 18px;\">WNP<\/td>\n<td style=\"width: 39.9768%; height: 18px;\">geografia<\/td>\n<td style=\"width: 20.2796%; height: 18px;\">201\/2023 z dn. 06.04.2023<\/td>\n<td style=\"width: 11.4398%; height: 18px;\">programowa<\/td>\n<td style=\"width: 17.6529%; height: 18px;\">2028\/2029<\/td>\n<\/tr>\n<tr style=\"height: 18px;\">\n<td style=\"width: 3.72417%; height: 18px;\">18<\/td>\n<td style=\"width: 6.92672%; height: 18px;\">WNP<\/td>\n<td style=\"width: 39.9768%; height: 18px;\">geologia<\/td>\n<td style=\"width: 20.2796%; height: 18px;\">513\/2022 z dn. 07.07.2022<\/td>\n<td style=\"width: 11.4398%; height: 18px;\">programowa<\/td>\n<td style=\"width: 17.6529%; height: 18px;\">2027\/2028<\/td>\n<\/tr>\n<tr style=\"height: 18px;\">\n<td style=\"width: 3.72417%; height: 18px;\">19<\/td>\n<td style=\"width: 6.92672%; height: 18px;\">WNP<\/td>\n<td style=\"width: 39.9768%; height: 18px;\">geologia stosowana<\/td>\n<td style=\"width: 20.2796%; height: 18px;\">795\/2022 z dn. 14.09.2022<\/td>\n<td style=\"width: 11.4398%; height: 18px;\">programowa<\/td>\n<td style=\"width: 17.6529%; height: 18px;\">2027\/2028<\/td>\n<\/tr>\n<tr style=\"height: 18px;\">\n<td style=\"width: 3.72417%; height: 18px;\">20<\/td>\n<td style=\"width: 6.92672%; height: 18px;\">WSNE<\/td>\n<td style=\"width: 39.9768%; height: 18px;\" width=\"368\">grafika<\/td>\n<td style=\"width: 20.2796%; height: 18px;\" width=\"194\">399\/2023 z dn. 15.06.2023<\/td>\n<td style=\"width: 11.4398%; height: 18px;\" width=\"102\">programowa<\/td>\n<td style=\"width: 17.6529%; height: 18px;\" width=\"163\">2028\/2029<\/td>\n<\/tr>\n<tr style=\"height: 18px;\">\n<td style=\"width: 3.72417%; height: 18px;\">21<\/td>\n<td style=\"width: 6.92672%; height: 18px;\">WH<\/td>\n<td style=\"width: 39.9768%; height: 18px;\" width=\"368\">historia<\/td>\n<td style=\"width: 20.2796%; height: 18px;\" width=\"194\">35\/2020 z dn. 06.02.2020<\/td>\n<td style=\"width: 11.4398%; height: 18px;\" width=\"102\">programowa<\/td>\n<td style=\"width: 17.6529%; height: 18px;\" width=\"163\">2025\/2026<\/td>\n<\/tr>\n<tr style=\"height: 18px;\">\n<td style=\"width: 3.72417%; height: 18px;\">22<\/td>\n<td style=\"width: 6.92672%; height: 18px;\">WH<\/td>\n<td style=\"width: 39.9768%; height: 18px;\" width=\"368\">informacja naukowa i bibliotekoznawstwo<\/td>\n<td style=\"width: 20.2796%; height: 18px;\" width=\"194\">898\/2025 z dn. 30.10.2025<\/td>\n<td style=\"width: 11.4398%; height: 18px;\" width=\"102\">programowa<\/td>\n<td style=\"width: 17.6529%; height: 18px;\" width=\"163\">2027\/2028<\/td>\n<\/tr>\n<tr style=\"height: 18px;\">\n<td style=\"width: 3.72417%; height: 18px;\">23<\/td>\n<td style=\"width: 6.92672%; height: 18px;\">WNST<\/td>\n<td style=\"width: 39.9768%; height: 18px;\" width=\"368\">informatyka<\/td>\n<td style=\"width: 20.2796%; height: 18px;\" width=\"194\">209\/2022 z dn. 07.04.2022<\/td>\n<td style=\"width: 11.4398%; height: 18px;\" width=\"102\">programowa<\/td>\n<td style=\"width: 17.6529%; height: 18px;\" width=\"163\">2027\/2028<\/td>\n<\/tr>\n<tr style=\"height: 18px;\">\n<td style=\"width: 3.72417%; height: 18px;\">24<\/td>\n<td style=\"width: 6.92672%; height: 18px;\">WNST<\/td>\n<td style=\"width: 39.9768%; height: 18px;\" width=\"368\">informatyka stosowana<\/td>\n<td style=\"width: 20.2796%; height: 18px;\" width=\"194\">420\/2025 z dn. 26.06.2025<\/td>\n<td style=\"width: 11.4398%; height: 18px;\" width=\"102\">programowa<\/td>\n<td style=\"width: 17.6529%; height: 18px;\" width=\"163\">2030\/2031<\/td>\n<\/tr>\n<tr style=\"height: 18px;\">\n<td style=\"width: 3.72417%; height: 18px;\">25<\/td>\n<td style=\"width: 6.92672%; height: 18px;\">WNST<\/td>\n<td style=\"width: 39.9768%; height: 18px;\">in\u017cynieria biomedyczna<\/td>\n<td style=\"width: 20.2796%; height: 18px;\">83\/2025 z dn. 20.02.2025<\/td>\n<td style=\"width: 11.4398%; height: 18px;\">programowa<\/td>\n<td style=\"width: 17.6529%; height: 18px;\">2030\/2031<\/td>\n<\/tr>\n<tr style=\"height: 18px;\">\n<td style=\"width: 3.72417%; height: 18px;\">26<\/td>\n<td style=\"width: 6.92672%; height: 18px;\">WNST<\/td>\n<td style=\"width: 39.9768%; height: 18px;\" width=\"368\">in\u017cynieria materia\u0142owa<\/td>\n<td style=\"width: 20.2796%; height: 18px;\" width=\"194\">394\/2020 z dn. 02.07.2020<\/td>\n<td style=\"width: 11.4398%; height: 18px;\" width=\"102\">programowa<\/td>\n<td style=\"width: 17.6529%; height: 18px;\" width=\"163\">2025\/2026<\/td>\n<\/tr>\n<tr style=\"height: 18px;\">\n<td style=\"width: 3.72417%; height: 18px;\">27<\/td>\n<td style=\"width: 6.92672%; height: 18px;\">WNP<\/td>\n<td style=\"width: 39.9768%; height: 18px;\">in\u017cynieria zagro\u017ce\u0144 \u015brodowiskowych<\/td>\n<td style=\"width: 20.2796%; height: 18px;\">790\/2022 z dn. 14.09.2022<\/td>\n<td style=\"width: 11.4398%; height: 18px;\">programowa<\/td>\n<td style=\"width: 17.6529%; height: 18px;\">2027\/2028<\/td>\n<\/tr>\n<tr style=\"height: 18px;\">\n<td style=\"width: 3.72417%; height: 18px;\">28<\/td>\n<td style=\"width: 6.92672%; height: 18px;\">WH<\/td>\n<td style=\"width: 39.9768%; height: 18px;\" width=\"368\">kulturoznawstwo<\/td>\n<td style=\"width: 20.2796%; height: 18px;\" width=\"194\">67\/2026 z dn. 29.01.2026<\/td>\n<td style=\"width: 11.4398%; height: 18px;\" width=\"102\">programowa<\/td>\n<td style=\"width: 17.6529%; height: 18px;\" width=\"163\">2031\/2032<\/td>\n<\/tr>\n<tr style=\"height: 18px;\">\n<td style=\"width: 3.72417%; height: 18px;\">29<\/td>\n<td style=\"width: 6.92672%; height: 18px;\">WH<\/td>\n<td style=\"width: 39.9768%; height: 18px;\" width=\"368\">kultury medi\u00f3w<\/td>\n<td style=\"width: 20.2796%; height: 18px;\" width=\"194\">761\/2025 z dn. 18.09.2025<\/td>\n<td style=\"width: 11.4398%; height: 18px;\" width=\"102\">programowa<\/td>\n<td style=\"width: 17.6529%; height: 18px;\" width=\"163\">2030\/2031<\/td>\n<\/tr>\n<tr style=\"height: 18px;\">\n<td style=\"width: 3.72417%; height: 17px;\">30<\/td>\n<td style=\"width: 6.92672%; height: 17px;\">WNST<\/td>\n<td style=\"width: 39.9768%; height: 17px;\" width=\"368\">matematyka<\/td>\n<td style=\"width: 20.2796%; height: 17px;\" width=\"194\">506\/2025 z dn. 10.07.2025<\/td>\n<td style=\"width: 11.4398%; height: 17px;\" width=\"102\">programowa<\/td>\n<td style=\"width: 17.6529%; height: 17px;\" width=\"163\">2030\/2031<\/td>\n<\/tr>\n<tr style=\"height: 36px;\">\n<td style=\"width: 3.72417%; height: 36px;\">31<\/td>\n<td style=\"width: 6.92672%; height: 36px;\">WSNE<\/td>\n<td style=\"width: 39.9768%; height: 36px;\">muzyka w multimediach<\/td>\n<td style=\"width: 20.2796%; height: 36px;\">137\/2025 z dn. 06.03.2025<\/td>\n<td style=\"width: 11.4398%; height: 36px;\">programowa<\/td>\n<td style=\"width: 17.6529%; height: 36px;\">2026\/2027<\/td>\n<\/tr>\n<tr style=\"height: 18px;\">\n<td style=\"width: 3.72417%; height: 18px;\">32<\/td>\n<td style=\"width: 6.92672%; height: 18px;\">WTL<\/td>\n<td style=\"width: 39.9768%; height: 18px;\" width=\"368\">nauki o rodzinie<\/td>\n<td style=\"width: 20.2796%; height: 18px;\" width=\"194\">473\/2022 z dn.\u00a0 23.06.2022<\/td>\n<td style=\"width: 11.4398%; height: 18px;\" width=\"102\">programowa<\/td>\n<td style=\"width: 17.6529%; height: 18px;\" width=\"163\">2027\/2028<\/td>\n<\/tr>\n<tr style=\"height: 54px;\">\n<td style=\"width: 3.72417%; height: 54px;\">33<\/td>\n<td style=\"width: 6.92672%; height: 54px;\">WNP<\/td>\n<td style=\"width: 39.9768%; height: 54px;\">ochrona \u015brodowiska<\/td>\n<td style=\"width: 20.2796%; height: 54px;\">814\/2023 z dn. 18.08.2023<\/td>\n<td style=\"width: 11.4398%; height: 54px;\">programowa<\/td>\n<td style=\"width: 17.6529%; height: 54px;\">2028\/2029<\/td>\n<\/tr>\n<tr style=\"height: 36px;\">\n<td style=\"width: 3.72417%; height: 36px;\">34<\/td>\n<td style=\"width: 6.92672%; height: 36px;\">SF<\/td>\n<td style=\"width: 39.9768%; height: 36px;\" width=\"368\">organizacja produkcji filmowej i telewizyjnej<\/td>\n<td style=\"width: 20.2796%; height: 36px;\" width=\"194\">155\/2020 z dn. 07.05.2020<\/td>\n<td style=\"width: 11.4398%; height: 36px;\" width=\"102\">programowa<\/td>\n<td style=\"width: 17.6529%; height: 36px;\" width=\"163\">2025\/2026<\/td>\n<\/tr>\n<tr style=\"height: 18px;\">\n<td style=\"width: 3.72417%; height: 18px;\">35<\/td>\n<td style=\"width: 6.92672%; height: 18px;\">WNS<\/td>\n<td style=\"width: 39.9768%; height: 18px;\">pedagogika<\/td>\n<td style=\"width: 20.2796%; height: 18px;\">29\/2026 z dn. 15.01.2026<\/td>\n<td style=\"width: 11.4398%; height: 18px;\">programowa<\/td>\n<td style=\"width: 17.6529%; height: 18px;\">2031\/2032<\/td>\n<\/tr>\n<tr style=\"height: 18px;\">\n<td style=\"width: 3.72417%; height: 18px;\">36<\/td>\n<td style=\"width: 6.92672%; height: 18px;\">WNS<\/td>\n<td style=\"width: 39.9768%; height: 18px;\" width=\"368\">praca socjalna<\/td>\n<td style=\"width: 20.2796%; height: 18px;\" width=\"194\">848\/2023 z dn. 18.09.2023<\/td>\n<td style=\"width: 11.4398%; height: 18px;\" width=\"102\">programowa<\/td>\n<td style=\"width: 17.6529%; height: 18px;\" width=\"163\">2028\/2029<\/td>\n<\/tr>\n<tr style=\"height: 18px;\">\n<td style=\"width: 3.72417%; height: 18px;\">37<\/td>\n<td style=\"width: 6.92672%; height: 18px;\">WPiA<\/td>\n<td style=\"width: 39.9768%; height: 18px;\" width=\"368\">prawo<\/td>\n<td style=\"width: 20.2796%; height: 18px;\" width=\"194\">99\/2026 z dn. 12.02.2026<\/td>\n<td style=\"width: 11.4398%; height: 18px;\" width=\"102\">programowa<\/td>\n<td style=\"width: 17.6529%; height: 18px;\" width=\"163\">2031\/2032<\/td>\n<\/tr>\n<tr style=\"height: 90px;\">\n<td style=\"width: 3.72417%; height: 48px;\">38<\/td>\n<td style=\"width: 6.92672%; height: 48px;\">WNS<\/td>\n<td style=\"width: 39.9768%; height: 48px;\">psychologia<\/td>\n<td style=\"width: 20.2796%; height: 48px;\">705\/2025 z dn. 04.09.2025<\/td>\n<td style=\"width: 11.4398%; height: 48px;\">pozytywna<\/td>\n<td style=\"width: 17.6529%; height: 48px;\">2027\/2028<\/td>\n<\/tr>\n<tr style=\"height: 36px;\">\n<td style=\"width: 3.72417%; height: 36px;\">39<\/td>\n<td style=\"width: 6.92672%; height: 36px;\">SF<\/td>\n<td style=\"width: 39.9768%; height: 36px;\" width=\"368\">re\u017cyseria<\/td>\n<td style=\"width: 20.2796%; height: 36px;\" width=\"194\">156\/2020 z dn. 07.05.2020<\/td>\n<td style=\"width: 11.4398%; height: 36px;\" width=\"102\">programowa<\/td>\n<td style=\"width: 17.6529%; height: 36px;\" width=\"163\">2025\/2026<\/td>\n<\/tr>\n<tr style=\"height: 18px;\">\n<td style=\"width: 3.72417%; height: 18px;\">40<\/td>\n<td style=\"width: 6.92672%; height: 18px;\">WNS<\/td>\n<td style=\"width: 39.9768%; height: 18px;\" width=\"368\">socjologia<\/td>\n<td style=\"width: 20.2796%; height: 18px;\" width=\"194\">741\/2023 z dn. 07.09.2023<\/td>\n<td style=\"width: 11.4398%; height: 18px;\" width=\"102\">programowa<\/td>\n<td style=\"width: 17.6529%; height: 18px;\" width=\"163\">2028\/2029<\/td>\n<\/tr>\n<tr style=\"height: 18px;\">\n<td style=\"width: 3.72417%; height: 18px;\">41<\/td>\n<td style=\"width: 6.92672%; height: 18px;\">WNST<\/td>\n<td style=\"width: 39.9768%; height: 18px;\" width=\"368\">technologia chemiczna<\/td>\n<td style=\"width: 20.2796%; height: 18px;\" width=\"194\">507\/2025 z dn. 10.07.2025<\/td>\n<td style=\"width: 11.4398%; height: 18px;\" width=\"102\">programowa<\/td>\n<td style=\"width: 17.6529%; height: 18px;\" width=\"163\">2030\/2031<\/td>\n<\/tr>\n<tr style=\"height: 18px;\">\n<td style=\"width: 3.72417%; height: 18px;\">42<\/td>\n<td style=\"width: 6.92672%; height: 18px;\">WTL<\/td>\n<td style=\"width: 39.9768%; height: 18px;\" width=\"368\">teologia<\/td>\n<td style=\"width: 20.2796%; height: 18px;\" width=\"194\">682\/2022 z dn. 21.07.2022<\/td>\n<td style=\"width: 11.4398%; height: 18px;\" width=\"102\">programowa<\/td>\n<td style=\"width: 17.6529%; height: 18px;\" width=\"163\">2027\/2028<\/td>\n<\/tr>\n<tr style=\"height: 18px;\">\n<td style=\"width: 3.72417%; height: 18px;\">43<\/td>\n<td style=\"width: 6.92672%; height: 18px;\">WNP<\/td>\n<td style=\"width: 39.9768%; height: 18px;\">turystyka<\/td>\n<td style=\"width: 20.2796%; height: 18px;\">975\/2023 z dn. 09.11.2023<\/td>\n<td style=\"width: 11.4398%; height: 18px;\">programowa<\/td>\n<td style=\"width: 17.6529%; height: 18px;\">2025\/2026<\/td>\n<\/tr>\n<\/tbody>\n<\/table>\n<p>\n<\/div>\r\n                    <\/div>\r\n                <\/div>[\/vc_column][\/vc_row][vc_row][vc_column]\r\n                <div class=\"text-modules\">\r\n                    <div class=\"container\">\r\n                        <h3 class=\"page-title text__title\">Akredytacje instytucjonalne (dla wydzia\u0142\u00f3w):<\/h3>\r\n                        <div class=\"text-modules__content\"><\/p>\n<table style=\"width: 100%; border-collapse: collapse; border-style: solid;\" border=\"1\">\n<tbody>\n<tr>\n<td style=\"width: 6.41248%;\" width=\"47\"><strong>Lp.<\/strong><\/td>\n<td style=\"width: 31.1958%;\" width=\"277\"><strong>Wydzia\u0142<\/strong><\/td>\n<td style=\"width: 22.7036%;\" width=\"135\"><strong>Ocena instytucjonalna<\/strong><\/td>\n<td style=\"width: 19.4107%;\" width=\"146\"><strong>Termin wa\u017cno\u015bci<br \/>\nakredytacji PKA<\/strong><\/td>\n<\/tr>\n<tr>\n<td style=\"width: 6.41248%;\" width=\"47\">1.<\/td>\n<td style=\"width: 31.1958%;\" width=\"277\">Biologii i Ochrony \u015arodowiska<\/td>\n<td style=\"width: 22.7036%;\" width=\"135\">pozytywna<\/td>\n<td style=\"width: 19.4107%;\" width=\"146\">2021\/2022<\/td>\n<\/tr>\n<tr>\n<td style=\"width: 6.41248%;\" width=\"47\">2.<\/td>\n<td style=\"width: 31.1958%;\" width=\"277\">Filologiczny<\/td>\n<td style=\"width: 22.7036%;\" width=\"135\">pozytywna<\/td>\n<td style=\"width: 19.4107%;\" width=\"146\">2018\/2019<\/td>\n<\/tr>\n<tr>\n<td style=\"width: 6.41248%;\" width=\"47\">3.<\/td>\n<td style=\"width: 31.1958%;\" width=\"277\">Matematyki, Fizyki i Chemii<\/td>\n<td style=\"width: 22.7036%;\" width=\"135\">pozytywna<\/td>\n<td style=\"width: 19.4107%;\" width=\"146\">2017\/2018<\/td>\n<\/tr>\n<tr>\n<td style=\"width: 6.41248%;\" width=\"47\">4.<\/td>\n<td style=\"width: 31.1958%;\" width=\"277\">Nauk o Ziemi<\/td>\n<td style=\"width: 22.7036%;\" width=\"135\">pozytywna<\/td>\n<td style=\"width: 19.4107%;\" width=\"146\">2021\/2022<\/td>\n<\/tr>\n<tr>\n<td style=\"width: 6.41248%;\" width=\"47\">5.<\/td>\n<td style=\"width: 31.1958%;\" width=\"277\">Nauk Spo\u0142ecznych<\/td>\n<td style=\"width: 22.7036%;\" width=\"135\">pozytywna<\/td>\n<td style=\"width: 19.4107%;\" width=\"146\">2018\/2019<\/td>\n<\/tr>\n<tr>\n<td style=\"width: 6.41248%;\" width=\"47\">6.<\/td>\n<td style=\"width: 31.1958%;\" width=\"277\">Pedagogiki i Psychologii<\/td>\n<td style=\"width: 22.7036%;\" width=\"135\"><strong>wyr\u00f3\u017cniaj\u0105ca<\/strong><\/td>\n<td style=\"width: 19.4107%;\" width=\"146\">2024\/2025<\/td>\n<\/tr>\n<tr>\n<td style=\"width: 6.41248%;\" width=\"47\">7.<\/td>\n<td style=\"width: 31.1958%;\" width=\"277\">Radia i Telewizji<\/td>\n<td style=\"width: 22.7036%;\" width=\"135\">pozytywna<\/td>\n<td style=\"width: 19.4107%;\" width=\"146\">2019\/2020<\/td>\n<\/tr>\n<\/tbody>\n<\/table>\n<p>Akredytacja przyznana jednostce obejmuje wszystkie kierunki przez ni\u0105 prowadzone (nie musz\u0105 one w\u00f3wczas uzyskiwa\u0107 akredytacji programowej). Akredytacje instytucjonalne na poziomie jednostek (wydzia\u0142\u00f3w) nie s\u0105 ju\u017c przyznawane. Kierunki poddawane s\u0105 odr\u0119bnej ocenie programowej, a ca\u0142y Uniwersytet przygotowuje si\u0119 do akredytacji kompleksowej (jej procedury nie zosta\u0142y jeszcze okre\u015blone przez PKA).<\/p>\n<\/div>\r\n                    <\/div>\r\n                <\/div>[\/vc_column][\/vc_row]<\/p>","protected":false},"excerpt":{"rendered":"<p>[vc_row][vc_column][\/vc_column][\/vc_row][vc_row][vc_column][\/vc_column][\/vc_row][vc_row][vc_column][\/vc_column][\/vc_row] [&#8230;]<\/p>\n<p><a class=\"btn btn-secondary understrap-read-more-link\" href=\"https:\/\/us.edu.pl\/pracownik\/sprawy-dydaktyczne\/pion-ksztalcenia\/akredytacja\/baza-kierunkow-akredytowanych-przez-pka\/\">Read More&#8230;<\/a><\/p>\n","protected":false},"author":41,"featured_media":0,"parent":724,"menu_order":416,"comment_status":"closed","ping_status":"closed","template":"page-templates\/inner-page.php","meta":{"_expiration-date-status":"saved","_expiration-date":0,"_expiration-date-type":"","_expiration-date-categories":[],"_expiration-date-options":[]},"acf":[],"_links":{"self":[{"href":"https:\/\/us.edu.pl\/pracownik\/wp-json\/wp\/v2\/pages\/15597"}],"collection":[{"href":"https:\/\/us.edu.pl\/pracownik\/wp-json\/wp\/v2\/pages"}],"about":[{"href":"https:\/\/us.edu.pl\/pracownik\/wp-json\/wp\/v2\/types\/page"}],"author":[{"embeddable":true,"href":"https:\/\/us.edu.pl\/pracownik\/wp-json\/wp\/v2\/users\/41"}],"replies":[{"embeddable":true,"href":"https:\/\/us.edu.pl\/pracownik\/wp-json\/wp\/v2\/comments?post=15597"}],"version-history":[{"count":10,"href":"https:\/\/us.edu.pl\/pracownik\/wp-json\/wp\/v2\/pages\/15597\/revisions"}],"predecessor-version":[{"id":42409,"href":"https:\/\/us.edu.pl\/pracownik\/wp-json\/wp\/v2\/pages\/15597\/revisions\/42409"}],"up":[{"embeddable":true,"href":"https:\/\/us.edu.pl\/pracownik\/wp-json\/wp\/v2\/pages\/724"}],"wp:attachment":[{"href":"https:\/\/us.edu.pl\/pracownik\/wp-json\/wp\/v2\/media?parent=15597"}],"curies":[{"name":"wp","href":"https:\/\/api.w.org\/{rel}","templated":true}]}}