{"id":15603,"date":"2021-10-26T13:45:45","date_gmt":"2021-10-26T11:45:45","guid":{"rendered":"https:\/\/us.edu.pl\/pracownik\/?page_id=15603"},"modified":"2023-03-22T13:12:52","modified_gmt":"2023-03-22T12:12:52","slug":"akredytacje-w-roku-akademickim-2021-2022","status":"publish","type":"page","link":"https:\/\/us.edu.pl\/pracownik\/sprawy-dydaktyczne\/pion-ksztalcenia\/akredytacja\/akredytacje-w-roku-akademickim-2021-2022\/","title":{"rendered":"Akredytacje w roku akademickim 2021\/2022"},"content":{"rendered":"<p>[vc_row][vc_column][\/vc_column][\/vc_row][vc_row][vc_column]\r\n                <div class=\"text-modules\">\r\n                    <div class=\"container\">\r\n                        <h3 class=\"page-title text__title\">Akredytacje w roku akademickim 2021\/2022<\/h3>\r\n                        <div class=\"text-modules__content\"><\/p>\n<p class=\"western\">Kierunki wyznaczone do akredytacji programowej w roku akademickim 2021\/2022:<\/p>\n<table style=\"height: 257px; width: 100%; border-collapse: collapse; border-style: solid;\" border=\"1\">\n<tbody>\n<tr style=\"height: 17px;\">\n<td style=\"width: 5.93588%; height: 17px;\"><strong>Lp.<\/strong><\/td>\n<td style=\"width: 44.0641%; height: 17px;\"><strong>Kierunek<\/strong><\/td>\n<td style=\"width: 25%; height: 17px;\"><strong>Stan<\/strong><\/td>\n<td style=\"width: 25%; height: 17px;\"><strong>Raport Samooceny<\/strong><\/td>\n<\/tr>\n<tr style=\"height: 35px;\">\n<td style=\"width: 5.93588%; height: 35px;\">1.<\/td>\n<td style=\"width: 44.0641%; height: 35px;\">doradztwo filozoficzne i coaching (II stopnia)<\/td>\n<td style=\"width: 25%; height: 35px;\" width=\"390\">akredytacja przyznana na 4 lata (uchwa\u0142a Prezydium PKA nr 284\/2022 z dn. 5.05.2022) &#8211; nast\u0119pna akredytacja najwcze\u015bniej w 2025\/2026<\/td>\n<td style=\"width: 25%; height: 35px;\"><a href=\"https:\/\/us.edu.pl\/pracownik\/wp-content\/uploads\/sites\/2\/pracownik\/akredytacja\/RRZ-US-DFiC_II.pdf\" class=\"mtli_attachment mtli_pdf\" data-mtli=\"mtli_filesize677,34kB\" class=\"mtli_attachment mtli_pdf\" data-mtli=\"mtli_filesize677,34kB\" target=\"_blank\" rel=\"noopener noreferrer\">\u015bci\u0105gnij<\/a><\/td>\n<\/tr>\n<tr style=\"height: 17px;\">\n<td style=\"width: 5.93588%; height: 17px;\">2.<\/td>\n<td style=\"width: 44.0641%; height: 17px;\">biologia<\/td>\n<td style=\"width: 25%; height: 17px;\" width=\"390\">akredytacja przyznana na 6 lat (uchwa\u0142a Prezydium PKA nr 84\/2022 z dn. 10.02.2022) &#8211; nast\u0119pna akredytacja najwcze\u015bniej w 2027\/2028<\/td>\n<td style=\"width: 25%; height: 17px;\"><a href=\"https:\/\/us.edu.pl\/pracownik\/wp-content\/uploads\/sites\/2\/pracownik\/akredytacja\/RS_Biologia_US.pdf\" class=\"mtli_attachment mtli_pdf\" data-mtli=\"mtli_filesize1,45MB\" class=\"mtli_attachment mtli_pdf\" data-mtli=\"mtli_filesize1,45MB\" target=\"_blank\" rel=\"noopener noreferrer\">\u015bci\u0105gnij<\/a><\/td>\n<\/tr>\n<tr style=\"height: 17px;\">\n<td style=\"width: 5.93588%; height: 17px;\">3.<\/td>\n<td style=\"width: 44.0641%; height: 17px;\">biotechnologia<\/td>\n<td style=\"width: 25%; height: 17px;\" width=\"390\">akredytacja przyznana na 6 lat (uchwa\u0142a Prezydium PKA nr 793\/2022 z dn. 14.09.2022) &#8211; nast\u0119pna akredytacja najwcze\u015bniej w 2027\/2028<\/td>\n<td style=\"width: 25%; height: 17px;\"><a href=\"https:\/\/us.edu.pl\/pracownik\/wp-content\/uploads\/sites\/2\/pracownik\/akredytacja\/RS_Biotech_US.pdf\" class=\"mtli_attachment mtli_pdf\" data-mtli=\"mtli_filesize1,76MB\" class=\"mtli_attachment mtli_pdf\" data-mtli=\"mtli_filesize1,76MB\" target=\"_blank\" rel=\"noopener noreferrer\">\u015bci\u0105gnij<\/a><\/td>\n<\/tr>\n<tr style=\"height: 17px;\">\n<td style=\"width: 5.93588%; height: 17px;\">4.<\/td>\n<td style=\"width: 44.0641%; height: 17px;\">geologia<\/td>\n<td style=\"width: 25%; height: 17px;\" width=\"390\">akredytacja przyznana na 6 lat (uchwa\u0142a Prezydium PKA nr 513\/2022 z dn. 7.07.2022) &#8211; nast\u0119pna akredytacja najwcze\u015bniej w 2027\/2028<\/td>\n<td style=\"width: 25%; height: 17px;\"><a href=\"https:\/\/us.edu.pl\/pracownik\/wp-content\/uploads\/sites\/2\/pracownik\/akredytacja\/RS_Geologia_US.pdf\" class=\"mtli_attachment mtli_pdf\" data-mtli=\"mtli_filesize2,46MB\" class=\"mtli_attachment mtli_pdf\" data-mtli=\"mtli_filesize2,46MB\" target=\"_blank\" rel=\"noopener noreferrer\">\u015bci\u0105gnij<\/a><\/td>\n<\/tr>\n<tr style=\"height: 17px;\">\n<td style=\"width: 5.93588%; height: 17px;\">5.<\/td>\n<td style=\"width: 44.0641%; height: 17px;\">geologia stosowana<\/td>\n<td style=\"width: 25%; height: 17px;\" width=\"390\">akredytacja przyznana na 6 lat (uchwa\u0142a Prezydium PKA nr 795\/2022 z dn. 14.09.2022) &#8211; nast\u0119pna akredytacja najwcze\u015bniej w 2027\/2028<\/td>\n<td style=\"width: 25%; height: 17px;\"><a href=\"https:\/\/us.edu.pl\/pracownik\/wp-content\/uploads\/sites\/2\/pracownik\/akredytacja\/RS_GeologiaStosowana.pdf\" class=\"mtli_attachment mtli_pdf\" data-mtli=\"mtli_filesize2,56MB\" class=\"mtli_attachment mtli_pdf\" data-mtli=\"mtli_filesize2,56MB\" target=\"_blank\" rel=\"noopener noreferrer\">\u015bci\u0105gnij<\/a><\/td>\n<\/tr>\n<tr style=\"height: 35px;\">\n<td style=\"width: 5.93588%; height: 35px;\">6.<\/td>\n<td style=\"width: 44.0641%; height: 35px;\">in\u017cynieria zagro\u017ce\u0144 \u015brodowiskowych<\/td>\n<td style=\"width: 25%; height: 35px;\" width=\"390\">akredytacja przyznana na 6 lat (uchwa\u0142a Prezydium PKA nr 790\/2022 z dn. 14.09.2022) &#8211; nast\u0119pna akredytacja najwcze\u015bniej w 2027\/2028<\/td>\n<td style=\"width: 25%; height: 35px;\"><a href=\"https:\/\/us.edu.pl\/pracownik\/wp-content\/uploads\/sites\/2\/pracownik\/akredytacja\/RS_IZS_US.pdf\" class=\"mtli_attachment mtli_pdf\" data-mtli=\"mtli_filesize3,26MB\" class=\"mtli_attachment mtli_pdf\" data-mtli=\"mtli_filesize3,26MB\" target=\"_blank\" rel=\"noopener noreferrer\">\u015bci\u0105gnij<\/a><\/td>\n<\/tr>\n<tr style=\"height: 17px;\">\n<td style=\"width: 5.93588%; height: 17px;\">7.<\/td>\n<td style=\"width: 44.0641%; height: 17px;\">praca socjalna<\/td>\n<td style=\"width: 25%; height: 17px;\" width=\"390\">decyzj\u0105 PKA akredytacja przeniesiona na rok akademicki 2022\/2023<\/td>\n<td style=\"width: 25%; height: 17px;\"><a href=\"https:\/\/us.edu.pl\/pracownik\/wp-content\/uploads\/sites\/2\/pracownik\/akredytacja\/RRZ-prac_soc-US.pdf\" class=\"mtli_attachment mtli_pdf\" data-mtli=\"mtli_filesize534,89kB\" class=\"mtli_attachment mtli_pdf\" data-mtli=\"mtli_filesize534,89kB\" target=\"_blank\" rel=\"noopener noreferrer\">\u015bci\u0105gnij<\/a><\/td>\n<\/tr>\n<tr style=\"height: 17px;\">\n<td style=\"width: 5.93588%; height: 17px;\">8.<\/td>\n<td style=\"width: 44.0641%; height: 17px;\">socjologia<\/td>\n<td style=\"width: 25%; height: 17px;\" width=\"390\">decyzj\u0105 PKA akredytacja przeniesiona na rok akademicki 2022\/2023<\/td>\n<td style=\"width: 25%; height: 17px;\"><a href=\"https:\/\/us.edu.pl\/pracownik\/wp-content\/uploads\/sites\/2\/pracownik\/akredytacja\/RRZ-socjologia.pdf\" class=\"mtli_attachment mtli_pdf\" data-mtli=\"mtli_filesize572,02kB\" class=\"mtli_attachment mtli_pdf\" data-mtli=\"mtli_filesize572,02kB\" target=\"_blank\" rel=\"noopener noreferrer\">\u015bci\u0105gnij<\/a><\/td>\n<\/tr>\n<tr style=\"height: 17px;\">\n<td style=\"width: 5.93588%; height: 17px;\">9.<\/td>\n<td style=\"width: 44.0641%; height: 17px;\">informatyka<\/td>\n<td style=\"width: 25%; height: 17px;\" width=\"390\">akredytacja przyznana na 6 lat (uchwa\u0142a Prezydium PKA nr 209\/2022 z dn. 7.04.2022) &#8211; nast\u0119pna akredytacja najwcze\u015bniej w 2027\/2028<\/td>\n<td style=\"width: 25%; height: 17px;\"><a href=\"https:\/\/us.edu.pl\/pracownik\/wp-content\/uploads\/sites\/2\/pracownik\/akredytacja\/RS_informatyka.pdf\" class=\"mtli_attachment mtli_pdf\" data-mtli=\"mtli_filesize9,49MB\" class=\"mtli_attachment mtli_pdf\" data-mtli=\"mtli_filesize9,49MB\" target=\"_blank\" rel=\"noopener noreferrer\">\u015bci\u0105gnij<\/a><\/td>\n<\/tr>\n<tr style=\"height: 17px;\">\n<td style=\"width: 5.93588%; height: 17px;\">10.<\/td>\n<td style=\"width: 44.0641%; height: 17px;\">in\u017cynieria biomedyczna<\/td>\n<td style=\"width: 25%; height: 17px;\" width=\"390\">akredytacja przyznana na 2 lata (uchwa\u0142a Prezydium PKA nr 701\/2022 z dn. 5.09.2022) &#8211; nast\u0119pna akredytacja najwcze\u015bniej w 2024\/2025<\/td>\n<td style=\"width: 25%; height: 17px;\"><a href=\"https:\/\/us.edu.pl\/pracownik\/wp-content\/uploads\/sites\/2\/pracownik\/akredytacja\/RS-inzynieria_biomedyczna.pdf\" class=\"mtli_attachment mtli_pdf\" data-mtli=\"mtli_filesize2,58MB\" class=\"mtli_attachment mtli_pdf\" data-mtli=\"mtli_filesize2,58MB\" target=\"_blank\" rel=\"noopener noreferrer\">\u015bci\u0105gnij<\/a><\/td>\n<\/tr>\n<tr style=\"height: 17px;\">\n<td style=\"width: 5.93588%; height: 17px;\">11.<\/td>\n<td style=\"width: 44.0641%; height: 17px;\">nauki o rodzinie<\/td>\n<td style=\"width: 25%; height: 17px;\" width=\"390\">akredytacja przyznana na 6 lat (uchwa\u0142a Prezydium PKA nr 473\/2022 z dn. 23.06.2022) &#8211; nast\u0119pna akredytacja najwcze\u015bniej w 2027\/2028<\/td>\n<td style=\"width: 25%; height: 17px;\"><a href=\"https:\/\/us.edu.pl\/pracownik\/wp-content\/uploads\/sites\/2\/pracownik\/akredytacja\/RS-NoR.pdf\" class=\"mtli_attachment mtli_pdf\" data-mtli=\"mtli_filesize1,14MB\" class=\"mtli_attachment mtli_pdf\" data-mtli=\"mtli_filesize1,14MB\" target=\"_blank\" rel=\"noopener noreferrer\">\u015bci\u0105gnij<\/a><\/td>\n<\/tr>\n<tr style=\"height: 17px;\">\n<td style=\"width: 5.93588%; height: 17px;\">12.<\/td>\n<td style=\"width: 44.0641%; height: 17px;\">teologia<\/td>\n<td style=\"width: 25%; height: 17px;\" width=\"390\">akredytacja przyznana na 6 lat (uchwa\u0142a Prezydium PKA nr 682\/2022 z dn. 21.07.2022) &#8211; nast\u0119pna akredytacja najwcze\u015bniej w 2027\/2028<\/td>\n<td style=\"width: 25%; height: 17px;\"><a href=\"https:\/\/us.edu.pl\/pracownik\/wp-content\/uploads\/sites\/2\/pracownik\/akredytacja\/RS-teologia-US.pdf\" class=\"mtli_attachment mtli_pdf\" data-mtli=\"mtli_filesize1,14MB\" class=\"mtli_attachment mtli_pdf\" data-mtli=\"mtli_filesize1,14MB\" target=\"_blank\" rel=\"noopener noreferrer\">\u015bci\u0105gnij<\/a><\/td>\n<\/tr>\n<\/tbody>\n<\/table>\n<p>\n<style type=\"text\/css\">a[data-mtli~=\"mtli_filesize677,34kB\"]:after {content:\" (677,34 kB)\"}a[data-mtli~=\"mtli_filesize1,45MB\"]:after {content:\" (1,45 MB)\"}a[data-mtli~=\"mtli_filesize1,76MB\"]:after {content:\" (1,76 MB)\"}a[data-mtli~=\"mtli_filesize2,46MB\"]:after {content:\" (2,46 MB)\"}a[data-mtli~=\"mtli_filesize2,56MB\"]:after {content:\" (2,56 MB)\"}a[data-mtli~=\"mtli_filesize3,26MB\"]:after {content:\" (3,26 MB)\"}a[data-mtli~=\"mtli_filesize534,89kB\"]:after {content:\" (534,89 kB)\"}a[data-mtli~=\"mtli_filesize572,02kB\"]:after {content:\" (572,02 kB)\"}a[data-mtli~=\"mtli_filesize9,49MB\"]:after {content:\" (9,49 MB)\"}a[data-mtli~=\"mtli_filesize2,58MB\"]:after {content:\" (2,58 MB)\"}a[data-mtli~=\"mtli_filesize1,14MB\"]:after {content:\" (1,14 MB)\"}<\/style><\/div>\r\n                    <\/div>\r\n                <\/div>[\/vc_column][\/vc_row]<\/p>\n<style type=\"text\/css\">a[data-mtli~=\"mtli_filesize677,34kB\"]:after {content:\" (677,34 kB)\"}a[data-mtli~=\"mtli_filesize1,45MB\"]:after {content:\" (1,45 MB)\"}a[data-mtli~=\"mtli_filesize1,76MB\"]:after {content:\" (1,76 MB)\"}a[data-mtli~=\"mtli_filesize2,46MB\"]:after {content:\" (2,46 MB)\"}a[data-mtli~=\"mtli_filesize2,56MB\"]:after {content:\" (2,56 MB)\"}a[data-mtli~=\"mtli_filesize3,26MB\"]:after {content:\" (3,26 MB)\"}a[data-mtli~=\"mtli_filesize534,89kB\"]:after {content:\" (534,89 kB)\"}a[data-mtli~=\"mtli_filesize572,02kB\"]:after {content:\" (572,02 kB)\"}a[data-mtli~=\"mtli_filesize9,49MB\"]:after {content:\" (9,49 MB)\"}a[data-mtli~=\"mtli_filesize2,58MB\"]:after {content:\" (2,58 MB)\"}a[data-mtli~=\"mtli_filesize1,14MB\"]:after {content:\" (1,14 MB)\"}<\/style>","protected":false},"excerpt":{"rendered":"<p>[vc_row][vc_column][\/vc_column][\/vc_row][vc_row][vc_column][\/vc_column][\/vc_row] [&#8230;]<\/p>\n<p><a class=\"btn btn-secondary understrap-read-more-link\" href=\"https:\/\/us.edu.pl\/pracownik\/sprawy-dydaktyczne\/pion-ksztalcenia\/akredytacja\/akredytacje-w-roku-akademickim-2021-2022\/\">Read More&#8230;<\/a><\/p>\n","protected":false},"author":41,"featured_media":0,"parent":724,"menu_order":434,"comment_status":"closed","ping_status":"closed","template":"page-templates\/inner-page.php","meta":{"_expiration-date-status":"saved","_expiration-date":0,"_expiration-date-type":"","_expiration-date-categories":[],"_expiration-date-options":[]},"acf":[],"_links":{"self":[{"href":"https:\/\/us.edu.pl\/pracownik\/wp-json\/wp\/v2\/pages\/15603"}],"collection":[{"href":"https:\/\/us.edu.pl\/pracownik\/wp-json\/wp\/v2\/pages"}],"about":[{"href":"https:\/\/us.edu.pl\/pracownik\/wp-json\/wp\/v2\/types\/page"}],"author":[{"embeddable":true,"href":"https:\/\/us.edu.pl\/pracownik\/wp-json\/wp\/v2\/users\/41"}],"replies":[{"embeddable":true,"href":"https:\/\/us.edu.pl\/pracownik\/wp-json\/wp\/v2\/comments?post=15603"}],"version-history":[{"count":10,"href":"https:\/\/us.edu.pl\/pracownik\/wp-json\/wp\/v2\/pages\/15603\/revisions"}],"predecessor-version":[{"id":21051,"href":"https:\/\/us.edu.pl\/pracownik\/wp-json\/wp\/v2\/pages\/15603\/revisions\/21051"}],"up":[{"embeddable":true,"href":"https:\/\/us.edu.pl\/pracownik\/wp-json\/wp\/v2\/pages\/724"}],"wp:attachment":[{"href":"https:\/\/us.edu.pl\/pracownik\/wp-json\/wp\/v2\/media?parent=15603"}],"curies":[{"name":"wp","href":"https:\/\/api.w.org\/{rel}","templated":true}]}}