{"id":15606,"date":"2021-10-26T13:49:03","date_gmt":"2021-10-26T11:49:03","guid":{"rendered":"https:\/\/us.edu.pl\/pracownik\/?page_id=15606"},"modified":"2023-09-01T14:33:34","modified_gmt":"2023-09-01T12:33:34","slug":"kompendium-akredytacyjne","status":"publish","type":"page","link":"https:\/\/us.edu.pl\/pracownik\/sprawy-dydaktyczne\/pion-ksztalcenia\/akredytacja\/kompendium-akredytacyjne\/","title":{"rendered":"Kompendium akredytacyjne"},"content":{"rendered":"<p>[vc_row][vc_column][\/vc_column][\/vc_row][vc_row][vc_column]\r\n                <div class=\"text-modules\">\r\n                    <div class=\"container\">\r\n                        <h3 class=\"page-title text__title\">Kompendium akredytacyjne<\/h3>\r\n                        <div class=\"text-modules__content\"><p>Na potrzeby sprawnego przeprowadzenia akredytacji ze strony PKA (aktualnie w trybie zdalnym) Biuro Jako\u015bci Kszta\u0142cenia przygotowa\u0142o dla dyrektor\u00f3w kierunk\u00f3w, w\u0142adz dzieka\u0144skich i zespo\u0142\u00f3w przygotowuj\u0105cych raporty samooceny, a nast\u0119pnie wizytacje, kompendium akredytacyjne. Sk\u0142ada si\u0119 na nie szereg procedur oraz dookre\u015ble\u0144.<\/p>\n<p>Aktualnie kompendium sk\u0142ada si\u0119 z czterech dokument\u00f3w:<\/p>\n<ol>\n<li><a href=\"https:\/\/us.edu.pl\/pracownik\/wp-content\/uploads\/sites\/2\/pracownik\/akredytacja\/kompendium_akredytacyjne-harmonogram-2021-11-05.pdf\" class=\"mtli_attachment mtli_pdf\" data-mtli=\"mtli_filesize291,54kB\" class=\"mtli_attachment mtli_pdf\" data-mtli=\"mtli_filesize291,54kB\" target=\"_blank\" rel=\"noopener noreferrer\">Harmonogram akredytacji<\/a><\/li>\n<li><a href=\"https:\/\/us.edu.pl\/pracownik\/wp-content\/uploads\/sites\/2\/pracownik\/akredytacja\/kompendium_akredytacyjne-zalacznik_1-rekomendacje_do_RS-2021-10-31.pdf\" class=\"mtli_attachment mtli_pdf\" data-mtli=\"mtli_filesize248,94kB\" class=\"mtli_attachment mtli_pdf\" data-mtli=\"mtli_filesize248,94kB\" target=\"_blank\" rel=\"noopener noreferrer\">Rekomendacje w zwi\u0105zku z przygotowaniem Raportu Samooceny (na podstawie do\u015bwiadcze\u0144 z dotychczasowych akredytacji)<\/a><\/li>\n<li><a href=\"https:\/\/us.edu.pl\/pracownik\/wp-content\/uploads\/sites\/2\/pracownik\/akredytacja\/kompendium_akredytacyjne-zalacznik_2-ramonowy_harmonogram_i_sklady_zespolow-2021-10-31.pdf\" class=\"mtli_attachment mtli_pdf\" data-mtli=\"mtli_filesize300,90kB\" class=\"mtli_attachment mtli_pdf\" data-mtli=\"mtli_filesize300,90kB\" target=\"_blank\" rel=\"noopener noreferrer\">Ramowy harmonogram wizytacji w ramach ocena programowej PKA wraz z propozycj\u0105 BJK odno\u015bnie do sk\u0142adu funkcyjnego uczestnik\u00f3w spotka\u0144 z ramienia U\u015a<\/a><\/li>\n<li><a href=\"https:\/\/us.edu.pl\/pracownik\/wp-content\/uploads\/sites\/2\/pracownik\/akredytacja\/kompendium_akredytacyjne-zalacznik_3-pytania_dodatkowe_PKA-2021-10-31.pdf\" class=\"mtli_attachment mtli_pdf\" data-mtli=\"mtli_filesize300,65kB\" class=\"mtli_attachment mtli_pdf\" data-mtli=\"mtli_filesize300,65kB\" target=\"_blank\" rel=\"noopener noreferrer\">Wykaz dotychczasowych dodatkowych pyta\u0144 PKA w okresie akredytacji<\/a><\/li>\n<\/ol>\n<p>Prosimy o korzystanie zawsze z najbardziej aktualnej wersji kompendium. Kontakt w sprawie kompendium: Jakub Dziewit (jakub.dziewit@us.edu.pl)<\/p>\n<p><strong>Osoby\/dzia\u0142y kontaktowe w konkretnych sprawach:<\/strong><\/p>\n<ul>\n<li>w sprawie dokumentacji fotograficznej, nagra\u0144 wideo i transmisji z hospitacji &#8211; Centrum Komunikacji Medialnej &#8211; najlepiej na adres <a href=\"mailto:multimedia@us.edu.pl\">multimedia@us.edu.pl<\/a> (ewentualna osoba kontaktowa: <a href=\"https:\/\/ab.us.edu.pl\/emp?id=60793\" target=\"_blank\" rel=\"noopener noreferrer\">Piotr Kaszuba<\/a>),<\/li>\n<li>w sprawie zbior\u00f3w bibliotecznych, dost\u0119pno\u015bci bibliotek i mo\u017cliwo\u015bci oprowadzania po CINiBie &#8211; mgr Gra\u017cyna Razik, kierownik Departamentu Udost\u0119pniania Zbior\u00f3w i Informacji Naukowej, 32 786 5120, tel. kom. 500 314 169, <a class=\"moz-txt-link-abbreviated moz-txt-link-freetext\" href=\"mailto:grazyna.razik@ciniba.edu.pl\">grazyna.razik@ciniba.edu.pl<\/a>,<\/li>\n<li>w sprawach dotycz\u0105cych los\u00f3w absolwent\u00f3w, wsp\u00f3\u0142pracy z pracodawcami i praktykach\/kursach na poziomie og\u00f3lnouniwersyteckim &#8211; Biuro Karier U\u015a (sugerowany kontakt z p. Marcinem Rosta\u0144skim &#8211; e-mail: marcin.rostanski@us.edu.pl, tel: 32 359 20 32, pok\u00f3j 0.2),<\/li>\n<li>prezentacja uczelni (pocz\u0105tek raportu samooceny) &#8211; Biuro Jako\u015bci Kszta\u0142cenia (jakub.dziewit@us.edu.pl, 32 359 23 49, pok\u00f3j 0.34),<\/li>\n<li>umowy z otoczeniem spo\u0142eczno-gospodarczym &#8211; Biuro ds. Wsp\u00f3\u0142pracy z Gospodark\u0105 U\u015a (<a class=\"moz-txt-link-freetext\" href=\"http:\/\/transfer.us.edu.pl\/\">http:\/\/transfer.us.edu.pl\/<\/a>, kierownik biura &#8211; mgr Jacek Nowak, tel. 32 359 22 71, jacek.nowak@us.edu.pl, pok\u00f3j 2.8b),<\/li>\n<li>dost\u0119pno\u015b\u0107 architektoniczna i internetowa &#8211; <a href=\"https:\/\/us.edu.pl\/deklaracja-dostepnosci\/\" target=\"_blank\" rel=\"noopener noreferrer\">https:\/\/us.edu.pl\/deklaracja-dostepnosci\/<\/a>.<\/li>\n<\/ul>\n<p>\n<style type=\"text\/css\">a[data-mtli~=\"mtli_filesize291,54kB\"]:after {content:\" (291,54 kB)\"}a[data-mtli~=\"mtli_filesize248,94kB\"]:after {content:\" (248,94 kB)\"}a[data-mtli~=\"mtli_filesize300,90kB\"]:after {content:\" (300,90 kB)\"}a[data-mtli~=\"mtli_filesize300,65kB\"]:after {content:\" (300,65 kB)\"}<\/style><\/div>\r\n                    <\/div>\r\n                <\/div>[\/vc_column][\/vc_row]<\/p>\n<style type=\"text\/css\">a[data-mtli~=\"mtli_filesize291,54kB\"]:after {content:\" (291,54 kB)\"}a[data-mtli~=\"mtli_filesize248,94kB\"]:after {content:\" (248,94 kB)\"}a[data-mtli~=\"mtli_filesize300,90kB\"]:after {content:\" (300,90 kB)\"}a[data-mtli~=\"mtli_filesize300,65kB\"]:after {content:\" (300,65 kB)\"}<\/style>","protected":false},"excerpt":{"rendered":"<p>[vc_row][vc_column][\/vc_column][\/vc_row][vc_row][vc_column][\/vc_column][\/vc_row] [&#8230;]<\/p>\n<p><a class=\"btn btn-secondary understrap-read-more-link\" href=\"https:\/\/us.edu.pl\/pracownik\/sprawy-dydaktyczne\/pion-ksztalcenia\/akredytacja\/kompendium-akredytacyjne\/\">Read More&#8230;<\/a><\/p>\n","protected":false},"author":41,"featured_media":0,"parent":724,"menu_order":426,"comment_status":"closed","ping_status":"closed","template":"page-templates\/inner-page.php","meta":{"_expiration-date-status":"saved","_expiration-date":0,"_expiration-date-type":"","_expiration-date-categories":[],"_expiration-date-options":[]},"acf":[],"_links":{"self":[{"href":"https:\/\/us.edu.pl\/pracownik\/wp-json\/wp\/v2\/pages\/15606"}],"collection":[{"href":"https:\/\/us.edu.pl\/pracownik\/wp-json\/wp\/v2\/pages"}],"about":[{"href":"https:\/\/us.edu.pl\/pracownik\/wp-json\/wp\/v2\/types\/page"}],"author":[{"embeddable":true,"href":"https:\/\/us.edu.pl\/pracownik\/wp-json\/wp\/v2\/users\/41"}],"replies":[{"embeddable":true,"href":"https:\/\/us.edu.pl\/pracownik\/wp-json\/wp\/v2\/comments?post=15606"}],"version-history":[{"count":9,"href":"https:\/\/us.edu.pl\/pracownik\/wp-json\/wp\/v2\/pages\/15606\/revisions"}],"predecessor-version":[{"id":22900,"href":"https:\/\/us.edu.pl\/pracownik\/wp-json\/wp\/v2\/pages\/15606\/revisions\/22900"}],"up":[{"embeddable":true,"href":"https:\/\/us.edu.pl\/pracownik\/wp-json\/wp\/v2\/pages\/724"}],"wp:attachment":[{"href":"https:\/\/us.edu.pl\/pracownik\/wp-json\/wp\/v2\/media?parent=15606"}],"curies":[{"name":"wp","href":"https:\/\/api.w.org\/{rel}","templated":true}]}}