{"id":15759,"date":"2021-11-12T08:19:08","date_gmt":"2021-11-12T07:19:08","guid":{"rendered":"https:\/\/us.edu.pl\/pracownik\/?page_id=15759"},"modified":"2021-11-17T08:26:00","modified_gmt":"2021-11-17T07:26:00","slug":"posiedzenie-komisji-18-11-2021","status":"publish","type":"page","link":"https:\/\/us.edu.pl\/pracownik\/sprawy-dydaktyczne\/senacka-komisja-ds-ksztalcenia\/senacka-komisja-ds-ksztalcenia-sklad-komisji\/kadencja-2020-2024\/posiedzenie-komisji-18-11-2021\/","title":{"rendered":"Posiedzenie komisji &#8211; 18.11.2021"},"content":{"rendered":"<p>[vc_row][vc_column]\r\n                <div class=\"text-modules\">\r\n                    <div class=\"container\">\r\n                        <h3 class=\"page-title text__title\">Posiedzenie Komisji ds. kszta\u0142cenia i student\u00f3w - 18 listopada 2021 r.<\/h3>\r\n                        <div class=\"text-modules__content\"><\/p>\n<p style=\"font-weight: 400;\">Posiedzenie Komisji ds. kszta\u0142cenia i student\u00f3w, kt\u00f3re odb\u0119dzie si\u0119 <strong>18 listopada 2021 r. o godz. 13.00.<\/strong><\/p>\n<p>Spotkanie odb\u0119dzie si\u0119 w formie zdalnej na platformie MS Teams<\/p>\n<p><strong>Porz\u0105dek posiedzenia.<\/strong><\/p>\n<ol>\n<li>Komunikaty Prorektor ds. kszta\u0142cenia i student\u00f3w;<\/li>\n<li>Rekrutacja w Uniwersytecie \u015al\u0105skim kandydat\u00f3w na studia na <a href=\"https:\/\/us.edu.pl\/pracownik\/wp-content\/uploads\/sites\/2\/Editor\/sprawy-dydatktyczne\/Komisja-kszta\u0142cenia\/Kadencja-2020-2024\/20212022\/18-listopad\/Prezentacja-rekrutacja-2021-2022.pptx\">rok akademicki 2021\/2022 \u2013 statystyki, analizy, wnioski<\/a> &#8211;\u00a0 referuje Pe\u0142nomocnik Rektora ds. rekrutacji na studia;<\/li>\n<li><a href=\"https:\/\/us.edu.pl\/pracownik\/wp-content\/uploads\/sites\/2\/Editor\/sprawy-dydatktyczne\/Komisja-kszta\u0142cenia\/Kadencja-2020-2024\/20212022\/18-listopad\/18-listopad.zip\">Zaopiniowanie programu nowych studi\u00f3w podyplomowych<strong> \u201e<\/strong>Wiod\u0105ce innowacje i zmiana\u201d.<\/a> Doskonal\u0105ce studia podyplomowe z zakresu funkcjonowania i rozwoju Sieci Regionalnych Obserwatori\u00f3w Specjalistycznych;<\/li>\n<li>Zaopiniowanie zg\u0142oszonych modyfikacji program\u00f3w studi\u00f3w:<\/li>\n<\/ol>\n<ul>\n<li style=\"list-style-type: none;\">\n<ul>\n<li><a href=\"https:\/\/us.edu.pl\/pracownik\/wp-content\/uploads\/sites\/2\/Editor\/sprawy-dydatktyczne\/Komisja-kszta\u0142cenia\/Kadencja-2020-2024\/20212022\/18-listopad\/Computer-Science-studia-II-stopnia-stacjonarne.zip\">Computer Science -studia stacjonarne II-go stopnia<\/a><\/li>\n<li><a href=\"https:\/\/us.edu.pl\/pracownik\/wp-content\/uploads\/sites\/2\/Editor\/sprawy-dydatktyczne\/Komisja-kszta\u0142cenia\/Kadencja-2020-2024\/20212022\/18-listopad\/Informatyka-studia-II-stopnia-stacjonarne-i-niestacjonarne.zip\">informatyka &#8211; studia stacjonarne i niestacjonarne II-go stopnia<\/a><\/li>\n<\/ul>\n<\/li>\n<\/ul>\n<ol start=\"5\">\n<li>Sprawy zwi\u0105zane z ocen\u0105 jako\u015bci kszta\u0142cenia i akredytacj\u0105:<\/li>\n<\/ol>\n<ul>\n<li style=\"list-style-type: none;\">\n<ul>\n<li>wp\u0142yw obowi\u0105zku publikacji sylabus\u00f3w oraz wyniki ankiety oceny pracy nauczyciela\u00a0 na ocen\u0119 okresow\u0105 nauczycieli akademickich;<\/li>\n<li>akredytacje PKA w roku akademickim 2021\/2022 oraz nowe narz\u0119dzie monitorowania jako\u015bci kszta\u0142cenia: Diagnoza przedakredytacyjna;<\/li>\n<\/ul>\n<\/li>\n<\/ul>\n<ol start=\"6\">\n<li>Wolne wnioski<\/li>\n<\/ol>\n<p>\n<\/div>\r\n                    <\/div>\r\n                <\/div>[\/vc_column][\/vc_row]<\/p>","protected":false},"excerpt":{"rendered":"<p>[vc_row][vc_column][\/vc_column][\/vc_row] [&#8230;]<\/p>\n<p><a class=\"btn btn-secondary understrap-read-more-link\" href=\"https:\/\/us.edu.pl\/pracownik\/sprawy-dydaktyczne\/senacka-komisja-ds-ksztalcenia\/senacka-komisja-ds-ksztalcenia-sklad-komisji\/kadencja-2020-2024\/posiedzenie-komisji-18-11-2021\/\">Read More&#8230;<\/a><\/p>\n","protected":false},"author":31,"featured_media":0,"parent":5151,"menu_order":472,"comment_status":"closed","ping_status":"closed","template":"page-templates\/inner-page.php","meta":{"_expiration-date-status":"saved","_expiration-date":0,"_expiration-date-type":"","_expiration-date-categories":[],"_expiration-date-options":[]},"acf":[],"_links":{"self":[{"href":"https:\/\/us.edu.pl\/pracownik\/wp-json\/wp\/v2\/pages\/15759"}],"collection":[{"href":"https:\/\/us.edu.pl\/pracownik\/wp-json\/wp\/v2\/pages"}],"about":[{"href":"https:\/\/us.edu.pl\/pracownik\/wp-json\/wp\/v2\/types\/page"}],"author":[{"embeddable":true,"href":"https:\/\/us.edu.pl\/pracownik\/wp-json\/wp\/v2\/users\/31"}],"replies":[{"embeddable":true,"href":"https:\/\/us.edu.pl\/pracownik\/wp-json\/wp\/v2\/comments?post=15759"}],"version-history":[{"count":5,"href":"https:\/\/us.edu.pl\/pracownik\/wp-json\/wp\/v2\/pages\/15759\/revisions"}],"predecessor-version":[{"id":15788,"href":"https:\/\/us.edu.pl\/pracownik\/wp-json\/wp\/v2\/pages\/15759\/revisions\/15788"}],"up":[{"embeddable":true,"href":"https:\/\/us.edu.pl\/pracownik\/wp-json\/wp\/v2\/pages\/5151"}],"wp:attachment":[{"href":"https:\/\/us.edu.pl\/pracownik\/wp-json\/wp\/v2\/media?parent=15759"}],"curies":[{"name":"wp","href":"https:\/\/api.w.org\/{rel}","templated":true}]}}