{"id":16163,"date":"2022-01-06T09:42:59","date_gmt":"2022-01-06T08:42:59","guid":{"rendered":"https:\/\/us.edu.pl\/pracownik\/?page_id=16163"},"modified":"2022-01-11T13:13:26","modified_gmt":"2022-01-11T12:13:26","slug":"posiedzenie-komisji-13-01-2022","status":"publish","type":"page","link":"https:\/\/us.edu.pl\/pracownik\/sprawy-dydaktyczne\/senacka-komisja-ds-ksztalcenia\/senacka-komisja-ds-ksztalcenia-sklad-komisji\/kadencja-2020-2024\/posiedzenie-komisji-13-01-2022\/","title":{"rendered":"Posiedzenie komisji &#8211; 13.01.2022"},"content":{"rendered":"<p>[vc_row][vc_column]\r\n                <div class=\"text-modules\">\r\n                    <div class=\"container\">\r\n                        <h3 class=\"page-title text__title\">Posiedzenie Komisji ds. kszta\u0142cenia i student\u00f3w - 13 stycznia 2022 r.<\/h3>\r\n                        <div class=\"text-modules__content\"><p>Posiedzenie odb\u0119dzie si\u0119 13 stycznia 2022 r. o godz. 13.00. w formule zdalnej za po\u015brednictwem platformy Microsoft Teams<\/p>\n<p>Porz\u0105dek posiedzenia.<\/p>\n<ol>\n<li>Komunikaty Prorektora ds. kszta\u0142cenia i student\u00f3w;<\/li>\n<li>Informacja o pracach Zespo\u0142u ds. lektoratowych pasm j\u0119zykowych;<\/li>\n<li>Sprawa realizacji i zaliczania zaj\u0119\u0107 j\u0119zykowych przez student\u00f3w Kolegium ISM;<\/li>\n<li>Informacja o zako\u0144czeniu realizacji zaj\u0119\u0107 wyr\u00f3wnawczych dla student\u00f3w pierwszych lat studi\u00f3w;<\/li>\n<li>Opinia do<a href=\"https:\/\/us.edu.pl\/pracownik\/wp-content\/uploads\/sites\/2\/Editor\/sprawy-dydatktyczne\/Komisja-kszta\u0142cenia\/Kadencja-2020-2024\/20212022\/13-styczen\/202201051227.pdf\" class=\"mtli_attachment mtli_pdf\" data-mtli=\"mtli_filesize1,37MB\" class=\"mtli_attachment mtli_pdf\" data-mtli=\"mtli_filesize1,37MB\"> projektu Regulaminu studiowania w Kolegium ISM;<\/a><\/li>\n<li>Opinia do wniosku Wydzia\u0142u Humanistycznego inicjuj\u0105cego utworzenie na kierunku <a href=\"https:\/\/us.edu.pl\/pracownik\/wp-content\/uploads\/sites\/2\/Editor\/sprawy-dydatktyczne\/Komisja-kszta\u0142cenia\/Kadencja-2020-2024\/20212022\/13-styczen\/Logopedia-2022-23_II-st.-SS.zip\">logopedia studi\u00f3w stacjonarnych drugiego stopnia;<\/a><\/li>\n<li>Opinia do wniosku Wydzia\u0142u Teologicznego <a href=\"https:\/\/us.edu.pl\/pracownik\/wp-content\/uploads\/sites\/2\/Editor\/sprawy-dydatktyczne\/Komisja-kszta\u0142cenia\/Kadencja-2020-2024\/20212022\/13-styczen\/nauki-o-rodzinie.pdf\" class=\"mtli_attachment mtli_pdf\" data-mtli=\"mtli_filesize69,65kB\" class=\"mtli_attachment mtli_pdf\" data-mtli=\"mtli_filesize69,65kB\">o likwidacj\u0119 studi\u00f3w niestacjonarnych I i II stopnia na kierunku nauki o rodzinie od roku akademickiego 2022\/2023;<\/a><\/li>\n<li>Opiniowanie modyfikacji program\u00f3w studi\u00f3w:<br \/>\n&#8211; na kierunku <a href=\"https:\/\/us.edu.pl\/pracownik\/wp-content\/uploads\/sites\/2\/Editor\/sprawy-dydatktyczne\/Komisja-kszta\u0142cenia\/Kadencja-2020-2024\/20212022\/13-styczen\/Mikro-i-nanotechnologia-studia-stacjonarne-II-stopnia.zip\">mikro i nanotechnologia (studia stacjonarne II-go stopnia)<\/a>;<br \/>\n&#8211; na kierunku\u00a0 <a href=\"https:\/\/us.edu.pl\/pracownik\/wp-content\/uploads\/sites\/2\/Editor\/sprawy-dydatktyczne\/Komisja-kszta\u0142cenia\/Kadencja-2020-2024\/20212022\/13-styczen\/Etnol.-i-antrop.-kult.-2020-2021_druga-wersja.zip\">etnologia i antropologia kulturowa (studia stacjonarne I stopnia) ), zmiana w cyklu kszta\u0142cenia 2020\/2021;<\/a><\/li>\n<li>Opiniowanie programu <a href=\"https:\/\/us.edu.pl\/pracownik\/wp-content\/uploads\/sites\/2\/Editor\/sprawy-dydatktyczne\/Komisja-kszta\u0142cenia\/Kadencja-2020-2024\/20212022\/13-styczen\/komisja-13-styczen.zip\">studi\u00f3w podyplomowych Kwalifikacyjne studia podyplomowe Wczesne wspomaganie rozwoju dziecka i wsparcia rodziny;<\/a><\/li>\n<li>Sprawy socjalne student\u00f3w (informacje, statystyki: stypendia, zapomogi);<\/li>\n<li>Wyniki oraz podsumowanie oceny okresowej nauczycieli akademickich 2021;<\/li>\n<li>Kryteria wyboru os\u00f3b przedstawionych do list\u00f3w gratulacyjnych Rektora tytu\u0142em istotnych osi\u0105gni\u0119\u0107 dydaktycznych;<\/li>\n<li>Wolne wnioski.<\/li>\n<\/ol>\n<p>\n<style type=\"text\/css\">a[data-mtli~=\"mtli_filesize1,37MB\"]:after {content:\" (1,37 MB)\"}a[data-mtli~=\"mtli_filesize69,65kB\"]:after {content:\" (69,65 kB)\"}<\/style><\/div>\r\n                    <\/div>\r\n                <\/div>[\/vc_column][\/vc_row]<\/p>\n<style type=\"text\/css\">a[data-mtli~=\"mtli_filesize1,37MB\"]:after {content:\" (1,37 MB)\"}a[data-mtli~=\"mtli_filesize69,65kB\"]:after {content:\" (69,65 kB)\"}<\/style>","protected":false},"excerpt":{"rendered":"<p>[vc_row][vc_column][\/vc_column][\/vc_row] [&#8230;]<\/p>\n<p><a class=\"btn btn-secondary understrap-read-more-link\" href=\"https:\/\/us.edu.pl\/pracownik\/sprawy-dydaktyczne\/senacka-komisja-ds-ksztalcenia\/senacka-komisja-ds-ksztalcenia-sklad-komisji\/kadencja-2020-2024\/posiedzenie-komisji-13-01-2022\/\">Read More&#8230;<\/a><\/p>\n","protected":false},"author":31,"featured_media":0,"parent":5151,"menu_order":468,"comment_status":"closed","ping_status":"closed","template":"page-templates\/inner-page.php","meta":{"_expiration-date-status":"saved","_expiration-date":0,"_expiration-date-type":"","_expiration-date-categories":[],"_expiration-date-options":[]},"acf":[],"_links":{"self":[{"href":"https:\/\/us.edu.pl\/pracownik\/wp-json\/wp\/v2\/pages\/16163"}],"collection":[{"href":"https:\/\/us.edu.pl\/pracownik\/wp-json\/wp\/v2\/pages"}],"about":[{"href":"https:\/\/us.edu.pl\/pracownik\/wp-json\/wp\/v2\/types\/page"}],"author":[{"embeddable":true,"href":"https:\/\/us.edu.pl\/pracownik\/wp-json\/wp\/v2\/users\/31"}],"replies":[{"embeddable":true,"href":"https:\/\/us.edu.pl\/pracownik\/wp-json\/wp\/v2\/comments?post=16163"}],"version-history":[{"count":6,"href":"https:\/\/us.edu.pl\/pracownik\/wp-json\/wp\/v2\/pages\/16163\/revisions"}],"predecessor-version":[{"id":16187,"href":"https:\/\/us.edu.pl\/pracownik\/wp-json\/wp\/v2\/pages\/16163\/revisions\/16187"}],"up":[{"embeddable":true,"href":"https:\/\/us.edu.pl\/pracownik\/wp-json\/wp\/v2\/pages\/5151"}],"wp:attachment":[{"href":"https:\/\/us.edu.pl\/pracownik\/wp-json\/wp\/v2\/media?parent=16163"}],"curies":[{"name":"wp","href":"https:\/\/api.w.org\/{rel}","templated":true}]}}