{"id":16383,"date":"2022-01-27T14:51:47","date_gmt":"2022-01-27T13:51:47","guid":{"rendered":"https:\/\/us.edu.pl\/pracownik\/?page_id=16383"},"modified":"2023-02-17T13:21:22","modified_gmt":"2023-02-17T12:21:22","slug":"archiwum-pierwszej-oceny-okresowej-2021","status":"publish","type":"page","link":"https:\/\/us.edu.pl\/pracownik\/sprawy-pracownicze\/ocena-okresowa\/archiwum-oceny-okresowej-nauczyciela-akademickiego\/archiwum-pierwszej-oceny-okresowej-2021\/","title":{"rendered":"Archiwum pierwszej oceny okresowej 2021"},"content":{"rendered":"<p>[vc_row][vc_column][\/vc_column][\/vc_row][vc_row][vc_column]\r\n                <div class=\"text-modules\">\r\n                    <div class=\"container\">\r\n                        <h3 class=\"page-title text__title\">Archiwum pierwszej oceny okresowej 2021<\/h3>\r\n                        <div class=\"text-modules__content\"><\/p>\n<ol>\n<li>Ocenie okresowej podlegaj\u0105 nauczyciele akademiccy zatrudnieni w Uniwersytecie, z wyj\u0105tkiem rektora.<\/li>\n<li>Oceny okresowej nauczyciela akademickiego dokonuje si\u0119 co dwa lata lub na wniosek rektora.<\/li>\n<li>Z inicjatyw\u0105 przeprowadzenia indywidualnej oceny okresowej mo\u017ce wyst\u0105pi\u0107 do rektora zainteresowany nauczyciel akademicki, w szczeg\u00f3lno\u015bci w zwi\u0105zku z ubieganiem si\u0119 o awans lub przed\u0142u\u017cenie zatrudnienia na podstawie umowy o prac\u0119 na czas nieokre\u015blony.<\/li>\n<li>Kryteria i tryb dokonywania oceny okresowej nauczycieli akademickich zatrudnionych w Uniwersytecie \u015al\u0105skim w Katowicach, jak r\u00f3wnie\u017c zasady i tryb powo\u0142ywania komisji oceniaj\u0105cych okre\u015bla w\u0142a\u015bciwe zarz\u0105dzenie rektora.<\/li>\n<\/ol>\n<p>\n<\/div>\r\n                    <\/div>\r\n                <\/div>[\/vc_column][\/vc_row]<\/p>","protected":false},"excerpt":{"rendered":"<p>[vc_row][vc_column][\/vc_column][\/vc_row][vc_row][vc_column][\/vc_column][\/vc_row] [&#8230;]<\/p>\n<p><a class=\"btn btn-secondary understrap-read-more-link\" href=\"https:\/\/us.edu.pl\/pracownik\/sprawy-pracownicze\/ocena-okresowa\/archiwum-oceny-okresowej-nauczyciela-akademickiego\/archiwum-pierwszej-oceny-okresowej-2021\/\">Read More&#8230;<\/a><\/p>\n","protected":false},"author":41,"featured_media":0,"parent":20404,"menu_order":114,"comment_status":"closed","ping_status":"closed","template":"page-templates\/inner-page-with-bookmarks.php","meta":{"_expiration-date-status":"","_expiration-date":0,"_expiration-date-type":"","_expiration-date-categories":[],"_expiration-date-options":[]},"acf":[],"_links":{"self":[{"href":"https:\/\/us.edu.pl\/pracownik\/wp-json\/wp\/v2\/pages\/16383"}],"collection":[{"href":"https:\/\/us.edu.pl\/pracownik\/wp-json\/wp\/v2\/pages"}],"about":[{"href":"https:\/\/us.edu.pl\/pracownik\/wp-json\/wp\/v2\/types\/page"}],"author":[{"embeddable":true,"href":"https:\/\/us.edu.pl\/pracownik\/wp-json\/wp\/v2\/users\/41"}],"replies":[{"embeddable":true,"href":"https:\/\/us.edu.pl\/pracownik\/wp-json\/wp\/v2\/comments?post=16383"}],"version-history":[{"count":10,"href":"https:\/\/us.edu.pl\/pracownik\/wp-json\/wp\/v2\/pages\/16383\/revisions"}],"predecessor-version":[{"id":20417,"href":"https:\/\/us.edu.pl\/pracownik\/wp-json\/wp\/v2\/pages\/16383\/revisions\/20417"}],"up":[{"embeddable":true,"href":"https:\/\/us.edu.pl\/pracownik\/wp-json\/wp\/v2\/pages\/20404"}],"wp:attachment":[{"href":"https:\/\/us.edu.pl\/pracownik\/wp-json\/wp\/v2\/media?parent=16383"}],"curies":[{"name":"wp","href":"https:\/\/api.w.org\/{rel}","templated":true}]}}