{"id":16452,"date":"2022-01-31T14:23:23","date_gmt":"2022-01-31T13:23:23","guid":{"rendered":"https:\/\/us.edu.pl\/pracownik\/?page_id=16452"},"modified":"2023-04-14T16:37:23","modified_gmt":"2023-04-14T14:37:23","slug":"ood-konkurs-na-projekty-modulow","status":"publish","type":"page","link":"https:\/\/us.edu.pl\/pracownik\/sprawy-dydaktyczne\/pion-ksztalcenia\/ogolnoakademicka-oferta-dydaktyczna\/ood-konkurs-na-projekty-modulow\/","title":{"rendered":"OOD konkurs na projekty modu\u0142\u00f3w"},"content":{"rendered":"<p>[vc_row][vc_column]\r\n                <div class=\"text-modules\">\r\n                    <div class=\"container\">\r\n                        <h3 class=\"page-title text__title\">FINALNA WERSJA Og\u00f3lnoakademickiej Oferty Dydaktycznej na rok akademicki 2023\/2024<\/h3>\r\n                        <div class=\"text-modules__content\"><\/p>\n<p>&nbsp;<\/p>\n<p>Przedstawiamy finaln\u0105 wersj\u0119 Og\u00f3lnoakademickiej Oferty Dydaktycznej na rok akademicki 2023\/2024, z podzia\u0142em na ofert\u0119 <a href=\"https:\/\/us.edu.pl\/pracownik\/wp-content\/uploads\/sites\/2\/Editor\/sprawy-dydatktyczne\/jakosc-ksztalcenia\/OOD\/OOD-MOG_lista_modulow-2023.pdf\" class=\"mtli_attachment mtli_pdf\" data-mtli=\"mtli_filesize519,40kB\" class=\"mtli_attachment mtli_pdf\" data-mtli=\"mtli_filesize519,40kB\" target=\"_blank\" rel=\"noopener\">modu\u0142\u00f3w og\u00f3lnoakademickich (MOG)<\/a>, <a href=\"https:\/\/us.edu.pl\/pracownik\/wp-content\/uploads\/sites\/2\/Editor\/sprawy-dydatktyczne\/jakosc-ksztalcenia\/OOD\/OOD-MOS_lista_modulow-2023.pdf\" class=\"mtli_attachment mtli_pdf\" data-mtli=\"mtli_filesize512,44kB\" class=\"mtli_attachment mtli_pdf\" data-mtli=\"mtli_filesize512,44kB\" target=\"_blank\" rel=\"noopener\">modu\u0142\u00f3w og\u00f3lnoakademickich spo\u0142ecznych (MOS)<\/a> oraz <a href=\"https:\/\/us.edu.pl\/pracownik\/wp-content\/uploads\/sites\/2\/Editor\/sprawy-dydatktyczne\/jakosc-ksztalcenia\/OOD\/OOD-MOH_lista_modulow-2023.pdf\" class=\"mtli_attachment mtli_pdf\" data-mtli=\"mtli_filesize377,04kB\" class=\"mtli_attachment mtli_pdf\" data-mtli=\"mtli_filesize377,04kB\" target=\"_blank\" rel=\"noopener\">modu\u0142\u00f3w og\u00f3lnoakademickich humanistycznych (MOH)<\/a>. Oferta ta zosta\u0142a wy\u0142oniona w drodze zestawienia pokonkursowej listy rankingowej z zapotrzebowaniem na poszczeg\u00f3lne kategorie modu\u0142\u00f3w (MOG, MOS, MOH) zg\u0142aszane przez Dyrekcje Kierunk\u00f3w (przypominamy, \u017ce o przydzieleniu modu\u0142u do konkretnej grupy decydowa\u0142a dyscyplina wiod\u0105ca koordynatora modu\u0142u, zgodnie z \u00a7 2. pkt. 4. <a href=\"https:\/\/us.edu.pl\/pracownik\/wp-content\/uploads\/sites\/2\/Editor\/sprawy-dydatktyczne\/jako%C5%9B%C4%87-kszta%C5%82cenia\/OOD\/Regulamin-konkursu-na-modu%C5%82y-realizowane-w-ramach-Og%C3%B3lnoakademickiej-Oferty-Dydaktycznej.pdf\" class=\"mtli_attachment mtli_pdf\" class=\"mtli_attachment mtli_pdf\" target=\"_blank\" rel=\"noopener\">Regulaminu konkursu na modu\u0142y realizowane w ramach Og\u00f3lnoakademickiej Oferty Dydaktycznej<\/a>).<\/p>\n<p>Z koordynatorami modu\u0142\u00f3w zaci\u0105gni\u0119tych do realizacji skontaktujemy si\u0119 mailowo w celu ustalenia dalszych szczeg\u00f3\u0142\u00f3w organizacyjnych.<\/p>\n<p>Wyra\u017caj\u0105c podzi\u0119kowanie za wielkie zaanga\u017cowanie naszej spo\u0142eczno\u015bci akademik\u00f3w w tworzenie nowej oferty rozszerzaj\u0105cej kszta\u0142cenie kierunkowe, pragniemy podkre\u015bli\u0107 wysok\u0105 merytoryczn\u0105 jako\u015b\u0107 wszystkich z\u0142o\u017conych propozycji modu\u0142\u00f3w.<\/p>\n<p>Rada Og\u00f3lnoakademickiej Oferty Dydaktycznej<\/p>\n<p>&nbsp;<\/p>\n<p>&nbsp;<\/p>\n<p>&#8212;&#8212;&#8212;&#8212;&#8212;<\/p>\n<p>&nbsp;<\/p>\n<p><strong>WYNIKI KONKURSU<\/strong><\/p>\n<p>Dzi\u015b, 15 marca 2023 roku, dobieg\u0142a ko\u0144ca analiza zg\u0142oszonych w konkursie propozycji projekt\u00f3w modu\u0142\u00f3w do realizacji w ramach Og\u00f3lnoakademickiej Oferty Dydaktycznej (OOD) dla studi\u00f3w II stopnia w roku akademickim 2023\/2024. Poni\u017cej prezentujemy wykrystalizowane w toku ogl\u0105du nades\u0142anych projekt\u00f3w listy rankingowe modu\u0142\u00f3w og\u00f3lnoakademickich (MOG), modu\u0142\u00f3w og\u00f3lnoakademickich spo\u0142ecznych (MOS) i modu\u0142\u00f3w og\u00f3lnoakademickich humanistycznych (MOH) (o przydzieleniu zg\u0142oszenia do konkretnej grupy decydowa\u0142a dyscyplina wiod\u0105ca koordynatora modu\u0142u, zgodnie z \u00a7 2. pkt. 4. <a href=\"https:\/\/us.edu.pl\/pracownik\/wp-content\/uploads\/sites\/2\/Editor\/sprawy-dydatktyczne\/jako%C5%9B%C4%87-kszta%C5%82cenia\/OOD\/Regulamin-konkursu-na-modu%C5%82y-realizowane-w-ramach-Og%C3%B3lnoakademickiej-Oferty-Dydaktycznej.pdf\" class=\"mtli_attachment mtli_pdf\" class=\"mtli_attachment mtli_pdf\" target=\"_blank\" rel=\"noopener\">Regulaminu konkursu na modu\u0142y realizowane w ramach Og\u00f3lnoakademickiej Oferty Dydaktycznej<\/a>). Zgodnie z \u00a7 5. pkt. 2. tego\u017c Regulaminu rozstrzygaj\u0105c konkurs Rada OOD uwzgl\u0119dnia\u0142a g\u0142\u00f3wne cechy modu\u0142\u00f3w: uniwersalno\u015b\u0107, interdyscyplinarno\u015b\u0107, otwarto\u015b\u0107, stymulatywno\u015b\u0107, oryginalno\u015b\u0107.<\/p>\n<p>R\u00f3wnolegle do prac nad rozstrzygni\u0119ciem konkursu ustalali\u015bmy ostateczny kszta\u0142t zapotrzebowania zg\u0142aszanego przez Dyrekcje Kierunk\u00f3w (zapotrzebowania na typ modu\u0142u \u2013 MOG, MOS lub MOH, jego wymiar godzin i punkt\u00f3w ECTS, czas osadzenia zaj\u0119\u0107 w siatkach \u2013 semestr zimowy lub semestr letni oraz wymagany j\u0119zyk \u2013 polski lub angielski). W najbli\u017cszych dniach b\u0119dziemy kontaktowa\u0107 si\u0119 z koordynatorami modu\u0142\u00f3w kolejno obecnych na listach rankingowych w celu ustalenia mo\u017cliwo\u015bci i szczeg\u00f3\u0142\u00f3w organizacyjnych odpowiadaj\u0105cych zapotrzebowaniom zg\u0142aszanym przez Dyrekcje Kierunk\u00f3w.<\/p>\n<p>Proces organizacji ostatecznego kszta\u0142tu Og\u00f3lnoakademickiej Oferty Dydaktycznej na rok akad. 2023\/2024 zamknie si\u0119 15 kwietnia 2023, zgodnie z \u00a7 5. pkt. 3. <a href=\"https:\/\/aktyprawne.us.edu.pl\/423-lista\/d\/5325\/5\/?reporef=%2F%3Fsearch-global%3D155%252f2021)\" target=\"_blank\" rel=\"noopener\">Zarz\u0105dzenia nr 155 Rektora Uniwersytetu \u015al\u0105skiego w Katowicach z dnia 13 wrze\u015bnia 2021 r.<\/a> Po tym dniu, bez zb\u0119dnej zw\u0142oki, wszyscy, kt\u00f3rzy wzi\u0119li udzia\u0142 w konkursie, zostan\u0105 poinformowani mailowo o tym, czy zg\u0142oszony przez nich projekt modu\u0142u znalaz\u0142 si\u0119 w ostatecznej ofercie OOD na najbli\u017cszy rok akad. 2023\/2024.<\/p>\n<p>Rada Og\u00f3lnoakademickiej Oferty Dydaktycznej<\/p>\n<p>&nbsp;<\/p>\n<ul style=\"list-style-type: square;\">\n<li><a href=\"https:\/\/us.edu.pl\/pracownik\/wp-content\/uploads\/sites\/2\/Editor\/sprawy-dydatktyczne\/jakosc-ksztalcenia\/OOD\/OOD-MOG_lista_rankingowa-2023.pdf\" class=\"mtli_attachment mtli_pdf\" data-mtli=\"mtli_filesize58,12kB\" class=\"mtli_attachment mtli_pdf\" data-mtli=\"mtli_filesize58,12kB\" target=\"_blank\" rel=\"noopener\">MOG: lista rankingowa<\/a><\/li>\n<li><a href=\"https:\/\/us.edu.pl\/pracownik\/wp-content\/uploads\/sites\/2\/Editor\/sprawy-dydatktyczne\/jakosc-ksztalcenia\/OOD\/OOD-MOS_lista_rankingowa-2023.pdf\" class=\"mtli_attachment mtli_pdf\" data-mtli=\"mtli_filesize52,79kB\" class=\"mtli_attachment mtli_pdf\" data-mtli=\"mtli_filesize52,79kB\" target=\"_blank\" rel=\"noopener\">MOS: lista rankingowa<\/a><\/li>\n<li><a href=\"https:\/\/us.edu.pl\/pracownik\/wp-content\/uploads\/sites\/2\/Editor\/sprawy-dydatktyczne\/jakosc-ksztalcenia\/OOD\/OOD-MOH_lista_rankingowa-2023.pdf\" class=\"mtli_attachment mtli_pdf\" data-mtli=\"mtli_filesize47,01kB\" class=\"mtli_attachment mtli_pdf\" data-mtli=\"mtli_filesize47,01kB\" target=\"_blank\" rel=\"noopener\">MOH: lista rankingowa<\/a><\/li>\n<\/ul>\n<p>&nbsp;<\/p>\n<p>&#8212;&#8212;&#8212;&#8212;&#8212;<\/p>\n<p>&nbsp;<\/p>\n<p><strong>KONKURS NA PROJEKTY MODU\u0141\u00d3W<\/strong><\/p>\n<p align=\"justify\"><span style=\"font-size: medium;\">Informujemy, \u017ce dnia <\/span><span style=\"font-size: medium;\">1 lutego 2023 rusza<\/span><span style=\"font-size: medium;\"><b> nab\u00f3r projekt\u00f3w modu\u0142\u00f3w<\/b><\/span><span style=\"font-size: medium;\"> do realizacji w ramach <\/span><span style=\"font-size: medium;\">Og\u00f3lnoakademickiej Oferty Dydaktycznej<\/span><span style=\"font-size: medium;\"> (OOD) <\/span><span style=\"font-size: medium;\"><b>dla<\/b><\/span> <span style=\"font-size: medium;\"><b>studi\u00f3w II stopnia <\/b><\/span><span style=\"font-size: medium;\">w roku akademickim 2023\/2024<\/span><span style=\"font-size: medium;\">.<\/span><\/p>\n<p align=\"justify\"><span style=\"font-size: medium;\">Do konkursu ka\u017cdy nauczyciel akademicki (lub zesp\u00f3\u0142 dwu-, trzy-, czteroosobowy) mo\u017ce <\/span><span style=\"font-size: medium;\">z\u0142o\u017cy\u0107 dowoln\u0105 liczb\u0119 modu\u0142\u00f3w<\/span><span style=\"font-size: medium;\">, uwzgl\u0119dniaj\u0105c kryteria i wymagania okre\u015blone w <\/span><a href=\"https:\/\/us.edu.pl\/pracownik\/wp-content\/uploads\/sites\/2\/Editor\/sprawy-dydatktyczne\/jako%C5%9B%C4%87-kszta%C5%82cenia\/OOD\/Regulamin-konkursu-na-modu%C5%82y-realizowane-w-ramach-Og%C3%B3lnoakademickiej-Oferty-Dydaktycznej.pdf\" class=\"mtli_attachment mtli_pdf\" class=\"mtli_attachment mtli_pdf\"><span style=\"color: #0070c0;\"><span style=\"font-size: medium;\">Regulaminie konkursu<\/span><\/span><\/a><span style=\"font-size: medium;\">.<\/span><\/p>\n<p align=\"justify\"><span style=\"font-size: medium;\">Zg\u0142oszenie modu\u0142u do konkursu polega na <\/span><span style=\"font-size: medium;\">przes\u0142aniu projekt\u00f3w sylabus\u00f3w<\/span> <span style=\"font-size: medium;\">w terminie<\/span><span style=\"font-size: medium;\"><b> od 1.02.2023 do 28.02.2023<\/b><\/span><span style=\"font-size: medium;\">\u00a0poprzez zdalny <\/span><a href=\"https:\/\/forms.office.com\/e\/tLr7jcSKwJ\"><span style=\"color: #0070c0;\"><span style=\"font-size: medium;\">formularz zg\u0142oszeniowy<\/span><\/span><\/a><span style=\"font-size: medium;\">.<\/span><\/p>\n<p align=\"justify\"><span style=\"font-size: medium;\">Rozstrzygni\u0119cie konkursu i og\u0142oszenie wynik\u00f3w nast\u0105pi 15.03.2023. <\/span><\/p>\n<p align=\"justify\"><span style=\"font-size: medium;\">Ostateczny kszta\u0142t oferty na rok akademicki 2023\/2024 zostanie podany do wiadomo\u015bci 15 kwietnia 2023 roku.<\/span><\/p>\n<p>&nbsp;<\/p>\n<p align=\"justify\"><span style=\"font-size: medium;\"><b>O czym nale\u017cy pami\u0119ta\u0107 i na co zwr\u00f3ci\u0107 uwag\u0119, opracowuj\u0105c projekt modu\u0142u do konkursu?<\/b><\/span><\/p>\n<ol>\n<li><span style=\"font-size: 12pt;\">projekty modu\u0142\u00f3w zg\u0142aszane do konkursu b\u0119d\u0105 oceniane wed\u0142ug nast\u0119puj\u0105cych kryteri\u00f3w:<\/span><br \/>\n<span style=\"font-size: 12pt;\"><strong>&#8211; uniwersalno\u015b\u0107<\/strong> \u2013 wymogi wst\u0119pne nie obejmuj\u0105 znajomo\u015bci podstaw naukowych w dyscyplinie, do kt\u00f3rej odnosz\u0105 si\u0119 efekty modu\u0142owe,<\/span><br \/>\n<span style=\"font-size: 12pt;\"><strong>&#8211; interdyscyplinarno\u015b\u0107<\/strong> \u2013 zagadnienia uwzgl\u0119dniaj\u0105 elementy wykraczaj\u0105ce i \/ lub \u0142\u0105cz\u0105ce zagadnienia spoza jednej dyscypliny, dziedziny, a nawet obszaru nauki, w tym podejmuj\u0105ce bie\u017c\u0105ce problemy wymagaj\u0105ce ponaddziedzinowych podej\u015b\u0107 naukowych i wielog\u0142osowych dyskurs\u00f3w,<\/span><br \/>\n<span style=\"font-size: 12pt;\"><strong>&#8211; otwarto\u015b\u0107<\/strong> \u2013 zagadnienia uwzgl\u0119dniaj\u0105 otwarte i elastyczne formy realizacji zaj\u0119\u0107, umo\u017cliwiaj\u0105ce uczestnictwo student\u00f3w reprezentuj\u0105cych r\u00f3\u017cne kierunki i specjalno\u015bci kszta\u0142cenia w Uniwersytecie,<\/span><br \/>\n<span style=\"font-size: 12pt;\"><strong>&#8211; stymulatywno\u015b\u0107<\/strong> \u2013 modu\u0142y przyczyniaj\u0105 si\u0119 do rozszerzania kierunkowych kompetencji student\u00f3w poprzez stosowanie tre\u015bci i form inspiruj\u0105cych ich aktywno\u015bci o charakterze samorozwojowym w odniesieniu do aktualnych zainteresowa\u0144 oraz przysz\u0142ych projekt\u00f3w zawodowych,<\/span><br \/>\n<span style=\"font-size: 12pt;\"><strong>&#8211; oryginalno\u015b\u0107<\/strong> \u2013 zagadnienia zaproponowane w ramach modu\u0142\u00f3w og\u00f3lnouniwersyteckich nie powielaj\u0105 tre\u015bci modu\u0142\u00f3w kierunkowych;<br \/>\n<\/span><\/li>\n<li><span style=\"font-size: 12pt;\"><span style=\"font-size: 12pt;\">zaj\u0119cia w ramach OOD odbywaj\u0105 si\u0119 w poniedzia\u0142ki w wybranej jednostce pasma od 13.45 do 20.30 (na studiach stacjonarnych), albo w pi\u0105tki w wybranej jednostce pasma od 17.15 do 20.30 (na studiach niestacjonarnych);<\/span><\/span><\/li>\n<li><span style=\"font-size: 12pt;\"><span style=\"font-size: 12pt;\">odbiorcy (studentki i studenci uczestnicz\u0105cy w zaj\u0119ciach z jednego przedmiotu) mog\u0105 by\u0107 z r\u00f3\u017cnych kierunk\u00f3w, np. w jednej grupie mog\u0105 by\u0107 studentki i studenci prawa, matematyki, biologii i filologii angielskiej itd.;<\/span><\/span><\/li>\n<li><span style=\"font-size: 12pt;\"><span style=\"font-size: 12pt;\">przedmioty realizowane w ramach OOD ko\u0144cz\u0105 si\u0119 zaliczeniem (nie egzaminem), na ocen\u0119; spos\u00f3b zaliczenia ustala koordynator modu\u0142u;<\/span><\/span><\/li>\n<li><span style=\"font-size: 12pt;\"><span style=\"font-size: 12pt;\">zg\u0142aszany projekt sylabusa musi by\u0107 zgodny z opisem wybranego modu\u0142u (o tym wi\u0119cej w zak\u0142adce <a href=\"https:\/\/us.edu.pl\/pracownik\/ood-opisy-modulow\/\"><span style=\"color: #0070c0;\">Opisy modu\u0142\u00f3w<\/span><\/a>);<\/span><\/span><\/li>\n<li><span style=\"font-size: 12pt;\">modu\u0142y og\u00f3lnoakademickie, og\u00f3lnoakademickie (spo\u0142eczne) i modu\u0142y og\u00f3lnoakademickie (humanistyczne) mog\u0105 by\u0107 prowadzone przez jednego nauczyciela, jak r\u00f3wnie\u017c wsp\u00f3\u0142prowadzone przez nauczycieli z jednej albo r\u00f3\u017cnych dyscyplin (wsp\u00f3\u0142prowadzenie mo\u017ce mie\u0107 r\u00f3\u017cne formy, np. okre\u015bleni nauczyciele prowadz\u0105 wyznaczon\u0105 liczb\u0119 godzin kolejno po sobie (np. 10 + 20) lub w rytmie, np. co drugie zaj\u0119cia);<\/span><br \/>\n<span style=\"font-size: 12pt;\">&#8211; w przypadku modu\u0142\u00f3w og\u00f3lnoakademickich (spo\u0142ecznych) koordynatorem modu\u0142u, jak i prowadz\u0105cym przynajmniej po\u0142ow\u0119 zaj\u0119\u0107 w jego ramach jest nauczyciel reprezentuj\u0105cy dziedzin\u0119 nauk spo\u0142ecznych;<\/span><br \/>\n<span style=\"font-size: 12pt;\"><span style=\"font-size: 12pt;\">&#8211; w przypadku modu\u0142\u00f3w og\u00f3lnoakademickich (humanistycznych) koordynatorem modu\u0142u, jak i prowadz\u0105cym przynajmniej po\u0142ow\u0119 zaj\u0119\u0107 w jego ramach jest nauczyciel reprezentuj\u0105cy dziedzin\u0119 nauk humanistycznych;<\/span><\/span><\/li>\n<li><span style=\"font-size: 12pt;\"><span style=\"font-size: 12pt;\">ka\u017cdy z modu\u0142\u00f3w mo\u017cna zaplanowa\u0107 do realizacji w formule kszta\u0142cenia kontaktowego lub zdalnego z wykorzystaniem metod i technik kszta\u0142cenia na odleg\u0142o\u015b\u0107;<\/span><\/span><\/li>\n<li><span style=\"font-size: 12pt;\"><span style=\"font-size: 12pt;\">zaj\u0119cia dydaktyczne w formule zdalnej nale\u017cy planowa\u0107 w formie synchronicznej;<\/span><\/span><\/li>\n<li><span style=\"font-size: 12pt;\">ka\u017cdy z modu\u0142\u00f3w mo\u017cna realizowa\u0107 w jednej z wybranych form:<\/span><br \/>\n<span style=\"font-size: 12pt;\">A. wyk\u0142adu \u2013 z limitem do 150 os\u00f3b studiuj\u0105cych;<\/span><br \/>\n<span style=\"font-size: 12pt;\">B. konwersatorium \u2013 z limitem do 30 os\u00f3b studiuj\u0105cych;<\/span><br \/>\n<span style=\"font-size: 12pt;\">C. \u0107wicze\u0144 \u2013 z limitem do 25 os\u00f3b studiuj\u0105cych;<\/span><br \/>\n<span style=\"font-size: 12pt;\">D. mo\u017cna zaproponowa\u0107 inn\u0105 (do decyzji rady OOD)<\/span><br \/>\n<span style=\"font-size: 12pt;\"><span style=\"font-size: 12pt;\">(w uzasadnionych przypadkach rada OOD mo\u017ce postanowi\u0107 o zmianie liczby uczestnik\u00f3w danego rodzaju zaj\u0119\u0107);<\/span><\/span><\/li>\n<li><span style=\"font-size: 12pt;\"><span style=\"font-size: 12pt;\">modu\u0142y mog\u0105 by\u0107 realizowane w cyklach standardowych (rytmicznie roz\u0142o\u017conych w semestrze), albo w cyklach intensywnych jako zaj\u0119cia zblokowane \u2013 stosown\u0105 informacj\u0119 nale\u017cy zamie\u015bci\u0107 w sylabusie modu\u0142u;<\/span><\/span><\/li>\n<li><span style=\"font-size: 12pt;\"><span style=\"font-size: 12pt;\">modu\u0142y mo\u017cna przygotowa\u0107 w j\u0119zyku polskim lub w j\u0119zyku angielskim;<\/span><\/span><\/li>\n<li><span style=\"font-size: 12pt;\"><span style=\"font-size: 12pt;\">modu\u0142om nale\u017cy przypisa\u0107 odpowiedni\u0105 liczb\u0119 punkt\u00f3w ECTS, nie inn\u0105 ni\u017c 2 lub 3 punkty uwzgl\u0119dniaj\u0105c przelicznik, w ramach kt\u00f3rego jednemu punktowi ECTS odpowiada 15 godzin zaj\u0119\u0107;<\/span><\/span><\/li>\n<li><span style=\"font-size: 12pt;\"><span style=\"font-size: 12pt;\">ka\u017cdy nauczyciel lub grupa nauczycieli akademickich mo\u017ce zg\u0142osi\u0107 do ka\u017cdego konkursu dowoln\u0105 liczb\u0119 modu\u0142\u00f3w;<\/span><\/span><\/li>\n<li><span style=\"font-size: 12pt;\"><span style=\"font-size: 12pt;\">modu\u0142y nie powinny zawiera\u0107 ograniczaj\u0105cych szeroki dost\u0119p warunk\u00f3w wst\u0119pnych udzia\u0142u w zaj\u0119ciach;<\/span><\/span><\/li>\n<li><span style=\"font-size: 12pt;\"><span style=\"font-size: 12pt;\">tre\u015bci proponowane w zg\u0142aszanych do OOD projektach modu\u0142\u00f3w nie powinny powiela\u0107 tych, kt\u00f3re proponowane s\u0105 ju\u017c, w tym samym zakresie i uj\u0119ciu, w realizowanych modu\u0142ach kierunkowych;<\/span><\/span><\/li>\n<li><span style=\"font-size: 12pt;\"><span style=\"font-size: 12pt;\">projektowane zaj\u0119cia mog\u0105 mie\u0107 charakter bardziej pragmatyczny, mo\u017cliwy do wykorzystania w praktycznym dzia\u0142aniu w obszarze aktualnych zainteresowa\u0144 oraz przysz\u0142ych projekt\u00f3w zawodowych student\u00f3w, lub bardziej teoretyczny, np. o charakterze metanaukowym (pozwalaj\u0105cy, np. dzi\u0119ki wskazaniu \/ dostrze\u017ceniu przeplot\u00f3w mi\u0119dzydyscyplinowych czy mi\u0119dzyobszarowych, na pe\u0142niejsz\u0105 dzia\u0142alno\u015b\u0107 studenck\u0105 o charakterze badawczym);<\/span><\/span><\/li>\n<li><span style=\"font-size: 12pt;\"><span style=\"font-size: 12pt;\">planowane w ramach modu\u0142\u00f3w OOD tematy mog\u0105 mie\u0107 charakter wiedzy-bazy w danej dyscyplinie, prezentowanej w perspektywie odbiorcy niespecjalisty, inspiruj\u0105c do aktywno\u015bci o charakterze samorozwojowym;<\/span><\/span><\/li>\n<li><span style=\"font-size: 12pt;\">projektowane modu\u0142y mog\u0105 podejmowa\u0107 bie\u017c\u0105ce problemy wymagaj\u0105ce ponaddziedzinowych podej\u015b\u0107 naukowych i wielog\u0142osowych dyskurs\u00f3w.<\/span><\/li>\n<\/ol>\n<p>\n<style type=\"text\/css\">a[data-mtli~=\"mtli_filesize519,40kB\"]:after {content:\" (519,40 kB)\"}a[data-mtli~=\"mtli_filesize512,44kB\"]:after {content:\" (512,44 kB)\"}a[data-mtli~=\"mtli_filesize377,04kB\"]:after {content:\" (377,04 kB)\"}a[data-mtli~=\"mtli_filesize58,12kB\"]:after {content:\" (58,12 kB)\"}a[data-mtli~=\"mtli_filesize52,79kB\"]:after {content:\" (52,79 kB)\"}a[data-mtli~=\"mtli_filesize47,01kB\"]:after {content:\" (47,01 kB)\"}<\/style><\/div>\r\n                    <\/div>\r\n                <\/div>[\/vc_column][\/vc_row]<\/p>\n<style type=\"text\/css\">a[data-mtli~=\"mtli_filesize519,40kB\"]:after {content:\" (519,40 kB)\"}a[data-mtli~=\"mtli_filesize512,44kB\"]:after {content:\" (512,44 kB)\"}a[data-mtli~=\"mtli_filesize377,04kB\"]:after {content:\" (377,04 kB)\"}a[data-mtli~=\"mtli_filesize58,12kB\"]:after {content:\" (58,12 kB)\"}a[data-mtli~=\"mtli_filesize52,79kB\"]:after {content:\" (52,79 kB)\"}a[data-mtli~=\"mtli_filesize47,01kB\"]:after {content:\" (47,01 kB)\"}<\/style>","protected":false},"excerpt":{"rendered":"<p>[vc_row][vc_column][\/vc_column][\/vc_row] [&#8230;]<\/p>\n<p><a class=\"btn btn-secondary understrap-read-more-link\" href=\"https:\/\/us.edu.pl\/pracownik\/sprawy-dydaktyczne\/pion-ksztalcenia\/ogolnoakademicka-oferta-dydaktyczna\/ood-konkurs-na-projekty-modulow\/\">Read More&#8230;<\/a><\/p>\n","protected":false},"author":41,"featured_media":0,"parent":16282,"menu_order":113,"comment_status":"closed","ping_status":"closed","template":"page-templates\/inner-page.php","meta":{"_expiration-date-status":"saved","_expiration-date":0,"_expiration-date-type":"","_expiration-date-categories":[],"_expiration-date-options":[]},"acf":[],"_links":{"self":[{"href":"https:\/\/us.edu.pl\/pracownik\/wp-json\/wp\/v2\/pages\/16452"}],"collection":[{"href":"https:\/\/us.edu.pl\/pracownik\/wp-json\/wp\/v2\/pages"}],"about":[{"href":"https:\/\/us.edu.pl\/pracownik\/wp-json\/wp\/v2\/types\/page"}],"author":[{"embeddable":true,"href":"https:\/\/us.edu.pl\/pracownik\/wp-json\/wp\/v2\/users\/41"}],"replies":[{"embeddable":true,"href":"https:\/\/us.edu.pl\/pracownik\/wp-json\/wp\/v2\/comments?post=16452"}],"version-history":[{"count":11,"href":"https:\/\/us.edu.pl\/pracownik\/wp-json\/wp\/v2\/pages\/16452\/revisions"}],"predecessor-version":[{"id":21350,"href":"https:\/\/us.edu.pl\/pracownik\/wp-json\/wp\/v2\/pages\/16452\/revisions\/21350"}],"up":[{"embeddable":true,"href":"https:\/\/us.edu.pl\/pracownik\/wp-json\/wp\/v2\/pages\/16282"}],"wp:attachment":[{"href":"https:\/\/us.edu.pl\/pracownik\/wp-json\/wp\/v2\/media?parent=16452"}],"curies":[{"name":"wp","href":"https:\/\/api.w.org\/{rel}","templated":true}]}}