{"id":16454,"date":"2022-01-31T14:24:35","date_gmt":"2022-01-31T13:24:35","guid":{"rendered":"https:\/\/us.edu.pl\/pracownik\/?page_id=16454"},"modified":"2023-01-31T14:56:40","modified_gmt":"2023-01-31T13:56:40","slug":"ood-dokumenty","status":"publish","type":"page","link":"https:\/\/us.edu.pl\/pracownik\/sprawy-dydaktyczne\/pion-ksztalcenia\/ogolnoakademicka-oferta-dydaktyczna\/ood-dokumenty\/","title":{"rendered":"OOD dokumenty"},"content":{"rendered":"<p>[vc_row][vc_column]\r\n                <div class=\"text-modules\">\r\n                    <div class=\"container\">\r\n                        <h3 class=\"page-title text__title\">DOKUMENTY<\/h3>\r\n                        <div class=\"text-modules__content\"><\/p>\n<ul>\n<li><a href=\"https:\/\/aktyprawne.us.edu.pl\/423-lista\/d\/3163\/5\/?reporef=%2F%3Fsearch-global%3D490%252f2020)\">Uchwa\u0142a nr 490 Senatu Uniwersytetu \u015al\u0105skiego w Katowicach z dnia 28 stycznia 2020 r. w sprawie wytycznych dotycz\u0105cych wymaga\u0144 w zakresie tworzenia i zmiany program\u00f3w studi\u00f3w prowadzonych w Uniwersytecie \u015al\u0105skim w Katowicach<\/a><\/li>\n<\/ul>\n<p>&nbsp;<\/p>\n<ul>\n<li><a href=\"https:\/\/aktyprawne.us.edu.pl\/423-lista\/d\/5325\/5\/?reporef=%2F%3Fsearch-global%3D155%252f2021)\">Zarz\u0105dzenie nr 155 Rektora Uniwersytetu \u015al\u0105skiego w Katowicach z dnia 13 wrze\u015bnia 2021 r. w sprawie sposobu organizacji zaj\u0119\u0107 realizowanych na poziomie og\u00f3lnouczelnianym wraz z za\u0142\u0105cznikami<\/a><\/li>\n<\/ul>\n<p>&nbsp;<\/p>\n<ul>\n<li><a href=\"https:\/\/us.edu.pl\/pracownik\/wp-content\/uploads\/sites\/2\/Editor\/sprawy-dydatktyczne\/jako%C5%9B%C4%87-kszta%C5%82cenia\/OOD\/Regulamin-konkursu-na-modu%C5%82y-realizowane-w-ramach-Og%C3%B3lnoakademickiej-Oferty-Dydaktycznej.pdf\" class=\"mtli_attachment mtli_pdf\" class=\"mtli_attachment mtli_pdf\">Regulamin konkursu na modu\u0142y realizowane w ramach Og\u00f3lnoakademickiej Oferty Dydaktycznej<\/a><\/li>\n<\/ul>\n<p>&nbsp;<\/p>\n<ul>\n<li><a href=\"https:\/\/forms.office.com\/e\/tLr7jcSKwJ\">Formularz zg\u0142oszeniowy do konkursu<\/a><\/li>\n<\/ul>\n<p>\n<\/div>\r\n                    <\/div>\r\n                <\/div>[\/vc_column][\/vc_row]<\/p>","protected":false},"excerpt":{"rendered":"<p>[vc_row][vc_column][\/vc_column][\/vc_row] [&#8230;]<\/p>\n<p><a class=\"btn btn-secondary understrap-read-more-link\" href=\"https:\/\/us.edu.pl\/pracownik\/sprawy-dydaktyczne\/pion-ksztalcenia\/ogolnoakademicka-oferta-dydaktyczna\/ood-dokumenty\/\">Read More&#8230;<\/a><\/p>\n","protected":false},"author":41,"featured_media":0,"parent":16282,"menu_order":111,"comment_status":"closed","ping_status":"closed","template":"page-templates\/inner-page.php","meta":{"_expiration-date-status":"saved","_expiration-date":0,"_expiration-date-type":"","_expiration-date-categories":[],"_expiration-date-options":[]},"acf":[],"_links":{"self":[{"href":"https:\/\/us.edu.pl\/pracownik\/wp-json\/wp\/v2\/pages\/16454"}],"collection":[{"href":"https:\/\/us.edu.pl\/pracownik\/wp-json\/wp\/v2\/pages"}],"about":[{"href":"https:\/\/us.edu.pl\/pracownik\/wp-json\/wp\/v2\/types\/page"}],"author":[{"embeddable":true,"href":"https:\/\/us.edu.pl\/pracownik\/wp-json\/wp\/v2\/users\/41"}],"replies":[{"embeddable":true,"href":"https:\/\/us.edu.pl\/pracownik\/wp-json\/wp\/v2\/comments?post=16454"}],"version-history":[{"count":5,"href":"https:\/\/us.edu.pl\/pracownik\/wp-json\/wp\/v2\/pages\/16454\/revisions"}],"predecessor-version":[{"id":20184,"href":"https:\/\/us.edu.pl\/pracownik\/wp-json\/wp\/v2\/pages\/16454\/revisions\/20184"}],"up":[{"embeddable":true,"href":"https:\/\/us.edu.pl\/pracownik\/wp-json\/wp\/v2\/pages\/16282"}],"wp:attachment":[{"href":"https:\/\/us.edu.pl\/pracownik\/wp-json\/wp\/v2\/media?parent=16454"}],"curies":[{"name":"wp","href":"https:\/\/api.w.org\/{rel}","templated":true}]}}