{"id":16457,"date":"2022-01-31T14:27:09","date_gmt":"2022-01-31T13:27:09","guid":{"rendered":"https:\/\/us.edu.pl\/pracownik\/?page_id=16457"},"modified":"2023-01-31T14:53:29","modified_gmt":"2023-01-31T13:53:29","slug":"ood-opisy-modulow","status":"publish","type":"page","link":"https:\/\/us.edu.pl\/pracownik\/sprawy-dydaktyczne\/pion-ksztalcenia\/ogolnoakademicka-oferta-dydaktyczna\/ood-opisy-modulow\/","title":{"rendered":"OOD opisy modu\u0142\u00f3w"},"content":{"rendered":"<p>[vc_row][vc_column]\r\n                <div class=\"text-modules\">\r\n                    <div class=\"container\">\r\n                        <h3 class=\"page-title text__title\">OPISY MODU\u0141\u00d3W<\/h3>\r\n                        <div class=\"text-modules__content\"><p><span style=\"font-size: medium;\">W Uniwersytecie \u015al\u0105skim, w ramach Og\u00f3lnoakademickiej Oferty Dydaktycznej, realizowane s\u0105 <\/span><span style=\"font-size: medium;\"><b>trzy rodzaje modu\u0142\u00f3w<\/b><\/span><span style=\"font-size: medium;\">:<\/span><\/p>\n<p>&nbsp;<\/p>\n<ol type=\"I\">\n<li><span style=\"font-size: medium;\"><b>OG\u00d3LNOAKADEMICKIE <\/b><\/span><\/li>\n<\/ol>\n<p><b>opracowane opisy modu\u0142\u00f3w:<\/b><\/p>\n<ol>\n<li>modu\u0142 <b>og\u00f3lnoakademicki o warto\u015bci 2 ECTS w j\u0119zyku polskim <\/b>dla studi\u00f3w stacjonarnych i niestacjonarnych<\/li>\n<li>modu\u0142 <b>og\u00f3lnoakademicki<\/b> <b>o warto\u015bci 2 ECTS w j\u0119zyku angielskim<\/b> dla studi\u00f3w stacjonarnych i niestacjonarnych<\/li>\n<li>modu\u0142 <b>og\u00f3lnoakademicki o warto\u015bci 3 ECTS w j\u0119zyku polskim <\/b>dla studi\u00f3w stacjonarnych i niestacjonarnych<\/li>\n<li>modu\u0142u <b>og\u00f3lnoakademicki <\/b> <b>o warto\u015bci 3 ECTS w j\u0119zyku angielskim<\/b> dla studi\u00f3w stacjonarnych i niestacjonarnych<\/li>\n<\/ol>\n<p>Modu\u0142 og\u00f3lnoakademicki realizowany w ramach OOD powinien by\u0107 zgodny z <b>opisem modu\u0142u<\/b> i <b>realizowa\u0107 efekty uczenia si\u0119 okre\u015blone w<\/b> <a href=\"https:\/\/aktyprawne.us.edu.pl\/423-lista\/d\/5325\/5\/?reporef=%2F%3Fsearch-global%3D155%252f2021)\"><span style=\"color: #0070c0;\"><b>za\u0142\u0105czniku nr 1<\/b><\/span><\/a> do <i>Zarz\u0105dzenia nr 155 Rektora Uniwersytetu \u015al\u0105skiego w Katowicach z dnia 13 wrze\u015bnia 2021 r. w sprawie sposobu organizacji zaj\u0119\u0107 realizowanych na poziomie og\u00f3lnouczelnianym.<\/i><\/p>\n<p>&nbsp;<\/p>\n<ol start=\"2\" type=\"I\">\n<li><span style=\"font-size: medium;\"><b>OG\u00d3LNOAKADEMICKIE &#8211; SPO\u0141ECZNE<\/b><\/span><\/li>\n<\/ol>\n<p><b>opracowane opisy modu\u0142\u00f3w:<\/b><\/p>\n<ol>\n<li>modu\u0142 <b>og\u00f3lnoakademicki \u2013 spo\u0142eczny o warto\u015bci 2 ECTS w j\u0119zyku polskim <\/b>dla studi\u00f3w stacjonarnych i niestacjonarnych<\/li>\n<li>modu\u0142 <b>og\u00f3lnoakademicki \u2013 spo\u0142eczny o warto\u015bci 2 ECTS w j\u0119zyku angielskim<\/b> dla studi\u00f3w stacjonarnych i niestacjonarnych<\/li>\n<li>modu\u0142 <b>og\u00f3lnoakademicki \u2013 spo\u0142eczny o warto\u015bci 3 ECTS w j\u0119zyku polskim <\/b>dla studi\u00f3w stacjonarnych i niestacjonarnych<\/li>\n<li>modu\u0142u <b>og\u00f3lnoakademicki \u2013 spo\u0142eczny o warto\u015bci 3 ECTS w j\u0119zyku angielskim<\/b> dla studi\u00f3w stacjonarnych i niestacjonarnych<\/li>\n<\/ol>\n<p>Modu\u0142 og\u00f3lnoakademicki &#8211; spo\u0142eczny realizowany w ramach OOD powinien by\u0107 zgodny z <b>opisem modu\u0142u<\/b> i <b>realizowa\u0107 efekty uczenia si\u0119 okre\u015blone w<\/b> <a href=\"https:\/\/aktyprawne.us.edu.pl\/423-lista\/d\/5325\/5\/?reporef=%2F%3Fsearch-global%3D155%252f2021)\"><span style=\"color: #0070c0;\"><b>za\u0142\u0105czniku nr 2<\/b><\/span><\/a> do <i>Zarz\u0105dzenia nr 155 Rektora Uniwersytetu \u015al\u0105skiego w Katowicach z dnia 13 wrze\u015bnia 2021 r. w sprawie sposobu organizacji zaj\u0119\u0107 realizowanych na poziomie og\u00f3lnouczelnianym.<\/i><\/p>\n<p>&nbsp;<\/p>\n<ol start=\"3\" type=\"I\">\n<li><span style=\"font-size: medium;\"><b>OG\u00d3LNOAKADEMICKIE &#8211; HUMANISTYCZNE<\/b><\/span><\/li>\n<\/ol>\n<p>&nbsp;<\/p>\n<p><b>opracowane opisy modu\u0142\u00f3w:<\/b><\/p>\n<ol>\n<li>modu\u0142 <b>og\u00f3lnoakademicki \u2013 spo\u0142eczny o warto\u015bci 2 ECTS w j\u0119zyku polskim <\/b>dla studi\u00f3w stacjonarnych i niestacjonarnych<\/li>\n<li>modu\u0142 <b>og\u00f3lnoakademicki \u2013 spo\u0142eczny o warto\u015bci 2 ECTS w j\u0119zyku angielskim<\/b> dla studi\u00f3w stacjonarnych i niestacjonarnych<\/li>\n<li>modu\u0142 <b>og\u00f3lnoakademicki \u2013 spo\u0142eczny o warto\u015bci 3 ECTS w j\u0119zyku polskim <\/b>dla studi\u00f3w stacjonarnych i niestacjonarnych<\/li>\n<li>modu\u0142u <b>og\u00f3lnoakademicki \u2013 spo\u0142eczny o warto\u015bci 3 ECTS w j\u0119zyku angielskim<\/b> dla studi\u00f3w stacjonarnych i niestacjonarnych<\/li>\n<\/ol>\n<p>Modu\u0142 og\u00f3lnoakademicki &#8211; humanistyczny realizowany w ramach OOD powinien by\u0107 zgodny z <b>opisem modu\u0142u<\/b> i <b>realizowa\u0107 efekty uczenia si\u0119 okre\u015blone w<\/b> <a href=\"https:\/\/aktyprawne.us.edu.pl\/423-lista\/d\/5325\/5\/?reporef=%2F%3Fsearch-global%3D155%252f2021)\"><span style=\"color: #0070c0;\"><b>za\u0142\u0105czniku nr 3<\/b><\/span><\/a> do <i>Zarz\u0105dzenia nr 155 Rektora Uniwersytetu \u015al\u0105skiego w Katowicach z dnia 13 wrze\u015bnia 2021 r. w sprawie sposobu organizacji zaj\u0119\u0107 realizowanych na poziomie og\u00f3lnouczelnianym.<\/i><\/p>\n<\/div>\r\n                    <\/div>\r\n                <\/div>[\/vc_column][\/vc_row]<\/p>","protected":false},"excerpt":{"rendered":"<p>[vc_row][vc_column][\/vc_column][\/vc_row] [&#8230;]<\/p>\n<p><a class=\"btn btn-secondary understrap-read-more-link\" href=\"https:\/\/us.edu.pl\/pracownik\/sprawy-dydaktyczne\/pion-ksztalcenia\/ogolnoakademicka-oferta-dydaktyczna\/ood-opisy-modulow\/\">Read More&#8230;<\/a><\/p>\n","protected":false},"author":41,"featured_media":0,"parent":16282,"menu_order":110,"comment_status":"closed","ping_status":"closed","template":"page-templates\/inner-page.php","meta":{"_expiration-date-status":"saved","_expiration-date":0,"_expiration-date-type":"","_expiration-date-categories":[],"_expiration-date-options":[]},"acf":[],"_links":{"self":[{"href":"https:\/\/us.edu.pl\/pracownik\/wp-json\/wp\/v2\/pages\/16457"}],"collection":[{"href":"https:\/\/us.edu.pl\/pracownik\/wp-json\/wp\/v2\/pages"}],"about":[{"href":"https:\/\/us.edu.pl\/pracownik\/wp-json\/wp\/v2\/types\/page"}],"author":[{"embeddable":true,"href":"https:\/\/us.edu.pl\/pracownik\/wp-json\/wp\/v2\/users\/41"}],"replies":[{"embeddable":true,"href":"https:\/\/us.edu.pl\/pracownik\/wp-json\/wp\/v2\/comments?post=16457"}],"version-history":[{"count":6,"href":"https:\/\/us.edu.pl\/pracownik\/wp-json\/wp\/v2\/pages\/16457\/revisions"}],"predecessor-version":[{"id":20183,"href":"https:\/\/us.edu.pl\/pracownik\/wp-json\/wp\/v2\/pages\/16457\/revisions\/20183"}],"up":[{"embeddable":true,"href":"https:\/\/us.edu.pl\/pracownik\/wp-json\/wp\/v2\/pages\/16282"}],"wp:attachment":[{"href":"https:\/\/us.edu.pl\/pracownik\/wp-json\/wp\/v2\/media?parent=16457"}],"curies":[{"name":"wp","href":"https:\/\/api.w.org\/{rel}","templated":true}]}}