{"id":16460,"date":"2022-01-31T14:28:43","date_gmt":"2022-01-31T13:28:43","guid":{"rendered":"https:\/\/us.edu.pl\/pracownik\/?page_id=16460"},"modified":"2023-01-31T14:07:57","modified_gmt":"2023-01-31T13:07:57","slug":"rada-ood","status":"publish","type":"page","link":"https:\/\/us.edu.pl\/pracownik\/sprawy-dydaktyczne\/pion-ksztalcenia\/ogolnoakademicka-oferta-dydaktyczna\/rada-ood\/","title":{"rendered":"Rada OOD"},"content":{"rendered":"<p>[vc_row][vc_column]\r\n                <div class=\"text-modules\">\r\n                    <div class=\"container\">\r\n                        <h3 class=\"page-title text__title\">RADA OOD<\/h3>\r\n                        <div class=\"text-modules__content\"><p>Sk\u0142ad Rady Og\u00f3lnoakademickiej Oferty Dydaktycznej:<\/p>\n<p><strong>Przewodnicz\u0105ca Rady:<\/strong><\/p>\n<ul>\n<li>dr Julia LEGOMSKA, prof. U\u015a<\/li>\n<\/ul>\n<p><strong>Cz\u0142onkowie Rady:<\/strong><\/p>\n<ul>\n<li>dr hab. Agnieszka BABCZY\u0143SKA, prof. U\u015a<\/li>\n<li>dr Bernard GRZONKA, prof. U\u015a<\/li>\n<li>dr hab. Witold KUROWSKI, prof. U\u015a<\/li>\n<li>dr hab. Jolanta SKUTNIK, prof. U\u015a<\/li>\n<li>dr Katarzyna SUJKOWSKA &#8211; SOBISZ, prof. U\u015a<\/li>\n<li>dr Anna SZCZERBA \u2013 ZUBEK, prof. U\u015a<\/li>\n<\/ul>\n<p><strong>Opieka administracyjna:<\/strong><\/p>\n<ul>\n<li>mgr Karol SIKORA, Dzia\u0142 Jako\u015bci i Analiz Strategicznych<\/li>\n<\/ul>\n<p>&nbsp;<\/p>\n<p><em>Rad\u0119 Og\u00f3lnoakademickiej Oferty Dydaktycznej powo\u0142a\u0142 Rektor Uniwersytetu \u015al\u0105skiego w dniu 14 wrze\u015bnia 2021 roku, na podstawie \u00a714 ust.3 Statutu Uniwersytetu \u015al\u0105skiego w Katowicach oraz \u00a73 zarz\u0105dzenia nr 155 Rektora Uniwersytetu \u015al\u0105skiego w Katowicach z dnia 13 wrze\u015bnia 2021 roku.<\/em><\/p>\n<\/div>\r\n                    <\/div>\r\n                <\/div>[\/vc_column][\/vc_row]<\/p>","protected":false},"excerpt":{"rendered":"<p>[vc_row][vc_column][\/vc_column][\/vc_row] [&#8230;]<\/p>\n<p><a class=\"btn btn-secondary understrap-read-more-link\" href=\"https:\/\/us.edu.pl\/pracownik\/sprawy-dydaktyczne\/pion-ksztalcenia\/ogolnoakademicka-oferta-dydaktyczna\/rada-ood\/\">Read More&#8230;<\/a><\/p>\n","protected":false},"author":41,"featured_media":0,"parent":16282,"menu_order":109,"comment_status":"closed","ping_status":"closed","template":"page-templates\/inner-page.php","meta":{"_expiration-date-status":"saved","_expiration-date":0,"_expiration-date-type":"","_expiration-date-categories":[],"_expiration-date-options":[]},"acf":[],"_links":{"self":[{"href":"https:\/\/us.edu.pl\/pracownik\/wp-json\/wp\/v2\/pages\/16460"}],"collection":[{"href":"https:\/\/us.edu.pl\/pracownik\/wp-json\/wp\/v2\/pages"}],"about":[{"href":"https:\/\/us.edu.pl\/pracownik\/wp-json\/wp\/v2\/types\/page"}],"author":[{"embeddable":true,"href":"https:\/\/us.edu.pl\/pracownik\/wp-json\/wp\/v2\/users\/41"}],"replies":[{"embeddable":true,"href":"https:\/\/us.edu.pl\/pracownik\/wp-json\/wp\/v2\/comments?post=16460"}],"version-history":[{"count":5,"href":"https:\/\/us.edu.pl\/pracownik\/wp-json\/wp\/v2\/pages\/16460\/revisions"}],"predecessor-version":[{"id":20176,"href":"https:\/\/us.edu.pl\/pracownik\/wp-json\/wp\/v2\/pages\/16460\/revisions\/20176"}],"up":[{"embeddable":true,"href":"https:\/\/us.edu.pl\/pracownik\/wp-json\/wp\/v2\/pages\/16282"}],"wp:attachment":[{"href":"https:\/\/us.edu.pl\/pracownik\/wp-json\/wp\/v2\/media?parent=16460"}],"curies":[{"name":"wp","href":"https:\/\/api.w.org\/{rel}","templated":true}]}}