{"id":16465,"date":"2022-01-31T14:31:30","date_gmt":"2022-01-31T13:31:30","guid":{"rendered":"https:\/\/us.edu.pl\/pracownik\/?page_id=16465"},"modified":"2023-10-18T11:16:11","modified_gmt":"2023-10-18T09:16:11","slug":"ood-aktualna-oferta","status":"publish","type":"page","link":"https:\/\/us.edu.pl\/pracownik\/sprawy-dydaktyczne\/pion-ksztalcenia\/ogolnoakademicka-oferta-dydaktyczna\/ood-aktualna-oferta\/","title":{"rendered":"OOD aktualna oferta"},"content":{"rendered":"<p>[vc_row][vc_column]\r\n                <div class=\"text-modules\">\r\n                    <div class=\"container\">\r\n                        <h3 class=\"page-title text__title\">Aktualna Oferta OOD<\/h3>\r\n                        <div class=\"text-modules__content\"><p>Og\u00f3lnoakademicka Oferta Dydaktyczna na rok akademicki 2023\/2024 z podzia\u0142em na ofert\u0119:<\/p>\n<ul>\n<li><a href=\"https:\/\/us.edu.pl\/pracownik\/wp-content\/uploads\/sites\/2\/Editor\/sprawy-dydatktyczne\/jakosc-ksztalcenia\/OOD\/OOD-MOG_lista_modulow-2023.pdf\" class=\"mtli_attachment mtli_pdf\" data-mtli=\"mtli_filesize519,40kB\" class=\"mtli_attachment mtli_pdf\" data-mtli=\"mtli_filesize519,40kB\" target=\"_blank\" rel=\"noopener\">modu\u0142\u00f3w og\u00f3lnoakademickich (MOG)<\/a>,<\/li>\n<li><a href=\"https:\/\/us.edu.pl\/pracownik\/wp-content\/uploads\/sites\/2\/Editor\/sprawy-dydatktyczne\/jakosc-ksztalcenia\/OOD\/OOD-MOS_lista_modulow-2023.pdf\" class=\"mtli_attachment mtli_pdf\" data-mtli=\"mtli_filesize512,44kB\" class=\"mtli_attachment mtli_pdf\" data-mtli=\"mtli_filesize512,44kB\" target=\"_blank\" rel=\"noopener\">modu\u0142\u00f3w og\u00f3lnoakademickich spo\u0142ecznych (MOS)<\/a><\/li>\n<li><a href=\"https:\/\/us.edu.pl\/pracownik\/wp-content\/uploads\/sites\/2\/Editor\/sprawy-dydatktyczne\/jakosc-ksztalcenia\/OOD\/OOD-MOH_lista_modulow-2023.pdf\" class=\"mtli_attachment mtli_pdf\" data-mtli=\"mtli_filesize377,04kB\" class=\"mtli_attachment mtli_pdf\" data-mtli=\"mtli_filesize377,04kB\" target=\"_blank\" rel=\"noopener\">modu\u0142\u00f3w og\u00f3lnoakademickich humanistycznych (MOH)<\/a>.<\/li>\n<\/ul>\n<p>\n<style type=\"text\/css\">a[data-mtli~=\"mtli_filesize519,40kB\"]:after {content:\" (519,40 kB)\"}a[data-mtli~=\"mtli_filesize512,44kB\"]:after {content:\" (512,44 kB)\"}a[data-mtli~=\"mtli_filesize377,04kB\"]:after {content:\" (377,04 kB)\"}<\/style><\/div>\r\n                    <\/div>\r\n                <\/div>[\/vc_column][\/vc_row]<\/p>\n<style type=\"text\/css\">a[data-mtli~=\"mtli_filesize519,40kB\"]:after {content:\" (519,40 kB)\"}a[data-mtli~=\"mtli_filesize512,44kB\"]:after {content:\" (512,44 kB)\"}a[data-mtli~=\"mtli_filesize377,04kB\"]:after {content:\" (377,04 kB)\"}<\/style>","protected":false},"excerpt":{"rendered":"<p>[vc_row][vc_column][\/vc_column][\/vc_row] [&#8230;]<\/p>\n<p><a class=\"btn btn-secondary understrap-read-more-link\" href=\"https:\/\/us.edu.pl\/pracownik\/sprawy-dydaktyczne\/pion-ksztalcenia\/ogolnoakademicka-oferta-dydaktyczna\/ood-aktualna-oferta\/\">Read More&#8230;<\/a><\/p>\n","protected":false},"author":41,"featured_media":0,"parent":16282,"menu_order":106,"comment_status":"closed","ping_status":"closed","template":"page-templates\/inner-page.php","meta":{"_expiration-date-status":"saved","_expiration-date":0,"_expiration-date-type":"","_expiration-date-categories":[],"_expiration-date-options":[]},"acf":[],"_links":{"self":[{"href":"https:\/\/us.edu.pl\/pracownik\/wp-json\/wp\/v2\/pages\/16465"}],"collection":[{"href":"https:\/\/us.edu.pl\/pracownik\/wp-json\/wp\/v2\/pages"}],"about":[{"href":"https:\/\/us.edu.pl\/pracownik\/wp-json\/wp\/v2\/types\/page"}],"author":[{"embeddable":true,"href":"https:\/\/us.edu.pl\/pracownik\/wp-json\/wp\/v2\/users\/41"}],"replies":[{"embeddable":true,"href":"https:\/\/us.edu.pl\/pracownik\/wp-json\/wp\/v2\/comments?post=16465"}],"version-history":[{"count":4,"href":"https:\/\/us.edu.pl\/pracownik\/wp-json\/wp\/v2\/pages\/16465\/revisions"}],"predecessor-version":[{"id":23413,"href":"https:\/\/us.edu.pl\/pracownik\/wp-json\/wp\/v2\/pages\/16465\/revisions\/23413"}],"up":[{"embeddable":true,"href":"https:\/\/us.edu.pl\/pracownik\/wp-json\/wp\/v2\/pages\/16282"}],"wp:attachment":[{"href":"https:\/\/us.edu.pl\/pracownik\/wp-json\/wp\/v2\/media?parent=16465"}],"curies":[{"name":"wp","href":"https:\/\/api.w.org\/{rel}","templated":true}]}}