{"id":16843,"date":"2022-03-04T13:31:20","date_gmt":"2022-03-04T12:31:20","guid":{"rendered":"https:\/\/us.edu.pl\/pracownik\/?page_id=16843"},"modified":"2022-03-10T14:03:51","modified_gmt":"2022-03-10T13:03:51","slug":"posiedzenie-komisji-10-03-2022","status":"publish","type":"page","link":"https:\/\/us.edu.pl\/pracownik\/sprawy-dydaktyczne\/senacka-komisja-ds-ksztalcenia\/senacka-komisja-ds-ksztalcenia-sklad-komisji\/kadencja-2020-2024\/posiedzenie-komisji-10-03-2022\/","title":{"rendered":"Posiedzenie komisji &#8211; 10.03.2022"},"content":{"rendered":"<p>[vc_row][vc_column]\r\n                <div class=\"text-modules\">\r\n                    <div class=\"container\">\r\n                        <h3 class=\"page-title text__title\">Posiedzenie Komisji ds. kszta\u0142cenia i student\u00f3w - 10 marca 2022 r.<\/h3>\r\n                        <div class=\"text-modules__content\"><p>Posiedzenie Komisji ds. kszta\u0142cenia i student\u00f3w, kt\u00f3re odb\u0119dzie si\u0119 <strong>10 marca 2022 r. o godz. 13.00 <\/strong>w sali nr <strong>B1.18 wej\u015bcie przez pok. B1.16 <\/strong>w budynku Wydzia\u0142u Humanistycznego przy ul. Uniwersyteckiej 4.<\/p>\n<p><strong>Porz\u0105dek posiedzenia.<\/strong><\/p>\n<p>1.Komunikaty Prorektor ds. kszta\u0142cenia i student\u00f3w;<\/p>\n<p>2. Informacja o sposobie realizacji zaj\u0119\u0107 dydaktycznych w semestrze letnim roku akademickiego 2021\/2022 przez poszczeg\u00f3lne jednostki dydaktyczne (wydzia\u0142y i kolegia);<\/p>\n<p>3. Opinia do projektu uchwa\u0142y Senatu <a href=\"https:\/\/us.edu.pl\/pracownik\/wp-content\/uploads\/sites\/2\/Editor\/sprawy-dydatktyczne\/Komisja-kszta\u0142cenia\/Kadencja-2020-2024\/20212022\/Projekt-uchwa\u0142y-zmieniaj\u0105cej-Wytyczne..docx\" class=\"mtli_attachment mtli_docx\" data-mtli=\"mtli_filesize16,02kB\" class=\"mtli_attachment mtli_docx\" data-mtli=\"mtli_filesize16,02kB\"><em>zmieniaj\u0105cej uchwa\u0142\u0119 w sprawie wytycznych dotycz\u0105cych wymaga\u0144 w zakresie tworzenia i zmiany program\u00f3w studi\u00f3w prowadzonych w Uniwersytecie \u015al\u0105skim w Katowicach<\/em> <\/a>dotycz\u0105cej opisu zak\u0142adanych efekt\u00f3w uczenia si\u0119 w zakresie pos\u0142ugiwania si\u0119 j\u0119zykiem obcym;<\/p>\n<p>4. Opinia do ustalenia <a href=\"https:\/\/us.edu.pl\/pracownik\/wp-content\/uploads\/sites\/2\/Editor\/sprawy-dydatktyczne\/Komisja-kszta\u0142cenia\/Kadencja-2020-2024\/20212022\/Logopedia-2022-23_II-st.-SS.zip\">programu studi\u00f3w na kierunku <strong>logopedia<\/strong> <\/a>\u2013studia stacjonarne drugiego stopnia &#8211; planowane utworzenie od roku akademickiego 2022\/2023;<\/p>\n<p>5. Opiniowanie modyfikacji program\u00f3w studi\u00f3w:<\/p>\n<ul>\n<li style=\"list-style-type: none;\">\n<ul>\n<li>na kierunku<a href=\"https:\/\/us.edu.pl\/pracownik\/wp-content\/uploads\/sites\/2\/Editor\/sprawy-dydatktyczne\/Komisja-kszta\u0142cenia\/Kadencja-2020-2024\/20212022\/Fil.-rosyjska-_-I-st.-SS-_-2020-21_2021-22_druga-wersja.zip\"> <strong>filologia rosyjska<\/strong><\/a> (studia stacjonarne pierwszego stopnia) \u2013 zmiana w cyklach 2020\/21, 2021\/22;<\/li>\n<li>na kierunku <a href=\"https:\/\/us.edu.pl\/pracownik\/wp-content\/uploads\/sites\/2\/Editor\/sprawy-dydatktyczne\/Komisja-kszta\u0142cenia\/Kadencja-2020-2024\/20212022\/WNS_pedagogika-II-stop.-stacjonarne-i-niestacjonarne.zip\"><strong>pedagogika<\/strong> na Wydziale Nauk Spo\u0142ecznych<\/a> (studia stacjonarne i niestacjonarne drugiego stopnia) dla cyklu 2022\/23<\/li>\n<li>na kierunku <strong>projektowanie gier i przestrzeni wirtualnej<\/strong>:<\/li>\n<\/ul>\n<\/li>\n<\/ul>\n<ul>\n<li style=\"list-style-type: none;\">\n<ul>\n<li style=\"list-style-type: none;\">\n<ul>\n<li><a href=\"https:\/\/us.edu.pl\/pracownik\/wp-content\/uploads\/sites\/2\/Editor\/sprawy-dydatktyczne\/Komisja-kszta\u0142cenia\/Kadencja-2020-2024\/20212022\/WSziNoE_projektowanie-gier-i-przestrzeni-wirtualnej-I-stop.zip\">studia stacjonarne pierwszego stopnia<\/a> \u2013 zmiana w cyklach 2019\/20, 2020\/21, 2021\/22,<\/li>\n<li><a href=\"https:\/\/us.edu.pl\/pracownik\/wp-content\/uploads\/sites\/2\/Editor\/sprawy-dydatktyczne\/Komisja-kszta\u0142cenia\/Kadencja-2020-2024\/20212022\/WSziNoE_projektowanie-gier-i-przestrzeni-wirtualnej-II-stop.zip\">studia stacjonarne drugiego stopnia<\/a> \u2013 zmiana w cyklu 2021\/22.<\/li>\n<\/ul>\n<\/li>\n<\/ul>\n<\/li>\n<\/ul>\n<p>6. Opiniowanie programu studi\u00f3w podyplomowych <em>\u201e<a href=\"https:\/\/us.edu.pl\/pracownik\/wp-content\/uploads\/sites\/2\/Editor\/sprawy-dydatktyczne\/Komisja-kszta\u0142cenia\/Kadencja-2020-2024\/20212022\/studia-podyplomowe.zip\">Doskonal\u0105ce studia podyplomowe dla nauczycieli szk\u00f3\u0142 podstawowych i ponadpodstawowych prowadz\u0105cych zaj\u0119cia z uczniami o zr\u00f3\u017cnicowanych potrzebach rozwojowych i edukacyjnych\u201d, <\/a><\/em>zadanie zlecone przez MEiN;<\/p>\n<p>7. Podj\u0119cie <a href=\"https:\/\/us.edu.pl\/pracownik\/wp-content\/uploads\/sites\/2\/Editor\/sprawy-dydatktyczne\/Komisja-kszta\u0142cenia\/Kadencja-2020-2024\/20212022\/dyplom-z-wyroznieniem_projekt.docx\" class=\"mtli_attachment mtli_docx\" data-mtli=\"mtli_filesize17,51kB\" class=\"mtli_attachment mtli_docx\" data-mtli=\"mtli_filesize17,51kB\">uchwa\u0142y okre\u015blaj\u0105cej przes\u0142anki uzyskania dyplomu z wyr\u00f3\u017cnieniem;<\/a><\/p>\n<p>8. Informacja dot. Wyr\u00f3\u017cnie\u0144 JM Rektora \u2013 najwa\u017cniejsze informacje, harmonogram, Gala wr\u0119czenia wyr\u00f3\u017cnie\u0144;<\/p>\n<p>9. Informacja o projekcie zarz\u0105dzenia Rektora w sprawie awans\u00f3w na stanowisko adiunkta dla nauczycieli akademickich zatrudnionych w grupie pracownik\u00f3w badawczych, badawczo-dydaktycznych i dydaktycznych;<\/p>\n<p>10. Informacja o projekcie <a href=\"https:\/\/us.edu.pl\/pracownik\/wp-content\/uploads\/sites\/2\/Editor\/sprawy-dydatktyczne\/Komisja-kszta\u0142cenia\/Kadencja-2020-2024\/20212022\/Regulamin-przyznawania-nagr\u00f3d.zip\"><em>Regulaminu przyznawania nagr\u00f3d Rektora dla nauczycieli akademickich w Uniwersytecie \u015al\u0105skim w Katowicach;<\/em><\/a><\/p>\n<p>11. <a href=\"https:\/\/us.edu.pl\/pracownik\/wp-content\/uploads\/sites\/2\/Editor\/sprawy-dydatktyczne\/Komisja-kszta\u0142cenia\/Kadencja-2020-2024\/20212022\/2020-2021-raport-jako\u015bci-ksztalcenia.docx\" class=\"mtli_attachment mtli_docx\" data-mtli=\"mtli_filesize345,02kB\" class=\"mtli_attachment mtli_docx\" data-mtli=\"mtli_filesize345,02kB\">Przyj\u0119cie Raportu jako\u015bci kszta\u0142cenia 2020\/2021;<\/a><\/p>\n<p>12. Informacja w sprawie realizacji wska\u017anik\u00f3w Strategii w obszarze: kszta\u0142cenie i studenci (z uwzgl\u0119dnieniem umi\u0119dzynarodowienia studi\u00f3w oraz dzia\u0142a\u0144 na rzecz realizacji projektu T4E);<\/p>\n<p>13. Wolne wnioski<\/p>\n<p>&nbsp;<\/p>\n<p>Uprzejmie prosz\u0119 o przygotowanie syntetycznej informacji o sposobie realizacji zaj\u0119\u0107 w Pa\u0144stwa jednostkach do pkt. 2 porz\u0105dku posiedzenia.<\/p>\n<style type=\"text\/css\">a[data-mtli~=\"mtli_filesize16,02kB\"]:after {content:\" (16,02 kB)\"}a[data-mtli~=\"mtli_filesize17,51kB\"]:after {content:\" (17,51 kB)\"}a[data-mtli~=\"mtli_filesize345,02kB\"]:after {content:\" (345,02 kB)\"}<\/style><\/div>\r\n                    <\/div>\r\n                <\/div>[\/vc_column][\/vc_row]<\/p>\n<style type=\"text\/css\">a[data-mtli~=\"mtli_filesize16,02kB\"]:after {content:\" (16,02 kB)\"}a[data-mtli~=\"mtli_filesize17,51kB\"]:after {content:\" (17,51 kB)\"}a[data-mtli~=\"mtli_filesize345,02kB\"]:after {content:\" (345,02 kB)\"}<\/style>","protected":false},"excerpt":{"rendered":"<p>[vc_row][vc_column][\/vc_column][\/vc_row] [&#8230;]<\/p>\n<p><a class=\"btn btn-secondary understrap-read-more-link\" href=\"https:\/\/us.edu.pl\/pracownik\/sprawy-dydaktyczne\/senacka-komisja-ds-ksztalcenia\/senacka-komisja-ds-ksztalcenia-sklad-komisji\/kadencja-2020-2024\/posiedzenie-komisji-10-03-2022\/\">Read More&#8230;<\/a><\/p>\n","protected":false},"author":31,"featured_media":0,"parent":5151,"menu_order":465,"comment_status":"closed","ping_status":"closed","template":"page-templates\/inner-page.php","meta":{"_expiration-date-status":"saved","_expiration-date":0,"_expiration-date-type":"","_expiration-date-categories":[],"_expiration-date-options":[]},"acf":[],"_links":{"self":[{"href":"https:\/\/us.edu.pl\/pracownik\/wp-json\/wp\/v2\/pages\/16843"}],"collection":[{"href":"https:\/\/us.edu.pl\/pracownik\/wp-json\/wp\/v2\/pages"}],"about":[{"href":"https:\/\/us.edu.pl\/pracownik\/wp-json\/wp\/v2\/types\/page"}],"author":[{"embeddable":true,"href":"https:\/\/us.edu.pl\/pracownik\/wp-json\/wp\/v2\/users\/31"}],"replies":[{"embeddable":true,"href":"https:\/\/us.edu.pl\/pracownik\/wp-json\/wp\/v2\/comments?post=16843"}],"version-history":[{"count":10,"href":"https:\/\/us.edu.pl\/pracownik\/wp-json\/wp\/v2\/pages\/16843\/revisions"}],"predecessor-version":[{"id":16887,"href":"https:\/\/us.edu.pl\/pracownik\/wp-json\/wp\/v2\/pages\/16843\/revisions\/16887"}],"up":[{"embeddable":true,"href":"https:\/\/us.edu.pl\/pracownik\/wp-json\/wp\/v2\/pages\/5151"}],"wp:attachment":[{"href":"https:\/\/us.edu.pl\/pracownik\/wp-json\/wp\/v2\/media?parent=16843"}],"curies":[{"name":"wp","href":"https:\/\/api.w.org\/{rel}","templated":true}]}}