{"id":17076,"date":"2022-04-06T13:02:12","date_gmt":"2022-04-06T11:02:12","guid":{"rendered":"https:\/\/us.edu.pl\/pracownik\/?page_id=17076"},"modified":"2022-04-11T12:26:52","modified_gmt":"2022-04-11T10:26:52","slug":"posiedzenie-komisji-13-04-2022","status":"publish","type":"page","link":"https:\/\/us.edu.pl\/pracownik\/sprawy-dydaktyczne\/senacka-komisja-ds-ksztalcenia\/senacka-komisja-ds-ksztalcenia-sklad-komisji\/kadencja-2020-2024\/posiedzenie-komisji-13-04-2022\/","title":{"rendered":"Posiedzenie komisji &#8211; 13.04.2022"},"content":{"rendered":"<p>[vc_row][vc_column]\r\n                <div class=\"text-modules\">\r\n                    <div class=\"container\">\r\n                        <h3 class=\"page-title text__title\">Posiedzenie Komisji ds. kszta\u0142cenia i student\u00f3w - 13 kwietnia 2022 r.<\/h3>\r\n                        <div class=\"text-modules__content\"><p>Posiedzenie Komisji ds. kszta\u0142cenia i student\u00f3w, kt\u00f3re odb\u0119dzie si\u0119 <strong>w \u015brod\u0119 13 kwietnia 2022 r<\/strong>. o godz. 13.00 \u00a0Spotkanie odb\u0119dzie si\u0119 na platformie MS Teams.<\/p>\n<p>&nbsp;<\/p>\n<p><strong>Porz\u0105dek posiedzenia.<\/strong><\/p>\n<ol>\n<li>Komunikaty Prorektor ds. kszta\u0142cenia i student\u00f3w;<\/li>\n<li>Koncepcja ujednolicenia od roku akad. 2023\/2024 kryteri\u00f3w i zasad rekrutacji na studia w ramach danego wydzia\u0142u;<\/li>\n<li>Opina do projektu organizacji roku akademickiego 2022\/2023;<\/li>\n<li>Opiniowanie programu studi\u00f3w podyplomowych <a href=\"https:\/\/us.edu.pl\/pracownik\/wp-content\/uploads\/sites\/2\/Editor\/sprawy-dydatktyczne\/Komisja-kszta\u0142cenia\/Kadencja-2020-2024\/20212022\/13-kwiecien\/logopeda.zip\">\u201ePodyplomowe Studia Logopedyczne specjalno\u015b\u0107: logopedia \u2013 przygotowanie do wykonywania zawodu logopedy\u201d<\/a><\/li>\n<li>Opiniowanie programu studi\u00f3w podyplomowych \u201eP<a href=\"https:\/\/us.edu.pl\/pracownik\/wp-content\/uploads\/sites\/2\/Editor\/sprawy-dydatktyczne\/Komisja-kszta\u0142cenia\/Kadencja-2020-2024\/20212022\/13-kwiecien\/nauczyciel-1.zip\">odyplomowe Studia Logopedyczne specjalno\u015b\u0107: logopedia \u2013 przygotowanie do wykonywania zawodu logopedy i nauczyciela logopedy\u201d;<\/a><\/li>\n<li>Opiniowanie programu studi\u00f3w podyplomowych <a href=\"https:\/\/us.edu.pl\/pracownik\/wp-content\/uploads\/sites\/2\/Editor\/sprawy-dydatktyczne\/Komisja-kszta\u0142cenia\/Kadencja-2020-2024\/20212022\/13-kwiecien\/cyber.zip\">\u201e<\/a><a href=\"https:\/\/us.edu.pl\/pracownik\/wp-content\/uploads\/sites\/2\/Editor\/sprawy-dydatktyczne\/Komisja-kszta\u0142cenia\/Kadencja-2020-2024\/20212022\/13-kwiecien\/cyber-1.zip\">Tokenizacja i automatyzacja proces\u00f3w w gospodarce cyfrowej. Aspekty prawne, technologiczne i zarz\u0105dcze\u201d<\/a>.<\/li>\n<li>Opiniowanie modyfikacji program\u00f3w studi\u00f3w:<\/li>\n<\/ol>\n<ul>\n<li style=\"list-style-type: none;\">\n<ul>\n<li>na kierunku pedagogika na Wydziale Nauk Spo\u0142ecznych <a href=\"https:\/\/us.edu.pl\/pracownik\/wp-content\/uploads\/sites\/2\/Editor\/sprawy-dydatktyczne\/Komisja-kszta\u0142cenia\/Kadencja-2020-2024\/20212022\/13-kwiecien\/WNS_pedagogika_II-stopie\u0144_studia-stacjonarne-i-niestacjonarne.zip\">(studia stacjonarne i niestacjonarne drugiego stopnia) dla cyklu 2022\/23,<\/a><\/li>\n<li>na kierunku pedagogika na Wydziale Sztuki i Nauk o Edukacji <a href=\"https:\/\/us.edu.pl\/pracownik\/wp-content\/uploads\/sites\/2\/Editor\/sprawy-dydatktyczne\/Komisja-kszta\u0142cenia\/Kadencja-2020-2024\/20212022\/13-kwiecien\/WSzNoE-_-pedagogika-_-II-st.-SS-i-NS-_-2022-23.zip\">(studia stacjonarne i niestacjonarne drugiego stopnia) dla cyklu 2022\/23,<\/a><\/li>\n<li>na kierunku projektowanie gier i przestrzeni wirtualnej:\n<ul>\n<li>studia <a href=\"https:\/\/us.edu.pl\/pracownik\/wp-content\/uploads\/sites\/2\/Editor\/sprawy-dydatktyczne\/Komisja-kszta\u0142cenia\/Kadencja-2020-2024\/20212022\/13-kwiecien\/WSziNoE_projektowanie-gier-i-przestrzeni-wirtualnej_I-stopie\u0144.zip\">stacjonarne pierwszego stopnia \u2013 zmiana w cyklach 2020\/21, 2021\/22,<\/a><\/li>\n<li>studia <a href=\"https:\/\/us.edu.pl\/pracownik\/wp-content\/uploads\/sites\/2\/Editor\/sprawy-dydatktyczne\/Komisja-kszta\u0142cenia\/Kadencja-2020-2024\/20212022\/13-kwiecien\/WSziNoE_projektowanie-gier-i-przestrzeni-wirtualnej_II-stopie\u0144.zip\">stacjonarne drugiego stopnia \u2013 zmiana w cyklu 2021\/22.<\/a><\/li>\n<\/ul>\n<\/li>\n<\/ul>\n<\/li>\n<\/ul>\n<ol start=\"7\">\n<li>Wolne wnioski.<\/li>\n<\/ol>\n<p>\n<\/div>\r\n                    <\/div>\r\n                <\/div>[\/vc_column][\/vc_row]<\/p>","protected":false},"excerpt":{"rendered":"<p>[vc_row][vc_column][\/vc_column][\/vc_row] [&#8230;]<\/p>\n<p><a class=\"btn btn-secondary understrap-read-more-link\" href=\"https:\/\/us.edu.pl\/pracownik\/sprawy-dydaktyczne\/senacka-komisja-ds-ksztalcenia\/senacka-komisja-ds-ksztalcenia-sklad-komisji\/kadencja-2020-2024\/posiedzenie-komisji-13-04-2022\/\">Read More&#8230;<\/a><\/p>\n","protected":false},"author":31,"featured_media":0,"parent":5151,"menu_order":462,"comment_status":"closed","ping_status":"closed","template":"page-templates\/inner-page.php","meta":{"_expiration-date-status":"saved","_expiration-date":0,"_expiration-date-type":"","_expiration-date-categories":[],"_expiration-date-options":[]},"acf":[],"_links":{"self":[{"href":"https:\/\/us.edu.pl\/pracownik\/wp-json\/wp\/v2\/pages\/17076"}],"collection":[{"href":"https:\/\/us.edu.pl\/pracownik\/wp-json\/wp\/v2\/pages"}],"about":[{"href":"https:\/\/us.edu.pl\/pracownik\/wp-json\/wp\/v2\/types\/page"}],"author":[{"embeddable":true,"href":"https:\/\/us.edu.pl\/pracownik\/wp-json\/wp\/v2\/users\/31"}],"replies":[{"embeddable":true,"href":"https:\/\/us.edu.pl\/pracownik\/wp-json\/wp\/v2\/comments?post=17076"}],"version-history":[{"count":10,"href":"https:\/\/us.edu.pl\/pracownik\/wp-json\/wp\/v2\/pages\/17076\/revisions"}],"predecessor-version":[{"id":17123,"href":"https:\/\/us.edu.pl\/pracownik\/wp-json\/wp\/v2\/pages\/17076\/revisions\/17123"}],"up":[{"embeddable":true,"href":"https:\/\/us.edu.pl\/pracownik\/wp-json\/wp\/v2\/pages\/5151"}],"wp:attachment":[{"href":"https:\/\/us.edu.pl\/pracownik\/wp-json\/wp\/v2\/media?parent=17076"}],"curies":[{"name":"wp","href":"https:\/\/api.w.org\/{rel}","templated":true}]}}