{"id":1739,"date":"2019-10-11T15:08:11","date_gmt":"2019-10-11T13:08:11","guid":{"rendered":"https:\/\/us.edu.pl\/pracownik\/?page_id=1739"},"modified":"2020-03-03T08:58:47","modified_gmt":"2020-03-03T07:58:47","slug":"strategia-hrs4r","status":"publish","type":"page","link":"https:\/\/us.edu.pl\/pracownik\/strategia-hrs4r\/","title":{"rendered":"Strategia HRS4R"},"content":{"rendered":"<p>[vc_row][vc_column][\/vc_column][\/vc_row][vc_row][vc_column]\r\n                <div class=\"text-modules\">\r\n                    <div class=\"container\">\r\n                        <h3 class=\"page-title text__title\">Strategia HRS4R<\/h3>\r\n                        <div class=\"text-modules__content\"><p>Strategia HR dla badaczy (The Human Resources Strategy for Researchers \u2013 HRS4R) to 5-etapowy proces, dzi\u0119ki kt\u00f3remu instytucje mog\u0105 dostosowa\u0107 swoj\u0105 polityk\u0119 kadrow\u0105 do zasad okre\u015blonych w Europejskiej Karcie Naukowca (EKN) i Kodeksie post\u0119powania przy rekrutacji pracownik\u00f3w naukowych (K&amp;K). Celem HRS4R jest udoskonalenie i zwi\u0119kszenie skuteczno\u015bci krajowych system\u00f3w badawczych wpieraj\u0105cych popraw\u0119 jako\u015bci bada\u0144 naukowych.<\/p>\n<p>Najwa\u017cniejszymi celami wprowadzenia zapis\u00f3w Karty i Kodeksu jest wzmocnienie innowacyjno\u015bci i konkurencyjno\u015bci nauki poprzez tworzenie atmosfery sprzyjaj\u0105cej pracy badawczej oraz zapewnienie naukowcom stabilnych warunk\u00f3w pracy na ka\u017cdym etapie \u015bcie\u017cki zawodowej, przyjaznego i etycznego \u015brodowiska pracy.<\/p>\n<p><strong>EUROPEJSKA KARTA NAUKOWCA<\/strong><\/p>\n<p>okre\u015bla prawa i obowi\u0105zki naukowc\u00f3w, instytucji ich zatrudniaj\u0105cych oraz organizacji finansuj\u0105cych badania naukowe. Znajduj\u0105 si\u0119 w niej zapisy dotycz\u0105ce m.in. oferowanych warunk\u00f3w pracy, rozwoju kariery naukowej oraz mobilno\u015bci mi\u0119dzynarodowej.<\/p>\n<p><strong>KODEKS POST\u0118POWANIA PRZY REKRUTACJI PRACOWNIK\u00d3W NAUKOWYCH<\/strong><\/p>\n<p>opisuje zasady rekrutacji, zapewniaj\u0105ce r\u00f3wne traktowanie wszystkich badaczy w Europie. Odnosi si\u0119 do sposobu informowania o\u00a0procedurach konkursowych, zapewnienia mo\u017cliwo\u015bci rozwoju zawodowego na wszystkich etapach kariery, a tak\u017ce realizacji zasad niedyskryminacji m.in. ze wzgl\u0119du na p\u0142e\u0107, wiek, pochodzenie, j\u0119zyk czy wyznanie.<\/p>\n<p>&nbsp;<\/p>\n<p>\u2192\u00a0<a title=\"Informacje na stronie euraxess.pl\" href=\"https:\/\/www.euraxess.pl\/pl\/poland\/naukowcy\/karta-i-kodeksnaukowcy\">Informacje na temat Europejskiej Karty Naukowca oraz Kodeksu Post\u0119powania przy rekrutacji pracownik\u00f3w naukowych<\/a><\/p>\n<p>\u2192\u00a0<a title=\"dokument PDF\" href=\"https:\/\/www.us.edu.pl\/sites\/www.us.edu.pl\/files\/imce\/wiadomosci\/pliki\/02_pl_europejska-karta-naukowca-i-kodeks-postepowania-przy-rekrutacji-pracownikow-naukowych.pdf\" class=\"mtli_attachment mtli_pdf\" class=\"mtli_attachment mtli_pdf\">Tekst Europejskiej Karty Naukowca oraz Kodeksu Post\u0119powania przy rekrutacji pracownik\u00f3w naukowych<\/a>\u00a0(dokument pdf w j\u0119zyku polskim, 870 kB)<\/p>\n<\/div>\r\n                    <\/div>\r\n                <\/div>[\/vc_column][\/vc_row]<\/p>","protected":false},"excerpt":{"rendered":"<p>[vc_row][vc_column][\/vc_column][\/vc_row][vc_row][vc_column][\/vc_column][\/vc_row] [&#8230;]<\/p>\n<p><a class=\"btn btn-secondary understrap-read-more-link\" href=\"https:\/\/us.edu.pl\/pracownik\/strategia-hrs4r\/\">Read More&#8230;<\/a><\/p>\n","protected":false},"author":1,"featured_media":0,"parent":0,"menu_order":341,"comment_status":"closed","ping_status":"closed","template":"page-templates\/inner-page.php","meta":{"_expiration-date-status":"saved","_expiration-date":0,"_expiration-date-type":"","_expiration-date-categories":[],"_expiration-date-options":[]},"acf":[],"_links":{"self":[{"href":"https:\/\/us.edu.pl\/pracownik\/wp-json\/wp\/v2\/pages\/1739"}],"collection":[{"href":"https:\/\/us.edu.pl\/pracownik\/wp-json\/wp\/v2\/pages"}],"about":[{"href":"https:\/\/us.edu.pl\/pracownik\/wp-json\/wp\/v2\/types\/page"}],"author":[{"embeddable":true,"href":"https:\/\/us.edu.pl\/pracownik\/wp-json\/wp\/v2\/users\/1"}],"replies":[{"embeddable":true,"href":"https:\/\/us.edu.pl\/pracownik\/wp-json\/wp\/v2\/comments?post=1739"}],"version-history":[{"count":2,"href":"https:\/\/us.edu.pl\/pracownik\/wp-json\/wp\/v2\/pages\/1739\/revisions"}],"predecessor-version":[{"id":6469,"href":"https:\/\/us.edu.pl\/pracownik\/wp-json\/wp\/v2\/pages\/1739\/revisions\/6469"}],"wp:attachment":[{"href":"https:\/\/us.edu.pl\/pracownik\/wp-json\/wp\/v2\/media?parent=1739"}],"curies":[{"name":"wp","href":"https:\/\/api.w.org\/{rel}","templated":true}]}}