{"id":17398,"date":"2022-05-06T08:37:35","date_gmt":"2022-05-06T06:37:35","guid":{"rendered":"https:\/\/us.edu.pl\/pracownik\/?page_id=17398"},"modified":"2022-05-12T08:30:12","modified_gmt":"2022-05-12T06:30:12","slug":"posiedzenie-komisji-12-05-2022","status":"publish","type":"page","link":"https:\/\/us.edu.pl\/pracownik\/sprawy-dydaktyczne\/senacka-komisja-ds-ksztalcenia\/senacka-komisja-ds-ksztalcenia-sklad-komisji\/kadencja-2020-2024\/posiedzenie-komisji-12-05-2022\/","title":{"rendered":"Posiedzenie komisji &#8211; 12.05.2022"},"content":{"rendered":"<p>[vc_row][vc_column]\r\n                <div class=\"text-modules\">\r\n                    <div class=\"container\">\r\n                        <h3 class=\"page-title text__title\">Posiedzenie Komisji ds. kszta\u0142cenia i student\u00f3w - 12 maja 2022 r.<\/h3>\r\n                        <div class=\"text-modules__content\"><p>Posiedzenie Komisji ds. kszta\u0142cenia i student\u00f3w, kt\u00f3re odb\u0119dzie si\u0119 <strong>w czwartek 12 maja 2022 r<\/strong>. o godz. 13.00\u00a0 <strong>na Wydziale Nauk Spo\u0142ecznych, sala 39 (parter)<\/strong>.<\/p>\n<p>&nbsp;<\/p>\n<p><strong>Porz\u0105dek posiedzenia.<\/strong><\/p>\n<ol>\n<li>Komunikaty Prorektor ds. kszta\u0142cenia i student\u00f3w;<\/li>\n<li><a href=\"https:\/\/us.edu.pl\/pracownik\/wp-content\/uploads\/sites\/2\/Editor\/sprawy-dydatktyczne\/Komisja-ksztalcenia\/Kadencja-2020-2024\/20212022\/12-maj\/Uchwala_dot_limitow-przyjec_2022_2023.docx\" class=\"mtli_attachment mtli_docx\" data-mtli=\"mtli_filesize16,25kB\" class=\"mtli_attachment mtli_docx\" data-mtli=\"mtli_filesize16,25kB\">Opinia do projektu <strong>uchwa\u0142y Senatu U\u015a<\/strong><\/a> w sprawie planowanych <a href=\"https:\/\/us.edu.pl\/pracownik\/wp-content\/uploads\/sites\/2\/Editor\/sprawy-dydatktyczne\/Komisja-ksztalcenia\/Kadencja-2020-2024\/20212022\/12-maj\/Limity-przyjec_zalacznik-do-uchwaly.xlsx\" class=\"mtli_attachment mtli_xlsx\" data-mtli=\"mtli_filesize22,59kB\" class=\"mtli_attachment mtli_xlsx\" data-mtli=\"mtli_filesize22,59kB\"><strong>limit\u00f3w przyj\u0119\u0107 kandydat\u00f3w<\/strong> <\/a>na pierwszy rok studi\u00f3w w Uniwersytecie \u015al\u0105skim w Katowicach na rok akademicki 2022\/2023;<\/li>\n<li>Opinia do projektu <a href=\"https:\/\/us.edu.pl\/pracownik\/wp-content\/uploads\/sites\/2\/Editor\/sprawy-dydatktyczne\/Komisja-ksztalcenia\/Kadencja-2020-2024\/20212022\/12-maj\/uchwala.zip\">uchwa\u0142y Senatu U\u015a zmieniaj\u0105cej uchwa\u0142\u0119 w sprawie warunk\u00f3w i trybu rekrutacji na I rok studi\u00f3w w Uniwersytecie \u015al\u0105skim w roku akademickim 2022\/2023 (w tym IRK Ukraina);<\/a><\/li>\n<li>Opinia do projektu uchwa\u0142y Senatu U\u015a <a href=\"https:\/\/us.edu.pl\/pracownik\/wp-content\/uploads\/sites\/2\/Editor\/sprawy-dydatktyczne\/Komisja-ksztalcenia\/Kadencja-2020-2024\/20212022\/12-maj\/uchwala_ws_przeliczania-ocen-na-rok-2022-2023-1.docx\" class=\"mtli_attachment mtli_docx\" data-mtli=\"mtli_filesize54,06kB\" class=\"mtli_attachment mtli_docx\" data-mtli=\"mtli_filesize54,06kB\">w sprawie zasad i sposobu przeliczania ocen ze \u015bwiadectw uzyskanych za granic\u0105 na potrzeby rekrutacji na studia pierwszego stopnia i jednolite studia magisterskie w Uniwersytecie \u015al\u0105skim w Katowicach na rok akademickie 2022\/2023;<\/a><\/li>\n<li>Opinie do wniosk\u00f3w w sprawie modyfikacji program\u00f3w studi\u00f3w obowi\u0105zuj\u0105ce od cyklu dydaktycznego 2022\/2023:<\/li>\n<\/ol>\n<ul>\n<li style=\"list-style-type: none;\">\n<ul>\n<li><a href=\"https:\/\/us.edu.pl\/pracownik\/wp-content\/uploads\/sites\/2\/Editor\/sprawy-dydatktyczne\/Komisja-ksztalcenia\/Kadencja-2020-2024\/20212022\/12-maj\/Doradztwo-polityczne-i-publiczne-stacjonarne-I-stopnia.zip\">Doradztwo polityczne i publiczne\u00a0 I stopie\u0144, stacjonarne<\/a><\/li>\n<li><a href=\"https:\/\/us.edu.pl\/pracownik\/wp-content\/uploads\/sites\/2\/Editor\/sprawy-dydatktyczne\/Komisja-ksztalcenia\/Kadencja-2020-2024\/20212022\/12-maj\/Fil.-polska-_-I-st.-SS-2.zip\">Filologia polska \u2013 I stopie\u0144, stacjonarne<\/a><\/li>\n<li><a href=\"https:\/\/us.edu.pl\/pracownik\/wp-content\/uploads\/sites\/2\/Editor\/sprawy-dydatktyczne\/Komisja-ksztalcenia\/Kadencja-2020-2024\/20212022\/12-maj\/Fil.-rosyjska-_-I-st.-SS.zip\">Filologia rosyjska \u2013 I stopie\u0144, stacjonarne<\/a><\/li>\n<li><a href=\"https:\/\/us.edu.pl\/pracownik\/wp-content\/uploads\/sites\/2\/Editor\/sprawy-dydatktyczne\/Komisja-ksztalcenia\/Kadencja-2020-2024\/20212022\/12-maj\/Fil.-slowianska-_-II-st.-SS.zip\">Filologia s\u0142owia\u0144ska \u2013 II stopie\u0144, stacjonarne<\/a><\/li>\n<li><a href=\"https:\/\/us.edu.pl\/pracownik\/wp-content\/uploads\/sites\/2\/Editor\/sprawy-dydatktyczne\/Komisja-ksztalcenia\/Kadencja-2020-2024\/20212022\/12-maj\/Geografia-_-II-st.-SS.zip\">Geografia \u2013 II stopie\u0144, stacjonarne<\/a><\/li>\n<li><a href=\"https:\/\/us.edu.pl\/pracownik\/wp-content\/uploads\/sites\/2\/Editor\/sprawy-dydatktyczne\/Komisja-ksztalcenia\/Kadencja-2020-2024\/20212022\/12-maj\/Inf.-nauk.-i-bibliot.-_-I-st.-SS_NS-1.zip\">Informacja naukowa i bibliotekoznawstwo \u2013 I stopie\u0144, stacjonarne i niestacjonarne<\/a><\/li>\n<li><a href=\"https:\/\/us.edu.pl\/pracownik\/wp-content\/uploads\/sites\/2\/Editor\/sprawy-dydatktyczne\/Komisja-ksztalcenia\/Kadencja-2020-2024\/20212022\/12-maj\/Kulturozn.-_-I-st.-SS.zip\">Kulturoznawstwo \u2013 I stopie\u0144, stacjonarne<\/a><\/li>\n<li><a href=\"https:\/\/us.edu.pl\/pracownik\/wp-content\/uploads\/sites\/2\/Editor\/sprawy-dydatktyczne\/Komisja-ksztalcenia\/Kadencja-2020-2024\/20212022\/12-maj\/Kultury-medi\u251c\u2502w-_-I-st.-SS-NS.zip\">Kultury medi\u00f3w \u2013 I stopie\u0144, stacjonarne i niestacjonarne<\/a><\/li>\n<li><a href=\"https:\/\/us.edu.pl\/pracownik\/wp-content\/uploads\/sites\/2\/Editor\/sprawy-dydatktyczne\/Komisja-ksztalcenia\/Kadencja-2020-2024\/20212022\/12-maj\/Miedzynarodowe-studia-nauk-politycznych-i-dyplomacji-stacjonarne-I-i-II-stopnia.zip\">Mi\u0119dzynarodowe studia nauk politycznych i dyplomacji \u2013 I i II stopie\u0144, stacjonarne<\/a><\/li>\n<li><a href=\"https:\/\/us.edu.pl\/pracownik\/wp-content\/uploads\/sites\/2\/Editor\/sprawy-dydatktyczne\/Komisja-ksztalcenia\/Kadencja-2020-2024\/20212022\/12-maj\/Praca-socjalna_studia-II-stopnia-stacjonarne-i-niestacjonarne.zip\">Praca socjalna \u2013 II stopie\u0144, stacjonarne i niestacjonarne<\/a><\/li>\n<li><a href=\"https:\/\/us.edu.pl\/pracownik\/wp-content\/uploads\/sites\/2\/Editor\/sprawy-dydatktyczne\/Komisja-ksztalcenia\/Kadencja-2020-2024\/20212022\/12-maj\/Socjologia_studia-II-stopnia-stacjonarne-i-niestacjonarne.zip\">Socjologia \u2013 II stopie\u0144, stacjonarne i niestacjonarne<\/a><\/li>\n<\/ul>\n<\/li>\n<\/ul>\n<p>\n<style type=\"text\/css\">a[data-mtli~=\"mtli_filesize16,25kB\"]:after {content:\" (16,25 kB)\"}a[data-mtli~=\"mtli_filesize22,59kB\"]:after {content:\" (22,59 kB)\"}a[data-mtli~=\"mtli_filesize54,06kB\"]:after {content:\" (54,06 kB)\"}<\/style><\/div>\r\n                    <\/div>\r\n                <\/div>[\/vc_column][\/vc_row]<\/p>\n<style type=\"text\/css\">a[data-mtli~=\"mtli_filesize16,25kB\"]:after {content:\" (16,25 kB)\"}a[data-mtli~=\"mtli_filesize22,59kB\"]:after {content:\" (22,59 kB)\"}a[data-mtli~=\"mtli_filesize54,06kB\"]:after {content:\" (54,06 kB)\"}<\/style>","protected":false},"excerpt":{"rendered":"<p>[vc_row][vc_column][\/vc_column][\/vc_row] [&#8230;]<\/p>\n<p><a class=\"btn btn-secondary understrap-read-more-link\" href=\"https:\/\/us.edu.pl\/pracownik\/sprawy-dydaktyczne\/senacka-komisja-ds-ksztalcenia\/senacka-komisja-ds-ksztalcenia-sklad-komisji\/kadencja-2020-2024\/posiedzenie-komisji-12-05-2022\/\">Read More&#8230;<\/a><\/p>\n","protected":false},"author":31,"featured_media":0,"parent":5151,"menu_order":457,"comment_status":"closed","ping_status":"closed","template":"page-templates\/inner-page.php","meta":{"_expiration-date-status":"saved","_expiration-date":0,"_expiration-date-type":"","_expiration-date-categories":[],"_expiration-date-options":[]},"acf":[],"_links":{"self":[{"href":"https:\/\/us.edu.pl\/pracownik\/wp-json\/wp\/v2\/pages\/17398"}],"collection":[{"href":"https:\/\/us.edu.pl\/pracownik\/wp-json\/wp\/v2\/pages"}],"about":[{"href":"https:\/\/us.edu.pl\/pracownik\/wp-json\/wp\/v2\/types\/page"}],"author":[{"embeddable":true,"href":"https:\/\/us.edu.pl\/pracownik\/wp-json\/wp\/v2\/users\/31"}],"replies":[{"embeddable":true,"href":"https:\/\/us.edu.pl\/pracownik\/wp-json\/wp\/v2\/comments?post=17398"}],"version-history":[{"count":10,"href":"https:\/\/us.edu.pl\/pracownik\/wp-json\/wp\/v2\/pages\/17398\/revisions"}],"predecessor-version":[{"id":17487,"href":"https:\/\/us.edu.pl\/pracownik\/wp-json\/wp\/v2\/pages\/17398\/revisions\/17487"}],"up":[{"embeddable":true,"href":"https:\/\/us.edu.pl\/pracownik\/wp-json\/wp\/v2\/pages\/5151"}],"wp:attachment":[{"href":"https:\/\/us.edu.pl\/pracownik\/wp-json\/wp\/v2\/media?parent=17398"}],"curies":[{"name":"wp","href":"https:\/\/api.w.org\/{rel}","templated":true}]}}