{"id":17563,"date":"2022-05-23T09:20:16","date_gmt":"2022-05-23T07:20:16","guid":{"rendered":"https:\/\/us.edu.pl\/pracownik\/?page_id=17563"},"modified":"2022-05-23T09:20:16","modified_gmt":"2022-05-23T07:20:16","slug":"posiedzenie-komisji-23-05-2022","status":"publish","type":"page","link":"https:\/\/us.edu.pl\/pracownik\/sprawy-dydaktyczne\/senacka-komisja-ds-ksztalcenia\/senacka-komisja-ds-ksztalcenia-sklad-komisji\/kadencja-2020-2024\/posiedzenie-komisji-23-05-2022\/","title":{"rendered":"Posiedzenie komisji &#8211; 23.05.2022"},"content":{"rendered":"<p>[vc_row][vc_column]\r\n                <div class=\"text-modules\">\r\n                    <div class=\"container\">\r\n                        <h3 class=\"page-title text__title\">Posiedzenie Komisji ds. kszta\u0142cenia i student\u00f3w - 12 maja 2022 r.<\/h3>\r\n                        <div class=\"text-modules__content\"><p>Specjalne posiedzenie Komisji ds. kszta\u0142cenia i student\u00f3w, kt\u00f3re odb\u0119dzie si\u0119 w poniedzia\u0142ek <strong>23 maja 2022 r. o godz. 13.00 \u2013 13.30<\/strong><\/p>\n<p>Spotkanie odb\u0119dzie si\u0119 na platformie MS Teams:<\/p>\n<p><a href=\"https:\/\/teams.microsoft.com\/l\/meetup-join\/19%3ameeting_OWU3YjI2OGMtMjZkNi00NDUzLTkzYmYtOGNjYTFlZjU3NjIw%40thread.v2\/0?context=%7b%22Tid%22%3a%2250c76291-0c80-4444-a2fb-4f8ab168c311%22%2c%22Oid%22%3a%22c35600bf-4814-4e5c-92bf-0f4cc57bae49%22%7d\">https:\/\/teams.microsoft.com\/l\/meetup-join\/19%3ameeting_OWU3YjI2OGMtMjZkNi00NDUzLTkzYmYtOGNjYTFlZjU3NjIw%40thread.v2\/0?context=%7b%22Tid%22%3a%2250c76291-0c80-4444-a2fb-4f8ab168c311%22%2c%22Oid%22%3a%22c35600bf-4814-4e5c-92bf-0f4cc57bae49%22%7d<\/a><\/p>\n<p>&nbsp;<\/p>\n<p>Spotkanie b\u0119dzie w ca\u0142o\u015bci po\u015bwi\u0119cone <a href=\"https:\/\/us.edu.pl\/pracownik\/wp-content\/uploads\/sites\/2\/Editor\/sprawy-dydatktyczne\/Komisja-ksztalcenia\/Kadencja-2020-2024\/20212022\/23-maj\/Zalacznik-nr-1-do-uchwaly-zmieniajacej_2022_2023_new.docx\" class=\"mtli_attachment mtli_docx\" data-mtli=\"mtli_filesize50,74kB\" class=\"mtli_attachment mtli_docx\" data-mtli=\"mtli_filesize50,74kB\">uchwale Senatu U\u015a w sprawie warunk\u00f3w i trybu rekrutacji oraz limitu przyj\u0119\u0107 na I rok studi\u00f3w w Uniwersytecie \u015al\u0105skim w roku akademickim 2022\/2023 dla obywateli z Ukrainy,<\/a> o kt\u00f3rych mowa w art. 1 ust. 1 i 2 ustawy z dnia 12 marca 2022 r. o pomocy obywatelom Ukrainy w zwi\u0105zku z konfliktem zbrojnym na terytorium tego pa\u0144stwa.<\/p>\n<p>\n<style type=\"text\/css\">a[data-mtli~=\"mtli_filesize50,74kB\"]:after {content:\" (50,74 kB)\"}<\/style><\/div>\r\n                    <\/div>\r\n                <\/div>[\/vc_column][\/vc_row]<\/p>\n<style type=\"text\/css\">a[data-mtli~=\"mtli_filesize50,74kB\"]:after {content:\" (50,74 kB)\"}<\/style>","protected":false},"excerpt":{"rendered":"<p>[vc_row][vc_column][\/vc_column][\/vc_row] [&#8230;]<\/p>\n<p><a class=\"btn btn-secondary understrap-read-more-link\" href=\"https:\/\/us.edu.pl\/pracownik\/sprawy-dydaktyczne\/senacka-komisja-ds-ksztalcenia\/senacka-komisja-ds-ksztalcenia-sklad-komisji\/kadencja-2020-2024\/posiedzenie-komisji-23-05-2022\/\">Read More&#8230;<\/a><\/p>\n","protected":false},"author":31,"featured_media":0,"parent":5151,"menu_order":452,"comment_status":"closed","ping_status":"closed","template":"page-templates\/inner-page.php","meta":{"_expiration-date-status":"saved","_expiration-date":0,"_expiration-date-type":"","_expiration-date-categories":[],"_expiration-date-options":[]},"acf":[],"_links":{"self":[{"href":"https:\/\/us.edu.pl\/pracownik\/wp-json\/wp\/v2\/pages\/17563"}],"collection":[{"href":"https:\/\/us.edu.pl\/pracownik\/wp-json\/wp\/v2\/pages"}],"about":[{"href":"https:\/\/us.edu.pl\/pracownik\/wp-json\/wp\/v2\/types\/page"}],"author":[{"embeddable":true,"href":"https:\/\/us.edu.pl\/pracownik\/wp-json\/wp\/v2\/users\/31"}],"replies":[{"embeddable":true,"href":"https:\/\/us.edu.pl\/pracownik\/wp-json\/wp\/v2\/comments?post=17563"}],"version-history":[{"count":1,"href":"https:\/\/us.edu.pl\/pracownik\/wp-json\/wp\/v2\/pages\/17563\/revisions"}],"predecessor-version":[{"id":17564,"href":"https:\/\/us.edu.pl\/pracownik\/wp-json\/wp\/v2\/pages\/17563\/revisions\/17564"}],"up":[{"embeddable":true,"href":"https:\/\/us.edu.pl\/pracownik\/wp-json\/wp\/v2\/pages\/5151"}],"wp:attachment":[{"href":"https:\/\/us.edu.pl\/pracownik\/wp-json\/wp\/v2\/media?parent=17563"}],"curies":[{"name":"wp","href":"https:\/\/api.w.org\/{rel}","templated":true}]}}