{"id":17811,"date":"2022-06-13T15:35:08","date_gmt":"2022-06-13T13:35:08","guid":{"rendered":"https:\/\/us.edu.pl\/pracownik\/?page_id=17811"},"modified":"2023-05-31T15:18:23","modified_gmt":"2023-05-31T13:18:23","slug":"dotychczasowe-dzialania","status":"publish","type":"page","link":"https:\/\/us.edu.pl\/pracownik\/sprawy-dydaktyczne\/nowa-koncepcja-studiow\/dotychczasowe-dzialania\/","title":{"rendered":"dotychczasowe dzia\u0142ania"},"content":{"rendered":"<p>[vc_row el_class=&#8221;container&#8221;][vc_column width=&#8221;4\/5&#8243;][vc_row_inner][vc_column_inner][vc_custom_heading text=&#8221;Dotychczasowe dzia\u0142ania&#8221; font_container=&#8221;tag:h2|font_size:3.4em|text_align:left|color:%23002e5a&#8221; use_theme_fonts=&#8221;yes&#8221; el_class=&#8221;section-title&#8221;][\/vc_column_inner][\/vc_row_inner][vc_row_inner content_placement=&#8221;middle&#8221;][vc_column_inner css=&#8221;.vc_custom_1653047881486{margin-top: 20px !important;}&#8221;][vc_empty_space height=&#8221;20px&#8221;]\r\n                <div class=\"text-modules\">\r\n                    <div class=\"container\">\r\n                        \r\n                        <div class=\"text-modules__content\"><p><span class=\"NormalTextRun SCXW192125090 BCX9\">Trwaj\u0105ce od 2020 roku prace obj\u0119\u0142y dotychczas etap konceptualizacji zwi\u0105zany z pog\u0142\u0119bianiem refleksji nad filozofi\u0105 proponowanych zmian. Przejawy tego zr\u00f3\u017cnicowanego sposobu my\u015blenia i refleksji mo\u017cna \u015bledzi\u0107, uczestnicz\u0105c w cyklicznych seminariach. Etap wymiany idei ma charakter otwarty, umo\u017cliwiaj\u0105cy szerok\u0105 dyskusj\u0119 sprzyjaj\u0105c\u0105 realizacji zmian wspieranych przez ca\u0142\u0105 spo\u0142eczno\u015b\u0107 uniwers<\/span><span class=\"NormalTextRun SCXW192125090 BCX9\">ytetu.<\/span><\/p>\n<\/div>\r\n                    <\/div>\r\n                <\/div>[\/vc_column_inner][\/vc_row_inner][vc_row_inner content_placement=&#8221;middle&#8221; el_class=&#8221;breadcrumbs&#8221; css=&#8221;.vc_custom_1655126095588{border-top-width: 15px !important;border-top-color: #f07d00 !important;border-top-style: solid !important;border-radius: 15px !important;}&#8221;][vc_column_inner width=&#8221;1\/2&#8243;][vc_single_image image=&#8221;17851&#8243; img_size=&#8221;full&#8221; style=&#8221;vc_box_shadow&#8221;][\/vc_column_inner][vc_column_inner width=&#8221;1\/2&#8243;][vc_empty_space height=&#8221;15px&#8221;]\r\n                <div class=\"text-modules\">\r\n                    <div class=\"container\">\r\n                        \r\n                        <div class=\"text-modules__content\"><\/p>\n<h3><strong>Materia\u0142y filmowe\u00a0<\/strong><\/h3>\n<p>&nbsp;<\/p>\n<p><span class=\"NormalTextRun SCXW238287897 BCX9\">Dotychczas odby\u0142o si\u0119 sze\u015b\u0107 <\/span><span class=\"NormalTextRun SCXW238287897 BCX9\">otwartych seminari\u00f3w naukowych. Ich nagrania dost\u0119pne s\u0105 dla wsp\u00f3lnoty akademickiej.\u00a0<\/span><\/p>\n<\/div>\r\n                    <\/div>\r\n                <\/div>[vc_btn title=&#8221;Nowa Koncepcja Studi\u00f3w&#8221; style=&#8221;outline-custom&#8221; outline_custom_color=&#8221;#002e5a&#8221; outline_custom_hover_background=&#8221;#002e5a&#8221; outline_custom_hover_text=&#8221;#ffffff&#8221; shape=&#8221;square&#8221; size=&#8221;lg&#8221; align=&#8221;center&#8221; custom_onclick=&#8221;true&#8221; link=&#8221;url:https%3A%2F%2Fus.edu.pl%2Fpracownik%2Fsprawy-dydaktyczne%2Fnowa-koncepcja-studiow%2F|title:przejd%C5%BA%20na%20stron%C4%99%20projektu%20||&#8221;][\/vc_column_inner][\/vc_row_inner][vc_empty_space height=&#8221;20px&#8221;][vc_row_inner content_placement=&#8221;middle&#8221; css=&#8221;.vc_custom_1655126619474{border-bottom-width: 1px !important;border-left-width: 10px !important;border-left-color: #fbb901 !important;border-left-style: solid !important;border-bottom-color: #fbb901 !important;border-bottom-style: solid !important;}&#8221; el_class=&#8221;rogi&#8221;][vc_column_inner css=&#8221;.vc_custom_1653047881486{margin-top: 20px !important;}&#8221;][\/vc_column_inner][\/vc_row_inner][vc_row_inner content_placement=&#8221;middle&#8221; css=&#8221;.vc_custom_1655126619474{border-bottom-width: 1px !important;border-left-width: 10px !important;border-left-color: #fbb901 !important;border-left-style: solid !important;border-bottom-color: #fbb901 !important;border-bottom-style: solid !important;}&#8221; el_class=&#8221;rogi&#8221;][vc_column_inner css=&#8221;.vc_custom_1653047881486{margin-top: 20px !important;}&#8221;]\r\n                <div class=\"text-modules\">\r\n                    <div class=\"container\">\r\n                        \r\n                        <div class=\"text-modules__content\"><\/p>\n<h3>Analiza<\/h3>\n<p>&nbsp;<\/p>\n<p><span class=\"TextRun SCXW71464981 BCX9\" lang=\"PL-PL\" xml:lang=\"PL-PL\" data-contrast=\"auto\"><span class=\"NormalTextRun SCXW71464981 BCX9\">Niejako r\u00f3wnocze\u015bnie z refleksj\u0105 realizowany jest etap wczesnej diagnostyki i przygotowanie do analizy grup interesariuszy projektu. Na tym etapie zesp\u00f3\u0142 zidentyfikowa\u0142 najwa\u017cniejsze grupy. Obecnie trwaj\u0105 prace nad przygotowaniem zakresu, zagadnie\u0144 i narz\u0119dzi do realizacji bada\u0144 we wszystkich wyodr\u0119bnionych grupach odbiorc\u00f3w i uczestnik\u00f3w projektu.\u00a0<\/span><\/span><\/p>\n<\/div>\r\n                    <\/div>\r\n                <\/div>[\/vc_column_inner][\/vc_row_inner][vc_row_inner content_placement=&#8221;middle&#8221;][vc_column_inner css=&#8221;.vc_custom_1653047881486{margin-top: 20px !important;}&#8221;][vc_empty_space height=&#8221;30px&#8221;][\/vc_column_inner][\/vc_row_inner][vc_row_inner content_placement=&#8221;middle&#8221; css=&#8221;.vc_custom_1655126565843{border-bottom-width: 1px !important;border-left-width: 10px !important;border-left-color: #9b132b !important;border-left-style: solid !important;border-bottom-color: #9b132b !important;border-bottom-style: solid !important;}&#8221; el_class=&#8221;rogi&#8221;][vc_column_inner css=&#8221;.vc_custom_1653047881486{margin-top: 20px !important;}&#8221;]\r\n                <div class=\"text-modules\">\r\n                    <div class=\"container\">\r\n                        \r\n                        <div class=\"text-modules__content\"><\/p>\n<h3>Benchmarking<\/h3>\n<p>&nbsp;<\/p>\n<p>R\u00f3wnolegle do tych prac zainicjowano tak\u017ce spotkania benchmarkingowe polegaj\u0105ce na por\u00f3wnaniu podobnych ofert i program\u00f3w realizowanych w szko\u0142ach wy\u017cszych w kraju i na \u015bwiecie.<\/p>\n<\/div>\r\n                    <\/div>\r\n                <\/div>[\/vc_column_inner][\/vc_row_inner][vc_row_inner content_placement=&#8221;middle&#8221;][vc_column_inner css=&#8221;.vc_custom_1653047881486{margin-top: 20px !important;}&#8221;][vc_empty_space height=&#8221;20px&#8221;][\/vc_column_inner][\/vc_row_inner][vc_row_inner content_placement=&#8221;middle&#8221; css=&#8221;.vc_custom_1655126727114{border-bottom-width: 1px !important;border-left-width: 10px !important;border-left-color: #6f6f6d !important;border-left-style: solid !important;border-bottom-color: #6f6f6d !important;border-bottom-style: solid !important;}&#8221; el_class=&#8221;rogi&#8221;][vc_column_inner css=&#8221;.vc_custom_1653047881486{margin-top: 20px !important;}&#8221;]\r\n                <div class=\"text-modules\">\r\n                    <div class=\"container\">\r\n                        \r\n                        <div class=\"text-modules__content\"><\/p>\n<h3>Badanie pilota\u017cowe<\/h3>\n<p>&nbsp;<\/p>\n<p>Uznaj\u0105c wag\u0119 wsp\u00f3\u0142uczestnictwa we wprowadzaniu zmian, w roku 2021 przeprowadzono pilota\u017cowe badanie uwzgl\u0119dniaj\u0105ce przegl\u0105d zagadnie\u0144 proponowanych do realizacji w ramach otwartej oferty modu\u0142\u00f3w uniwersyteckich oraz zakres zapotrzebowania wskazywanego przez przedstawicieli dydaktycznych rad kierunkowych. Por\u00f3wnawcza analiza tre\u015bci zamawianych i oferowanych, nap\u0142ywaj\u0105cych ze wszystkich niemal kierunk\u00f3w studi\u00f3w prowadzonych w Uniwersytecie, pozwoli\u0142a \u2013 zgodnie z zamierzeniem \u2013 na wyodr\u0119bnienie podstawowych blok\u00f3w uwzgl\u0119dniaj\u0105cych podobne tre\u015bci w zakresie oferty i zapotrzebowania. Znaczna cz\u0119\u015b\u0107 wst\u0119pnie zaproponowanych i zamawianych zagadnie\u0144 odwo\u0142ywa\u0142a si\u0119 do tre\u015bci \u0142\u0105cz\u0105cych zr\u00f3\u017cnicowane dziedziny i dyscypliny wiedzy (wskazuj\u0105c na interdyscyplinarno\u015b\u0107 oczekiwanej oferty), a tak\u017ce uwzgl\u0119dnia\u0142a najnowsze osi\u0105gni\u0119cia nauki oraz refleksje nad szeroko rozumian\u0105 kondycj\u0105 wsp\u00f3\u0142czesnego \u015bwiata. Wyodr\u0119bnione w pilota\u017cu zagadnienia s\u0105 dobrym prognostykiem dla projektowanych zmian i stanowi\u0105 punkt wyj\u015bcia do podj\u0119cia prac nad wyodr\u0119bnieniem merytorycznych obszar\u00f3w tworz\u0105cych otwart\u0105 ofert\u0119 kszta\u0142cenia uniwersyteckiego.<\/p>\n<p>Informacje uzyskane w ramach pilota\u017cu zosta\u0142y przekazane podczas spotkania z przedstawicielkami i przedstawicielami funkcyjnymi pionu dydaktycznego uczelni, kt\u00f3re odby\u0142o si\u0119 1 lutego 2022 r. W trakcie spotkania podsumowano ca\u0142y przebieg dotychczasowych dzia\u0142a\u0144 i nakre\u015blono kierunki dalszych prac w zakresie zainicjowanych zmian.<\/p>\n<\/div>\r\n                    <\/div>\r\n                <\/div>[\/vc_column_inner][\/vc_row_inner][vc_row_inner content_placement=&#8221;middle&#8221;][vc_column_inner css=&#8221;.vc_custom_1653047881486{margin-top: 20px !important;}&#8221;][vc_empty_space height=&#8221;20px&#8221;][\/vc_column_inner][\/vc_row_inner][vc_row_inner content_placement=&#8221;middle&#8221; css=&#8221;.vc_custom_1655127473976{border-bottom-width: 1px !important;border-left-width: 10px !important;border-left-color: #0094da !important;border-left-style: solid !important;border-bottom-color: #0094da !important;border-bottom-style: solid !important;}&#8221; el_class=&#8221;rogi&#8221;][vc_column_inner css=&#8221;.vc_custom_1653047881486{margin-top: 20px !important;}&#8221;]\r\n                <div class=\"text-modules\">\r\n                    <div class=\"container\">\r\n                        \r\n                        <div class=\"text-modules__content\"><\/p>\n<h3>Planowanie przedsi\u0119wzi\u0119cia<\/h3>\n<p>&nbsp;<\/p>\n<p>W lutym 2022 roku prace rozpocz\u0119\u0142y tak\u017ce wewn\u0105trzzespo\u0142owe grupy zadaniowe. Ka\u017cdy z podzespo\u0142\u00f3w skupia si\u0119 na innych aspektach planowanego przedsi\u0119wzi\u0119cia. I tak na poziomie og\u00f3lnym zainicjowane zosta\u0142y:<\/p>\n<ol>\n<li>dzia\u0142ania w zakresie wypracowania wytycznych i rekomendacji do projektowania znowelizowanych program\u00f3w studi\u00f3w,<\/li>\n<li>analizy prawno-organizacyjne dotycz\u0105ce implementacji tych wytycznych do programu kszta\u0142cenia,<\/li>\n<li>dyskusje nad stworzeniem skutecznych i efektywnych strategii komunikacyjnych.<\/li>\n<\/ol>\n<p>W obszarze dzia\u0142a\u0144 szczeg\u00f3\u0142owych natomiast wyodr\u0119bnione zespo\u0142y podj\u0119\u0142y dzia\u0142ania w zakresie:<\/p>\n<ol start=\"4\">\n<li>wypracowania formalnego kszta\u0142tu modu\u0142\u00f3w otwartych, w tym ich zdefiniowania,<\/li>\n<li>wskazania zasad i zakresu swobody ich obieralno\u015bci,<\/li>\n<li>opracowania modu\u0142u wzorcowego.<\/li>\n<\/ol>\n<p>\n<\/div>\r\n                    <\/div>\r\n                <\/div>[\/vc_column_inner][\/vc_row_inner][vc_row_inner content_placement=&#8221;middle&#8221;][vc_column_inner css=&#8221;.vc_custom_1653047881486{margin-top: 20px !important;}&#8221;][vc_empty_space height=&#8221;20px&#8221;][\/vc_column_inner][\/vc_row_inner][vc_row_inner content_placement=&#8221;middle&#8221; css=&#8221;.vc_custom_1655126619474{border-bottom-width: 1px !important;border-left-width: 10px !important;border-left-color: #fbb901 !important;border-left-style: solid !important;border-bottom-color: #fbb901 !important;border-bottom-style: solid !important;}&#8221; el_class=&#8221;rogi&#8221;][vc_column_inner css=&#8221;.vc_custom_1653047881486{margin-top: 20px !important;}&#8221;]\r\n                <div class=\"text-modules\">\r\n                    <div class=\"container\">\r\n                        \r\n                        <div class=\"text-modules__content\"><\/p>\n<h3>Podsumowanie dotychczasowych dzia\u0142a\u0144<\/h3>\n<p>&nbsp;<\/p>\n<p>Prace nad koncepcj\u0105 rozpocz\u0119\u0142y si\u0119 w pa\u017adzierniku 2020 roku. Wtedy powo\u0142any zosta\u0142 zesp\u00f3\u0142 ds. Nowej Koncepcji Studi\u00f3w, kt\u00f3ry przez pierwsze 20 miesi\u0119cy pracowa\u0142 nad za\u0142o\u017ceniami. Nast\u0119pnie w czerwcu 2022 roku wyodr\u0119bniono zespo\u0142y ds. kszta\u0142cenia j\u0119zykowego, ds. kszta\u0142cenia nauczycielskiego oraz ds. opracowania akt\u00f3w prawnych. Od stycznia 2021 roku prowadzono konsultacje z pionami dydaktycznymi wszystkich wydzia\u0142\u00f3w, a od pa\u017adziernika 2022 roku z dyrekcjami poszczeg\u00f3lnych kierunk\u00f3w. W okresie stycze\u0144\u2013maj 2022 roku przeprowadzono analiz\u0119 program\u00f3w studi\u00f3w pod k\u0105tem formalno-prawnym, a od czerwca 2022 roku rozpocz\u0119to prace nad wyodr\u0119bnieniem obszar\u00f3w.<\/p>\n<p>Podsumowanie dotychczasowych dzia\u0142a\u0144 ilustruje schemat przygotowany w wersji graficznej.<\/p>\n<p><strong>Pobierz:<\/strong><\/p>\n<p><a class=\"bg-blue mtli_attachment mtli_pdf mtli_attachment mtli_pdf\" style=\"padding: 5px;\" href=\"https:\/\/us.edu.pl\/pracownik\/wp-content\/uploads\/sites\/2\/Editor\/NKS-nowa-koncepcja\/AKTUALNY-schemat_prac_NKS.pdf\" data-mtli=\"mtli_filesize506,70kB\" data-mtli=\"mtli_filesize506,70kB\">Schemat prac nad Now\u0105 Koncepcj\u0105 Studi\u00f3w (NKS)<\/a><\/p>\n<p><a class=\"bg-blue mtli_attachment mtli_docx mtli_attachment mtli_docx\" style=\"padding: 5px;\" href=\"https:\/\/us.edu.pl\/pracownik\/wp-content\/uploads\/sites\/2\/Editor\/NKS-nowa-koncepcja\/Schemat-prac-nad-nowa-koncepcja-studiow_wersja-tekstowa.docx\" data-mtli=\"mtli_filesize20,64kB\" data-mtli=\"mtli_filesize20,64kB\">Schemat prac nad Now\u0105 Koncepcj\u0105 Studi\u00f3w (wersja tekstowa)<\/a><\/p>\n<style type=\"text\/css\">a[data-mtli~=\"mtli_filesize506,70kB\"]:after {content:\" (506,70 kB)\"}a[data-mtli~=\"mtli_filesize20,64kB\"]:after {content:\" (20,64 kB)\"}<\/style><\/div>\r\n                    <\/div>\r\n                <\/div>[\/vc_column_inner][\/vc_row_inner][vc_row_inner content_placement=&#8221;middle&#8221;][vc_column_inner css=&#8221;.vc_custom_1653047881486{margin-top: 20px !important;}&#8221;][vc_empty_space height=&#8221;20px&#8221;][\/vc_column_inner][\/vc_row_inner][\/vc_column][vc_column width=&#8221;1\/5&#8243; css=&#8221;.vc_custom_1655116292854{border: 3px solid #f2f2f2 !important;border-radius: 3px !important;}&#8221;]\r\n                <div class=\"text-modules\">\r\n                    <div class=\"container\">\r\n                        \r\n                        <div class=\"text-modules__content\"><\/p>\n<p style=\"text-align: center; font-size: 120%;\">przysz\u0142o\u015b\u0107 kszta\u0142cenia uniwersyteckiego<\/p>\n<p>\n<\/div>\r\n                    <\/div>\r\n                <\/div>[vc_wp_text]<\/p>\n<p style=\"text-align: center;\">strona projektu:<\/p>\n<p>[\/vc_wp_text][vc_btn title=&#8221;Nowa Koncepcja Studi\u00f3w&#8221; style=&#8221;outline-custom&#8221; outline_custom_color=&#8221;#002e5a&#8221; outline_custom_hover_background=&#8221;#002e5a&#8221; outline_custom_hover_text=&#8221;#ffffff&#8221; shape=&#8221;square&#8221; size=&#8221;lg&#8221; align=&#8221;center&#8221; custom_onclick=&#8221;true&#8221; link=&#8221;url:https%3A%2F%2Fus.edu.pl%2Fpracownik%2Fsprawy-dydaktyczne%2Fnowa-koncepcja-studiow%2F|title:przejd%C5%BA%20na%20stron%C4%99%20projektu%20||&#8221;][\/vc_column][\/vc_row][vc_row el_class=&#8221;container&#8221;][vc_column][\/vc_column][\/vc_row]<\/p>\n<style type=\"text\/css\">a[data-mtli~=\"mtli_filesize506,70kB\"]:after {content:\" (506,70 kB)\"}a[data-mtli~=\"mtli_filesize20,64kB\"]:after {content:\" (20,64 kB)\"}<\/style>","protected":false},"excerpt":{"rendered":"<p>[vc_row el_class=&#8221;container&#8221;][vc_column width=&#8221;4\/5&#8243;][vc_row_inner][vc_column_inner][vc_custom_heading text=&#8221;Dotychczasowe dzia\u0142ania&#8221; font_container=&#8221;tag:h2|font_size:3.4em|text_align:left|color:%23002e5a&#8221; use_theme_fonts=&#8221;yes&#8221; el_class=&#8221;section-title&#8221;][\/vc_column_inner][\/vc_row_inner][vc_row_inner content_placement=&#8221;middle&#8221;][vc_column_inner css=&#8221;.vc_custom_1653047881486{margin-top: 20px !important;}&#8221;][vc_empty_space height=&#8221;20px&#8221;][\/vc_column_inner][\/vc_row_inner][vc_row_inner content_placement=&#8221;middle&#8221; el_class=&#8221;breadcrumbs&#8221; css=&#8221;.vc_custom_1655126095588{border-top-width: 15px !important;border-top-color: #f07d00 !important;border-top-style: solid !important;border-radius: 15px !important;}&#8221;][vc_column_inner width=&#8221;1\/2&#8243;][vc_single_image image=&#8221;17851&#8243; img_size=&#8221;full&#8221; style=&#8221;vc_box_shadow&#8221;][\/vc_column_inner][vc_column_inner width=&#8221;1\/2&#8243;][vc_empty_space height=&#8221;15px&#8221;][vc_btn title=&#8221;Nowa Koncepcja Studi\u00f3w&#8221; style=&#8221;outline-custom&#8221; outline_custom_color=&#8221;#002e5a&#8221; outline_custom_hover_background=&#8221;#002e5a&#8221; outline_custom_hover_text=&#8221;#ffffff&#8221; shape=&#8221;square&#8221; size=&#8221;lg&#8221; align=&#8221;center&#8221; custom_onclick=&#8221;true&#8221; link=&#8221;url:https%3A%2F%2Fus.edu.pl%2Fpracownik%2Fsprawy-dydaktyczne%2Fnowa-koncepcja-studiow%2F|title:przejd%C5%BA%20na%20stron%C4%99%20projektu%20||&#8221;][\/vc_column_inner][\/vc_row_inner][vc_empty_space height=&#8221;20px&#8221;][vc_row_inner content_placement=&#8221;middle&#8221; css=&#8221;.vc_custom_1655126619474{border-bottom-width: 1px !important;border-left-width: 10px !important;border-left-color: #fbb901 !important;border-left-style: solid !important;border-bottom-color: #fbb901 !important;border-bottom-style: [&#8230;]<\/p>\n<p><a class=\"btn btn-secondary understrap-read-more-link\" href=\"https:\/\/us.edu.pl\/pracownik\/sprawy-dydaktyczne\/nowa-koncepcja-studiow\/dotychczasowe-dzialania\/\">Read More&#8230;<\/a><\/p>\n","protected":false},"author":26,"featured_media":0,"parent":17170,"menu_order":95,"comment_status":"closed","ping_status":"closed","template":"","meta":{"_expiration-date-status":"","_expiration-date":0,"_expiration-date-type":"","_expiration-date-categories":[],"_expiration-date-options":[]},"acf":[],"_links":{"self":[{"href":"https:\/\/us.edu.pl\/pracownik\/wp-json\/wp\/v2\/pages\/17811"}],"collection":[{"href":"https:\/\/us.edu.pl\/pracownik\/wp-json\/wp\/v2\/pages"}],"about":[{"href":"https:\/\/us.edu.pl\/pracownik\/wp-json\/wp\/v2\/types\/page"}],"author":[{"embeddable":true,"href":"https:\/\/us.edu.pl\/pracownik\/wp-json\/wp\/v2\/users\/26"}],"replies":[{"embeddable":true,"href":"https:\/\/us.edu.pl\/pracownik\/wp-json\/wp\/v2\/comments?post=17811"}],"version-history":[{"count":10,"href":"https:\/\/us.edu.pl\/pracownik\/wp-json\/wp\/v2\/pages\/17811\/revisions"}],"predecessor-version":[{"id":21848,"href":"https:\/\/us.edu.pl\/pracownik\/wp-json\/wp\/v2\/pages\/17811\/revisions\/21848"}],"up":[{"embeddable":true,"href":"https:\/\/us.edu.pl\/pracownik\/wp-json\/wp\/v2\/pages\/17170"}],"wp:attachment":[{"href":"https:\/\/us.edu.pl\/pracownik\/wp-json\/wp\/v2\/media?parent=17811"}],"curies":[{"name":"wp","href":"https:\/\/api.w.org\/{rel}","templated":true}]}}