{"id":17888,"date":"2022-06-15T09:43:32","date_gmt":"2022-06-15T07:43:32","guid":{"rendered":"https:\/\/us.edu.pl\/pracownik\/?page_id=17888"},"modified":"2022-06-21T11:02:43","modified_gmt":"2022-06-21T09:02:43","slug":"posiedzenie-komisji-20-06-2022","status":"publish","type":"page","link":"https:\/\/us.edu.pl\/pracownik\/sprawy-dydaktyczne\/senacka-komisja-ds-ksztalcenia\/senacka-komisja-ds-ksztalcenia-sklad-komisji\/kadencja-2020-2024\/posiedzenie-komisji-20-06-2022\/","title":{"rendered":"Posiedzenie komisji &#8211; 20.06.2022"},"content":{"rendered":"<p>[vc_row][vc_column]\r\n                <div class=\"text-modules\">\r\n                    <div class=\"container\">\r\n                        <h3 class=\"page-title text__title\">Posiedzenie Komisji ds. kszta\u0142cenia i student\u00f3w - 20 czerwca 2022 r.<\/h3>\r\n                        <div class=\"text-modules__content\"><p>Posiedzenie Komisji ds. kszta\u0142cenia i student\u00f3w, kt\u00f3re odb\u0119dzie si\u0119 <strong>w poniedzia\u0142ek 20 czerwca 2022 r. o godz. 13.00 w Rektoracie Uniwersytetu \u015al\u0105skiego w Katowicach w sali 1.20.<\/strong><\/p>\n<p>Porz\u0105dek posiedzenia:<\/p>\n<p>1. Komunikaty Prorektora ds. kszta\u0142cenia i student\u00f3w.<\/p>\n<p>2. Opinia do projektu <a href=\"https:\/\/us.edu.pl\/pracownik\/wp-content\/uploads\/sites\/2\/Editor\/sprawy-dydatktyczne\/Komisja-ksztalcenia\/Kadencja-2020-2024\/20212022\/20-czerwiec\/uchwala-rekrutacyjna-1.zip\">uchwa\u0142y w sprawie warunk\u00f3w i trybu rekrutacji na I rok studi\u00f3w w Uniwersytecie \u015al\u0105skim w roku akademickim 2023\/2024.<\/a><\/p>\n<p>3. Opinia do projektu <a href=\"https:\/\/us.edu.pl\/pracownik\/wp-content\/uploads\/sites\/2\/Editor\/sprawy-dydatktyczne\/Komisja-ksztalcenia\/Kadencja-2020-2024\/20212022\/20-czerwiec\/Uchwala-zmieniajaca-uchwale-rekrutacyjna_2022_2023.docx\" class=\"mtli_attachment mtli_docx\" data-mtli=\"mtli_filesize26,27kB\" class=\"mtli_attachment mtli_docx\" data-mtli=\"mtli_filesize26,27kB\">uchwa\u0142y zmieniaj\u0105cej w sprawie warunk\u00f3w i trybu rekrutacji na I rok studi\u00f3w w Uniwersytecie \u015al\u0105skim w roku akademickim 2022\/2023.<\/a><\/p>\n<p>4. Opinia do projektu <a href=\"https:\/\/us.edu.pl\/pracownik\/wp-content\/uploads\/sites\/2\/Editor\/sprawy-dydatktyczne\/Komisja-ksztalcenia\/Kadencja-2020-2024\/20212022\/20-czerwiec\/Uchwala-zmieniajaca-uchwale-ws.-limitow-2022-2023.docx\" class=\"mtli_attachment mtli_docx\" data-mtli=\"mtli_filesize26,18kB\" class=\"mtli_attachment mtli_docx\" data-mtli=\"mtli_filesize26,18kB\">uchwa\u0142y zmieniaj\u0105cej w sprawie planowanych limit\u00f3w przyj\u0119\u0107 kandydat\u00f3w na pierwszy rok studi\u00f3w w Uniwersytecie \u015al\u0105skim w Katowicach na rok akademicki 2022\/2023.<\/a><\/p>\n<p>5. Opiniowanie kandydatury do nagrody Ministra Edukacji i Nauki za znacz\u0105ce osi\u0105gni\u0119cia w zakresie dzia\u0142alno\u015bci dydaktycznej.<\/p>\n<p>6. Opinia do projektu programu nowych studi\u00f3w podyplomowych:<\/p>\n<ol>\n<li style=\"list-style-type: none;\">\n<ol style=\"list-style-type: lower-alpha;\">\n<li><a href=\"https:\/\/us.edu.pl\/pracownik\/wp-content\/uploads\/sites\/2\/Editor\/sprawy-dydatktyczne\/Komisja-ksztalcenia\/Kadencja-2020-2024\/20212022\/20-czerwiec\/Doskonalace-studia-podyplomowe-dla-nauczycieli-edukacji-wczesnoszkolnej-w-zakresie-edukacji-informatycznej-1.zip\">Doskonal\u0105ce studia podyplomowe\u00a0 dla nauczycieli edukacji wczesnoszkolnej w zakresie edukacji informatycznej;<\/a><\/li>\n<li><a href=\"https:\/\/us.edu.pl\/pracownik\/wp-content\/uploads\/sites\/2\/Editor\/sprawy-dydatktyczne\/Komisja-ksztalcenia\/Kadencja-2020-2024\/20212022\/20-czerwiec\/Kwalifikacyjne-studia-podyplomowe-przygotowujace-nauczycieli-do-nauczania-informatyki-1.zip\">Kwalifikacyjne studia podyplomowe przygotowuj\u0105ce \u00a0nauczycieli do nauczania informatyki;<\/a><\/li>\n<li><a href=\"https:\/\/us.edu.pl\/pracownik\/wp-content\/uploads\/sites\/2\/Editor\/sprawy-dydatktyczne\/Komisja-ksztalcenia\/Kadencja-2020-2024\/20212022\/20-czerwiec\/Doskonalace-studia-podyplomowe-dla-nauczycieli-informatyki-1.zip\">Doskonal\u0105ce studia podyplomowe dla nauczycieli informatyki.<\/a><\/li>\n<\/ol>\n<\/li>\n<\/ol>\n<p>7. Opinie do wniosk\u00f3w w sprawie modyfikacji program\u00f3w studi\u00f3w:<\/p>\n<p style=\"padding-left: 40px;\"><u>\u00a0<\/u><u>obowi\u0105zuj\u0105ce od cyklu dydaktycznego 2022\/2023:<\/u><\/p>\n<ol>\n<li style=\"list-style-type: none;\">\n<ol style=\"list-style-type: lower-alpha;\">\n<li><a href=\"https:\/\/us.edu.pl\/pracownik\/wp-content\/uploads\/sites\/2\/Editor\/sprawy-dydatktyczne\/Komisja-ksztalcenia\/Kadencja-2020-2024\/20212022\/20-czerwiec\/Administracja-_-II-st.-NS.zip\">administracja II stopie\u0144, studia niestacjonarne;<\/a><\/li>\n<li><a href=\"https:\/\/us.edu.pl\/pracownik\/wp-content\/uploads\/sites\/2\/Editor\/sprawy-dydatktyczne\/Komisja-ksztalcenia\/Kadencja-2020-2024\/20212022\/20-czerwiec\/Administrowanie-srodow.-_-II-st.-SS.zip\">administrowanie \u015brodowiskiem II stopie\u0144, studia stacjonarne;<\/a><\/li>\n<li><a href=\"https:\/\/us.edu.pl\/pracownik\/wp-content\/uploads\/sites\/2\/Editor\/sprawy-dydatktyczne\/Komisja-ksztalcenia\/Kadencja-2020-2024\/20212022\/20-czerwiec\/Bezpieczenstwo-narodowe-i-miedzynarodowe-II-st.-studia-stacjonarne-i-niestacjonarne.zip\">bezpiecze\u0144stwo narodowe i mi\u0119dzynarodowe II stopie\u0144, studia stacjonarne i niestacjonarne;<\/a><\/li>\n<li><a href=\"https:\/\/us.edu.pl\/pracownik\/wp-content\/uploads\/sites\/2\/Editor\/sprawy-dydatktyczne\/Komisja-ksztalcenia\/Kadencja-2020-2024\/20212022\/20-czerwiec\/Biofizyka_II-st_stacjonarne-specjalnosc-w-jez.-angielskim.zip\">biofizyka \u2013 spec. nauka o materia\u0142ach biologicznych i farmaceutycznych \u2013 w j\u0119zyku angielskim II stopie\u0144, studia stacjonarne;<\/a><\/li>\n<li><a href=\"https:\/\/us.edu.pl\/pracownik\/wp-content\/uploads\/sites\/2\/Editor\/sprawy-dydatktyczne\/Komisja-ksztalcenia\/Kadencja-2020-2024\/20212022\/20-czerwiec\/Creative-managment-_-II-st.-SS.zip\">creative management in new media (zarz\u0105dzanie kreatywne w nowych mediach) II stopie\u0144, studia stacjonarne;<\/a><\/li>\n<li><a href=\"https:\/\/us.edu.pl\/pracownik\/wp-content\/uploads\/sites\/2\/Editor\/sprawy-dydatktyczne\/Komisja-ksztalcenia\/Kadencja-2020-2024\/20212022\/20-czerwiec\/Edukacja-artystyczna-w-zakresie-sztuki-muzycznej-_II-st.-_-studia-stacjonarne.zip\">edukacja artystyczna w zakresie sztuki muzycznej II stopie\u0144, studia stacjonarne;<\/a><\/li>\n<li><a href=\"https:\/\/us.edu.pl\/pracownik\/wp-content\/uploads\/sites\/2\/Editor\/sprawy-dydatktyczne\/Komisja-ksztalcenia\/Kadencja-2020-2024\/20212022\/20-czerwiec\/Fil.-germanska-_-I-i-II-SS.zip\">filologia germa\u0144ska I i II stopie\u0144, studia stacjonarne;<\/a><\/li>\n<li><a href=\"https:\/\/us.edu.pl\/pracownik\/wp-content\/uploads\/sites\/2\/Editor\/sprawy-dydatktyczne\/Komisja-ksztalcenia\/Kadencja-2020-2024\/20212022\/20-czerwiec\/Geologia-_-II-st.-SS.zip\">geologia II stopie\u0144, studia stacjonarne;<\/a><\/li>\n<li><a href=\"https:\/\/us.edu.pl\/pracownik\/wp-content\/uploads\/sites\/2\/Editor\/sprawy-dydatktyczne\/Komisja-ksztalcenia\/Kadencja-2020-2024\/20212022\/20-czerwiec\/Matematyka-I-i-II-st._stacjonarne-i-niestacjonarne.zip\">matematyka I i II stopie\u0144, studia stacjonarne i niestacjonarne;<\/a><\/li>\n<li><a href=\"https:\/\/us.edu.pl\/pracownik\/wp-content\/uploads\/sites\/2\/Editor\/sprawy-dydatktyczne\/Komisja-ksztalcenia\/Kadencja-2020-2024\/20212022\/20-czerwiec\/Miedzynarodowe-studia-nauk-politycznych-i-dyplomacji-I-i-II-st.-_-studia-stacjonarne.zip\">mi\u0119dzynarodowe studia nauk politycznych i dyplomacji I i II stopie\u0144, studia stacjonarne;<\/a><\/li>\n<li><a href=\"https:\/\/us.edu.pl\/pracownik\/wp-content\/uploads\/sites\/2\/Editor\/sprawy-dydatktyczne\/Komisja-ksztalcenia\/Kadencja-2020-2024\/20212022\/20-czerwiec\/Muzyka-w-multimediach-I-i-II-st.-_studia-stacjonarne.zip\">muzyka w multimediach I i II stopie\u0144, studia stacjonarne;<\/a><\/li>\n<li><a href=\"https:\/\/us.edu.pl\/pracownik\/wp-content\/uploads\/sites\/2\/Editor\/sprawy-dydatktyczne\/Komisja-ksztalcenia\/Kadencja-2020-2024\/20212022\/20-czerwiec\/Nauki-o-rodzinie.zip\">nauki o rodzinie I i II stopie\u0144, studia stacjonarne;<\/a><\/li>\n<li><a href=\"https:\/\/us.edu.pl\/pracownik\/wp-content\/uploads\/sites\/2\/Editor\/sprawy-dydatktyczne\/Komisja-ksztalcenia\/Kadencja-2020-2024\/20212022\/20-czerwiec\/Politologia-II-st._studia-stacjonarne-i-niestacjonarne.zip\">politologia II stopie\u0144, studia stacjonarne i niestacjonarne;<\/a><\/li>\n<li><a href=\"https:\/\/us.edu.pl\/pracownik\/wp-content\/uploads\/sites\/2\/Editor\/sprawy-dydatktyczne\/Komisja-ksztalcenia\/Kadencja-2020-2024\/20212022\/20-czerwiec\/Projektowanie-gier-i-przestrzeni-wirtualnej-I-st._studia-stacjonarne.zip\">projektowanie gier i przestrzeni wirtualnej I stopie\u0144, studia stacjonarne;<\/a><\/li>\n<li><a href=\"https:\/\/us.edu.pl\/pracownik\/wp-content\/uploads\/sites\/2\/Editor\/sprawy-dydatktyczne\/Komisja-ksztalcenia\/Kadencja-2020-2024\/20212022\/20-czerwiec\/Turystyka-_-II-st.-SS.zip\">turystyka II stopie\u0144, studia stacjonarne;<\/a><\/li>\n<li><a href=\"https:\/\/us.edu.pl\/pracownik\/wp-content\/uploads\/sites\/2\/Editor\/sprawy-dydatktyczne\/Komisja-ksztalcenia\/Kadencja-2020-2024\/20212022\/20-czerwiec\/Dziennikarstwo-i-komun.-spol.-_-II-st.-SS-NS.zip\">dziennikarstwo i komunikacja spo\u0142eczna, studia II stopnia stacjonarne i niestacjonarne;<\/a><\/li>\n<\/ol>\n<\/li>\n<\/ol>\n<p style=\"padding-left: 40px;\"><u>\u00a0<\/u><u>zmiana w cyklach:<\/u><\/p>\n<ol>\n<li style=\"list-style-type: none;\">\n<ol style=\"list-style-type: lower-alpha;\">\n<li><a href=\"https:\/\/us.edu.pl\/pracownik\/wp-content\/uploads\/sites\/2\/Editor\/sprawy-dydatktyczne\/Komisja-ksztalcenia\/Kadencja-2020-2024\/20212022\/20-czerwiec\/Fizyka-II-st.-_-studia-stacjonarne-zmiana-w-zyklu-2021.2022.zip\">fizyka II stopie\u0144, studia stacjonarne \u2013 zmiana w cyklu 2021\/2022;<\/a><\/li>\n<li>teologia jednolite magisterskie, studia stacjonarnie i niestacjonarne \u2013 <a href=\"https:\/\/us.edu.pl\/pracownik\/wp-content\/uploads\/sites\/2\/Editor\/sprawy-dydatktyczne\/Komisja-ksztalcenia\/Kadencja-2020-2024\/20212022\/20-czerwiec\/Teologia.zip\">zmiana w cyklach 2022\/2023, 2021\/2022, 2020\/2021, 2019\/2020;<\/a><\/li>\n<\/ol>\n<\/li>\n<\/ol>\n<p>8. Opinia do wniosku Wydzia\u0142u Sztuki i Nauk o Edukacji <a href=\"https:\/\/us.edu.pl\/pracownik\/wp-content\/uploads\/sites\/2\/Editor\/sprawy-dydatktyczne\/Komisja-ksztalcenia\/Kadencja-2020-2024\/20212022\/20-czerwiec\/Ped.-os.-niep.-z-artet.-_-pismo-przewodnie-z-WSziNoE.pdf\" class=\"mtli_attachment mtli_pdf\" data-mtli=\"mtli_filesize1,32MB\" class=\"mtli_attachment mtli_pdf\" data-mtli=\"mtli_filesize1,32MB\">w sprawie likwidacji od roku akademickiego 2022\/2023 studi\u00f3w drugiego stopnia na kierunku pedagogika os\u00f3b niepe\u0142nosprawnych z arteterapi\u0105.<\/a><\/p>\n<p>9. Wolne wnioski.<\/p>\n<style type=\"text\/css\">a[data-mtli~=\"mtli_filesize26,27kB\"]:after {content:\" (26,27 kB)\"}a[data-mtli~=\"mtli_filesize26,18kB\"]:after {content:\" (26,18 kB)\"}a[data-mtli~=\"mtli_filesize1,32MB\"]:after {content:\" (1,32 MB)\"}<\/style><\/div>\r\n                    <\/div>\r\n                <\/div>[\/vc_column][\/vc_row]<\/p>\n<style type=\"text\/css\">a[data-mtli~=\"mtli_filesize26,27kB\"]:after {content:\" (26,27 kB)\"}a[data-mtli~=\"mtli_filesize26,18kB\"]:after {content:\" (26,18 kB)\"}a[data-mtli~=\"mtli_filesize1,32MB\"]:after {content:\" (1,32 MB)\"}<\/style>","protected":false},"excerpt":{"rendered":"<p>[vc_row][vc_column][\/vc_column][\/vc_row] [&#8230;]<\/p>\n<p><a class=\"btn btn-secondary understrap-read-more-link\" href=\"https:\/\/us.edu.pl\/pracownik\/sprawy-dydaktyczne\/senacka-komisja-ds-ksztalcenia\/senacka-komisja-ds-ksztalcenia-sklad-komisji\/kadencja-2020-2024\/posiedzenie-komisji-20-06-2022\/\">Read More&#8230;<\/a><\/p>\n","protected":false},"author":31,"featured_media":0,"parent":5151,"menu_order":442,"comment_status":"closed","ping_status":"closed","template":"page-templates\/inner-page.php","meta":{"_expiration-date-status":"saved","_expiration-date":0,"_expiration-date-type":"","_expiration-date-categories":[],"_expiration-date-options":[]},"acf":[],"_links":{"self":[{"href":"https:\/\/us.edu.pl\/pracownik\/wp-json\/wp\/v2\/pages\/17888"}],"collection":[{"href":"https:\/\/us.edu.pl\/pracownik\/wp-json\/wp\/v2\/pages"}],"about":[{"href":"https:\/\/us.edu.pl\/pracownik\/wp-json\/wp\/v2\/types\/page"}],"author":[{"embeddable":true,"href":"https:\/\/us.edu.pl\/pracownik\/wp-json\/wp\/v2\/users\/31"}],"replies":[{"embeddable":true,"href":"https:\/\/us.edu.pl\/pracownik\/wp-json\/wp\/v2\/comments?post=17888"}],"version-history":[{"count":10,"href":"https:\/\/us.edu.pl\/pracownik\/wp-json\/wp\/v2\/pages\/17888\/revisions"}],"predecessor-version":[{"id":17972,"href":"https:\/\/us.edu.pl\/pracownik\/wp-json\/wp\/v2\/pages\/17888\/revisions\/17972"}],"up":[{"embeddable":true,"href":"https:\/\/us.edu.pl\/pracownik\/wp-json\/wp\/v2\/pages\/5151"}],"wp:attachment":[{"href":"https:\/\/us.edu.pl\/pracownik\/wp-json\/wp\/v2\/media?parent=17888"}],"curies":[{"name":"wp","href":"https:\/\/api.w.org\/{rel}","templated":true}]}}