{"id":1812,"date":"2019-10-14T15:16:26","date_gmt":"2019-10-14T13:16:26","guid":{"rendered":"https:\/\/us.edu.pl\/pracownik\/?page_id=1812"},"modified":"2026-04-02T10:45:59","modified_gmt":"2026-04-02T08:45:59","slug":"kodeks-etyki-pracownika-naukowego","status":"publish","type":"page","link":"https:\/\/us.edu.pl\/pracownik\/kodeks-etyki-pracownika-naukowego\/","title":{"rendered":"Kodeks etyki pracownika naukowego"},"content":{"rendered":"<p>[vc_row][vc_column][\/vc_column][\/vc_row][vc_row][vc_column]\r\n                <div class=\"text-modules\">\r\n                    <div class=\"container\">\r\n                        <h3 class=\"page-title text__title\">Kodeks etyki pracownika naukowego<\/h3>\r\n                        <div class=\"text-modules__content\"><\/p>\n<h2>Kodeksy dobrych praktyk w szko\u0142ach wy\u017cszych oraz etyki pracownika naukowego<\/h2>\n<div><\/div>\n<div id=\"node-266241\" class=\"node clear-block\">\n<div class=\"content\">\n<p><a href=\"\/pracownik\/wp-content\/uploads\/sites\/2\/pracownik\/druki\/kodeks_etyki_pracownika_naukowego_-_wydanie_ii_-_2016_r.pdf\" class=\"mtli_attachment mtli_pdf\" data-mtli=\"mtli_filesize458,81kB\" class=\"mtli_attachment mtli_pdf\" data-mtli=\"mtli_filesize458,81kB\">Kodeks etyki pracownika naukowego<\/a>. Wydanie drugie z 2016 roku<\/p>\n<p><a href=\"https:\/\/us.edu.pl\/pracownik\/wp-content\/uploads\/sites\/2\/pracownik\/druki\/kodeks_dobre_praktyki_w_szkolech_wyzszych.pdf\" class=\"mtli_attachment mtli_pdf\" data-mtli=\"mtli_filesize84,50kB\" class=\"mtli_attachment mtli_pdf\" data-mtli=\"mtli_filesize84,50kB\">Kodeks Dobre Praktyki W Szko\u0142ach Wy\u017cszych<\/a> opracowany przez Fundacj\u0119 Rektor\u00f3w Polskich<\/p>\n<p><a href=\"https:\/\/aktyprawne.us.edu.pl\/423-lista\/d\/828\/5\/\" target=\"_blank\" rel=\"noopener\">Zarz\u0105dzenie JM Rektora Uniwersytetu \u015al\u0105skiego nr 74\/2016 w sprawie wprowadzenia Regulaminu Komisji Etyki\u00a0Uniwersytetu \u015al\u0105skiego w Katowicach ds. bada\u0144 naukowych prowadzonych z udzia\u0142em ludzi<\/a><\/p>\n<p><a href=\"https:\/\/us.edu.pl\/pracownik\/wp-content\/uploads\/sites\/2\/pracownik\/druki\/reg_2016_etyka.pdf\" class=\"mtli_attachment mtli_pdf\" data-mtli=\"mtli_filesize292,48kB\" class=\"mtli_attachment mtli_pdf\" data-mtli=\"mtli_filesize292,48kB\" target=\"_blank\" rel=\"noopener\">Regulamin Komisji Etyki Uniwersytetu \u015al\u0105skiego w Katowicach ds. bada\u0144 naukowych prowadzonych z udzia\u0142em ludzi<\/a><\/p>\n<p><a href=\"https:\/\/us.edu.pl\/pracownik\/wp-content\/uploads\/sites\/2\/pracownik\/druki\/wniosek_etyka.pdf\" class=\"mtli_attachment mtli_pdf\" data-mtli=\"mtli_filesize277,59kB\" class=\"mtli_attachment mtli_pdf\" data-mtli=\"mtli_filesize277,59kB\">Wniosek do Komisji Etyki Uniwersytetu \u015al\u0105skiego w Katowicach <\/a>\u00a0&#8211; wniosek o wyra\u017cenie opinii o projekcie badawczym<\/p>\n<\/div>\n<\/div>\n<p>\n<style type=\"text\/css\">a[data-mtli~=\"mtli_filesize458,81kB\"]:after {content:\" (458,81 kB)\"}a[data-mtli~=\"mtli_filesize84,50kB\"]:after {content:\" (84,50 kB)\"}a[data-mtli~=\"mtli_filesize292,48kB\"]:after {content:\" (292,48 kB)\"}a[data-mtli~=\"mtli_filesize277,59kB\"]:after {content:\" (277,59 kB)\"}<\/style><\/div>\r\n                    <\/div>\r\n                <\/div>[\/vc_column][\/vc_row]<\/p>\n<style type=\"text\/css\">a[data-mtli~=\"mtli_filesize458,81kB\"]:after {content:\" (458,81 kB)\"}a[data-mtli~=\"mtli_filesize84,50kB\"]:after {content:\" (84,50 kB)\"}a[data-mtli~=\"mtli_filesize292,48kB\"]:after {content:\" (292,48 kB)\"}a[data-mtli~=\"mtli_filesize277,59kB\"]:after {content:\" (277,59 kB)\"}<\/style>","protected":false},"excerpt":{"rendered":"<p>[vc_row][vc_column][\/vc_column][\/vc_row][vc_row][vc_column][\/vc_column][\/vc_row] [&#8230;]<\/p>\n<p><a class=\"btn btn-secondary understrap-read-more-link\" href=\"https:\/\/us.edu.pl\/pracownik\/kodeks-etyki-pracownika-naukowego\/\">Read More&#8230;<\/a><\/p>\n","protected":false},"author":1,"featured_media":0,"parent":0,"menu_order":340,"comment_status":"closed","ping_status":"closed","template":"page-templates\/inner-page.php","meta":{"_expiration-date-status":"","_expiration-date":0,"_expiration-date-type":"","_expiration-date-categories":[],"_expiration-date-options":[]},"acf":[],"_links":{"self":[{"href":"https:\/\/us.edu.pl\/pracownik\/wp-json\/wp\/v2\/pages\/1812"}],"collection":[{"href":"https:\/\/us.edu.pl\/pracownik\/wp-json\/wp\/v2\/pages"}],"about":[{"href":"https:\/\/us.edu.pl\/pracownik\/wp-json\/wp\/v2\/types\/page"}],"author":[{"embeddable":true,"href":"https:\/\/us.edu.pl\/pracownik\/wp-json\/wp\/v2\/users\/1"}],"replies":[{"embeddable":true,"href":"https:\/\/us.edu.pl\/pracownik\/wp-json\/wp\/v2\/comments?post=1812"}],"version-history":[{"count":10,"href":"https:\/\/us.edu.pl\/pracownik\/wp-json\/wp\/v2\/pages\/1812\/revisions"}],"predecessor-version":[{"id":42910,"href":"https:\/\/us.edu.pl\/pracownik\/wp-json\/wp\/v2\/pages\/1812\/revisions\/42910"}],"wp:attachment":[{"href":"https:\/\/us.edu.pl\/pracownik\/wp-json\/wp\/v2\/media?parent=1812"}],"curies":[{"name":"wp","href":"https:\/\/api.w.org\/{rel}","templated":true}]}}