{"id":18181,"date":"2022-07-06T13:56:31","date_gmt":"2022-07-06T11:56:31","guid":{"rendered":"https:\/\/us.edu.pl\/pracownik\/?page_id=18181"},"modified":"2023-05-31T15:55:05","modified_gmt":"2023-05-31T13:55:05","slug":"raporty","status":"publish","type":"page","link":"https:\/\/us.edu.pl\/pracownik\/sprawy-dydaktyczne\/nowa-koncepcja-studiow\/raporty\/","title":{"rendered":"raporty"},"content":{"rendered":"<p>[vc_row el_class=&#8221;container&#8221;][vc_column width=&#8221;4\/5&#8243;][vc_row_inner][vc_column_inner][vc_custom_heading text=&#8221;Raporty&#8221; font_container=&#8221;tag:h2|font_size:3.4em|text_align:left|color:%23002e5a&#8221; use_theme_fonts=&#8221;yes&#8221; el_class=&#8221;section-title&#8221;][\/vc_column_inner][\/vc_row_inner][vc_row_inner content_placement=&#8221;middle&#8221;][vc_column_inner css=&#8221;.vc_custom_1653047881486{margin-top: 20px !important;}&#8221;][\/vc_column_inner][\/vc_row_inner][vc_empty_space height=&#8221;20px&#8221;][vc_row_inner content_placement=&#8221;middle&#8221; css=&#8221;.vc_custom_1655126619474{border-bottom-width: 1px !important;border-left-width: 10px !important;border-left-color: #fbb901 !important;border-left-style: solid !important;border-bottom-color: #fbb901 !important;border-bottom-style: solid !important;}&#8221; el_class=&#8221;rogi&#8221;][vc_column_inner css=&#8221;.vc_custom_1653047881486{margin-top: 20px !important;}&#8221;]\r\n                <div class=\"text-modules\">\r\n                    <div class=\"container\">\r\n                        \r\n                        <div class=\"text-modules__content\"><\/p>\n<h3>Nowa Koncepcja Studi\u00f3w pierwszego stopnia. Diagnoza \u2013 konsultacje \u2013 ewaluacja<\/h3>\n<p>\n<\/div>\r\n                    <\/div>\r\n                <\/div>\r\n                <div class=\"text-modules reverse\">\r\n                    <div class=\"container\">\r\n                         \r\n                        <div class=\"row m-0\">\r\n                            <div class=\"text-modules__content\">\r\n                                <\/p>\n<h4><a href=\"https:\/\/us.edu.pl\/pracownik\/wp-content\/uploads\/sites\/2\/Editor\/pliki\/NKS-nowa-koncepcja\/Koncepcja-badan-interesariuszy-3.pdf\" class=\"mtli_attachment mtli_pdf\" data-mtli=\"mtli_filesize393,24kB\">Koncepcja bada\u0144 interesariuszy<\/a><\/h4>\n<div class=\"mt-3\"><a href=\"https:\/\/us.edu.pl\/pracownik\/wp-content\/uploads\/sites\/2\/Editor\/NKS-nowa-koncepcja\/Koncepcja-badan-interesariuszy_WWW-d.docx\" class=\"mtli_attachment mtli_docx\" data-mtli=\"mtli_filesize220,00kB\" class=\"link-button mr-3 \">pobierz dokument docx<\/a><\/div>\r\n                            <\/div>\r\n                            \r\n                            <div class=\"text-modules__img\"><img src=\"https:\/\/us.edu.pl\/pracownik\/wp-content\/uploads\/sites\/2\/pracownik\/Ikony-graficzne\/ikona-dokument-granat-150x150.png\" alt=\"img\"><\/div>\r\n                        <\/div>\r\n                    <\/div>\r\n                <\/div>[\/vc_column_inner][\/vc_row_inner][vc_row_inner content_placement=&#8221;middle&#8221;][vc_column_inner css=&#8221;.vc_custom_1653047881486{margin-top: 20px !important;}&#8221;][vc_empty_space height=&#8221;3em&#8221;][\/vc_column_inner][\/vc_row_inner][vc_row_inner content_placement=&#8221;middle&#8221; css=&#8221;.vc_custom_1655126565843{border-bottom-width: 1px !important;border-left-width: 10px !important;border-left-color: #9b132b !important;border-left-style: solid !important;border-bottom-color: #9b132b !important;border-bottom-style: solid !important;}&#8221; el_class=&#8221;rogi&#8221;][vc_column_inner css=&#8221;.vc_custom_1653047881486{margin-top: 20px !important;}&#8221;]\r\n                <div class=\"text-modules\">\r\n                    <div class=\"container\">\r\n                        \r\n                        <div class=\"text-modules__content\"><\/p>\n<h3>Raport z przeprowadzonych dzia\u0142a\u0144 zespo\u0142u benchmarkingowego<\/h3>\n<p>\n<\/div>\r\n                    <\/div>\r\n                <\/div>\r\n                <div class=\"text-modules reverse\">\r\n                    <div class=\"container\">\r\n                         \r\n                        <div class=\"row m-0\">\r\n                            <div class=\"text-modules__content\">\r\n                                <\/p>\n<h4><a href=\"https:\/\/us.edu.pl\/pracownik\/wp-content\/uploads\/sites\/2\/Editor\/pliki\/NKS-nowa-koncepcja\/Raport-z-przeprowadzonych-dzialan-zespolu-benchmarkingowego-2.pdf\" class=\"mtli_attachment mtli_pdf\" data-mtli=\"mtli_filesize442,06kB\">Przejrzyj raport<\/a><\/h4>\n<div class=\"mt-3\"><a href=\"https:\/\/us.edu.pl\/pracownik\/wp-content\/uploads\/sites\/2\/Editor\/NKS-nowa-koncepcja\/Raport-z-przeprowadzonych-dzialan-zespolu-benchmarkingowego_WWW-1.docx\" class=\"mtli_attachment mtli_docx\" data-mtli=\"mtli_filesize243,51kB\" class=\"link-button mr-3 \">Pobierz dokument docx<\/a><\/div>\r\n                            <\/div>\r\n                            \r\n                            <div class=\"text-modules__img\"><img src=\"https:\/\/us.edu.pl\/pracownik\/wp-content\/uploads\/sites\/2\/pracownik\/Ikony-graficzne\/ikona-dokument-granat-150x150.png\" alt=\"img\"><\/div>\r\n                        <\/div>\r\n                    <\/div>\r\n                <\/div>[\/vc_column_inner][\/vc_row_inner][vc_row_inner content_placement=&#8221;middle&#8221;][vc_column_inner css=&#8221;.vc_custom_1653047881486{margin-top: 20px !important;}&#8221;][vc_empty_space height=&#8221;3em&#8221;][\/vc_column_inner][\/vc_row_inner][vc_row_inner content_placement=&#8221;middle&#8221; css=&#8221;.vc_custom_1678714541255{border-bottom-width: 1px !important;border-left-width: 10px !important;border-left-color: #6f6f6d !important;border-left-style: solid !important;border-bottom-color: #6f6f6d !important;border-bottom-style: solid !important;}&#8221; el_class=&#8221;rogi&#8221;][vc_column_inner css=&#8221;.vc_custom_1653047881486{margin-top: 20px !important;}&#8221;]\r\n                <div class=\"text-modules\">\r\n                    <div class=\"container\">\r\n                        \r\n                        <div class=\"text-modules__content\"><\/p>\n<h3><a id=\"raporty_diagnoza\"><\/a>Diagnoza oczekiwa\u0144 interesariuszy wewn\u0119trznych i zewn\u0119trznych wobec kszta\u0142cenia na studiach pierwszego stopnia i na jednolitych studiach magisterskich w Uniwersytecie \u015al\u0105skim<\/h3>\n<p>\n<\/div>\r\n                    <\/div>\r\n                <\/div>[vc_empty_space height=&#8221;3em&#8221;]\r\n                <div class=\"text-modules reverse\">\r\n                    <div class=\"container\">\r\n                         \r\n                        <div class=\"row m-0\">\r\n                            <div class=\"text-modules__content\">\r\n                                <\/p>\n<h4>Zbiorcze wnioski i rekomendacje wraz z not\u0105 metodologiczn\u0105<\/h4>\n<div class=\"mt-3\"><a href=\"https:\/\/us.edu.pl\/pracownik\/wp-content\/uploads\/sites\/2\/Editor\/NKS-nowa-koncepcja\/Wnioski-i-rekomendacje-PL.pdf\" class=\"mtli_attachment mtli_pdf\" data-mtli=\"mtli_filesize560,70kB\" class=\"link-button mr-3 \">Pobierz raport w formie pliku pdf<\/a><\/div>\r\n                            <\/div>\r\n                            \r\n                            <div class=\"text-modules__img\"><img src=\"https:\/\/us.edu.pl\/pracownik\/wp-content\/uploads\/sites\/2\/pracownik\/Ikony-graficzne\/ikona-dokument-granat-150x150.png\" alt=\"img\"><\/div>\r\n                        <\/div>\r\n                    <\/div>\r\n                <\/div>\r\n                <div class=\"text-modules reverse\">\r\n                    <div class=\"container\">\r\n                         \r\n                        <div class=\"row m-0\">\r\n                            <div class=\"text-modules__content\">\r\n                                <\/p>\n<h4>Raport z bada\u0144 ankietowych nauczycieli i nauczycielek akademickich<\/h4>\n<div class=\"mt-3\"><a href=\"https:\/\/us.edu.pl\/pracownik\/wp-content\/uploads\/sites\/2\/Editor\/NKS-nowa-koncepcja\/Raport_NA-PL.pdf\" class=\"mtli_attachment mtli_pdf\" data-mtli=\"mtli_filesize503,38kB\" class=\"link-button mr-3 \">Pobierz raport w formie pliku pdf<\/a><\/div>\r\n                            <\/div>\r\n                            \r\n                            <div class=\"text-modules__img\"><img src=\"https:\/\/us.edu.pl\/pracownik\/wp-content\/uploads\/sites\/2\/pracownik\/Ikony-graficzne\/ikona-dokument-granat-150x150.png\" alt=\"img\"><\/div>\r\n                        <\/div>\r\n                    <\/div>\r\n                <\/div>\r\n                <div class=\"text-modules reverse\">\r\n                    <div class=\"container\">\r\n                         \r\n                        <div class=\"row m-0\">\r\n                            <div class=\"text-modules__content\">\r\n                                <\/p>\n<h4>Raport z bada\u0144 ankietowych student\u00f3w i studentek<\/h4>\n<div class=\"mt-3\"><a href=\"https:\/\/us.edu.pl\/pracownik\/wp-content\/uploads\/sites\/2\/Editor\/NKS-nowa-koncepcja\/Raport_studenci-PL.pdf\" class=\"mtli_attachment mtli_pdf\" data-mtli=\"mtli_filesize591,55kB\" class=\"link-button mr-3 \">Pobierz raport w formie pliku pdf<\/a><\/div>\r\n                            <\/div>\r\n                            \r\n                            <div class=\"text-modules__img\"><img src=\"https:\/\/us.edu.pl\/pracownik\/wp-content\/uploads\/sites\/2\/pracownik\/Ikony-graficzne\/ikona-dokument-granat-150x150.png\" alt=\"img\"><\/div>\r\n                        <\/div>\r\n                    <\/div>\r\n                <\/div>\r\n                <div class=\"text-modules reverse\">\r\n                    <div class=\"container\">\r\n                         \r\n                        <div class=\"row m-0\">\r\n                            <div class=\"text-modules__content\">\r\n                                <\/p>\n<h4>Raport z bada\u0144 ankietowych uczni\u00f3w i uczennic szk\u00f3\u0142 ponadpodstawowych<\/h4>\n<div class=\"mt-3\"><a href=\"https:\/\/us.edu.pl\/pracownik\/wp-content\/uploads\/sites\/2\/Editor\/NKS-nowa-koncepcja\/Raport_uczniowie-PL.pdf\" class=\"mtli_attachment mtli_pdf\" data-mtli=\"mtli_filesize585,05kB\" class=\"link-button mr-3 \">Pobierz raport w formie pliku pdf<\/a><\/div>\r\n                            <\/div>\r\n                            \r\n                            <div class=\"text-modules__img\"><img src=\"https:\/\/us.edu.pl\/pracownik\/wp-content\/uploads\/sites\/2\/pracownik\/Ikony-graficzne\/ikona-dokument-granat-150x150.png\" alt=\"img\"><\/div>\r\n                        <\/div>\r\n                    <\/div>\r\n                <\/div>\r\n                <div class=\"text-modules reverse\">\r\n                    <div class=\"container\">\r\n                         \r\n                        <div class=\"row m-0\">\r\n                            <div class=\"text-modules__content\">\r\n                                <\/p>\n<h4>Raport z bada\u0144 ankietowych nauczycieli i nauczycielek szk\u00f3\u0142 ponadpodstawowych<\/h4>\n<div class=\"mt-3\"><a href=\"https:\/\/us.edu.pl\/pracownik\/wp-content\/uploads\/sites\/2\/Editor\/NKS-nowa-koncepcja\/Raport_nauczyciele-PL.pdf\" class=\"mtli_attachment mtli_pdf\" data-mtli=\"mtli_filesize468,93kB\" class=\"link-button mr-3 \">Pobierz raport w formie pliku pdf<\/a><\/div>\r\n                            <\/div>\r\n                            \r\n                            <div class=\"text-modules__img\"><img src=\"https:\/\/us.edu.pl\/pracownik\/wp-content\/uploads\/sites\/2\/pracownik\/Ikony-graficzne\/ikona-dokument-granat-150x150.png\" alt=\"img\"><\/div>\r\n                        <\/div>\r\n                    <\/div>\r\n                <\/div>\r\n                <div class=\"text-modules reverse\">\r\n                    <div class=\"container\">\r\n                         \r\n                        <div class=\"row m-0\">\r\n                            <div class=\"text-modules__content\">\r\n                                <\/p>\n<h4>Raport z bada\u0144 ankietowych otoczenia spo\u0142eczno-gospodarczego<\/h4>\n<div class=\"mt-3\"><a href=\"https:\/\/us.edu.pl\/pracownik\/wp-content\/uploads\/sites\/2\/Editor\/NKS-nowa-koncepcja\/Raport_otoczenie-PL.pdf\" class=\"mtli_attachment mtli_pdf\" data-mtli=\"mtli_filesize611,96kB\" class=\"link-button mr-3 \">Pobierz raport w formie pliku pdf<\/a><\/div>\r\n                            <\/div>\r\n                            \r\n                            <div class=\"text-modules__img\"><img src=\"https:\/\/us.edu.pl\/pracownik\/wp-content\/uploads\/sites\/2\/pracownik\/Ikony-graficzne\/ikona-dokument-granat-150x150.png\" alt=\"img\"><\/div>\r\n                        <\/div>\r\n                    <\/div>\r\n                <\/div>[\/vc_column_inner][\/vc_row_inner][vc_row_inner content_placement=&#8221;middle&#8221;][vc_column_inner css=&#8221;.vc_custom_1653047881486{margin-top: 20px !important;}&#8221;][vc_empty_space height=&#8221;3em&#8221;][\/vc_column_inner][\/vc_row_inner][vc_row_inner content_placement=&#8221;middle&#8221; disable_element=&#8221;yes&#8221; css=&#8221;.vc_custom_1683726675198{border-bottom-width: 1px !important;border-left-width: 10px !important;border-left-color: #0094da !important;border-left-style: solid !important;border-bottom-color: #0094da !important;border-bottom-style: solid !important;}&#8221; el_class=&#8221;rogi&#8221;][vc_column_inner css=&#8221;.vc_custom_1653047881486{margin-top: 20px !important;}&#8221;]\r\n                <div class=\"text-modules\">\r\n                    <div class=\"container\">\r\n                        \r\n                        <div class=\"text-modules__content\"><\/p>\n<h3>Rekomendacje dla kszta\u0142cenia uniwersyteckiego w\u00a0zmieniaj\u0105cej si\u0119 rzeczywisto\u015bci<\/h3>\n<p>\n<\/div>\r\n                    <\/div>\r\n                <\/div>\r\n                <div class=\"text-modules reverse\">\r\n                    <div class=\"container\">\r\n                         \r\n                        <div class=\"row m-0\">\r\n                            <div class=\"text-modules__content\">\r\n                                <\/p>\n<h4><a href=\"https:\/\/us.edu.pl\/pracownik\/wp-content\/uploads\/sites\/2\/Editor\/NKS-nowa-koncepcja\/Rekomendacje-dla-ksztalcenia-uniwersyteckiego-w-zmieniajacej-sie-rzeczywistosci.pdf\" class=\"mtli_attachment mtli_pdf\">Przejrzyj raport<\/a><\/h4>\n<div class=\"mt-3\"><a href=\"https:\/\/us.edu.pl\/pracownik\/wp-content\/uploads\/sites\/2\/Editor\/NKS-nowa-koncepcja\/Rekomendacje-dla-ksztalcenia-uniwersyteckiego-w-zmieniajacej-sie-rzeczywistosci.pptx\" class=\"link-button mr-3 \">Pobierz raport w formie prezentacji pptx<\/a><\/div>\r\n                            <\/div>\r\n                            \r\n                            <div class=\"text-modules__img\"><img src=\"https:\/\/us.edu.pl\/pracownik\/wp-content\/uploads\/sites\/2\/pracownik\/Ikony-graficzne\/ikona-dokument-granat-150x150.png\" alt=\"img\"><\/div>\r\n                        <\/div>\r\n                    <\/div>\r\n                <\/div>[\/vc_column_inner][\/vc_row_inner][vc_row_inner content_placement=&#8221;middle&#8221;][vc_column_inner css=&#8221;.vc_custom_1653047881486{margin-top: 20px !important;}&#8221;][vc_empty_space height=&#8221;20px&#8221;][\/vc_column_inner][\/vc_row_inner][\/vc_column][vc_column width=&#8221;1\/5&#8243; css=&#8221;.vc_custom_1655116292854{border: 3px solid #f2f2f2 !important;border-radius: 3px !important;}&#8221;]\r\n                <div class=\"text-modules\">\r\n                    <div class=\"container\">\r\n                        \r\n                        <div class=\"text-modules__content\"><\/p>\n<p style=\"text-align: center; font-size: 120%;\">przysz\u0142o\u015b\u0107 kszta\u0142cenia uniwersyteckiego<\/p>\n<p>\n<\/div>\r\n                    <\/div>\r\n                <\/div>[vc_wp_text]<\/p>\n<p style=\"text-align: center;\">strona projektu:<\/p>\n<p>[\/vc_wp_text][vc_btn title=&#8221;Nowa Koncepcja Studi\u00f3w&#8221; style=&#8221;outline-custom&#8221; outline_custom_color=&#8221;#002e5a&#8221; outline_custom_hover_background=&#8221;#002e5a&#8221; outline_custom_hover_text=&#8221;#ffffff&#8221; shape=&#8221;square&#8221; size=&#8221;lg&#8221; align=&#8221;center&#8221; custom_onclick=&#8221;true&#8221; link=&#8221;url:https%3A%2F%2Fus.edu.pl%2Fpracownik%2Fsprawy-dydaktyczne%2Fnowa-koncepcja-studiow%2F|title:przejd%C5%BA%20na%20stron%C4%99%20projektu%20||&#8221;][\/vc_column][\/vc_row][vc_row el_class=&#8221;container&#8221;][vc_column][\/vc_column][\/vc_row]<\/p>\n<style type=\"text\/css\">a[data-mtli~=\"mtli_filesize393,24kB\"]:after {content:\" (393,24 kB)\"}a[data-mtli~=\"mtli_filesize220,00kB\"]:after {content:\" (220,00 kB)\"}a[data-mtli~=\"mtli_filesize442,06kB\"]:after {content:\" (442,06 kB)\"}a[data-mtli~=\"mtli_filesize243,51kB\"]:after {content:\" (243,51 kB)\"}a[data-mtli~=\"mtli_filesize560,70kB\"]:after {content:\" (560,70 kB)\"}a[data-mtli~=\"mtli_filesize503,38kB\"]:after {content:\" (503,38 kB)\"}a[data-mtli~=\"mtli_filesize591,55kB\"]:after {content:\" (591,55 kB)\"}a[data-mtli~=\"mtli_filesize585,05kB\"]:after {content:\" (585,05 kB)\"}a[data-mtli~=\"mtli_filesize468,93kB\"]:after {content:\" (468,93 kB)\"}a[data-mtli~=\"mtli_filesize611,96kB\"]:after {content:\" (611,96 kB)\"}<\/style>","protected":false},"excerpt":{"rendered":"<p>[vc_row el_class=&#8221;container&#8221;][vc_column width=&#8221;4\/5&#8243;][vc_row_inner][vc_column_inner][vc_custom_heading text=&#8221;Raporty&#8221; font_container=&#8221;tag:h2|font_size:3.4em|text_align:left|color:%23002e5a&#8221; use_theme_fonts=&#8221;yes&#8221; el_class=&#8221;section-title&#8221;][\/vc_column_inner][\/vc_row_inner][vc_row_inner content_placement=&#8221;middle&#8221;][vc_column_inner css=&#8221;.vc_custom_1653047881486{margin-top: 20px !important;}&#8221;][\/vc_column_inner][\/vc_row_inner][vc_empty_space height=&#8221;20px&#8221;][vc_row_inner content_placement=&#8221;middle&#8221; css=&#8221;.vc_custom_1655126619474{border-bottom-width: 1px !important;border-left-width: 10px !important;border-left-color: #fbb901 !important;border-left-style: solid !important;border-bottom-color: #fbb901 !important;border-bottom-style: solid !important;}&#8221; el_class=&#8221;rogi&#8221;][vc_column_inner css=&#8221;.vc_custom_1653047881486{margin-top: 20px !important;}&#8221;][\/vc_column_inner][\/vc_row_inner][vc_row_inner content_placement=&#8221;middle&#8221;][vc_column_inner css=&#8221;.vc_custom_1653047881486{margin-top: 20px !important;}&#8221;][vc_empty_space height=&#8221;3em&#8221;][\/vc_column_inner][\/vc_row_inner][vc_row_inner content_placement=&#8221;middle&#8221; css=&#8221;.vc_custom_1655126565843{border-bottom-width: 1px !important;border-left-width: 10px !important;border-left-color: #9b132b !important;border-left-style: solid !important;border-bottom-color: #9b132b !important;border-bottom-style: solid !important;}&#8221; el_class=&#8221;rogi&#8221;][vc_column_inner css=&#8221;.vc_custom_1653047881486{margin-top: 20px !important;}&#8221;][\/vc_column_inner][\/vc_row_inner][vc_row_inner content_placement=&#8221;middle&#8221;][vc_column_inner css=&#8221;.vc_custom_1653047881486{margin-top: [&#8230;]<\/p>\n<p><a class=\"btn btn-secondary understrap-read-more-link\" href=\"https:\/\/us.edu.pl\/pracownik\/sprawy-dydaktyczne\/nowa-koncepcja-studiow\/raporty\/\">Read More&#8230;<\/a><\/p>\n","protected":false},"author":26,"featured_media":0,"parent":17170,"menu_order":85,"comment_status":"closed","ping_status":"closed","template":"","meta":{"_expiration-date-status":"","_expiration-date":0,"_expiration-date-type":"","_expiration-date-categories":[],"_expiration-date-options":[]},"acf":[],"_links":{"self":[{"href":"https:\/\/us.edu.pl\/pracownik\/wp-json\/wp\/v2\/pages\/18181"}],"collection":[{"href":"https:\/\/us.edu.pl\/pracownik\/wp-json\/wp\/v2\/pages"}],"about":[{"href":"https:\/\/us.edu.pl\/pracownik\/wp-json\/wp\/v2\/types\/page"}],"author":[{"embeddable":true,"href":"https:\/\/us.edu.pl\/pracownik\/wp-json\/wp\/v2\/users\/26"}],"replies":[{"embeddable":true,"href":"https:\/\/us.edu.pl\/pracownik\/wp-json\/wp\/v2\/comments?post=18181"}],"version-history":[{"count":10,"href":"https:\/\/us.edu.pl\/pracownik\/wp-json\/wp\/v2\/pages\/18181\/revisions"}],"predecessor-version":[{"id":21879,"href":"https:\/\/us.edu.pl\/pracownik\/wp-json\/wp\/v2\/pages\/18181\/revisions\/21879"}],"up":[{"embeddable":true,"href":"https:\/\/us.edu.pl\/pracownik\/wp-json\/wp\/v2\/pages\/17170"}],"wp:attachment":[{"href":"https:\/\/us.edu.pl\/pracownik\/wp-json\/wp\/v2\/media?parent=18181"}],"curies":[{"name":"wp","href":"https:\/\/api.w.org\/{rel}","templated":true}]}}