{"id":18402,"date":"2022-07-22T11:30:53","date_gmt":"2022-07-22T09:30:53","guid":{"rendered":"https:\/\/us.edu.pl\/pracownik\/?page_id=18402"},"modified":"2023-05-31T14:47:29","modified_gmt":"2023-05-31T12:47:29","slug":"przewodnik-informacje-ogolne","status":"publish","type":"page","link":"https:\/\/us.edu.pl\/pracownik\/sprawy-dydaktyczne\/nowa-koncepcja-studiow\/przewodnik-informacje-ogolne\/","title":{"rendered":"przewodnik \u2013 informacje og\u00f3lne"},"content":{"rendered":"<p>[vc_row gap=&#8221;20&#8243; disable_element=&#8221;yes&#8221; el_class=&#8221;container&#8221;][vc_column width=&#8221;3\/4&#8243;][vc_row_inner content_placement=&#8221;middle&#8221;][vc_column_inner css=&#8221;.vc_custom_1653047881486{margin-top: 20px !important;}&#8221;][vc_empty_space height=&#8221;20px&#8221;]\r\n                <div class=\"text-modules\">\r\n                    <div class=\"container\">\r\n                        \r\n                        <div class=\"text-modules__content\"><p>Nowa koncepcja studi\u00f3w dotyczy studi\u00f3w I stopnia oraz jednolitych magisterskich. Poni\u017cej wskazane zosta\u0142y najwa\u017cniejsze za\u0142o\u017cenia prawne zgodne z obowi\u0105zuj\u0105cymi przepisami.<\/p>\n<\/div>\r\n                    <\/div>\r\n                <\/div>[\/vc_column_inner][\/vc_row_inner][\/vc_column][vc_column width=&#8221;1\/4&#8243; css=&#8221;.vc_custom_1655116292854{border: 3px solid #f2f2f2 !important;border-radius: 3px !important;}&#8221;]\r\n                <div class=\"text-modules\">\r\n                    <div class=\"container\">\r\n                        \r\n                        <div class=\"text-modules__content\"><\/p>\n<p style=\"text-align: center; font-size: 120%;\">przysz\u0142o\u015b\u0107 kszta\u0142cenia uniwersyteckiego<\/p>\n<p>\n<\/div>\r\n                    <\/div>\r\n                <\/div>[vc_wp_text]<\/p>\n<p style=\"text-align: center;\">strona projektu:<\/p>\n<p>[\/vc_wp_text][vc_btn title=&#8221;nowa koncepcja studi\u00f3w&#8221; style=&#8221;outline-custom&#8221; outline_custom_color=&#8221;#002e5a&#8221; outline_custom_hover_background=&#8221;#002e5a&#8221; outline_custom_hover_text=&#8221;#ffffff&#8221; shape=&#8221;square&#8221; size=&#8221;lg&#8221; align=&#8221;center&#8221; custom_onclick=&#8221;true&#8221; link=&#8221;url:https%3A%2F%2Fus.edu.pl%2Fpracownik%2Fsprawy-dydaktyczne%2Fnowa-koncepcja-studiow%2F|title:przejd%C5%BA%20na%20stron%C4%99%20projektu%20||&#8221;][\/vc_column][\/vc_row][vc_row gap=&#8221;20&#8243; el_class=&#8221;container&#8221;][vc_column][vc_empty_space][vc_raw_html]JTNDaDIlMjBjbGFzcyUzRCUyMnBhZ2UtdGl0bGUlMjIlM0VQcnpld29kbmlrJTIwJUUyJTgwJTkzJTIwaW5mb3JtYWNqZSUyMG9nJUMzJUIzbG5lJTNDJTJGaDIlM0U=[\/vc_raw_html]\r\n                <div class=\"text-modules\">\r\n                    <div class=\"container\">\r\n                        \r\n                        <div class=\"text-modules__content\"><p>Nowa Koncepcja Studi\u00f3w dotyczy studi\u00f3w I stopnia oraz jednolitych magisterskich. Poni\u017cej wskazane zosta\u0142y najwa\u017cniejsze za\u0142o\u017cenia prawne zgodne z obowi\u0105zuj\u0105cymi przepisami.<\/p>\n<\/div>\r\n                    <\/div>\r\n                <\/div>[\/vc_column][\/vc_row][vc_row][vc_column][vc_column_text]<\/p>\n<p>&nbsp;<\/p>\n<p>[\/vc_column_text][\/vc_column][\/vc_row][vc_row disable_element=&#8221;yes&#8221; el_class=&#8221;container&#8221;][vc_column width=&#8221;3\/4&#8243; el_class=&#8221;line&#8221;][vc_raw_html]JTNDaDIlMjBjbGFzcyUzRCUyMnBhZ2UtdGl0bGUlMjIlM0V0eXR1JUM1JTgyJTIwc3Ryb255JTNDJTJGaDIlM0U=[\/vc_raw_html][vc_tta_accordion title_tag=&#8221;p&#8221; section_title_tag=&#8221;p&#8221; style=&#8221;outline&#8221; color=&#8221;mulled-wine&#8221; spacing=&#8221;10&#8243; c_icon=&#8221;triangle&#8221; active_section=&#8221;0&#8243; no_fill=&#8221;true&#8221; collapsible_all=&#8221;true&#8221; el_class=&#8221;bookmark&#8221;][vc_tta_section title=&#8221;Zadania zespo\u0142u przygotowuj\u0105cego Ofert\u0119 Otwart\u0105 Modu\u0142\u00f3w oraz zajmuj\u0105cego si\u0119 kszta\u0142ceniem j\u0119zykowym&#8221; tab_id=&#8221;oom&#8221;]\r\n                <div class=\"text-modules\">\r\n                    <div class=\"container\">\r\n                        \r\n                        <div class=\"text-modules__content\"><p><em>Oferta Otwartych Modu\u0142\u00f3w (nazwa robocza)\u00a0<\/em><\/p>\n<p><strong>Odpowiedzialni za przygotowanie oferty<\/strong>: zespo\u0142y powo\u0142ane przez JM Rektora, nauczyciele akademiccy.<\/p>\n<p>Oferta obejmowa\u0107 b\u0119dzie: 260 godzin, 18 ECTS \u2013 cz\u0119\u015b\u0107 C programu kszta\u0142cenia.<\/p>\n<hr \/>\n<p>Oferta Otwarta Modu\u0142\u00f3w (OOM) dla student\u00f3w studi\u00f3w I stopnia i jednolitych magisterskich organizowana b\u0119dzie na wz\u00f3r realizowanej ju\u017c na studiach II stopnia Og\u00f3lnoakademickiej Oferty Dydaktycznej (OOD). Zak\u0142adamy, \u017ce w ramach OOM studenci b\u0119d\u0105 realizowa\u0107 zak\u0142adane przez ustawodawc\u0119 modu\u0142y spo\u0142eczne i humanistyczne, zaj\u0119cia z wychowania fizycznego oraz potwierdz\u0105 znajomo\u015b\u0107 j\u0119zyka obcego na poziomie B2 lub B2+.<\/p>\n<p>Oferta Otwarta Modu\u0142\u00f3w (podobnie, jak OOD) nie b\u0119dzie sta\u0142ym zestawem modu\u0142\u00f3w, ale b\u0119dzie modyfikowana w trybie ci\u0105g\u0142ym, uwzgl\u0119dniaj\u0105cym zmienne potrzeby student\u00f3w oraz nowe zjawiska w obszarach wsp\u00f3\u0142czesnej wiedzy. Zak\u0142adamy r\u00f3wnie\u017c, \u017ce niekt\u00f3re z\u00a0modu\u0142\u00f3w b\u0119d\u0105 prowadzone w j\u0119zykach obcych, wykorzystuj\u0105c mo\u017cliwo\u015bci dydaktyczne otwarte sojuszem T4E oraz innych porozumie\u0144 mi\u0119dzynarodowych.<\/p>\n<p>Organizacja kszta\u0142cenia j\u0119zykowego zostanie szczeg\u00f3\u0142owo przygotowana przez specjalny zesp\u00f3\u0142 uniwersytecki, zgodna b\u0119dzie ona z zasadami przedstawionymi w tabeli 2.<\/p>\n<p>\n<\/div>\r\n                    <\/div>\r\n                <\/div>\r\n                <div class=\"text-modules\">\r\n                    <div class=\"container\">\r\n                        \r\n                        <div class=\"text-modules__content\"><\/p>\n<table class=\"alignleft\" style=\"width: 100%; border-style: solid; border-color: #919191; font-family: 'PT Sans';\" border=\"1\" cellspacing=\"5\" cellpadding=\"10\">\n<caption class=\"caption-top\">Tabela 1. Limity godzin w planach studi\u00f3w<\/caption>\n<thead>\n<tr class=\"sidebar_moduls sidebar_dropdown color-blue\" style=\"background-color: #cccccc;\">\n<th style=\"width: 298.22px;\" scope=\"col\"><strong>studia<\/strong><\/th>\n<th style=\"width: 66.9413px;\" scope=\"col\"><strong>limit godzin<\/strong><\/th>\n<th style=\"width: 84.8864px;\" scope=\"col\"><strong>za zgod\u0105 rektora<\/strong><br \/>\n<strong>-10%<\/strong><\/th>\n<th style=\"width: 84.9337px;\" scope=\"col\"><strong>za zgod\u0105 rektora<\/strong><br \/>\n<strong>+10%<\/strong><\/th>\n<\/tr>\n<\/thead>\n<tbody>\n<tr>\n<th style=\"width: 298.22px; background-color: #f2f2f2; text-align: left; vertical-align: middle;\" scope=\"row\">studia licencjackie \u2013 6 semestr\u00f3w<br \/>\n(nauki humanistyczne, spo\u0142eczne, teologiczne, sztuka)<\/th>\n<td style=\"width: 66.9413px;\">2000<\/td>\n<td style=\"width: 84.8864px;\">1800<\/td>\n<td style=\"width: 84.9337px;\">2200<\/td>\n<\/tr>\n<tr>\n<th style=\"width: 298.22px; background-color: #f2f2f2; text-align: left; vertical-align: middle;\" scope=\"row\">studia licencjackie \u2013 6 semestr\u00f3w<br \/>\n(nauki \u015bcis\u0142e, przyrodnicze, in\u017cynieryjno-techniczne)<\/th>\n<td style=\"width: 66.9413px;\">2100<\/td>\n<td style=\"width: 84.8864px;\">1890<\/td>\n<td style=\"width: 84.9337px;\">2310<\/td>\n<\/tr>\n<tr>\n<th style=\"width: 298.22px; background-color: #f2f2f2; text-align: left; vertical-align: middle;\" scope=\"row\">studia in\u017cynierskie \u2013 7 semestr\u00f3w<br \/>\n(nauki \u015bcis\u0142e, przyrodnicze, in\u017cynieryjno-techniczne )<\/th>\n<td style=\"width: 66.9413px;\">2300<\/td>\n<td style=\"width: 84.8864px;\">2070<\/td>\n<td style=\"width: 84.9337px;\">2530<\/td>\n<\/tr>\n<tr>\n<th style=\"width: 298.22px; background-color: #f2f2f2; text-align: left; vertical-align: middle;\" scope=\"row\">jednolite magisterskie \u2013 10 semestr\u00f3w<br \/>\n(np. prawo psychologia, pedagogika specjalna, przedszkolna i wczesnoszkolna, sztuka)<\/th>\n<td style=\"width: 66.9413px;\">2800<\/td>\n<td style=\"width: 84.8864px;\">2520<\/td>\n<td style=\"width: 84.9337px;\">3080<\/td>\n<\/tr>\n<tr>\n<th style=\"width: 298.22px; background-color: #f2f2f2; text-align: left; vertical-align: middle;\" scope=\"row\">jednolite magisterskie \u2013 11 semestr\u00f3w<br \/>\n(np. teologia)<\/th>\n<td style=\"width: 66.9413px;\">3000<\/td>\n<td style=\"width: 84.8864px;\">2700<\/td>\n<td style=\"width: 84.9337px;\">3300<\/td>\n<\/tr>\n<\/tbody>\n<\/table>\n<p>\n<\/div>\r\n                    <\/div>\r\n                <\/div>[\/vc_tta_section][vc_tta_section title=&#8221;Dzia\u0142 2&#8243; tab_id=&#8221;1658502991007-05f46e5b-5d94&#8243;][\/vc_tta_section][\/vc_tta_accordion][vc_tta_accordion title_tag=&#8221;p&#8221; section_title_tag=&#8221;p&#8221; style=&#8221;outline&#8221; color=&#8221;black&#8221; spacing=&#8221;10&#8243; c_icon=&#8221;triangle&#8221; active_section=&#8221;0&#8243; no_fill=&#8221;true&#8221; collapsible_all=&#8221;true&#8221; el_class=&#8221;container text-modules__content sidebar_moduls&#8221;][vc_tta_section title=&#8221;Zadania zespo\u0142u przygotowuj\u0105cego Ofert\u0119 Otwart\u0105 Modu\u0142\u00f3w oraz zajmuj\u0105cego si\u0119 kszta\u0142ceniem j\u0119zykowym&#8221; tab_id=&#8221;1658567371911-ecc1b36b-a4d9&#8243;]\r\n                <div class=\"text-modules\">\r\n                    <div class=\"container\">\r\n                        \r\n                        <div class=\"text-modules__content\"><p><em>Oferta Otwartych Modu\u0142\u00f3w (nazwa robocza)\u00a0<\/em><\/p>\n<p><strong>Odpowiedzialni za przygotowanie oferty<\/strong>: zespo\u0142y powo\u0142ane przez JM Rektora, nauczyciele akademiccy.<\/p>\n<p>Oferta obejmowa\u0107 b\u0119dzie: 260 godzin, 18 ECTS \u2013 cz\u0119\u015b\u0107 C programu kszta\u0142cenia.<\/p>\n<hr \/>\n<p>Oferta Otwarta Modu\u0142\u00f3w (OOM) dla student\u00f3w studi\u00f3w I stopnia i jednolitych magisterskich organizowana b\u0119dzie na wz\u00f3r realizowanej ju\u017c na studiach II stopnia Og\u00f3lnoakademickiej Oferty Dydaktycznej (OOD). Zak\u0142adamy, \u017ce w ramach OOM studenci b\u0119d\u0105 realizowa\u0107 zak\u0142adane przez ustawodawc\u0119 modu\u0142y spo\u0142eczne i humanistyczne, zaj\u0119cia z wychowania fizycznego oraz potwierdz\u0105 znajomo\u015b\u0107 j\u0119zyka obcego na poziomie B2 lub B2+.<\/p>\n<p>Oferta Otwarta Modu\u0142\u00f3w (podobnie, jak OOD) nie b\u0119dzie sta\u0142ym zestawem modu\u0142\u00f3w, ale b\u0119dzie modyfikowana w trybie ci\u0105g\u0142ym, uwzgl\u0119dniaj\u0105cym zmienne potrzeby student\u00f3w oraz nowe zjawiska w obszarach wsp\u00f3\u0142czesnej wiedzy. Zak\u0142adamy r\u00f3wnie\u017c, \u017ce niekt\u00f3re z\u00a0modu\u0142\u00f3w b\u0119d\u0105 prowadzone w j\u0119zykach obcych, wykorzystuj\u0105c mo\u017cliwo\u015bci dydaktyczne otwarte sojuszem T4E oraz innych porozumie\u0144 mi\u0119dzynarodowych.<\/p>\n<p>Organizacja kszta\u0142cenia j\u0119zykowego zostanie szczeg\u00f3\u0142owo przygotowana przez specjalny zesp\u00f3\u0142 uniwersytecki, zgodna b\u0119dzie ona z zasadami przedstawionymi w tabeli 2.<\/p>\n<p>\n<\/div>\r\n                    <\/div>\r\n                <\/div>\r\n                <div class=\"text-modules\">\r\n                    <div class=\"container\">\r\n                        \r\n                        <div class=\"text-modules__content\"><\/p>\n<table class=\"alignleft\" style=\"width: 100%; border-style: solid; border-color: #919191; font-family: 'PT Sans';\" border=\"1\" cellspacing=\"5\" cellpadding=\"10\">\n<caption class=\"caption-top\">Tabela 1. Limity godzin w planach studi\u00f3w<\/caption>\n<thead>\n<tr class=\"sidebar_moduls sidebar_dropdown color-blue\" style=\"background-color: #cccccc;\">\n<th style=\"width: 298.22px;\" scope=\"col\"><strong>studia<\/strong><\/th>\n<th style=\"width: 66.9413px;\" scope=\"col\"><strong>limit godzin<\/strong><\/th>\n<th style=\"width: 84.8864px;\" scope=\"col\"><strong>za zgod\u0105 rektora<\/strong><br \/>\n<strong>-10%<\/strong><\/th>\n<th style=\"width: 84.9337px;\" scope=\"col\"><strong>za zgod\u0105 rektora<\/strong><br \/>\n<strong>+10%<\/strong><\/th>\n<\/tr>\n<\/thead>\n<tbody>\n<tr>\n<th style=\"width: 298.22px; background-color: #f2f2f2; text-align: left; vertical-align: middle;\" scope=\"row\">studia licencjackie \u2013 6 semestr\u00f3w<br \/>\n(nauki humanistyczne, spo\u0142eczne, teologiczne, sztuka)<\/th>\n<td style=\"width: 66.9413px;\">2000<\/td>\n<td style=\"width: 84.8864px;\">1800<\/td>\n<td style=\"width: 84.9337px;\">2200<\/td>\n<\/tr>\n<tr>\n<th style=\"width: 298.22px; background-color: #f2f2f2; text-align: left; vertical-align: middle;\" scope=\"row\">studia licencjackie \u2013 6 semestr\u00f3w<br \/>\n(nauki \u015bcis\u0142e, przyrodnicze, in\u017cynieryjno-techniczne)<\/th>\n<td style=\"width: 66.9413px;\">2100<\/td>\n<td style=\"width: 84.8864px;\">1890<\/td>\n<td style=\"width: 84.9337px;\">2310<\/td>\n<\/tr>\n<tr>\n<th style=\"width: 298.22px; background-color: #f2f2f2; text-align: left; vertical-align: middle;\" scope=\"row\">studia in\u017cynierskie \u2013 7 semestr\u00f3w<br \/>\n(nauki \u015bcis\u0142e, przyrodnicze, in\u017cynieryjno-techniczne )<\/th>\n<td style=\"width: 66.9413px;\">2300<\/td>\n<td style=\"width: 84.8864px;\">2070<\/td>\n<td style=\"width: 84.9337px;\">2530<\/td>\n<\/tr>\n<tr>\n<th style=\"width: 298.22px; background-color: #f2f2f2; text-align: left; vertical-align: middle;\" scope=\"row\">jednolite magisterskie \u2013 10 semestr\u00f3w<br \/>\n(np. prawo psychologia, pedagogika specjalna, przedszkolna i wczesnoszkolna, sztuka)<\/th>\n<td style=\"width: 66.9413px;\">2800<\/td>\n<td style=\"width: 84.8864px;\">2520<\/td>\n<td style=\"width: 84.9337px;\">3080<\/td>\n<\/tr>\n<tr>\n<th style=\"width: 298.22px; background-color: #f2f2f2; text-align: left; vertical-align: middle;\" scope=\"row\">jednolite magisterskie \u2013 11 semestr\u00f3w<br \/>\n(np. teologia)<\/th>\n<td style=\"width: 66.9413px;\">3000<\/td>\n<td style=\"width: 84.8864px;\">2700<\/td>\n<td style=\"width: 84.9337px;\">3300<\/td>\n<\/tr>\n<\/tbody>\n<\/table>\n<p>\n<\/div>\r\n                    <\/div>\r\n                <\/div>[\/vc_tta_section][vc_tta_section title=&#8221;Dzia\u0142 2&#8243; tab_id=&#8221;1658567372018-438e4e2e-9baf&#8221;][\/vc_tta_section][\/vc_tta_accordion][\/vc_column][vc_column width=&#8221;1\/4&#8243; css=&#8221;.vc_custom_1655116292854{border: 3px solid #f2f2f2 !important;border-radius: 3px !important;}&#8221;]\r\n                <div class=\"text-modules\">\r\n                    <div class=\"container\">\r\n                        \r\n                        <div class=\"text-modules__content\"><\/p>\n<p style=\"text-align: center; font-size: 120%;\">przysz\u0142o\u015b\u0107 kszta\u0142cenia uniwersyteckiego<\/p>\n<p>\n<\/div>\r\n                    <\/div>\r\n                <\/div>[vc_wp_text]<\/p>\n<p style=\"text-align: center;\">strona projektu:<\/p>\n<p>[\/vc_wp_text][vc_btn title=&#8221;nowa koncepcja studi\u00f3w&#8221; style=&#8221;outline-custom&#8221; outline_custom_color=&#8221;#002e5a&#8221; outline_custom_hover_background=&#8221;#002e5a&#8221; outline_custom_hover_text=&#8221;#ffffff&#8221; shape=&#8221;square&#8221; size=&#8221;lg&#8221; align=&#8221;center&#8221; custom_onclick=&#8221;true&#8221; link=&#8221;url:https%3A%2F%2Fus.edu.pl%2Fpracownik%2Fsprawy-dydaktyczne%2Fnowa-koncepcja-studiow%2F|title:przejd%C5%BA%20na%20stron%C4%99%20projektu%20||&#8221;][\/vc_column][\/vc_row]<\/p>","protected":false},"excerpt":{"rendered":"<p>[vc_row gap=&#8221;20&#8243; disable_element=&#8221;yes&#8221; el_class=&#8221;container&#8221;][vc_column width=&#8221;3\/4&#8243;][vc_row_inner content_placement=&#8221;middle&#8221;][vc_column_inner css=&#8221;.vc_custom_1653047881486{margin-top: 20px !important;}&#8221;][vc_empty_space height=&#8221;20px&#8221;][\/vc_column_inner][\/vc_row_inner][\/vc_column][vc_column width=&#8221;1\/4&#8243; css=&#8221;.vc_custom_1655116292854{border: 3px solid #f2f2f2 !important;border-radius: 3px !important;}&#8221;][vc_wp_text] strona projektu: [\/vc_wp_text][vc_btn title=&#8221;nowa koncepcja studi\u00f3w&#8221; style=&#8221;outline-custom&#8221; outline_custom_color=&#8221;#002e5a&#8221; outline_custom_hover_background=&#8221;#002e5a&#8221; outline_custom_hover_text=&#8221;#ffffff&#8221; shape=&#8221;square&#8221; size=&#8221;lg&#8221; align=&#8221;center&#8221; custom_onclick=&#8221;true&#8221; link=&#8221;url:https%3A%2F%2Fus.edu.pl%2Fpracownik%2Fsprawy-dydaktyczne%2Fnowa-koncepcja-studiow%2F|title:przejd%C5%BA%20na%20stron%C4%99%20projektu%20||&#8221;][\/vc_column][\/vc_row][vc_row gap=&#8221;20&#8243; el_class=&#8221;container&#8221;][vc_column][vc_empty_space][vc_raw_html]JTNDaDIlMjBjbGFzcyUzRCUyMnBhZ2UtdGl0bGUlMjIlM0VQcnpld29kbmlrJTIwJUUyJTgwJTkzJTIwaW5mb3JtYWNqZSUyMG9nJUMzJUIzbG5lJTNDJTJGaDIlM0U=[\/vc_raw_html][\/vc_column][\/vc_row][vc_row][vc_column][vc_column_text] &nbsp; [\/vc_column_text][\/vc_column][\/vc_row][vc_row disable_element=&#8221;yes&#8221; el_class=&#8221;container&#8221;][vc_column width=&#8221;3\/4&#8243; el_class=&#8221;line&#8221;][vc_raw_html]JTNDaDIlMjBjbGFzcyUzRCUyMnBhZ2UtdGl0bGUlMjIlM0V0eXR1JUM1JTgyJTIwc3Ryb255JTNDJTJGaDIlM0U=[\/vc_raw_html][vc_tta_accordion title_tag=&#8221;p&#8221; section_title_tag=&#8221;p&#8221; style=&#8221;outline&#8221; color=&#8221;mulled-wine&#8221; spacing=&#8221;10&#8243; c_icon=&#8221;triangle&#8221; active_section=&#8221;0&#8243; no_fill=&#8221;true&#8221; collapsible_all=&#8221;true&#8221; el_class=&#8221;bookmark&#8221;][vc_tta_section title=&#8221;Zadania zespo\u0142u przygotowuj\u0105cego Ofert\u0119 [&#8230;]<\/p>\n<p><a class=\"btn btn-secondary understrap-read-more-link\" href=\"https:\/\/us.edu.pl\/pracownik\/sprawy-dydaktyczne\/nowa-koncepcja-studiow\/przewodnik-informacje-ogolne\/\">Read More&#8230;<\/a><\/p>\n","protected":false},"author":26,"featured_media":16262,"parent":17170,"menu_order":72,"comment_status":"closed","ping_status":"closed","template":"page-templates\/page-with-sidebar-and-bookmarks.php","meta":{"_expiration-date-status":"","_expiration-date":0,"_expiration-date-type":"","_expiration-date-categories":[],"_expiration-date-options":[]},"acf":[],"_links":{"self":[{"href":"https:\/\/us.edu.pl\/pracownik\/wp-json\/wp\/v2\/pages\/18402"}],"collection":[{"href":"https:\/\/us.edu.pl\/pracownik\/wp-json\/wp\/v2\/pages"}],"about":[{"href":"https:\/\/us.edu.pl\/pracownik\/wp-json\/wp\/v2\/types\/page"}],"author":[{"embeddable":true,"href":"https:\/\/us.edu.pl\/pracownik\/wp-json\/wp\/v2\/users\/26"}],"replies":[{"embeddable":true,"href":"https:\/\/us.edu.pl\/pracownik\/wp-json\/wp\/v2\/comments?post=18402"}],"version-history":[{"count":10,"href":"https:\/\/us.edu.pl\/pracownik\/wp-json\/wp\/v2\/pages\/18402\/revisions"}],"predecessor-version":[{"id":21853,"href":"https:\/\/us.edu.pl\/pracownik\/wp-json\/wp\/v2\/pages\/18402\/revisions\/21853"}],"up":[{"embeddable":true,"href":"https:\/\/us.edu.pl\/pracownik\/wp-json\/wp\/v2\/pages\/17170"}],"wp:featuredmedia":[{"embeddable":true,"href":"https:\/\/us.edu.pl\/pracownik\/wp-json\/wp\/v2\/media\/16262"}],"wp:attachment":[{"href":"https:\/\/us.edu.pl\/pracownik\/wp-json\/wp\/v2\/media?parent=18402"}],"curies":[{"name":"wp","href":"https:\/\/api.w.org\/{rel}","templated":true}]}}