{"id":18480,"date":"2022-07-24T15:50:06","date_gmt":"2022-07-24T13:50:06","guid":{"rendered":"https:\/\/us.edu.pl\/pracownik\/?page_id=18480"},"modified":"2022-07-25T22:51:23","modified_gmt":"2022-07-25T20:51:23","slug":"wytyczne-nowej-koncepcji-studiow","status":"publish","type":"page","link":"https:\/\/us.edu.pl\/pracownik\/sprawy-dydaktyczne\/nowa-koncepcja-studiow\/wytyczne-nowej-koncepcji-studiow\/","title":{"rendered":"wytyczne nowej koncepcji studi\u00f3w"},"content":{"rendered":"<p>[vc_row el_class=&#8221;container&#8221;][vc_column width=&#8221;4\/5&#8243;][vc_row_inner][vc_column_inner][vc_raw_html]JTNDaDIlMjBjbGFzcyUzRCUyMnBhZ2UtdGl0bGUlMjIlM0VXeXR5Y3puZSUyMGRvdHljeiVDNCU4NWNlJTIwbm93ZWolMjBrb25jZXBjamklMjBzdHVkaSVDMyVCM3clM0MlMkZoMiUzRQ==[\/vc_raw_html][\/vc_column_inner][\/vc_row_inner][vc_row_inner content_placement=&#8221;middle&#8221;][vc_column_inner css=&#8221;.vc_custom_1653047881486{margin-top: 20px !important;}&#8221;]\r\n                <div class=\"text-modules\">\r\n                    <div class=\"container\">\r\n                        \r\n                        <div class=\"text-modules__content\"><p>Wytyczne w zakresie doskonalenia program\u00f3w studi\u00f3w i stopnia oraz studi\u00f3w jednolitych magisterskich zgodnie z za\u0142o\u017ceniami nowej koncepcji kszta\u0142cenia w Uniwersytecie \u015al\u0105skim:<\/p>\n<\/div>\r\n                    <\/div>\r\n                <\/div>[\/vc_column_inner][\/vc_row_inner][vc_empty_space height=&#8221;20px&#8221;][vc_row_inner content_placement=&#8221;middle&#8221; css=&#8221;.vc_custom_1655126619474{border-bottom-width: 1px !important;border-left-width: 10px !important;border-left-color: #fbb901 !important;border-left-style: solid !important;border-bottom-color: #fbb901 !important;border-bottom-style: solid !important;}&#8221; el_class=&#8221;rogi&#8221;][vc_column_inner css=&#8221;.vc_custom_1653047881486{margin-top: 20px !important;}&#8221;]\r\n                <div class=\"text-modules\">\r\n                    <div class=\"container\">\r\n                        \r\n                        <div class=\"text-modules__content\"><\/p>\n<h3>Pobierz dokument<\/h3>\n<p>\n<\/div>\r\n                    <\/div>\r\n                <\/div>\r\n                <div class=\"text-modules reverse\">\r\n                    <div class=\"container\">\r\n                         \r\n                        <div class=\"row m-0\">\r\n                            <div class=\"text-modules__content\">\r\n                                FORMATY:<\/p>\n<ul>\n<li style=\"font-size: 120%; margin-bottom: 20px;\"><a title=\"wytyczne nowej koncepcji studi\u00f3w | PDF\" href=\"https:\/\/us.edu.pl\/pracownik\/wp-content\/uploads\/sites\/2\/Editor\/pliki\/NKS-nowa-koncepcja\/WYTYCZNE-NOWEJ-KONCEPCJI-STUDIOW.pdf\" class=\"mtli_attachment mtli_pdf\" data-mtli=\"mtli_filesize1,13MB\" download=\"\">dokument PDF<\/a><\/li>\n<\/ul>\n<ul>\n<li style=\"font-size: 120%; margin-bottom: 20px;\"><a title=\"Wytyczne nowej koncepcji studi\u00f3w | docx\" href=\"https:\/\/us.edu.pl\/pracownik\/wp-content\/uploads\/sites\/2\/Editor\/pliki\/NKS-nowa-koncepcja\/WYTYCZNE-NKS.docx\" class=\"mtli_attachment mtli_docx\" data-mtli=\"mtli_filesize1,18MB\" download=\"\">dokument tekstowy<\/a><\/li>\n<\/ul>\n<div class=\"mt-3\"><\/div>\r\n                            <\/div>\r\n                            \r\n                            <div class=\"text-modules__img\"><img src=\"https:\/\/us.edu.pl\/pracownik\/wp-content\/uploads\/sites\/2\/pracownik\/Ikony-graficzne\/ikona-dokument-granat-150x150.png\" alt=\"img\"><\/div>\r\n                        <\/div>\r\n                    <\/div>\r\n                <\/div>[\/vc_column_inner][\/vc_row_inner][vc_row_inner content_placement=&#8221;middle&#8221;][vc_column_inner css=&#8221;.vc_custom_1653047881486{margin-top: 20px !important;}&#8221;][vc_empty_space height=&#8221;30px&#8221;][\/vc_column_inner][\/vc_row_inner][vc_row_inner content_placement=&#8221;middle&#8221; disable_element=&#8221;yes&#8221; css=&#8221;.vc_custom_1658670554104{border-bottom-width: 1px !important;border-left-width: 10px !important;border-left-color: #9b132b !important;border-left-style: solid !important;border-bottom-color: #9b132b !important;border-bottom-style: solid !important;}&#8221; el_class=&#8221;rogi&#8221;][vc_column_inner css=&#8221;.vc_custom_1653047881486{margin-top: 20px !important;}&#8221;]\r\n                <div class=\"text-modules\">\r\n                    <div class=\"container\">\r\n                        \r\n                        <div class=\"text-modules__content\"><\/p>\n<h4>tytu\u0142<\/h4>\n<p>\n<\/div>\r\n                    <\/div>\r\n                <\/div>\r\n                <div class=\"text-modules reverse\">\r\n                    <div class=\"container\">\r\n                         \r\n                        <div class=\"row m-0\">\r\n                            <div class=\"text-modules__content\">\r\n                                 \r\n                                <div class=\"mt-3\"><\/div>\r\n                            <\/div>\r\n                            \r\n                            <div class=\"text-modules__img\"><img src=\"https:\/\/us.edu.pl\/pracownik\/wp-content\/uploads\/sites\/2\/pracownik\/Ikony-graficzne\/ikona-dokument-granat-150x150.png\" alt=\"img\"><\/div>\r\n                        <\/div>\r\n                    <\/div>\r\n                <\/div>[\/vc_column_inner][\/vc_row_inner][vc_row_inner content_placement=&#8221;middle&#8221; disable_element=&#8221;yes&#8221;][vc_column_inner css=&#8221;.vc_custom_1653047881486{margin-top: 20px !important;}&#8221;][vc_empty_space height=&#8221;20px&#8221;][\/vc_column_inner][\/vc_row_inner][vc_row_inner content_placement=&#8221;middle&#8221; disable_element=&#8221;yes&#8221; css=&#8221;.vc_custom_1657108450239{border-bottom-width: 1px !important;border-left-width: 10px !important;border-left-color: #6f6f6d !important;border-left-style: solid !important;border-bottom-color: #6f6f6d !important;border-bottom-style: solid !important;}&#8221; el_class=&#8221;rogi&#8221;][vc_column_inner css=&#8221;.vc_custom_1653047881486{margin-top: 20px !important;}&#8221;]\r\n                <div class=\"text-modules\">\r\n                    <div class=\"container\">\r\n                        \r\n                        <div class=\"text-modules__content\"><\/p>\n<h4>tytu\u0142 raportu<\/h4>\n<p>\n<\/div>\r\n                    <\/div>\r\n                <\/div>\r\n                <div class=\"text-modules reverse\">\r\n                    <div class=\"container\">\r\n                         \r\n                        <div class=\"row m-0\">\r\n                            <div class=\"text-modules__content\">\r\n                                 \r\n                                <div class=\"mt-3\"><\/div>\r\n                            <\/div>\r\n                            \r\n                            <div class=\"text-modules__img\"><img src=\"https:\/\/us.edu.pl\/pracownik\/wp-content\/uploads\/sites\/2\/pracownik\/Ikony-graficzne\/ikona-dokument-granat-150x150.png\" alt=\"img\"><\/div>\r\n                        <\/div>\r\n                    <\/div>\r\n                <\/div>[\/vc_column_inner][\/vc_row_inner][vc_row_inner content_placement=&#8221;middle&#8221; disable_element=&#8221;yes&#8221;][vc_column_inner css=&#8221;.vc_custom_1653047881486{margin-top: 20px !important;}&#8221;][vc_empty_space height=&#8221;20px&#8221;][\/vc_column_inner][\/vc_row_inner][vc_row_inner content_placement=&#8221;middle&#8221; disable_element=&#8221;yes&#8221; css=&#8221;.vc_custom_1657108442317{border-bottom-width: 1px !important;border-left-width: 10px !important;border-left-color: #0094da !important;border-left-style: solid !important;border-bottom-color: #0094da !important;border-bottom-style: solid !important;}&#8221; el_class=&#8221;rogi&#8221;][vc_column_inner css=&#8221;.vc_custom_1653047881486{margin-top: 20px !important;}&#8221;]\r\n                <div class=\"text-modules\">\r\n                    <div class=\"container\">\r\n                        \r\n                        <div class=\"text-modules__content\"><\/p>\n<h4>tytu\u0142 raportu<\/h4>\n<p>\n<\/div>\r\n                    <\/div>\r\n                <\/div>\r\n                <div class=\"text-modules reverse\">\r\n                    <div class=\"container\">\r\n                         \r\n                        <div class=\"row m-0\">\r\n                            <div class=\"text-modules__content\">\r\n                                 \r\n                                <div class=\"mt-3\"><\/div>\r\n                            <\/div>\r\n                            \r\n                            <div class=\"text-modules__img\"><img src=\"https:\/\/us.edu.pl\/pracownik\/wp-content\/uploads\/sites\/2\/pracownik\/Ikony-graficzne\/ikona-dokument-granat-150x150.png\" alt=\"img\"><\/div>\r\n                        <\/div>\r\n                    <\/div>\r\n                <\/div>[\/vc_column_inner][\/vc_row_inner][vc_row_inner content_placement=&#8221;middle&#8221;][vc_column_inner css=&#8221;.vc_custom_1653047881486{margin-top: 20px !important;}&#8221;][vc_empty_space height=&#8221;20px&#8221;][\/vc_column_inner][\/vc_row_inner][\/vc_column][vc_column width=&#8221;1\/5&#8243; css=&#8221;.vc_custom_1655116292854{border: 3px solid #f2f2f2 !important;border-radius: 3px !important;}&#8221;]\r\n                <div class=\"text-modules\">\r\n                    <div class=\"container\">\r\n                        \r\n                        <div class=\"text-modules__content\"><\/p>\n<p style=\"text-align: center; font-size: 120%;\">przysz\u0142o\u015b\u0107 kszta\u0142cenia uniwersyteckiego<\/p>\n<p>\n<\/div>\r\n                    <\/div>\r\n                <\/div>[vc_wp_text]<\/p>\n<p style=\"text-align: center;\">strona projektu:<\/p>\n<p>[\/vc_wp_text][vc_btn title=&#8221;nowa koncepcja studi\u00f3w&#8221; style=&#8221;outline-custom&#8221; outline_custom_color=&#8221;#002e5a&#8221; outline_custom_hover_background=&#8221;#002e5a&#8221; outline_custom_hover_text=&#8221;#ffffff&#8221; shape=&#8221;square&#8221; size=&#8221;lg&#8221; align=&#8221;center&#8221; custom_onclick=&#8221;true&#8221; link=&#8221;url:https%3A%2F%2Fus.edu.pl%2Fpracownik%2Fsprawy-dydaktyczne%2Fnowa-koncepcja-studiow%2F|title:przejd%C5%BA%20na%20stron%C4%99%20projektu%20||&#8221;][\/vc_column][\/vc_row][vc_row el_class=&#8221;container&#8221;][vc_column][\/vc_column][\/vc_row]<\/p>\n<style type=\"text\/css\">a[data-mtli~=\"mtli_filesize1,13MB\"]:after {content:\" (1,13 MB)\"}a[data-mtli~=\"mtli_filesize1,18MB\"]:after {content:\" (1,18 MB)\"}<\/style>","protected":false},"excerpt":{"rendered":"<p>[vc_row el_class=&#8221;container&#8221;][vc_column width=&#8221;4\/5&#8243;][vc_row_inner][vc_column_inner][vc_raw_html]JTNDaDIlMjBjbGFzcyUzRCUyMnBhZ2UtdGl0bGUlMjIlM0VXeXR5Y3puZSUyMGRvdHljeiVDNCU4NWNlJTIwbm93ZWolMjBrb25jZXBjamklMjBzdHVkaSVDMyVCM3clM0MlMkZoMiUzRQ==[\/vc_raw_html][\/vc_column_inner][\/vc_row_inner][vc_row_inner content_placement=&#8221;middle&#8221;][vc_column_inner css=&#8221;.vc_custom_1653047881486{margin-top: 20px !important;}&#8221;][\/vc_column_inner][\/vc_row_inner][vc_empty_space height=&#8221;20px&#8221;][vc_row_inner content_placement=&#8221;middle&#8221; css=&#8221;.vc_custom_1655126619474{border-bottom-width: 1px !important;border-left-width: 10px !important;border-left-color: #fbb901 !important;border-left-style: solid !important;border-bottom-color: #fbb901 !important;border-bottom-style: solid !important;}&#8221; el_class=&#8221;rogi&#8221;][vc_column_inner css=&#8221;.vc_custom_1653047881486{margin-top: 20px !important;}&#8221;][\/vc_column_inner][\/vc_row_inner][vc_row_inner content_placement=&#8221;middle&#8221;][vc_column_inner css=&#8221;.vc_custom_1653047881486{margin-top: 20px !important;}&#8221;][vc_empty_space height=&#8221;30px&#8221;][\/vc_column_inner][\/vc_row_inner][vc_row_inner content_placement=&#8221;middle&#8221; disable_element=&#8221;yes&#8221; css=&#8221;.vc_custom_1658670554104{border-bottom-width: 1px !important;border-left-width: 10px !important;border-left-color: #9b132b !important;border-left-style: solid !important;border-bottom-color: #9b132b !important;border-bottom-style: solid !important;}&#8221; el_class=&#8221;rogi&#8221;][vc_column_inner css=&#8221;.vc_custom_1653047881486{margin-top: 20px !important;}&#8221;][\/vc_column_inner][\/vc_row_inner][vc_row_inner content_placement=&#8221;middle&#8221; disable_element=&#8221;yes&#8221;][vc_column_inner css=&#8221;.vc_custom_1653047881486{margin-top: 20px !important;}&#8221;][vc_empty_space [&#8230;]<\/p>\n<p><a class=\"btn btn-secondary understrap-read-more-link\" href=\"https:\/\/us.edu.pl\/pracownik\/sprawy-dydaktyczne\/nowa-koncepcja-studiow\/wytyczne-nowej-koncepcji-studiow\/\">Read More&#8230;<\/a><\/p>\n","protected":false},"author":26,"featured_media":0,"parent":17170,"menu_order":64,"comment_status":"closed","ping_status":"closed","template":"","meta":{"_expiration-date-status":"","_expiration-date":0,"_expiration-date-type":"","_expiration-date-categories":[],"_expiration-date-options":[]},"acf":[],"_links":{"self":[{"href":"https:\/\/us.edu.pl\/pracownik\/wp-json\/wp\/v2\/pages\/18480"}],"collection":[{"href":"https:\/\/us.edu.pl\/pracownik\/wp-json\/wp\/v2\/pages"}],"about":[{"href":"https:\/\/us.edu.pl\/pracownik\/wp-json\/wp\/v2\/types\/page"}],"author":[{"embeddable":true,"href":"https:\/\/us.edu.pl\/pracownik\/wp-json\/wp\/v2\/users\/26"}],"replies":[{"embeddable":true,"href":"https:\/\/us.edu.pl\/pracownik\/wp-json\/wp\/v2\/comments?post=18480"}],"version-history":[{"count":10,"href":"https:\/\/us.edu.pl\/pracownik\/wp-json\/wp\/v2\/pages\/18480\/revisions"}],"predecessor-version":[{"id":18593,"href":"https:\/\/us.edu.pl\/pracownik\/wp-json\/wp\/v2\/pages\/18480\/revisions\/18593"}],"up":[{"embeddable":true,"href":"https:\/\/us.edu.pl\/pracownik\/wp-json\/wp\/v2\/pages\/17170"}],"wp:attachment":[{"href":"https:\/\/us.edu.pl\/pracownik\/wp-json\/wp\/v2\/media?parent=18480"}],"curies":[{"name":"wp","href":"https:\/\/api.w.org\/{rel}","templated":true}]}}