{"id":18616,"date":"2022-07-26T09:59:22","date_gmt":"2022-07-26T07:59:22","guid":{"rendered":"https:\/\/us.edu.pl\/pracownik\/?page_id=18616"},"modified":"2026-03-10T15:39:06","modified_gmt":"2026-03-10T14:39:06","slug":"faq-wyjazdy-zagraniczne","status":"publish","type":"page","link":"https:\/\/us.edu.pl\/pracownik\/sprawy-miedzynarodowe\/mobilnosc-miedzynarodowa\/wyjazdy-zagraniczne\/faq-wyjazdy-zagraniczne\/","title":{"rendered":"FAQ wyjazdy zagraniczne"},"content":{"rendered":"<p>[vc_row][vc_column][\/vc_column][\/vc_row][vc_row][vc_column]\r\n\t\t\t\t\t<div class='container'>\r\n\t\t\t\t\t\t<div class='sidebar_moduls sidebar_dropdown zakladki' style='background-color: #FFFFFF'>\r\n\t\t\t\t\t\t\t<h3 class='page-title'>FAQ<\/h3>\r\n\t\t\t\t\t\t\t<p class='zakladki__desc'>Najcz\u0119\u015bciej zadawane pytania<\/p>\r\n\r\n\t\t\t\t\t\t\t<div class='bookmarks'>\r\n\t\t\t\t\t<div class=\"bookmark\">\r\n\t\t\t\t\t\t<div class=\"bookmark__title\">\r\n                            <p>\r\n                                <span class=\"short\">Co zrobi\u0107 je\u015bli lot zostanie odwo\u0142any?<\/span>\r\n                                <span class=\"long\">Co zrobi\u0107 je\u015bli lot zostanie odwo\u0142any?<\/span>\r\n                            <\/p>\r\n\t\t\t\t\t\t<\/div>\r\n\t\t\t\t\t\t\r\n\t\t\t\t\t\t<div class=\"bookmark__content-wrap\">\r\n\t\t\t\t\t\t\t<div class=\"bookmark__content\">\r\n\r\n\t\t\t\t\t\t\t\t\r\n\r\n\t\t\t\t\t\t\t\t<div class=\"bookmark_text\" style=\"\">\r\n\t\t\t\t\t\t\t\tJe\u015bli ju\u017c nast\u0105pi\u0142a odprawa, odpowiedzialno\u015b\u0107 za bilet przejmuje lotnisko. Wtedy najszybciej mo\u017cna uzyska\u0107 pomoc w punkcie informacyjnym.\n\nJe\u015bli pasa\u017cer jeszcze nie dokona\u0142 oprawy, odpowiedzialno\u015b\u0107 za przelot spoczywa na przewo\u017aniku. Wtedy zalecamy kontakt bezpo\u015brednio z infolini\u0105 przewo\u017anika lub z lini\u0105 HELP-DESK biura podr\u00f3\u017cy w kt\u00f3rym zakupiono bilet.\r\n\t\t\t\t\t\t\t\t<br>\r\n\t\t\t\t\t\t\t\t\r\n\t\t\t\t\t\t\t\t<\/div>\r\n\t\t\t\t\t\t\t<\/div>\r\n\t\t\t\t\t\t<\/div>\r\n\t\t\t\t\t<\/div>\r\n\t\t\t\t\t<div class=\"bookmark\">\r\n\t\t\t\t\t\t<div class=\"bookmark__title\">\r\n                            <p>\r\n                                <span class=\"short\">Organizator odwo\u0142a\u0142 konferencj\u0119, a zosta\u0142y ju\u017c op\u0142acon(...)<\/span>\r\n                                <span class=\"long\">Organizator odwo\u0142a\u0142 konferencj\u0119, a zosta\u0142y ju\u017c op\u0142acone: op\u0142ata konferencyjna, przelot i nocleg. Co zrobi\u0107 w takim przypadku?<\/span>\r\n                            <\/p>\r\n\t\t\t\t\t\t<\/div>\r\n\t\t\t\t\t\t\r\n\t\t\t\t\t\t<div class=\"bookmark__content-wrap\">\r\n\t\t\t\t\t\t\t<div class=\"bookmark__content\">\r\n\r\n\t\t\t\t\t\t\t\t\r\n\r\n\t\t\t\t\t\t\t\t<div class=\"bookmark_text\" style=\"\">\r\n\t\t\t\t\t\t\t\tNa osobie wyje\u017cd\u017caj\u0105cej spoczywa odpowiedzialno\u015b\u0107 za zminimalizowanie strat. Nale\u017cy skontaktowa\u0107 si\u0119 z organizatorem i hotelem w sprawie zwrotu \u015brodk\u00f3w. Dodatkowo nale\u017cy skontaktowa\u0107 si\u0119 z biurem podr\u00f3\u017cy w celu pr\u00f3by anulowania lub zwrotu biletu. Starania trzeba udokumentowa\u0107. W przypadku uznania strat - nale\u017cy zwr\u00f3ci\u0107 si\u0119 do dziekana lub kierownika jednostki o wskazanie obiekt\u00f3w kontrolingowych do zaksi\u0119gowania strat.\r\n\t\t\t\t\t\t\t\t<br>\r\n\t\t\t\t\t\t\t\t\r\n\t\t\t\t\t\t\t\t<\/div>\r\n\t\t\t\t\t\t\t<\/div>\r\n\t\t\t\t\t\t<\/div>\r\n\t\t\t\t\t<\/div>\r\n\t\t\t\t\t<div class=\"bookmark\">\r\n\t\t\t\t\t\t<div class=\"bookmark__title\">\r\n                            <p>\r\n                                <span class=\"short\">Jestem pracownikiem wyje\u017cd\u017caj\u0105cym za granic\u0119 na 43 dni, (...)<\/span>\r\n                                <span class=\"long\">Jestem pracownikiem wyje\u017cd\u017caj\u0105cym za granic\u0119 na 43 dni, czy jestem ubezpieczony?<\/span>\r\n                            <\/p>\r\n\t\t\t\t\t\t<\/div>\r\n\t\t\t\t\t\t\r\n\t\t\t\t\t\t<div class=\"bookmark__content-wrap\">\r\n\t\t\t\t\t\t\t<div class=\"bookmark__content\">\r\n\r\n\t\t\t\t\t\t\t\t\r\n\r\n\t\t\t\t\t\t\t\t<div class=\"bookmark_text\" style=\"\">\r\n\t\t\t\t\t\t\t\tTak. Ubezpieczeniem U\u015a obj\u0119te s\u0105 wszystkie osoby wyje\u017cd\u017caj\u0105ce za granic\u0119. \r\n\t\t\t\t\t\t\t\t<br>\r\n\t\t\t\t\t\t\t\t\r\n\t\t\t\t\t\t\t\t<\/div>\r\n\t\t\t\t\t\t\t<\/div>\r\n\t\t\t\t\t\t<\/div>\r\n\t\t\t\t\t<\/div>\r\n\t\t\t\t\t<div class=\"bookmark\">\r\n\t\t\t\t\t\t<div class=\"bookmark__title\">\r\n                            <p>\r\n                                <span class=\"short\">Z kim kontaktowa\u0107 si\u0119 w sprawie szkody powsta\u0142ej podczas (...)<\/span>\r\n                                <span class=\"long\">Z kim kontaktowa\u0107 si\u0119 w sprawie szkody powsta\u0142ej podczas wyjazdu za granic\u0119?<\/span>\r\n                            <\/p>\r\n\t\t\t\t\t\t<\/div>\r\n\t\t\t\t\t\t\r\n\t\t\t\t\t\t<div class=\"bookmark__content-wrap\">\r\n\t\t\t\t\t\t\t<div class=\"bookmark__content\">\r\n\r\n\t\t\t\t\t\t\t\t\r\n\r\n\t\t\t\t\t\t\t\t<div class=\"bookmark_text\" style=\"\">\r\n\t\t\t\t\t\t\t\tNa stronie internetowej dotycz\u0105cej wyjazd\u00f3w zagranicznych, w zak\u0142adce \"ubezpieczenie\" znajduj\u0105 si\u0119 dane kontaktowe do ubezpieczyciela.\r\n\t\t\t\t\t\t\t\t<br>\r\n\t\t\t\t\t\t\t\t\r\n\t\t\t\t\t\t\t\t<\/div>\r\n\t\t\t\t\t\t\t<\/div>\r\n\t\t\t\t\t\t<\/div>\r\n\t\t\t\t\t<\/div>\r\n\t\t\t\t\t<div class=\"bookmark\">\r\n\t\t\t\t\t\t<div class=\"bookmark__title\">\r\n                            <p>\r\n                                <span class=\"short\">Na \"Wniosku o wyjazd za granic\u0119\" zaplanowano wyjazd za gran(...)<\/span>\r\n                                <span class=\"long\">Na \"Wniosku o wyjazd za granic\u0119\" zaplanowano wyjazd za granic\u0119 20 wrze\u015bnia, czy mo\u017cna wylecie\u0107 19-ego, bo wtedy s\u0105 o wiele ta\u0144sze loty?<\/span>\r\n                            <\/p>\r\n\t\t\t\t\t\t<\/div>\r\n\t\t\t\t\t\t\r\n\t\t\t\t\t\t<div class=\"bookmark__content-wrap\">\r\n\t\t\t\t\t\t\t<div class=\"bookmark__content\">\r\n\r\n\t\t\t\t\t\t\t\t\r\n\r\n\t\t\t\t\t\t\t\t<div class=\"bookmark_text\" style=\"\">\r\n\t\t\t\t\t\t\t\tDaty wskazane na \"Wniosku o wyjazd za granic\u0119\" s\u0105 datami planowanymi. Je\u015bli jest uzasadnienie wcze\u015bniejszego lub p\u00f3\u017aniejszego wylotu (+\/- 1 dzie\u0144), wtedy sk\u0142adaj\u0105c rachunek koszt\u00f3w po podr\u00f3\u017cy nale\u017cy poda\u0107 rzeczywiste daty wyjazdu.\r\n\t\t\t\t\t\t\t\t<br>\r\n\t\t\t\t\t\t\t\t\r\n\t\t\t\t\t\t\t\t<\/div>\r\n\t\t\t\t\t\t\t<\/div>\r\n\t\t\t\t\t\t<\/div>\r\n\t\t\t\t\t<\/div>\r\n\t\t\t\t\t<div class=\"bookmark\">\r\n\t\t\t\t\t\t<div class=\"bookmark__title\">\r\n                            <p>\r\n                                <span class=\"short\">Czy jad\u0105c samochodem osobowym mog\u0119 rozliczy\u0107 rycza\u0142t na (...)<\/span>\r\n                                <span class=\"long\">Czy jad\u0105c samochodem osobowym mog\u0119 rozliczy\u0107 rycza\u0142t na pokrycie koszt\u00f3w dojazd\u00f3w \u015brodkami komunikacji miejscowej (10% diety)?<\/span>\r\n                            <\/p>\r\n\t\t\t\t\t\t<\/div>\r\n\t\t\t\t\t\t\r\n\t\t\t\t\t\t<div class=\"bookmark__content-wrap\">\r\n\t\t\t\t\t\t\t<div class=\"bookmark__content\">\r\n\r\n\t\t\t\t\t\t\t\t\r\n\r\n\t\t\t\t\t\t\t\t<div class=\"bookmark_text\" style=\"\">\r\n\t\t\t\t\t\t\t\tNie, korzystaj\u0105c z samochodu osobowego nie ma mo\u017cliwo\u015bci rozliczenia rycza\u0142t\u00f3w na pokrycie koszt\u00f3w dojazd\u00f3w \u015brodkami komunikacji miejscowej (10% diety).\r\n\t\t\t\t\t\t\t\t<br>\r\n\t\t\t\t\t\t\t\t\r\n\t\t\t\t\t\t\t\t<\/div>\r\n\t\t\t\t\t\t\t<\/div>\r\n\t\t\t\t\t\t<\/div>\r\n\t\t\t\t\t<\/div>\r\n\t\t\t\t\t<div class=\"bookmark\">\r\n\t\t\t\t\t\t<div class=\"bookmark__title\">\r\n                            <p>\r\n                                <span class=\"short\">Czy op\u0142at\u0119 akredytacyjn\u0105 za udzia\u0142 w festiwalu filmowym (...)<\/span>\r\n                                <span class=\"long\">Czy op\u0142at\u0119 akredytacyjn\u0105 za udzia\u0142 w festiwalu filmowym mog\u0119 rozliczy\u0107 w oparciu o 'Wniosek o wyjazd za granic\u0119\"?<\/span>\r\n                            <\/p>\r\n\t\t\t\t\t\t<\/div>\r\n\t\t\t\t\t\t\r\n\t\t\t\t\t\t<div class=\"bookmark__content-wrap\">\r\n\t\t\t\t\t\t\t<div class=\"bookmark__content\">\r\n\r\n\t\t\t\t\t\t\t\t\r\n\r\n\t\t\t\t\t\t\t\t<div class=\"bookmark_text\" style=\"\">\r\n\t\t\t\t\t\t\t\tTak. Op\u0142ata akredytacyjna jest mo\u017cliwa do rozliczenia, pod warunkiem, \u017ce dotyczy ona udzia\u0142u w festiwalu filmowym.\r\n\t\t\t\t\t\t\t\t<br>\r\n\t\t\t\t\t\t\t\t\r\n\t\t\t\t\t\t\t\t<\/div>\r\n\t\t\t\t\t\t\t<\/div>\r\n\t\t\t\t\t\t<\/div>\r\n\t\t\t\t\t<\/div>\r\n\t\t\t\t\t<div class=\"bookmark\">\r\n\t\t\t\t\t\t<div class=\"bookmark__title\">\r\n                            <p>\r\n                                <span class=\"short\">Jakie konto przedstawi\u0107 do wyp\u0142aty zaliczki na wyjazd za g(...)<\/span>\r\n                                <span class=\"long\">Jakie konto przedstawi\u0107 do wyp\u0142aty zaliczki na wyjazd za granic\u0119: pracownicze, na kt\u00f3re dostaj\u0119 wynagrodzenie, czy walutowe?<\/span>\r\n                            <\/p>\r\n\t\t\t\t\t\t<\/div>\r\n\t\t\t\t\t\t\r\n\t\t\t\t\t\t<div class=\"bookmark__content-wrap\">\r\n\t\t\t\t\t\t\t<div class=\"bookmark__content\">\r\n\r\n\t\t\t\t\t\t\t\t\r\n\r\n\t\t\t\t\t\t\t\t<div class=\"bookmark_text\" style=\"\">\r\n\t\t\t\t\t\t\t\tDo wyp\u0142aty zaliczek zalecamy poda\u0107 konto walutowe.\nDo rozliczenia koszt\u00f3w podr\u00f3\u017cy zalecamy poda\u0107 konto prowadzone w PLN.\r\n\t\t\t\t\t\t\t\t<br>\r\n\t\t\t\t\t\t\t\t\r\n\t\t\t\t\t\t\t\t<\/div>\r\n\t\t\t\t\t\t\t<\/div>\r\n\t\t\t\t\t\t<\/div>\r\n\t\t\t\t\t<\/div>\r\n\t\t\t\t\t<div class=\"bookmark\">\r\n\t\t\t\t\t\t<div class=\"bookmark__title\">\r\n                            <p>\r\n                                <span class=\"short\">Jad\u0119 na konferencj\u0119 do Niemiec, czy mog\u0119 poda\u0107 konto pro(...)<\/span>\r\n                                <span class=\"long\">Jad\u0119 na konferencj\u0119 do Niemiec, czy mog\u0119 poda\u0107 konto prowadzone w USD do wyp\u0142aty zaliczki?<\/span>\r\n                            <\/p>\r\n\t\t\t\t\t\t<\/div>\r\n\t\t\t\t\t\t\r\n\t\t\t\t\t\t<div class=\"bookmark__content-wrap\">\r\n\t\t\t\t\t\t\t<div class=\"bookmark__content\">\r\n\r\n\t\t\t\t\t\t\t\t\r\n\r\n\t\t\t\t\t\t\t\t<div class=\"bookmark_text\" style=\"\">\r\n\t\t\t\t\t\t\t\tNie zalecamy podawania konta prowadzonego w innej walucie, ni\u017c wskazanej w rozporz\u0105dzeniu ministra dla danego kraju. Rozliczenia wyjazdu do Niemiec dokonuje si\u0119 w EUR. Podanie konta prowadzonego w USD skutkuje podw\u00f3jnym przewalutowaniem, czyli realn\u0105 strat\u0105 osoby wyje\u017cd\u017caj\u0105cej. \r\n\t\t\t\t\t\t\t\t<br>\r\n\t\t\t\t\t\t\t\t\r\n\t\t\t\t\t\t\t\t<\/div>\r\n\t\t\t\t\t\t\t<\/div>\r\n\t\t\t\t\t\t<\/div>\r\n\t\t\t\t\t<\/div>\r\n\t\t\t\t\t<div class=\"bookmark\">\r\n\t\t\t\t\t\t<div class=\"bookmark__title\">\r\n                            <p>\r\n                                <span class=\"short\">Czy profesor wizytuj\u0105cy mo\u017ce przyjecha\u0107 w ramach \"Wniosku(...)<\/span>\r\n                                <span class=\"long\">Czy profesor wizytuj\u0105cy mo\u017ce przyjecha\u0107 w ramach \"Wniosku GZ - o przyj\u0119cie go\u015bcia z zagranicy\"?<\/span>\r\n                            <\/p>\r\n\t\t\t\t\t\t<\/div>\r\n\t\t\t\t\t\t\r\n\t\t\t\t\t\t<div class=\"bookmark__content-wrap\">\r\n\t\t\t\t\t\t\t<div class=\"bookmark__content\">\r\n\r\n\t\t\t\t\t\t\t\t\r\n\r\n\t\t\t\t\t\t\t\t<div class=\"bookmark_text\" style=\"\">\r\n\t\t\t\t\t\t\t\tNie. Profesor wizytuj\u0105cy powinien przyjecha\u0107 w ramach \"Wniosku OZ - o przyj\u0119cie osoby z zagranicy, z kt\u00f3r\u0105 zawarto umow\u0119 cywilnoprawn\u0105\".\r\n\t\t\t\t\t\t\t\t<br>\r\n\t\t\t\t\t\t\t\t\r\n\t\t\t\t\t\t\t\t<\/div>\r\n\t\t\t\t\t\t\t<\/div>\r\n\t\t\t\t\t\t<\/div>\r\n\t\t\t\t\t<\/div><\/div>\r\n\t\t\t\t\t\t<\/div>\r\n\t\t\t\t\t <\/div>[\/vc_column][\/vc_row]<\/p>","protected":false},"excerpt":{"rendered":"<p>[vc_row][vc_column][\/vc_column][\/vc_row][vc_row][vc_column][\/vc_column][\/vc_row] [&#8230;]<\/p>\n<p><a class=\"btn btn-secondary understrap-read-more-link\" href=\"https:\/\/us.edu.pl\/pracownik\/sprawy-miedzynarodowe\/mobilnosc-miedzynarodowa\/wyjazdy-zagraniczne\/faq-wyjazdy-zagraniczne\/\">Read More&#8230;<\/a><\/p>\n","protected":false},"author":41,"featured_media":0,"parent":9166,"menu_order":62,"comment_status":"closed","ping_status":"closed","template":"page-templates\/inner-page.php","meta":{"_expiration-date-status":"","_expiration-date":0,"_expiration-date-type":"","_expiration-date-categories":[],"_expiration-date-options":[]},"acf":[],"_links":{"self":[{"href":"https:\/\/us.edu.pl\/pracownik\/wp-json\/wp\/v2\/pages\/18616"}],"collection":[{"href":"https:\/\/us.edu.pl\/pracownik\/wp-json\/wp\/v2\/pages"}],"about":[{"href":"https:\/\/us.edu.pl\/pracownik\/wp-json\/wp\/v2\/types\/page"}],"author":[{"embeddable":true,"href":"https:\/\/us.edu.pl\/pracownik\/wp-json\/wp\/v2\/users\/41"}],"replies":[{"embeddable":true,"href":"https:\/\/us.edu.pl\/pracownik\/wp-json\/wp\/v2\/comments?post=18616"}],"version-history":[{"count":8,"href":"https:\/\/us.edu.pl\/pracownik\/wp-json\/wp\/v2\/pages\/18616\/revisions"}],"predecessor-version":[{"id":42588,"href":"https:\/\/us.edu.pl\/pracownik\/wp-json\/wp\/v2\/pages\/18616\/revisions\/42588"}],"up":[{"embeddable":true,"href":"https:\/\/us.edu.pl\/pracownik\/wp-json\/wp\/v2\/pages\/9166"}],"wp:attachment":[{"href":"https:\/\/us.edu.pl\/pracownik\/wp-json\/wp\/v2\/media?parent=18616"}],"curies":[{"name":"wp","href":"https:\/\/api.w.org\/{rel}","templated":true}]}}