{"id":18660,"date":"2022-08-17T13:50:57","date_gmt":"2022-08-17T11:50:57","guid":{"rendered":"https:\/\/us.edu.pl\/pracownik\/?page_id=18660"},"modified":"2023-02-27T14:05:50","modified_gmt":"2023-02-27T13:05:50","slug":"procedura-postepowania-rekrutacyjnego-nna","status":"publish","type":"page","link":"https:\/\/us.edu.pl\/pracownik\/sprawy-pracownicze\/procedury-rekrutacyjne\/procedura-postepowania-rekrutacyjnego-nna\/","title":{"rendered":"Post\u0119powanie rekrutacyjne przy zatrudnieniu pracownik\u00f3w nieb\u0119d\u0105cych nauczycielami akademickimi"},"content":{"rendered":"<p>[vc_row][vc_column][\/vc_column][\/vc_row][vc_row el_class=&#8221;container&#8221;][vc_column]\r\n                <div class=\"text-modules\">\r\n                    <div class=\"container\">\r\n                        \r\n                        <div class=\"text-modules__content\"><p>Zatrudnienie pracownika nieb\u0119d\u0105cego nauczycielem akademickim odbywa si\u0119 w drodze post\u0119powania rekrutacyjnego. W wyj\u0105tkowych sytuacjach w uzgodnieniu z Kanclerzem i za zgod\u0105 Rektora post\u0119powanie rekrutacyjne mo\u017ce by\u0107 pomini\u0119te.<\/p>\n<p>Post\u0119powanie rekrutacyjne mo\u017ce by\u0107 prowadzone w trybie rekrutacji wewn\u0119trznej lub zewn\u0119trznej.<\/p>\n<\/div>\r\n                    <\/div>\r\n                <\/div>[\/vc_column][\/vc_row][vc_row el_class=&#8221;container&#8221;][vc_column]<div class=\"container\"><div class=\"separator\" style=\"background-color: #000000\"><\/div><\/div>[\/vc_column][\/vc_row][vc_row el_class=&#8221;container&#8221;][vc_column width=&#8221;2\/3&#8243;]\r\n                <div class=\"text-modules\">\r\n                    <div class=\"container\">\r\n                        \r\n                        <div class=\"text-modules__content\"><p><span style=\"font-size: 14pt;\"><strong>Warunki post\u0119powania rekrutacyjnego<\/strong><\/span><\/p>\n<p>Rekrutacja i zatrudnienie pracownik\u00f3w nieb\u0119d\u0105cych nauczycielami akademickimi odbywa si\u0119 na zasadach wynikaj\u0105cych ze statutu uczelni, zgodnie z przepisami kodeksu pracy, ustawy o ochronie danych osobowych i innych przepis\u00f3w powszechnie obowi\u0105zuj\u0105cych. Nab\u00f3r i selekcja odbywa si\u0119 w oparciu o post\u0119powanie rekrutacyjne, zgodne ze strategi\u0105 rozwoju Uniwersytetu.<\/p>\n<p>Minimalne wymagania kwalifikacyjne wobec kandydat\u00f3w do pracy okre\u015blone s\u0105 w Regulaminie wynagradzania pracownik\u00f3w U\u015a.<\/p>\n<p>W Uniwersytecie nie mo\u017ce powsta\u0107 stosunek bezpo\u015bredniej podleg\u0142o\u015bci s\u0142u\u017cbowej mi\u0119dzy ma\u0142\u017conkami, osobami pozostaj\u0105cymi ze sob\u0105 w stosunku pokrewie\u0144stwa, powinowactwa albo stosunku przysposobienia, opieki i kurateli.<\/p>\n<\/div>\r\n                    <\/div>\r\n                <\/div>[\/vc_column][vc_column width=&#8221;1\/3&#8243;]\r\n                <div class=\"text-modules\">\r\n                    <div class=\"container\">\r\n                        \r\n                        <div class=\"text-modules__content\"><p><span style=\"font-size: 14pt;\"><strong>Obowi\u0105zki osoby zg\u0142aszaj\u0105cej rekrutacj\u0119<\/strong><\/span><\/p>\n<p>Do zada\u0144 bezpo\u015bredniego prze\u0142o\u017conego nale\u017cy:<\/p>\n<ul>\n<li>z\u0142o\u017cenie wniosku o wszcz\u0119cie post\u0119powania rekrutacyjnego (za\u0142\u0105cznik 1)<\/li>\n<li>udzia\u0142 w pracach komisji rekrutacyjnej,<\/li>\n<li>wsp\u00f3\u0142praca z Dzia\u0142em HR w trakcie post\u0119powania rekrutacyjnego,<\/li>\n<li>poinformowanie Dzia\u0142u HR o przeprowadzeniu rekrutacji drog\u0105 doboru bezpo\u015bredniego i z\u0142o\u017cenie do DSOS wniosku o zatrudnienie.<\/li>\n<\/ul>\n<p>W przypadku braku mo\u017cliwo\u015bci udzia\u0142u w procesie rekrutacji bezpo\u015bredniego prze\u0142o\u017conego, jego obowi\u0105zki przejmuje prze\u0142o\u017cony lub osoba przez niego wyznaczona.<\/p>\n<\/div>\r\n                    <\/div>\r\n                <\/div>[\/vc_column][\/vc_row][vc_row el_class=&#8221;container&#8221;][vc_column width=&#8221;2\/3&#8243;]<div class=\"container\"><div class=\"separator\" style=\"background-color: #000000\"><\/div><\/div>[\/vc_column][vc_column width=&#8221;1\/3&#8243;]<div class=\"container\"><div class=\"separator\" style=\"background-color: #000000\"><\/div><\/div>[\/vc_column][\/vc_row][vc_row el_class=&#8221;container&#8221;][vc_column width=&#8221;2\/3&#8243;]\r\n                <div class=\"text-modules\">\r\n                    <div class=\"container\">\r\n                        \r\n                        <div class=\"text-modules__content\"><p><span style=\"font-size: 14pt;\"><strong>Wszcz\u0119cie post\u0119powania rekrutacyjnego<\/strong><\/span><\/p>\n<p>1. Wszcz\u0119cie post\u0119powania rekrutacyjnego odbywa si\u0119 na wniosek z\u0142o\u017cony przez kanclerza, dyrektora, kierownika jednostki administracji og\u00f3lnouczelnianej lub kierownika organizacyjnego wydzia\u0142u lub kierownika\/dyrektora jednostki organizacyjnej nieb\u0119d\u0105cej wydzia\u0142em. Wniosek trafia do w\u0142a\u015bciwego Prorektora, kt\u00f3ry formalnie og\u0142asza nab\u00f3r kandydat\u00f3w do jednostki uczelni. Wniosek stanowi za\u0142\u0105cznik nr 1 do Regulaminu rekrutacji.<\/p>\n<p>2. W przypadku rekrutacji do jednostek administracji og\u00f3lnouczelnianej, wydzia\u0142owej oraz szk\u00f3\u0142 doktorskich i pozosta\u0142ych jednostek organizacyjnych\u00a0(na stanowiska pracownika administracyjnego, pracownika wydawnictwa U\u015a, pracownika bibliotecznego, pracownika dokumentacji i informacji naukowej,\u00a0pracownika obs\u0142ugi) wszcz\u0119cie post\u0119powania odbywa si\u0119 po zasi\u0119gni\u0119ciu opinii w\u0142a\u015bciwego Kanclerza.<\/p>\n<p>3. W przypadku podgrupy pracownik\u00f3w badawczo-technicznych oraz in\u017cynieryjno-technicznych wymagana jest opinia Dziekana.<\/p>\n<p>4. Rekrutacja prowadzona w ramach nowego etatu wymaga zgody Rektora na jego utworzenie wraz ze wskazaniem wysoko\u015bci wynagrodzenia zasadniczego.<\/p>\n<\/div>\r\n                    <\/div>\r\n                <\/div>[\/vc_column][vc_column width=&#8221;1\/3&#8243;]\r\n                <div class=\"text-modules\">\r\n                    <div class=\"container\">\r\n                        \r\n                        <div class=\"text-modules__content\"><p><span style=\"font-size: 14pt;\"><strong>Og\u0142oszenie naboru kandydat\u00f3w <\/strong><\/span><\/p>\n<p>Przygotowanie og\u0142oszenia o nab\u00f3r kandydat\u00f3w jest niezb\u0119dnym krokiem w procedurze rekrutacyjnej. <strong>Podstaw\u0105 do przygotowania og\u0142oszenia jest zaakceptowany przez w\u0142a\u015bciwego Prorektora wniosek o wszcz\u0119cie post\u0119powania rekrutacyjnego.<\/strong> Wz\u00f3r og\u0142oszenia rekrutacyjnego stanowi <a href=\"https:\/\/aktyprawne.us.edu.pl\/d\/5839\/5\/?tc=17\"><u>za\u0142\u0105cznik nr 3 do Regulaminu<\/u><\/a>.<\/p>\n<p>Dzia\u0142 HR jest odpowiedzialny za publikacj\u0119 og\u0142oszenia rekrutacyjnego. Publikacja og\u0142oszenia na stronie Uniwersytetu odbywa si\u0119 do 3 dni roboczych po ustaleniu jego tre\u015bci przez Komisj\u0119 rekrutacyjn\u0105. W razie potrzeby udost\u0119pnienie tre\u015bci w innych kana\u0142ach komunikacji odbywa si\u0119 do 5 dni roboczych.<\/p>\n<\/div>\r\n                    <\/div>\r\n                <\/div>[\/vc_column][\/vc_row][vc_row el_class=&#8221;container&#8221;][vc_column width=&#8221;2\/3&#8243;]<div class=\"container\"><div class=\"separator\" style=\"background-color: #000000\"><\/div><\/div>[\/vc_column][vc_column width=&#8221;1\/3&#8243;]<div class=\"container\"><div class=\"separator\" style=\"background-color: #000000\"><\/div><\/div>[\/vc_column][\/vc_row][vc_row el_class=&#8221;container&#8221;][vc_column width=&#8221;2\/3&#8243;]\r\n                <div class=\"text-modules\">\r\n                    <div class=\"container\">\r\n                        \r\n                        <div class=\"text-modules__content\"><p><span style=\"font-size: 14pt;\"><strong>Komisja rekrutacyjna<\/strong><\/span><\/p>\n<p>Komisja sk\u0142ada si\u0119 z 3 do 5 cz\u0142onk\u00f3w b\u0119d\u0105cych pracownikami Uniwersytetu. Cz\u0142onkowie Komisji musz\u0105 zosta\u0107 zaakceptowani przez w\u0142a\u015bciwego Prorektora. W sk\u0142ad komisji wchodzi:<\/p>\n<ol>\n<li>co najmniej jeden przedstawiciel Dzia\u0142u HR,<\/li>\n<li>wnioskuj\u0105cy lub jego bezpo\u015bredni prze\u0142o\u017cony,<\/li>\n<li>wskazane przez wnioskuj\u0105cego osoby.<\/li>\n<\/ol>\n<p>Po zako\u0144czeniu pracy komisji sporz\u0105dza si\u0119 protok\u00f3\u0142 ko\u0144cowy (wz\u00f3r protoko\u0142u stanowi <a href=\"https:\/\/aktyprawne.us.edu.pl\/d\/5839\/5\/?tc=17\"><u>za\u0142\u0105cznik nr 2 do Regulaminu<\/u><\/a>).<\/p>\n<p>Niezw\u0142ocznie po akceptacji wniosku o wszcz\u0119cie post\u0119powania rekrutacyjnego przez w\u0142a\u015bciwego Prorektora komisja rozpoczyna prace.<\/p>\n<p>Harmonogram rekrutacji, kana\u0142y dystrybucji informacji o naborze oraz tre\u015b\u0107 og\u0142oszenia rekrutacyjnego zostaj\u0105 okre\u015blone do 14 dni po otrzymaniu wniosku.<\/p>\n<\/div>\r\n                    <\/div>\r\n                <\/div>[\/vc_column][vc_column width=&#8221;1\/3&#8243;]\r\n                <div class=\"text-modules\">\r\n                    <div class=\"container\">\r\n                        \r\n                        <div class=\"text-modules__content\"><p><span style=\"font-size: 14pt;\"><strong>Zadania komisji rekrutacyjnej<\/strong><\/span><\/p>\n<p>Do zada\u0144 komisji nale\u017c\u0105 w szczeg\u00f3lno\u015bci:<\/p>\n<ul>\n<li>okre\u015blenie etap\u00f3w rekrutacji oraz czasu jej trwania,<\/li>\n<li>okre\u015blenie zaanga\u017cowania cz\u0142onk\u00f3w komisji na poszczeg\u00f3lnych etapach rekrutacji,<\/li>\n<li>ustalenie tre\u015bci og\u0142oszenia przy wsp\u00f3\u0142pracy z osob\u0105 zg\u0142aszaj\u0105c\u0105 rekrutacj\u0119 (najcz\u0119\u015bciej z bezpo\u015brednim prze\u0142o\u017conym\/ kierownikiem jednostki),<\/li>\n<li>ustalenie kana\u0142\u00f3w dystrybucji informacji o naborze na stanowisko pracy w uczelni,<\/li>\n<li>dob\u00f3r metod i narz\u0119dzi selekcyjnych,<\/li>\n<li>przeprowadzenie selekcji kandydat\u00f3w,<\/li>\n<li>sporz\u0105dzenie protoko\u0142u ko\u0144cowego z post\u0119powania rekrutacyjnego.<\/li>\n<\/ul>\n<p>\n<\/div>\r\n                    <\/div>\r\n                <\/div>[\/vc_column][\/vc_row][vc_row el_class=&#8221;container&#8221;][vc_column width=&#8221;2\/3&#8243;]<div class=\"container\"><div class=\"separator\" style=\"background-color: #000000\"><\/div><\/div>[\/vc_column][vc_column width=&#8221;1\/3&#8243;]<div class=\"container\"><div class=\"separator\" style=\"background-color: #000000\"><\/div><\/div>[\/vc_column][\/vc_row][vc_row el_class=&#8221;container&#8221;][vc_column width=&#8221;2\/3&#8243;]\r\n                <div class=\"text-modules\">\r\n                    <div class=\"container\">\r\n                        \r\n                        <div class=\"text-modules__content\"><p><span style=\"font-size: 14pt;\"><strong>Selekcja kandydat\u00f3w<\/strong><\/span><\/p>\n<p>Post\u0119powanie selekcyjne obejmuje mi\u0119dzy innymi:<\/p>\n<ul>\n<li>ocen\u0119 formaln\u0105 dokument\u00f3w aplikacyjnych z\u0142o\u017conych przez kandydat\u00f3w,<\/li>\n<li>ocen\u0119 merytoryczn\u0105 aplikacji kandydat\u00f3w.<\/li>\n<\/ul>\n<p>Ocena kandydat\u00f3w odbywa si\u0119 przy u\u017cyciu wystandaryzowanych metod i narz\u0119dzi rekrutacyjnych, kt\u00f3re s\u0105 dopasowane do rodzaju pracy wykonywanej na danym stanowisku.<\/p>\n<p>Post\u0119powanie selekcyjne jest prowadzone przez Komisj\u0119 rekrutacyjn\u0105 za pomoc\u0105 rozm\u00f3w rekrutacyjnych. Rozmowy kwalifikacyjne mog\u0105 by\u0107 prowadzone w formie stacjonarnej lub za pomoc\u0105 \u015brodk\u00f3w komunikacji elektronicznej \u201eonline\u201d.<\/p>\n<p>Najcz\u0119\u015bciej do rozm\u00f3w w formie \u201eonline\u201d u\u017cywa si\u0119 aplikacji Teams MS Office 365.<\/p>\n<p>Dokumenty aplikacyjne (zwane w systemie eRecruiter <em>kartami kandydat\u00f3w<\/em>) z\u0142o\u017cone przez kandydat\u00f3w ubiegaj\u0105cych si\u0119 o prac\u0119 w U\u015a zostaj\u0105 udost\u0119pniane osobom odpowiedzialnym ze strony jednostki zg\u0142aszaj\u0105cej rekrutacj\u0119.<\/p>\n<p>Komisja rekrutacyjna zastrzega sobie prawo do kontaktu tylko z wybranymi kandydatami, kt\u00f3rzy w najwy\u017cszym stopniu spe\u0142nili wymagania z og\u0142oszenia rekrutacyjnego.<\/p>\n<\/div>\r\n                    <\/div>\r\n                <\/div>[\/vc_column][vc_column width=&#8221;1\/3&#8243;]\r\n                <div class=\"text-modules\">\r\n                    <div class=\"container\">\r\n                        \r\n                        <div class=\"text-modules__content\"><p><span style=\"font-size: 14pt;\"><strong>Czas trwania post\u0119powania rekrutacyjnego<\/strong><\/span><\/p>\n<p>Czas trwania post\u0119powania nie powinien przekracza\u0107 6 tygodni od zako\u0144czenia terminu sk\u0142adania aplikacji (terminu okre\u015blonego w og\u0142oszeniu).<\/p>\n<p>Kanclerz, w szczeg\u00f3lnych okoliczno\u015bciach, mo\u017ce podj\u0105\u0107 decyzj\u0119 o zawieszeniu post\u0119powania rekrutacyjnego na okres nie d\u0142u\u017cszy ni\u017c 1 miesi\u0105c.<\/p>\n<p>Przekroczenie tego okresu jest r\u00f3wnoznaczne z zako\u0144czeniem procesu bez rozstrzygni\u0119cia rekrutacji.<\/p>\n<\/div>\r\n                    <\/div>\r\n                <\/div>[\/vc_column][\/vc_row][vc_row el_class=&#8221;container&#8221;][vc_column width=&#8221;2\/3&#8243;]<div class=\"container\"><div class=\"separator\" style=\"background-color: #000000\"><\/div><\/div>[\/vc_column][vc_column width=&#8221;1\/3&#8243;]<div class=\"container\"><div class=\"separator\" style=\"background-color: #000000\"><\/div><\/div>[\/vc_column][\/vc_row][vc_row el_class=&#8221;container&#8221;][vc_column width=&#8221;2\/3&#8243;]\r\n                <div class=\"text-modules\">\r\n                    <div class=\"container\">\r\n                        \r\n                        <div class=\"text-modules__content\"><p><span style=\"font-size: 14pt;\"><strong>Rozstrzygni\u0119cie rekrutacji<\/strong><\/span><\/p>\n<p>W drodze uchwa\u0142y podejmowanej przez Komisj\u0119 rekrutacyjn\u0105 nast\u0119puje rozstrzygni\u0119cie rekrutacji. Rozstrzygni\u0119cie jest wynikiem g\u0142osowania tajnego, w kt\u00f3rym to g\u0142osowaniu zwyk\u0142\u0105 wi\u0119kszo\u015bci\u0105 g\u0142os\u00f3w Komisja dokonuje rozstrzygni\u0119cia rekrutacji.<\/p>\n<p>Post\u0119powanie rekrutacyjne mo\u017ce zosta\u0107 zako\u0144czone poprzez:<\/p>\n<ul>\n<li>decyzj\u0119 o rekomendacji do zatrudnienia,<\/li>\n<li>decyzj\u0119 o pozostawieniu rekrutacji bez rozstrzygni\u0119cia.<\/li>\n<\/ul>\n<p>Komisja mo\u017ce rekomendowa\u0107 kilku kandydat\u00f3w do zatrudnienia. W tym przypadku tworzona jest lista rankingowa, w kt\u00f3rej w pierwszej kolejno\u015bci do zatrudnienia wskazani zostaj\u0105 kandydaci spe\u0142niaj\u0105cy w najwy\u017cszym stopniu wymagania kwalifikacyjne. Je\u015bli kandydat wskazany do zatrudnienia nie przyjmie oferty, w\u00f3wczas mo\u017cliwe jest zaproponowanie zatrudnienia kolejnemu kandydatowi z listy rankingowej.<\/p>\n<p>Dzia\u0142 HR informuje o decyzji Komisji:<\/p>\n<ul>\n<li>kandydat\u00f3w bior\u0105cych udzia\u0142 w rekrutacji,<\/li>\n<li>bezpo\u015bredniego prze\u0142o\u017conego (je\u017celi nie uczestniczy\u0142 w pracach Komisji rekrutacyjnej)<\/li>\n<li>Kanclerza<\/li>\n<\/ul>\n<p>Je\u015bli Kanclerz nie zg\u0142osi sprzeciwu wobec kandydata rekomendowanego do zatrudnienia, Dzia\u0142 HR przekazuje bezpo\u015bredniemu prze\u0142o\u017conemu informacj\u0119 o sposobie zainicjowania procesu zatrudnienia.<\/p>\n<\/div>\r\n                    <\/div>\r\n                <\/div>[\/vc_column][vc_column width=&#8221;1\/3&#8243;]\r\n                <div class=\"text-modules\">\r\n                    <div class=\"container\">\r\n                        \r\n                        <div class=\"text-modules__content\"><p><span style=\"font-size: 14pt;\"><strong>Wyd\u0142u\u017cenie post\u0119powania rekrutacyjnego<\/strong><\/span><\/p>\n<p>W sytuacji, w kt\u00f3rej komisja nie rekomenduje \u017cadnego kandydata b\u0105d\u017a na ofert\u0119 zatrudnienia nikt nie odpowiedzia\u0142, jest mo\u017cliwo\u015b\u0107 wyd\u0142u\u017cenia post\u0119powania rekrutacyjnego. Wyd\u0142u\u017cenie naboru sprowadza si\u0119 do ponownego zamieszczenia og\u0142oszenia naboru z uwzgl\u0119dnieniem zmian, kt\u00f3re w istotny spos\u00f3b zwi\u0119ksz\u0105 szans\u0119 na dotarcie do os\u00f3b zainteresowanych ofert\u0105 pracy.<\/p>\n<p>Komisja mo\u017ce tak\u017ce og\u0142osi\u0107 ponowny nab\u00f3r modyfikuj\u0105c tre\u015bci og\u0142oszenia i kana\u0142y dystrybucji informacji o ofercie pracy.<\/p>\n<\/div>\r\n                    <\/div>\r\n                <\/div>[\/vc_column][\/vc_row]<\/p>","protected":false},"excerpt":{"rendered":"<p>[vc_row][vc_column][\/vc_column][\/vc_row][vc_row el_class=&#8221;container&#8221;][vc_column][\/vc_column][\/vc_row][vc_row el_class=&#8221;container&#8221;][vc_column][\/vc_column][\/vc_row][vc_row el_class=&#8221;container&#8221;][vc_column width=&#8221;2\/3&#8243;][\/vc_column][vc_column width=&#8221;1\/3&#8243;][\/vc_column][\/vc_row][vc_row el_class=&#8221;container&#8221;][vc_column width=&#8221;2\/3&#8243;][\/vc_column][vc_column width=&#8221;1\/3&#8243;][\/vc_column][\/vc_row][vc_row el_class=&#8221;container&#8221;][vc_column width=&#8221;2\/3&#8243;][\/vc_column][vc_column width=&#8221;1\/3&#8243;][\/vc_column][\/vc_row][vc_row el_class=&#8221;container&#8221;][vc_column width=&#8221;2\/3&#8243;][\/vc_column][vc_column width=&#8221;1\/3&#8243;][\/vc_column][\/vc_row][vc_row el_class=&#8221;container&#8221;][vc_column width=&#8221;2\/3&#8243;][\/vc_column][vc_column width=&#8221;1\/3&#8243;][\/vc_column][\/vc_row][vc_row el_class=&#8221;container&#8221;][vc_column width=&#8221;2\/3&#8243;][\/vc_column][vc_column width=&#8221;1\/3&#8243;][\/vc_column][\/vc_row][vc_row el_class=&#8221;container&#8221;][vc_column width=&#8221;2\/3&#8243;][\/vc_column][vc_column width=&#8221;1\/3&#8243;][\/vc_column][\/vc_row][vc_row el_class=&#8221;container&#8221;][vc_column width=&#8221;2\/3&#8243;][\/vc_column][vc_column width=&#8221;1\/3&#8243;][\/vc_column][\/vc_row][vc_row el_class=&#8221;container&#8221;][vc_column width=&#8221;2\/3&#8243;][\/vc_column][vc_column width=&#8221;1\/3&#8243;][\/vc_column][\/vc_row] [&#8230;]<\/p>\n<p><a class=\"btn btn-secondary understrap-read-more-link\" href=\"https:\/\/us.edu.pl\/pracownik\/sprawy-pracownicze\/procedury-rekrutacyjne\/procedura-postepowania-rekrutacyjnego-nna\/\">Read More&#8230;<\/a><\/p>\n","protected":false},"author":41,"featured_media":0,"parent":19228,"menu_order":60,"comment_status":"closed","ping_status":"closed","template":"page-templates\/page-with-bookmarks.php","meta":{"_expiration-date-status":"","_expiration-date":0,"_expiration-date-type":"","_expiration-date-categories":[],"_expiration-date-options":[]},"acf":[],"_links":{"self":[{"href":"https:\/\/us.edu.pl\/pracownik\/wp-json\/wp\/v2\/pages\/18660"}],"collection":[{"href":"https:\/\/us.edu.pl\/pracownik\/wp-json\/wp\/v2\/pages"}],"about":[{"href":"https:\/\/us.edu.pl\/pracownik\/wp-json\/wp\/v2\/types\/page"}],"author":[{"embeddable":true,"href":"https:\/\/us.edu.pl\/pracownik\/wp-json\/wp\/v2\/users\/41"}],"replies":[{"embeddable":true,"href":"https:\/\/us.edu.pl\/pracownik\/wp-json\/wp\/v2\/comments?post=18660"}],"version-history":[{"count":10,"href":"https:\/\/us.edu.pl\/pracownik\/wp-json\/wp\/v2\/pages\/18660\/revisions"}],"predecessor-version":[{"id":20622,"href":"https:\/\/us.edu.pl\/pracownik\/wp-json\/wp\/v2\/pages\/18660\/revisions\/20622"}],"up":[{"embeddable":true,"href":"https:\/\/us.edu.pl\/pracownik\/wp-json\/wp\/v2\/pages\/19228"}],"wp:attachment":[{"href":"https:\/\/us.edu.pl\/pracownik\/wp-json\/wp\/v2\/media?parent=18660"}],"curies":[{"name":"wp","href":"https:\/\/api.w.org\/{rel}","templated":true}]}}