{"id":18756,"date":"2022-08-31T08:34:42","date_gmt":"2022-08-31T06:34:42","guid":{"rendered":"https:\/\/us.edu.pl\/pracownik\/?page_id=18756"},"modified":"2022-09-05T11:20:51","modified_gmt":"2022-09-05T09:20:51","slug":"posiedzenie-komisji-5-09-2022","status":"publish","type":"page","link":"https:\/\/us.edu.pl\/pracownik\/sprawy-dydaktyczne\/senacka-komisja-ds-ksztalcenia\/senacka-komisja-ds-ksztalcenia-sklad-komisji\/kadencja-2020-2024\/posiedzenie-komisji-5-09-2022\/","title":{"rendered":"Posiedzenie komisji &#8211; 5.09.2022"},"content":{"rendered":"<p>[vc_row][vc_column]\r\n                <div class=\"text-modules\">\r\n                    <div class=\"container\">\r\n                        <h3 class=\"page-title text__title\">Posiedzenie Komisji ds. kszta\u0142cenia i student\u00f3w - 5 wrze\u015bnia 2022 r.<\/h3>\r\n                        <div class=\"text-modules__content\"><\/p>\n<p style=\"font-weight: 400;\">Posiedzenie Komisji ds. kszta\u0142cenia i student\u00f3w, kt\u00f3re odb\u0119dzie si\u0119 \u00a0<b>w poniedzia\u0142ek 5 wrze\u015bnia 2022 r. o godz. 13.00 w Rektoracie Uniwersytetu \u015al\u0105skiego w Katowicach w sali 1.20.<\/b><\/p>\n<p style=\"font-weight: 400;\"><b>Porz\u0105dek posiedzenia<\/b><\/p>\n<ol style=\"font-weight: 400;\">\n<li>Komunikaty Prorektor ds. kszta\u0142cenia i student\u00f3w;<\/li>\n<li>Opinia do projektu programu nowych studi\u00f3w podyplomowych:\u00a0<a href=\"https:\/\/us.edu.pl\/pracownik\/wp-content\/uploads\/sites\/2\/Editor\/sprawy-dydatktyczne\/Komisja-ksztalcenia\/Kadencja-2020-2024\/20212022\/5-wrzesien\/pedagogiki-specjalnej-w-zakresie-edukacji-wlaczajacej.zip\"><em>Kwalifikacyjne studia podyplomowe z pedagogiki specjalnej w zakresie edukacji w\u0142\u0105czaj\u0105cej<\/em>;<\/a><\/li>\n<li><a href=\"https:\/\/us.edu.pl\/pracownik\/wp-content\/uploads\/sites\/2\/Editor\/sprawy-dydatktyczne\/Komisja-ksztalcenia\/Kadencja-2020-2024\/20212022\/5-wrzesien\/List-gratulacyjny-kryteria-nauczyciele-final-konsultacje.docx\" class=\"mtli_attachment mtli_docx\" data-mtli=\"mtli_filesize21,85kB\" class=\"mtli_attachment mtli_docx\" data-mtli=\"mtli_filesize21,85kB\">Informacja dotycz\u0105ca wyboru os\u00f3b do list\u00f3w gratulacyjnych JM Rektora dotycz\u0105cych istotnych osi\u0105gni\u0119\u0107 dydaktycznych;<\/a><\/li>\n<li>Powo\u0142anie ekspert\u00f3w do opiniowania wniosk\u00f3w dotycz\u0105cych awansu na stanowisko profesora uczelni w grupie pracownik\u00f3w dydaktycznych;<\/li>\n<li>Opinie do wniosk\u00f3w w sprawie modyfikacji program\u00f3w studi\u00f3w:<\/li>\n<\/ol>\n<p style=\"font-weight: 400; padding-left: 40px;\"><u>obowi\u0105zuj\u0105ce od cyklu dydaktycznego 2022\/2023:<\/u><\/p>\n<p style=\"padding-left: 40px;\">a) <a href=\"https:\/\/us.edu.pl\/pracownik\/wp-content\/uploads\/sites\/2\/Editor\/sprawy-dydatktyczne\/Komisja-ksztalcenia\/Kadencja-2020-2024\/20212022\/5-wrzesien\/Inzynieria-biomedyczna-I-i-II-stopien-studia-stacjonarne.zip\">In\u017cynieria biomedyczna I i II stopie\u0144, studia stacjonarne<\/a><\/p>\n<p style=\"padding-left: 40px;\">b) <a href=\"https:\/\/us.edu.pl\/pracownik\/wp-content\/uploads\/sites\/2\/Editor\/sprawy-dydatktyczne\/Komisja-ksztalcenia\/Kadencja-2020-2024\/20212022\/5-wrzesien\/Biotechnologia-II-stopien-studia-stacjonarne.zip\">Biotechnologia II stopie\u0144, studia stacjonarne<\/a><\/p>\n<p style=\"padding-left: 40px;\">c) <a href=\"https:\/\/us.edu.pl\/pracownik\/wp-content\/uploads\/sites\/2\/Editor\/sprawy-dydatktyczne\/Komisja-ksztalcenia\/Kadencja-2020-2024\/20212022\/5-wrzesien\/Fizyka-II-stopnia-studia-stacjonarne.zip\">Fizyka II stopie\u0144, studia stacjonarne w j\u0119z. angielskim<\/a><\/p>\n<p style=\"padding-left: 40px;\">d) <a href=\"https:\/\/us.edu.pl\/pracownik\/wp-content\/uploads\/sites\/2\/Editor\/sprawy-dydatktyczne\/Komisja-ksztalcenia\/Kadencja-2020-2024\/20212022\/5-wrzesien\/Organizacja-produkcji-filmowej-i-telewizyjnej-_-I-stopien-stacjonarne-i-niestacjonarne.zip\">Organizacja produkcji filmowej i telewizyjnej I stopie\u0144, studia stacjonarne i niestacjonarne<\/a><\/p>\n<p style=\"font-weight: 400; padding-left: 40px;\"><u>zmiana w cyklach:<\/u><\/p>\n<p style=\"padding-left: 40px;\">a) T<a href=\"https:\/\/us.edu.pl\/pracownik\/wp-content\/uploads\/sites\/2\/Editor\/sprawy-dydatktyczne\/Komisja-ksztalcenia\/Kadencja-2020-2024\/20212022\/5-wrzesien\/Teologia-JM-studia-niestacjonarne-zmiana-w-cyklu-2020.21.zip\">eologia jednolite magisterskie, studia niestacjonarne<\/a> \u2013 zmiana w cyklu 2020\/2021<\/p>\n<p style=\"padding-left: 40px;\">b) <a href=\"https:\/\/us.edu.pl\/pracownik\/wp-content\/uploads\/sites\/2\/Editor\/sprawy-dydatktyczne\/Komisja-ksztalcenia\/Kadencja-2020-2024\/20212022\/5-wrzesien\/Teologia-pastoralna-JM-studia-stacjonarne-zmiana-w-cyklach-2020.21-i-2021.22.zip\">Teologia, specjalno\u015b\u0107 pastoralna jednolite magisterskie, studia stacjonarne<\/a> \u2013 zmiana w cyklach 2020\/2021 i 2021\/2022<\/p>\n<p>6. Wolne wnioski.<\/p>\n<style type=\"text\/css\">a[data-mtli~=\"mtli_filesize21,85kB\"]:after {content:\" (21,85 kB)\"}<\/style><\/div>\r\n                    <\/div>\r\n                <\/div>[\/vc_column][\/vc_row]<\/p>\n<style type=\"text\/css\">a[data-mtli~=\"mtli_filesize21,85kB\"]:after {content:\" (21,85 kB)\"}<\/style>","protected":false},"excerpt":{"rendered":"<p>[vc_row][vc_column][\/vc_column][\/vc_row] [&#8230;]<\/p>\n<p><a class=\"btn btn-secondary understrap-read-more-link\" href=\"https:\/\/us.edu.pl\/pracownik\/sprawy-dydaktyczne\/senacka-komisja-ds-ksztalcenia\/senacka-komisja-ds-ksztalcenia-sklad-komisji\/kadencja-2020-2024\/posiedzenie-komisji-5-09-2022\/\">Read More&#8230;<\/a><\/p>\n","protected":false},"author":31,"featured_media":0,"parent":5151,"menu_order":425,"comment_status":"closed","ping_status":"closed","template":"page-templates\/inner-page.php","meta":{"_expiration-date-status":"saved","_expiration-date":0,"_expiration-date-type":"","_expiration-date-categories":[],"_expiration-date-options":[]},"acf":[],"_links":{"self":[{"href":"https:\/\/us.edu.pl\/pracownik\/wp-json\/wp\/v2\/pages\/18756"}],"collection":[{"href":"https:\/\/us.edu.pl\/pracownik\/wp-json\/wp\/v2\/pages"}],"about":[{"href":"https:\/\/us.edu.pl\/pracownik\/wp-json\/wp\/v2\/types\/page"}],"author":[{"embeddable":true,"href":"https:\/\/us.edu.pl\/pracownik\/wp-json\/wp\/v2\/users\/31"}],"replies":[{"embeddable":true,"href":"https:\/\/us.edu.pl\/pracownik\/wp-json\/wp\/v2\/comments?post=18756"}],"version-history":[{"count":6,"href":"https:\/\/us.edu.pl\/pracownik\/wp-json\/wp\/v2\/pages\/18756\/revisions"}],"predecessor-version":[{"id":18787,"href":"https:\/\/us.edu.pl\/pracownik\/wp-json\/wp\/v2\/pages\/18756\/revisions\/18787"}],"up":[{"embeddable":true,"href":"https:\/\/us.edu.pl\/pracownik\/wp-json\/wp\/v2\/pages\/5151"}],"wp:attachment":[{"href":"https:\/\/us.edu.pl\/pracownik\/wp-json\/wp\/v2\/media?parent=18756"}],"curies":[{"name":"wp","href":"https:\/\/api.w.org\/{rel}","templated":true}]}}