{"id":18808,"date":"2022-09-12T12:11:45","date_gmt":"2022-09-12T10:11:45","guid":{"rendered":"https:\/\/us.edu.pl\/pracownik\/?page_id=18808"},"modified":"2023-11-16T12:36:45","modified_gmt":"2023-11-16T11:36:45","slug":"akredytacje-w-roku-akademickim-2022-2023","status":"publish","type":"page","link":"https:\/\/us.edu.pl\/pracownik\/sprawy-dydaktyczne\/pion-ksztalcenia\/akredytacja\/akredytacje-w-roku-akademickim-2022-2023\/","title":{"rendered":"Akredytacje w roku akademickim 2022\/2023"},"content":{"rendered":"<p>[vc_row el_class=&#8221;container&#8221;][vc_column]\r\n                <div class=\"text-modules\">\r\n                    <div class=\"container\">\r\n                        <h3 class=\"page-title text__title\">Akredytacje w roku akademickim 2022\/2023<\/h3>\r\n                        <div class=\"text-modules__content\"><\/p>\n<p class=\"western\">Kierunki wyznaczone do akredytacji programowej w roku akademickim 2022\/2023:<\/p>\n<table style=\"height: 257px; width: 100%; border-collapse: collapse; border-style: solid;\" border=\"1\">\n<tbody>\n<tr style=\"height: 17px;\">\n<td style=\"width: 5.93588%; height: 17px;\"><strong>Lp.<\/strong><\/td>\n<td style=\"width: 44.7708%; height: 17px;\"><strong>Kierunek<\/strong><\/td>\n<td style=\"width: 24.2933%; height: 17px;\"><strong>Stan<\/strong><\/td>\n<td style=\"width: 25%; height: 17px;\"><strong>Raport Samooceny<\/strong><\/td>\n<\/tr>\n<tr style=\"height: 35px;\">\n<td style=\"width: 5.93588%; height: 35px;\">1.<\/td>\n<td style=\"width: 44.7708%; height: 35px;\">geografia<\/td>\n<td style=\"width: 24.2933%; height: 35px;\" width=\"390\">akredytacja przyznana na 6 lat (uchwa\u0142a Prezydium PKA nr 201\/2023 z dn. 6.04.2023) \u2013 nast\u0119pna akredytacja powinna nast\u0105pi\u0107 w roku akademickim 2028\/2029<\/td>\n<td style=\"width: 25%; height: 35px;\"><a href=\"https:\/\/us.edu.pl\/pracownik\/wp-content\/uploads\/sites\/2\/pracownik\/akredytacja\/RS-geografia-skan_podpisany.pdf\" class=\"mtli_attachment mtli_pdf\" data-mtli=\"mtli_filesize7,68MB\" class=\"mtli_attachment mtli_pdf\" data-mtli=\"mtli_filesize7,68MB\" target=\"_blank\" rel=\"noopener\">pobierz<\/a><\/td>\n<\/tr>\n<tr style=\"height: 17px;\">\n<td style=\"width: 5.93588%; height: 17px;\">2.<\/td>\n<td style=\"width: 44.7708%; height: 17px;\">administracja<\/td>\n<td style=\"width: 24.2933%; height: 17px;\" width=\"390\">akredytacja przyznana na 6 lat (uchwa\u0142a Prezydium PKA nr 245\/2023 z dn. 20.04.2023) &#8211; nast\u0119pna akredytacja powinna nast\u0105pi\u0107 w roku akademickim 2028\/2029<\/td>\n<td style=\"width: 25%; height: 17px;\"><a href=\"https:\/\/us.edu.pl\/pracownik\/wp-content\/uploads\/sites\/2\/Editor\/sprawy-dydatktyczne\/jakosc-ksztalcenia\/Raporty-PKA\/RS_administracja_US.pdf.pdf\" class=\"mtli_attachment mtli_pdf\" data-mtli=\"mtli_filesize13,61MB\" class=\"mtli_attachment mtli_pdf\" data-mtli=\"mtli_filesize13,61MB\" target=\"_blank\" rel=\"noopener\">pobierz<\/a><\/td>\n<\/tr>\n<tr style=\"height: 17px;\">\n<td style=\"width: 5.93588%; height: 17px;\">3.<\/td>\n<td style=\"width: 44.7708%; height: 17px;\">grafika<\/td>\n<td style=\"width: 24.2933%; height: 17px;\" width=\"390\">akredytacja przyznana na 6 lat (uchwa\u0142a Prezydium PKA nr 399\/2023 z dn. 15.06.2023) &#8211; nast\u0119pna akredytacja powinna nast\u0105pi\u0107 w roku akademickim 2028\/2029<\/td>\n<td style=\"width: 25%; height: 17px;\"><a href=\"https:\/\/us.edu.pl\/pracownik\/wp-content\/uploads\/sites\/2\/Editor\/sprawy-dydatktyczne\/jakosc-ksztalcenia\/Raporty-PKA\/RS-grafika-sig.pdf\" class=\"mtli_attachment mtli_pdf\" data-mtli=\"mtli_filesize1,38MB\" class=\"mtli_attachment mtli_pdf\" data-mtli=\"mtli_filesize1,38MB\" target=\"_blank\" rel=\"noopener\">pobierz<\/a><\/td>\n<\/tr>\n<tr style=\"height: 17px;\">\n<td style=\"width: 5.93588%; height: 17px;\">4.<\/td>\n<td style=\"width: 44.7708%; height: 17px;\">ochrona \u015brodowiska<\/td>\n<td style=\"width: 24.2933%; height: 17px;\" width=\"390\">akredytacja przyznana na 6 lat (uchwa\u0142a Prezydium PKA nr 814\/2023 z dn. 18.08.2023) &#8211;\u00a0 nast\u0119pna akredytacja powinna nast\u0105pi\u0107 w roku akademickim 2028\/2029<\/td>\n<td style=\"width: 25%; height: 17px;\"><a href=\"https:\/\/us.edu.pl\/pracownik\/wp-content\/uploads\/sites\/2\/Editor\/sprawy-dydatktyczne\/jakosc-ksztalcenia\/Raporty-PKA\/RS_OS_WNP_pdf-sig.pdf\" class=\"mtli_attachment mtli_pdf\" data-mtli=\"mtli_filesize3,04MB\" class=\"mtli_attachment mtli_pdf\" data-mtli=\"mtli_filesize3,04MB\" target=\"_blank\" rel=\"noopener\">pobierz<\/a><\/td>\n<\/tr>\n<tr style=\"height: 17px;\">\n<td style=\"width: 5.93588%; height: 17px;\">5.<\/td>\n<td style=\"width: 44.7708%; height: 17px;\">turystyka<\/td>\n<td style=\"width: 24.2933%; height: 17px;\" width=\"390\">akredytacja przyznana na 2 lata (uchwa\u0142a Prezydium PKA nr 975\/2023 z dn. 09.11.2023) &#8211; nast\u0119pna akredytacja powinna nast\u0105pi\u0107 w roku akademickim 2025\/2026<\/td>\n<td style=\"width: 25%; height: 17px;\"><a href=\"https:\/\/us.edu.pl\/pracownik\/wp-content\/uploads\/sites\/2\/Editor\/sprawy-dydatktyczne\/jakosc-ksztalcenia\/Raporty-PKA\/RS_TUR_pdf-sig.pdf\" class=\"mtli_attachment mtli_pdf\" data-mtli=\"mtli_filesize4,16MB\" class=\"mtli_attachment mtli_pdf\" data-mtli=\"mtli_filesize4,16MB\" target=\"_blank\" rel=\"noopener\">pobierz<\/a><\/td>\n<\/tr>\n<tr style=\"height: 35px;\">\n<td style=\"width: 5.93588%; height: 35px;\">6.<\/td>\n<td style=\"width: 44.7708%; height: 35px;\">praca socjalna<\/td>\n<td style=\"width: 24.2933%; height: 35px;\" width=\"390\">akredytacja przyznana na 6 lat (uchwa\u0142a Prezydium PKA nr 848\/2023 z dn. 18.09.2023) &#8211;\u00a0 nast\u0119pna akredytacja powinna nast\u0105pi\u0107 w roku akademickim 2028\/2029<\/td>\n<td style=\"width: 25%; height: 35px;\"><a href=\"https:\/\/us.edu.pl\/pracownik\/wp-content\/uploads\/sites\/2\/Editor\/sprawy-dydatktyczne\/jakosc-ksztalcenia\/Raporty-PKA\/RS_praca_socjalna-sig.pdf\" class=\"mtli_attachment mtli_pdf\" data-mtli=\"mtli_filesize3,04MB\" class=\"mtli_attachment mtli_pdf\" data-mtli=\"mtli_filesize3,04MB\" target=\"_blank\" rel=\"noopener\">pobierz<\/a><\/td>\n<\/tr>\n<tr style=\"height: 17px;\">\n<td style=\"width: 5.93588%; height: 17px;\">7.<\/td>\n<td style=\"width: 44.7708%; height: 17px;\">socjologia<\/td>\n<td style=\"width: 24.2933%; height: 17px;\" width=\"390\">akredytacja przyznana na 6 lat (uchwa\u0142a Prezydium PKA nr 741\/2023 z dn. 07.09.2023) &#8211;\u00a0 nast\u0119pna akredytacja powinna nast\u0105pi\u0107 w roku akademickim 2028\/2029<\/td>\n<td style=\"width: 25%; height: 17px;\"><a href=\"https:\/\/us.edu.pl\/pracownik\/wp-content\/uploads\/sites\/2\/Editor\/sprawy-dydatktyczne\/jakosc-ksztalcenia\/Raporty-PKA\/RS_socjologia_sig_pdf.pdf\" class=\"mtli_attachment mtli_pdf\" data-mtli=\"mtli_filesize3,14MB\" class=\"mtli_attachment mtli_pdf\" data-mtli=\"mtli_filesize3,14MB\" target=\"_blank\" rel=\"noopener\">pobierz<\/a><\/td>\n<\/tr>\n<\/tbody>\n<\/table>\n<p>\n<style type=\"text\/css\">a[data-mtli~=\"mtli_filesize7,68MB\"]:after {content:\" (7,68 MB)\"}a[data-mtli~=\"mtli_filesize13,61MB\"]:after {content:\" (13,61 MB)\"}a[data-mtli~=\"mtli_filesize1,38MB\"]:after {content:\" (1,38 MB)\"}a[data-mtli~=\"mtli_filesize3,04MB\"]:after {content:\" (3,04 MB)\"}a[data-mtli~=\"mtli_filesize4,16MB\"]:after {content:\" (4,16 MB)\"}a[data-mtli~=\"mtli_filesize3,14MB\"]:after {content:\" (3,14 MB)\"}<\/style><\/div>\r\n                    <\/div>\r\n                <\/div>[\/vc_column][\/vc_row]<\/p>\n<style type=\"text\/css\">a[data-mtli~=\"mtli_filesize7,68MB\"]:after {content:\" (7,68 MB)\"}a[data-mtli~=\"mtli_filesize13,61MB\"]:after {content:\" (13,61 MB)\"}a[data-mtli~=\"mtli_filesize1,38MB\"]:after {content:\" (1,38 MB)\"}a[data-mtli~=\"mtli_filesize3,04MB\"]:after {content:\" (3,04 MB)\"}a[data-mtli~=\"mtli_filesize4,16MB\"]:after {content:\" (4,16 MB)\"}a[data-mtli~=\"mtli_filesize3,14MB\"]:after {content:\" (3,14 MB)\"}<\/style>","protected":false},"excerpt":{"rendered":"<p>[vc_row el_class=&#8221;container&#8221;][vc_column][\/vc_column][\/vc_row] [&#8230;]<\/p>\n<p><a class=\"btn btn-secondary understrap-read-more-link\" href=\"https:\/\/us.edu.pl\/pracownik\/sprawy-dydaktyczne\/pion-ksztalcenia\/akredytacja\/akredytacje-w-roku-akademickim-2022-2023\/\">Read More&#8230;<\/a><\/p>\n","protected":false},"author":33,"featured_media":0,"parent":724,"menu_order":441,"comment_status":"closed","ping_status":"closed","template":"page-templates\/inner-page.php","meta":{"_expiration-date-status":"","_expiration-date":0,"_expiration-date-type":"","_expiration-date-categories":[],"_expiration-date-options":[]},"acf":[],"_links":{"self":[{"href":"https:\/\/us.edu.pl\/pracownik\/wp-json\/wp\/v2\/pages\/18808"}],"collection":[{"href":"https:\/\/us.edu.pl\/pracownik\/wp-json\/wp\/v2\/pages"}],"about":[{"href":"https:\/\/us.edu.pl\/pracownik\/wp-json\/wp\/v2\/types\/page"}],"author":[{"embeddable":true,"href":"https:\/\/us.edu.pl\/pracownik\/wp-json\/wp\/v2\/users\/33"}],"replies":[{"embeddable":true,"href":"https:\/\/us.edu.pl\/pracownik\/wp-json\/wp\/v2\/comments?post=18808"}],"version-history":[{"count":10,"href":"https:\/\/us.edu.pl\/pracownik\/wp-json\/wp\/v2\/pages\/18808\/revisions"}],"predecessor-version":[{"id":23660,"href":"https:\/\/us.edu.pl\/pracownik\/wp-json\/wp\/v2\/pages\/18808\/revisions\/23660"}],"up":[{"embeddable":true,"href":"https:\/\/us.edu.pl\/pracownik\/wp-json\/wp\/v2\/pages\/724"}],"wp:attachment":[{"href":"https:\/\/us.edu.pl\/pracownik\/wp-json\/wp\/v2\/media?parent=18808"}],"curies":[{"name":"wp","href":"https:\/\/api.w.org\/{rel}","templated":true}]}}