{"id":189,"date":"2019-09-11T15:47:22","date_gmt":"2019-09-11T13:47:22","guid":{"rendered":"http:\/\/php71.nfinity-beta.pl\/us\/pracownik\/?page_id=189"},"modified":"2019-09-11T15:47:22","modified_gmt":"2019-09-11T13:47:22","slug":"druki-w-systemie-sap-delegacji-krajowych","status":"publish","type":"page","link":"https:\/\/us.edu.pl\/pracownik\/druki-w-systemie-sap-delegacji-krajowych\/","title":{"rendered":"Druki w systemie SAP delegacji krajowych"},"content":{"rendered":"<p>[vc_row][vc_column]\r\n                <div class=\"text-modules\">\r\n                    <div class=\"container\">\r\n                        <h3 class=\"page-title text__title\">Druki w systemie SAP delegacji krajowych<\/h3>\r\n                        <div class=\"text-modules__content\"><\/p>\n<div class=\"content\">\n<p>Informujemy, i\u017c w systemie SAP dost\u0119pne s\u0105 druki delegacji krajowych:<br \/>\npolecenie wyjazdu s\u0142u\u017cbowego, rachunek koszt\u00f3w krajowej podr\u00f3\u017cy s\u0142u\u017cbowej oraz ewidencja przebiegu pojazdu.<\/p>\n<p>Druki z systemu Microsoft Office Word\u00a0 zast\u0119pujemy wydrukami z systemu SAP.<br \/>\nProsimy o planowanie, rozliczanie delegacji z wykorzystaniem powy\u017cszych formularzy.<\/p>\n<p><strong>Planowanie delegacji krajowej:<\/strong><\/p>\n<p>Po zaplanowaniu delegacji krajowej w systemie SAP, zaznaczamy wybran\u0105 podr\u00f3\u017c i wybieramy z menu g\u0142\u00f3wnego zak\u0142adk\u0119\u00a0 Edycja, wydruki,\u00a0 polecenie wyjazdu s\u0142u\u017cbowego.<\/p>\n<p><strong>Rozliczanie delegacji krajowej:<\/strong><\/p>\n<p>Po zarejestrowaniu koszt\u00f3w delegacji krajowej w systemie SAP, zaznaczamy wybran\u0105 podr\u00f3\u017c i wybieramy z menu g\u0142\u00f3wnego zak\u0142adk\u0119\u00a0 Edycja,\u00a0 wydruki, rozliczenie podr\u00f3\u017cy i ewidencja przebiegu pojazdu je\u015bli zosta\u0142 wykorzystany samoch\u00f3d prywatny do cel\u00f3w s\u0142u\u017cbowych.<\/p>\n<\/div>\n<p>\n<\/div>\r\n                    <\/div>\r\n                <\/div>[\/vc_column][\/vc_row]<\/p>","protected":false},"excerpt":{"rendered":"<p>[vc_row][vc_column][\/vc_column][\/vc_row] [&#8230;]<\/p>\n<p><a class=\"btn btn-secondary understrap-read-more-link\" href=\"https:\/\/us.edu.pl\/pracownik\/druki-w-systemie-sap-delegacji-krajowych\/\">Read More&#8230;<\/a><\/p>\n","protected":false},"author":1,"featured_media":0,"parent":0,"menu_order":403,"comment_status":"closed","ping_status":"closed","template":"","meta":{"_expiration-date-status":"","_expiration-date":0,"_expiration-date-type":"","_expiration-date-categories":[],"_expiration-date-options":[]},"acf":[],"_links":{"self":[{"href":"https:\/\/us.edu.pl\/pracownik\/wp-json\/wp\/v2\/pages\/189"}],"collection":[{"href":"https:\/\/us.edu.pl\/pracownik\/wp-json\/wp\/v2\/pages"}],"about":[{"href":"https:\/\/us.edu.pl\/pracownik\/wp-json\/wp\/v2\/types\/page"}],"author":[{"embeddable":true,"href":"https:\/\/us.edu.pl\/pracownik\/wp-json\/wp\/v2\/users\/1"}],"replies":[{"embeddable":true,"href":"https:\/\/us.edu.pl\/pracownik\/wp-json\/wp\/v2\/comments?post=189"}],"version-history":[{"count":1,"href":"https:\/\/us.edu.pl\/pracownik\/wp-json\/wp\/v2\/pages\/189\/revisions"}],"predecessor-version":[{"id":190,"href":"https:\/\/us.edu.pl\/pracownik\/wp-json\/wp\/v2\/pages\/189\/revisions\/190"}],"wp:attachment":[{"href":"https:\/\/us.edu.pl\/pracownik\/wp-json\/wp\/v2\/media?parent=189"}],"curies":[{"name":"wp","href":"https:\/\/api.w.org\/{rel}","templated":true}]}}