{"id":19097,"date":"2022-10-10T08:18:43","date_gmt":"2022-10-10T06:18:43","guid":{"rendered":"https:\/\/us.edu.pl\/pracownik\/?page_id=19097"},"modified":"2022-10-13T08:00:20","modified_gmt":"2022-10-13T06:00:20","slug":"posiedzenie-komisji-13-10-2022","status":"publish","type":"page","link":"https:\/\/us.edu.pl\/pracownik\/sprawy-dydaktyczne\/senacka-komisja-ds-ksztalcenia\/senacka-komisja-ds-ksztalcenia-sklad-komisji\/kadencja-2020-2024\/posiedzenie-komisji-13-10-2022\/","title":{"rendered":"Posiedzenie komisji &#8211; 13.10.2022"},"content":{"rendered":"<p>[vc_row][vc_column]\r\n                <div class=\"text-modules\">\r\n                    <div class=\"container\">\r\n                        <h3 class=\"page-title text__title\">Posiedzenie Komisji ds. kszta\u0142cenia i student\u00f3w - 13 pa\u017adziernika 2022 r.<\/h3>\r\n                        <div class=\"text-modules__content\"><p>Posiedzenie Komisji ds. kszta\u0142cenia i student\u00f3w, kt\u00f3re odb\u0119dzie si\u0119 w czwartek <strong>13 pa\u017adziernika 2022 r. o godz. 13.00<\/strong> w Rektoracie Uniwersytetu \u015al\u0105skiego w Katowicach w sali 1.20.<\/p>\n<p>&nbsp;<\/p>\n<p><strong><u>Planowany porz\u0105dek posiedzenia:<\/u><\/strong><\/p>\n<ol>\n<li>Opinie do projekt\u00f3w program\u00f3w nowych studi\u00f3w podyplomowych:<\/li>\n<\/ol>\n<ul>\n<li><a href=\"https:\/\/us.edu.pl\/pracownik\/wp-content\/uploads\/sites\/2\/Editor\/sprawy-dydatktyczne\/Komisja-ksztalcenia\/Kadencja-2020-2024\/20222023\/12-pazdzier\/doskonalace-1.zip\"><em>Studia podyplomowe doskonal\u0105ce wiedz\u0119 i umiej\u0119tno\u015bci w zakresie nauczania j\u0119zyka polskiego jako obcego\/drugiego\/odziedziczonego w\u015br\u00f3d dzieci i m\u0142odzie\u017cy polonijnej.<\/em><\/a><\/li>\n<li><a href=\"https:\/\/us.edu.pl\/pracownik\/wp-content\/uploads\/sites\/2\/Editor\/sprawy-dydatktyczne\/Komisja-ksztalcenia\/Kadencja-2020-2024\/20222023\/12-pazdzier\/kwalifikacyjne-1.zip\"><em>Studia podyplomowe nadaj\u0105ce kwalifikacje do nauczania j\u0119zyka polskiego jako drugiego przedmiotu.<\/em><\/a><\/li>\n<\/ul>\n<ol start=\"2\">\n<li>Opiniowanie wniosk\u00f3w dotycz\u0105cych awansu na stanowisko profesora uczelni w grupie pracownik\u00f3w dydaktycznych i badawczo-dydaktycznych.<\/li>\n<li><a href=\"https:\/\/us.edu.pl\/pracownik\/wp-content\/uploads\/sites\/2\/Editor\/sprawy-dydatktyczne\/Komisja-ksztalcenia\/Kadencja-2020-2024\/20222023\/12-pazdzier\/Wniosek-likwidacja-matematyki-niestacjonarnej-I-stopnia-od-2023_24.zip\">Opinia do wniosku dotycz\u0105cego likwidacji studi\u00f3w niestacjonarnych I stopnia na kierunku matematyka (od cyklu 2023\/2024).<\/a><\/li>\n<li>Komunikaty Pe\u0142nomocniczki Rektora ds. Jako\u015bci Kszta\u0142cenia i Akredytacji dr hab. Jolanty Skutnik, prof. U\u015a.<\/li>\n<li>Wolne wnioski.<\/li>\n<\/ol>\n<p>\n<\/div>\r\n                    <\/div>\r\n                <\/div>[\/vc_column][\/vc_row]<\/p>","protected":false},"excerpt":{"rendered":"<p>[vc_row][vc_column][\/vc_column][\/vc_row] [&#8230;]<\/p>\n<p><a class=\"btn btn-secondary understrap-read-more-link\" href=\"https:\/\/us.edu.pl\/pracownik\/sprawy-dydaktyczne\/senacka-komisja-ds-ksztalcenia\/senacka-komisja-ds-ksztalcenia-sklad-komisji\/kadencja-2020-2024\/posiedzenie-komisji-13-10-2022\/\">Read More&#8230;<\/a><\/p>\n","protected":false},"author":31,"featured_media":0,"parent":5151,"menu_order":47,"comment_status":"closed","ping_status":"closed","template":"page-templates\/inner-page.php","meta":{"_expiration-date-status":"saved","_expiration-date":0,"_expiration-date-type":"","_expiration-date-categories":[],"_expiration-date-options":[]},"acf":[],"_links":{"self":[{"href":"https:\/\/us.edu.pl\/pracownik\/wp-json\/wp\/v2\/pages\/19097"}],"collection":[{"href":"https:\/\/us.edu.pl\/pracownik\/wp-json\/wp\/v2\/pages"}],"about":[{"href":"https:\/\/us.edu.pl\/pracownik\/wp-json\/wp\/v2\/types\/page"}],"author":[{"embeddable":true,"href":"https:\/\/us.edu.pl\/pracownik\/wp-json\/wp\/v2\/users\/31"}],"replies":[{"embeddable":true,"href":"https:\/\/us.edu.pl\/pracownik\/wp-json\/wp\/v2\/comments?post=19097"}],"version-history":[{"count":5,"href":"https:\/\/us.edu.pl\/pracownik\/wp-json\/wp\/v2\/pages\/19097\/revisions"}],"predecessor-version":[{"id":19131,"href":"https:\/\/us.edu.pl\/pracownik\/wp-json\/wp\/v2\/pages\/19097\/revisions\/19131"}],"up":[{"embeddable":true,"href":"https:\/\/us.edu.pl\/pracownik\/wp-json\/wp\/v2\/pages\/5151"}],"wp:attachment":[{"href":"https:\/\/us.edu.pl\/pracownik\/wp-json\/wp\/v2\/media?parent=19097"}],"curies":[{"name":"wp","href":"https:\/\/api.w.org\/{rel}","templated":true}]}}