{"id":19228,"date":"2022-10-25T14:24:01","date_gmt":"2022-10-25T12:24:01","guid":{"rendered":"https:\/\/us.edu.pl\/pracownik\/?page_id=19228"},"modified":"2024-08-20T15:17:30","modified_gmt":"2024-08-20T13:17:30","slug":"procedury-rekrutacyjne","status":"publish","type":"page","link":"https:\/\/us.edu.pl\/pracownik\/sprawy-pracownicze\/procedury-rekrutacyjne\/","title":{"rendered":"Procedury rekrutacyjne"},"content":{"rendered":"<p>[vc_row][vc_column][\/vc_column][\/vc_row][vc_row][vc_column]\r\n                <div class=\"text-modules\">\r\n                    <div class=\"container\">\r\n                        <h3 class=\"page-title text__title\">Procedury rekrutacyjne<\/h3>\r\n                        <div class=\"text-modules__content\"><\/div>\r\n                    <\/div>\r\n                <\/div>[\/vc_column][\/vc_row][vc_row][vc_column]\r\n                <div class=\"tiles-section\" style=\"background: \">\r\n                    <div class=\"container\">\r\n                        <h3 class=\"page-title\"><\/h3>\r\n                        <div class=\"tiles tiles-2\">\r\n                            <a href=\"https:\/\/us.edu.pl\/pracownik\/sprawy-pracownicze\/procedury-rekrutacyjne\/procedura-postepowania-konkursowego-na-stanowisko-nauczyciela-akademickiego\/\" class=\"tile tile_ justify-content-center\" style=\"background-color: #002E5A; font-weight: ; color: #ffffff;  \">\r\n                                \r\n                                   \r\n                               \r\n                                <div class=\"tile__name\"> Post\u0119powanie konkursowe na stanowisko nauczyciela akademickiego<\/div>\r\n                            <\/a>\r\n                            <a href=\"https:\/\/us.edu.pl\/pracownik\/sprawy-pracownicze\/procedury-rekrutacyjne\/procedura-postepowania-rekrutacyjnego-nna\/\" class=\"tile tile_ justify-content-center\" style=\"background-color: #002E5A; font-weight: ; color: #ffffff;  \">\r\n                                \r\n                                   \r\n                               \r\n                                <div class=\"tile__name\">Post\u0119powanie rekrutacyjne przy zatrudnieniu pracownik\u00f3w nieb\u0119d\u0105cych nauczycielami akademickimi<\/div>\r\n                            <\/a><\/div>\r\n                    <\/div>\r\n                <\/div>[\/vc_column][\/vc_row]<\/p>","protected":false},"excerpt":{"rendered":"<p>[vc_row][vc_column][\/vc_column][\/vc_row][vc_row][vc_column][\/vc_column][\/vc_row][vc_row][vc_column][\/vc_column][\/vc_row] [&#8230;]<\/p>\n<p><a class=\"btn btn-secondary understrap-read-more-link\" href=\"https:\/\/us.edu.pl\/pracownik\/sprawy-pracownicze\/procedury-rekrutacyjne\/\">Read More&#8230;<\/a><\/p>\n","protected":false},"author":41,"featured_media":0,"parent":174,"menu_order":54,"comment_status":"closed","ping_status":"closed","template":"page-templates\/inner-page.php","meta":{"_expiration-date-status":"","_expiration-date":0,"_expiration-date-type":"","_expiration-date-categories":[],"_expiration-date-options":[]},"acf":[],"_links":{"self":[{"href":"https:\/\/us.edu.pl\/pracownik\/wp-json\/wp\/v2\/pages\/19228"}],"collection":[{"href":"https:\/\/us.edu.pl\/pracownik\/wp-json\/wp\/v2\/pages"}],"about":[{"href":"https:\/\/us.edu.pl\/pracownik\/wp-json\/wp\/v2\/types\/page"}],"author":[{"embeddable":true,"href":"https:\/\/us.edu.pl\/pracownik\/wp-json\/wp\/v2\/users\/41"}],"replies":[{"embeddable":true,"href":"https:\/\/us.edu.pl\/pracownik\/wp-json\/wp\/v2\/comments?post=19228"}],"version-history":[{"count":4,"href":"https:\/\/us.edu.pl\/pracownik\/wp-json\/wp\/v2\/pages\/19228\/revisions"}],"predecessor-version":[{"id":26592,"href":"https:\/\/us.edu.pl\/pracownik\/wp-json\/wp\/v2\/pages\/19228\/revisions\/26592"}],"up":[{"embeddable":true,"href":"https:\/\/us.edu.pl\/pracownik\/wp-json\/wp\/v2\/pages\/174"}],"wp:attachment":[{"href":"https:\/\/us.edu.pl\/pracownik\/wp-json\/wp\/v2\/media?parent=19228"}],"curies":[{"name":"wp","href":"https:\/\/api.w.org\/{rel}","templated":true}]}}