{"id":19244,"date":"2022-10-26T10:58:27","date_gmt":"2022-10-26T08:58:27","guid":{"rendered":"https:\/\/us.edu.pl\/pracownik\/?page_id=19244"},"modified":"2026-04-14T12:35:17","modified_gmt":"2026-04-14T10:35:17","slug":"poradniki-dla-wkr","status":"publish","type":"page","link":"https:\/\/us.edu.pl\/pracownik\/sprawy-dydaktyczne\/rekrutacja-na-studia\/informacja-dla-wkr\/poradniki-dla-wkr\/","title":{"rendered":"Poradniki dla WKR"},"content":{"rendered":"<p>[vc_row][vc_column]\r\n                <div class=\"text-modules\">\r\n                    <div class=\"container\">\r\n                        <h3 class=\"page-title text__title\">Kontakty:<\/h3>\r\n                        <div class=\"text-modules__content\"><p>Pe\u0142nomocniczka Rektora ds. os\u00f3b kandyduj\u0105cych i procesu rekrutacji na studia:\u00a0 <strong>dr Magdalena Wo\u0142ek \u2013 32 359 23 82<\/strong><br \/>\nDzia\u0142 Portalu i Serwisu WWW: 32 359 17 78, 32 359 24 58, kom. 500 065 869<br \/>\nDzia\u0142 Kszta\u0142cenia: 32 359 1880, 32 359 1622<br \/>\nBiuro Rekrutacji Cudzoziemc\u00f3w: 32 359 22 72, 32 359 22 73<br \/>\nmail:\u00a0<a href=\"mailto:irk@us.edu.pl\">irk@us.edu.pl<\/a><\/p>\n<\/div>\r\n                    <\/div>\r\n                <\/div>\r\n                <div class=\"text-modules\">\r\n                    <div class=\"container\">\r\n                        \r\n                        <div class=\"text-modules__content\"><p><b>Instrukcje korzystania z systemu IRK<\/b><\/p>\n<ul>\n<li>podstawowe informacje dotycz\u0105ce rekrutacji &#8211; <strong>prezentacja<\/strong><\/li>\n<li>instrukcja dla sekretarza WKR &#8211;\n<ul>\n<li><a href=\"https:\/\/us.edu.pl\/pracownik\/wp-content\/uploads\/sites\/2\/Editor\/sprawy-dydatktyczne\/rekrutacja\/instrukcje-WKR\/instrukcja_IRK_2025a.pdf\" class=\"mtli_attachment mtli_pdf\" data-mtli=\"mtli_filesize6,96MB\" class=\"mtli_attachment mtli_pdf\" data-mtli=\"mtli_filesize6,96MB\"><strong>instrukcja obs\u0142ugi IRK<\/strong><\/a><\/li>\n<li><strong><a href=\"https:\/\/us.edu.pl\/pracownik\/wp-content\/uploads\/sites\/2\/Editor\/sprawy-dydatktyczne\/rekrutacja\/instrukcje-WKR\/cudzoziemcy-niespelnienie-kryteriow-formalnych-instrukcja-dla-WKR.pdf\" class=\"mtli_attachment mtli_pdf\" data-mtli=\"mtli_filesize1,27MB\" class=\"mtli_attachment mtli_pdf\" data-mtli=\"mtli_filesize1,27MB\">nowa decyzja odmowna &#8211; cudzoziemcy niespe\u0142nienie kryteri\u00f3w formalnych<\/a><\/strong><\/li>\n<li><a href=\"https:\/\/us.edu.pl\/pracownik\/wp-content\/uploads\/sites\/2\/Editor\/sprawy-dydatktyczne\/rekrutacja\/instrukcje-WKR\/Poradnik-dla-WKR_odwolanai2024.docx\" class=\"mtli_attachment mtli_docx\" data-mtli=\"mtli_filesize29,70kB\" class=\"mtli_attachment mtli_docx\" data-mtli=\"mtli_filesize29,70kB\"><strong>odwo\u0142ania kandydat\u00f3w od decyzji WKR<\/strong><\/a><\/li>\n<\/ul>\n<\/li>\n<li>instrukcja dla przewodnicz\u0105cego komisji &#8211; <a href=\"https:\/\/us.edu.pl\/pracownik\/wp-content\/uploads\/sites\/2\/Editor\/sprawy-dydatktyczne\/rekrutacja\/instrukcje-WKR\/podpisywanie_decyzji_2025.pdf\" class=\"mtli_attachment mtli_pdf\" data-mtli=\"mtli_filesize879,49kB\" class=\"mtli_attachment mtli_pdf\" data-mtli=\"mtli_filesize879,49kB\"><strong>podpisywanie decyzji, indywidualnych protoko\u0142\u00f3w o zakwalifikowaniu w systemie IRK<\/strong><\/a><\/li>\n<li>utworzenie konta w systemie IRK &#8211; <strong><a href=\"https:\/\/irk.us.edu.pl\/pl\/auth\/register\/consent\/\">na stronie\u00a0<\/a><\/strong><\/li>\n<li>instrukcja przekazywanie dokumentacji <a href=\"https:\/\/us.edu.pl\/pracownik\/wp-content\/uploads\/sites\/2\/Editor\/sprawy-dydatktyczne\/rekrutacja\/instrukcje-WKR\/Instrukcja-uzytkownika-EZD.pdf\" class=\"mtli_attachment mtli_pdf\" data-mtli=\"mtli_filesize3,17MB\" class=\"mtli_attachment mtli_pdf\" data-mtli=\"mtli_filesize3,17MB\"><strong>poprzez system EZD<\/strong><\/a><\/li>\n<li>Logowanie do systemu IRK &#8211; <strong><a href=\"https:\/\/irk.us.edu.pl\/pl\/auth\/login\/?next=\/pl\/auth\/register\/consent\/\">na stronie\u00a0<\/a><\/strong><\/li>\n<\/ul>\n<p>\n<style type=\"text\/css\">a[data-mtli~=\"mtli_filesize6,96MB\"]:after {content:\" (6,96 MB)\"}a[data-mtli~=\"mtli_filesize1,27MB\"]:after {content:\" (1,27 MB)\"}a[data-mtli~=\"mtli_filesize29,70kB\"]:after {content:\" (29,70 kB)\"}a[data-mtli~=\"mtli_filesize879,49kB\"]:after {content:\" (879,49 kB)\"}a[data-mtli~=\"mtli_filesize3,17MB\"]:after {content:\" (3,17 MB)\"}<\/style><\/div>\r\n                    <\/div>\r\n                <\/div>\r\n                <div class=\"text-modules\">\r\n                    <div class=\"container\">\r\n                        \r\n                        <div class=\"text-modules__content\"><p><span style=\"font-family: verdana, geneva, sans-serif; font-size: 12pt;\"><strong>Ramowe harmonogramy rekrutacji 2026\/2027<\/strong><\/span><\/p>\n<table style=\"height: 62px; width: 100%; border-collapse: collapse; border-color: #f7f5f5;\" border=\"1\">\n<tbody>\n<tr style=\"height: 31px;\">\n<td style=\"width: 100%; background-color: #002e5a; height: 31px; text-align: left; vertical-align: middle;\">\n<ul>\n<li><a href=\"https:\/\/rekrutacja.us.edu.pl\/wp-content\/uploads\/2026\/03\/Terminarz-ramowy_I-stopnia-_jedn_mgr.pdf\" class=\"mtli_attachment mtli_pdf\" class=\"mtli_attachment mtli_pdf\"><span style=\"color: #ffffff;\"><small style=\"box-sizing: border-box; font-size: 14.9333px; font-weight: 400;\"><span style=\"box-sizing: border-box; margin-bottom: 0px; letter-spacing: 0.8mm; font-family: 'PT Sans Narrow';\"><span style=\"box-sizing: border-box; margin-bottom: 0px; font-size: 18pt;\">Ramowy harmonogram<\/span>\u00a0\u2013\u00a0<\/span><\/small><span style=\"font-size: 14pt;\"><span style=\"box-sizing: border-box; margin-bottom: 0px; font-family: 'PT Sans Narrow';\">studia I stopnia i jednolite magisterskie \u2013 stacjonarne i niestacjonarne<\/span><\/span><\/span><\/a><\/li>\n<\/ul>\n<\/td>\n<\/tr>\n<tr style=\"height: 31px;\">\n<td style=\"width: 100%; background-color: #002e5a; height: 31px; text-align: left; vertical-align: middle;\">\n<ul>\n<li><a href=\"https:\/\/rekrutacja.us.edu.pl\/wp-content\/uploads\/2026\/03\/Terminarz_II-stopien.pdf\" class=\"mtli_attachment mtli_pdf\" class=\"mtli_attachment mtli_pdf\"><span style=\"color: #ffffff;\"><small style=\"box-sizing: border-box; font-size: 14.9333px; font-weight: 400;\"><span style=\"box-sizing: border-box; margin-bottom: 0px; letter-spacing: 0.8mm; font-family: 'PT Sans Narrow';\"><span style=\"box-sizing: border-box; margin-bottom: 0px; font-size: 18pt; color: #ffffff;\">Ramowy harmonogram<\/span>\u00a0\u2013\u00a0<\/span><\/small><span style=\"font-size: 14pt;\"><span style=\"box-sizing: border-box; margin-bottom: 0px; font-family: 'PT Sans Narrow';\">studia II stopnia\u00a0 \u00a0\u2013 stacjonarne i niestacjonarne<\/span><\/span><\/span><\/a><\/li>\n<\/ul>\n<\/td>\n<\/tr>\n<\/tbody>\n<\/table>\n<div class=\"wpb_text_column wpb_content_element \" style=\"box-sizing: border-box; margin-bottom: 35px; color: #000000; font-family: 'Open Sans', sans-serif; font-size: 12px; font-style: normal; font-variant-ligatures: normal; font-variant-caps: normal; font-weight: 400; letter-spacing: normal; orphans: 2; text-align: left; text-indent: 0px; text-transform: none; white-space: normal; widows: 2; word-spacing: 0px; -webkit-text-stroke-width: 0px; background-color: #ffffff; text-decoration-thickness: initial; text-decoration-style: initial; text-decoration-color: initial;\"><\/div>\n<div style=\"text-align: center;\">\n<p><span style=\"color: #000000; font-size: 12pt;\"><strong>Formularze zg\u0142oszenia tur nabor\u00f3w w systemie IRK dla poszczeg\u00f3lnych kierunk\u00f3w studi\u00f3w<\/strong><\/span><\/p>\n<table class=\"aligncenter\" style=\"height: 305px; width: 100%; border-collapse: collapse;\" border=\"1\">\n<tbody>\n<tr style=\"height: 18px;\">\n<td style=\"width: 50%; height: 18px; background-color: #002e5a; text-align: center;\" colspan=\"2\"><span style=\"color: #ffffff; font-size: 12pt;\"><strong>studia I stopnia i jednolite magisterskie<\/strong><\/span><\/td>\n<td style=\"width: 50%; height: 18px; background-color: #002e5a; text-align: center;\" colspan=\"2\"><span style=\"color: #ffffff; font-size: 12pt;\"><strong>studia II stopnia<\/strong><\/span><\/td>\n<\/tr>\n<tr style=\"height: 36px;\">\n<td style=\"width: 50%; background-color: #95ccde; text-align: center; vertical-align: middle; height: 33px;\" colspan=\"2\"><span style=\"color: #ff0000;\"><strong><span style=\"font-size: 10pt;\">kierunki bez egzamin\u00f3w<\/span><\/strong><\/span><span style=\"font-size: 10pt;\"><br \/>\n<\/span><\/td>\n<td style=\"width: 50%; background-color: #95ccde; text-align: center; vertical-align: middle; height: 33px;\" colspan=\"2\"><span style=\"color: #ff0000;\"><strong><span style=\"font-size: 10pt;\">kierunki bez egzamin\u00f3w<\/span><\/strong><\/span><span style=\"font-size: 10pt;\"><br \/>\n<\/span><\/td>\n<\/tr>\n<tr style=\"height: 36px;\">\n<td style=\"width: 26.0521%; text-align: center; vertical-align: middle; height: 36px;\"><strong><span style=\"font-size: 10pt;\">I tura &#8211; <\/span><span style=\"font-size: 10pt;\">nab\u00f3r podstawowy<\/span><\/strong><\/td>\n<td style=\"width: 23.9479%; text-align: center; vertical-align: middle; height: 36px;\"><a href=\"https:\/\/us.edu.pl\/pracownik\/wp-content\/uploads\/sites\/2\/Editor\/sprawy-dydatktyczne\/rekrutacja\/WKR-2026\/nabory-formularze\/I-stopnia-jedn.mgr_bez_egzaminow-I-nabor.xlsx\" class=\"mtli_attachment mtli_xlsx\" data-mtli=\"mtli_filesize12,83kB\" class=\"mtli_attachment mtli_xlsx\" data-mtli=\"mtli_filesize12,83kB\"><span style=\"font-size: 10pt;\">formularz<\/span><\/a><\/td>\n<td style=\"width: 25.1024%; text-align: center; vertical-align: middle; height: 36px;\"><strong><span style=\"font-size: 10pt;\">I tura &#8211; <\/span><span style=\"font-size: 10pt;\">nab\u00f3r podstawowy<\/span><\/strong><\/td>\n<td style=\"width: 24.8976%; text-align: center; vertical-align: middle; height: 36px;\"><a href=\"https:\/\/us.edu.pl\/pracownik\/wp-content\/uploads\/sites\/2\/Editor\/sprawy-dydatktyczne\/rekrutacja\/WKR-2026\/nabory-formularze\/II-stopnia_bez_egzaminow-I-nabor.xlsx\" class=\"mtli_attachment mtli_xlsx\" data-mtli=\"mtli_filesize12,67kB\" class=\"mtli_attachment mtli_xlsx\" data-mtli=\"mtli_filesize12,67kB\"><span style=\"font-size: 10pt;\">formularz<\/span><\/a><\/td>\n<\/tr>\n<tr style=\"height: 36px;\">\n<td style=\"width: 26.0521%; text-align: center; vertical-align: middle; height: 36px;\"><strong><span style=\"font-size: 10pt;\">II tura &#8211; <\/span><span style=\"font-size: 10pt;\">nab\u00f3r uzupe\u0142niaj\u0105cy<\/span><\/strong><\/td>\n<td style=\"width: 23.9479%; text-align: center; vertical-align: middle; height: 36px;\"><span style=\"font-size: 10pt;\">formularz<\/span><\/td>\n<td style=\"width: 25.1024%; text-align: center; vertical-align: middle; height: 36px;\"><strong><span style=\"font-size: 10pt;\">II tura &#8211; <\/span><span style=\"font-size: 10pt;\">nab\u00f3r uzupe\u0142niaj\u0105cy<\/span><\/strong><\/td>\n<td style=\"width: 24.8976%; text-align: center; vertical-align: middle; height: 36px;\"><span style=\"font-size: 10pt;\">formularz<\/span><\/td>\n<\/tr>\n<tr style=\"height: 18px;\">\n<td style=\"width: 26.0521%; text-align: center; vertical-align: middle; height: 18px;\"><strong><span style=\"font-size: 10pt;\">III tura &#8211; nab\u00f3r uzupe\u0142niaj\u0105cy<\/span><\/strong><\/td>\n<td style=\"width: 23.9479%; text-align: center; vertical-align: middle; height: 18px;\"><span style=\"font-size: 10pt;\"> formularz<\/span><\/td>\n<td style=\"width: 25.1024%; text-align: center; vertical-align: middle; height: 18px;\"><strong><span style=\"font-size: 10pt;\">III tura * &#8211; nab\u00f3r uzupe\u0142niaj\u0105cy<\/span><\/strong><\/td>\n<td style=\"width: 24.8976%; text-align: center; vertical-align: middle; height: 18px;\"><span style=\"font-size: 10pt;\">formularz<\/span><\/td>\n<\/tr>\n<tr style=\"height: 18px;\">\n<td style=\"width: 26.0521%; text-align: center; vertical-align: middle; height: 18px;\"><strong><span style=\"font-size: 10pt;\">IV tura &#8211; nab\u00f3r uzupe\u0142niaj\u0105cy<\/span><\/strong><\/td>\n<td style=\"width: 23.9479%; text-align: center; vertical-align: middle; height: 18px;\"><span style=\"font-size: 10pt;\"> formularz<\/span><\/td>\n<td style=\"width: 50%; height: 18px; background-color: #95ccde; text-align: center; vertical-align: middle;\" colspan=\"2\"><span style=\"font-size: 12pt;\"><strong><span style=\"color: #ff0000;\">kierunki artystyczne z egzaminami wst\u0119pnymi<\/span> <\/strong><\/span><span style=\"font-size: 10pt;\">\u00a0<\/span><\/td>\n<\/tr>\n<tr style=\"height: 36px;\">\n<td style=\"width: 50%; background-color: #95ccde; text-align: center; vertical-align: middle; height: 28px;\" colspan=\"2\"><span style=\"font-size: 12pt; color: #ff0000;\"><strong>kierunki artystyczne z egzaminami wst\u0119pnymi<\/strong><\/span><\/td>\n<td style=\"width: 25.1024%; height: 28px; text-align: center; vertical-align: middle;\"><strong><span style=\"font-size: 10pt;\">I tura &#8211; <\/span><span style=\"font-size: 10pt;\">nab\u00f3r podstawowy<\/span><\/strong><\/td>\n<td style=\"width: 24.8976%; text-align: center; vertical-align: middle; height: 28px;\"><a href=\"https:\/\/us.edu.pl\/pracownik\/wp-content\/uploads\/sites\/2\/Editor\/sprawy-dydatktyczne\/rekrutacja\/WKR-2026\/nabory-formularze\/II-stopnia_egzaminy-I-nabor.xlsx\" class=\"mtli_attachment mtli_xlsx\" data-mtli=\"mtli_filesize12,92kB\" class=\"mtli_attachment mtli_xlsx\" data-mtli=\"mtli_filesize12,92kB\"><span style=\"font-size: 10pt;\">formularz<\/span><\/a><\/td>\n<\/tr>\n<tr style=\"height: 36px;\">\n<td style=\"width: 26.0521%; text-align: center; vertical-align: middle; height: 36px;\"><strong><span style=\"font-size: 10pt;\">I tura &#8211; <\/span><span style=\"font-size: 10pt;\">nab\u00f3r podstawowy<\/span><\/strong><\/td>\n<td style=\"width: 23.9479%; text-align: center; vertical-align: middle; height: 36px;\"><a href=\"https:\/\/us.edu.pl\/pracownik\/wp-content\/uploads\/sites\/2\/Editor\/sprawy-dydatktyczne\/rekrutacja\/WKR-2026\/nabory-formularze\/I-stopnia-jedn.mgr_egzaminy-I-nabor.xlsx\" class=\"mtli_attachment mtli_xlsx\" data-mtli=\"mtli_filesize13,00kB\" class=\"mtli_attachment mtli_xlsx\" data-mtli=\"mtli_filesize13,00kB\"><span style=\"font-size: 10pt;\">formularz<\/span><\/a><\/td>\n<td style=\"height: 36px; width: 25.1024%; text-align: center;\"><strong><span style=\"font-size: 10pt;\">II tura &#8211; nab\u00f3r uzupe\u0142niaj\u0105cy<\/span><\/strong><\/td>\n<td style=\"width: 24.8976%; text-align: center; height: 36px;\"><span style=\"font-size: 10pt; color: #000000;\"><span style=\"font-size: 10pt;\">formularz<\/span><\/span><\/td>\n<\/tr>\n<tr style=\"height: 36px;\">\n<td style=\"width: 26.0521%; text-align: center; vertical-align: middle; height: 36px;\"><strong><span style=\"font-size: 10pt;\">II tura &#8211; <\/span><span style=\"font-size: 10pt;\">nab\u00f3r uzupe\u0142niaj\u0105cy<\/span><\/strong><\/td>\n<td style=\"width: 23.9479%; text-align: center; vertical-align: middle; height: 36px;\"><span style=\"font-size: 10pt;\">formularz<\/span><\/td>\n<td style=\"width: 25.1024%; text-align: center; vertical-align: middle; height: 36px;\"><strong><span style=\"font-size: 10pt;\">III tura * &#8211; nab\u00f3r uzupe\u0142niaj\u0105cy<\/span><\/strong><\/td>\n<td style=\"width: 24.8976%; text-align: center; vertical-align: middle; height: 36px;\"><span style=\"font-size: 10pt;\">formularz<\/span><\/td>\n<\/tr>\n<tr style=\"height: 18px;\">\n<td style=\"width: 26.0521%; text-align: center; vertical-align: middle; height: 18px;\"><strong><span style=\"font-size: 10pt;\">III tura &#8211; nab\u00f3r uzupe\u0142niaj\u0105cy<\/span><\/strong><\/td>\n<td style=\"width: 23.9479%; text-align: center; vertical-align: middle; height: 18px;\"><span style=\"font-size: 10pt;\"> formularz<\/span><\/td>\n<td style=\"width: 25.1024%; text-align: center; vertical-align: middle; height: 18px;\"><\/td>\n<td style=\"width: 24.8976%; text-align: center; vertical-align: middle; height: 18px;\"><\/td>\n<\/tr>\n<tr style=\"height: 18px;\">\n<td style=\"width: 26.0521%; text-align: center; vertical-align: middle; height: 18px;\"><strong><span style=\"font-size: 10pt;\">IV tura &#8211; nab\u00f3r uzupe\u0142niaj\u0105cy<\/span><\/strong><\/td>\n<td style=\"width: 23.9479%; text-align: center; vertical-align: middle; height: 18px;\"><span style=\"font-size: 10pt;\"> formularz<\/span><\/td>\n<td style=\"width: 25.1024%; text-align: center; vertical-align: middle; height: 18px;\"><\/td>\n<td style=\"width: 24.8976%; text-align: center; vertical-align: middle; height: 18px;\"><\/td>\n<\/tr>\n<tr style=\"height: 18px;\">\n<td style=\"height: 10px; background-color: #95ccde; text-align: left; width: 100%;\" colspan=\"4\" rowspan=\"2\">\n<ul style=\"list-style-type: circle;\">\n<li><span style=\"font-size: 8pt;\">Tury kolejnych nabor\u00f3w uzupe\u0142niaj\u0105cych og\u0142aszane s\u0105 tylko w przypadku niewype\u0142nienia limitu miejsc w naborze poprzednim. Nale\u017cy poda\u0107 liczb\u0119 wolnych miejsc dla kolejnej tury.<\/span><\/li>\n<li><span style=\"font-size: 8pt;\"><strong>*<\/strong> &#8211; III tura na studiach II stopnia uruchamiana jest tylko w uzasadnionych przypadkach<\/span><\/li>\n<\/ul>\n<p><strong><span style=\"font-size: 10pt;\">Uwaga: wype\u0142nione formularze kolejnych nabor\u00f3w nale\u017cy przes\u0142a\u0107 na adres <a href=\"mailto:dk@us.edu.pl\">dk@us.edu.pl\u00a0<\/a><br \/>\n<\/span><\/strong><\/td>\n<\/tr>\n<\/tbody>\n<\/table>\n<h4 style=\"text-align: left;\">Nieuruchomienie kierunku\/specjalno\u015bci &#8211; wniosek nale\u017cy wygenerowa\u0107 z systemu IRK<\/h4>\n<\/div>\n<p>\n<style type=\"text\/css\">a[data-mtli~=\"mtli_filesize12,83kB\"]:after {content:\" (12,83 kB)\"}a[data-mtli~=\"mtli_filesize12,67kB\"]:after {content:\" (12,67 kB)\"}a[data-mtli~=\"mtli_filesize12,92kB\"]:after {content:\" (12,92 kB)\"}a[data-mtli~=\"mtli_filesize13,00kB\"]:after {content:\" (13,00 kB)\"}<\/style><\/div>\r\n                    <\/div>\r\n                <\/div>\r\n                <div class=\"title-with-link color-blue\" style=\"background: #EBEBEB\">\r\n                    <div class=\"container\">\r\n                        <div class=\"title-with-link-container \">\r\n                            <div class=\"title-with-link__title\"><span>Akty prawne dotycz\u0105ce rekrutacji<\/span><\/div>\r\n                            <a href=\"https:\/\/us.edu.pl\/pracownik\/sprawy-dydaktyczne\/rekrutacja-na-studia\/akty-prawne\/\" class=\"title-with-link__link\">na stronie<\/a>\r\n                        <\/div>\r\n                    <\/div>\r\n                <\/div>\r\n            <div class=\"container\"><div class=\"separator\" style=\"background-color: #EBEBEB\"><\/div><\/div>\r\n                <div class=\"text-modules\">\r\n                    <div class=\"container\">\r\n                        \r\n                        <div class=\"text-modules__content\"><p><strong>Informacje dot. cudzoziemc\u00f3w oraz kandydat\u00f3w z zagranicznymi dokumentami o wykszta\u0142ceniu<\/strong><\/p>\n<ul>\n<li><a href=\"https:\/\/us.edu.pl\/pracownik\/wp-content\/uploads\/sites\/2\/Editor\/sprawy-dydatktyczne\/rekrutacja\/instrukcje-WKR\/Znajomosc-j.-wykladowego-rozporzadzenia-MNiSW-z-30.07.2025.pdf\" class=\"mtli_attachment mtli_pdf\" data-mtli=\"mtli_filesize168,23kB\" class=\"mtli_attachment mtli_pdf\" data-mtli=\"mtli_filesize168,23kB\">Zmiany dotycz\u0105ce dokument\u00f3w po\u015bwiadczaj\u0105cych znajomo\u015b\u0107 j\u0119zyka wyk\u0142adowego obowi\u0105zuj\u0105ce od 1.08.2025 roku<\/a> \u2013 informacje w sprawie rozporz\u0105dzenia Ministra Nauki i Szkolnictwa Wy\u017cszego z dnia 30 lipca 2025 r. w sprawie rodzaj\u00f3w dokument\u00f3w po\u015bwiadczaj\u0105cych znajomo\u015b\u0107 j\u0119zyka, w kt\u00f3rym odbywa si\u0119 kszta\u0142cenie na studiach.<\/li>\n<li><a href=\"https:\/\/us.edu.pl\/pracownik\/wp-content\/uploads\/sites\/2\/Editor\/sprawy-dydatktyczne\/rekrutacja\/instrukcje-WKR\/cudzoziemcy-niespelnienie-kryteriow-formalnych-instrukcja-dla-WKR.pdf\" class=\"mtli_attachment mtli_pdf\" data-mtli=\"mtli_filesize1,27MB\" class=\"mtli_attachment mtli_pdf\" data-mtli=\"mtli_filesize1,27MB\">Nowa decyzja odmowna dot. niespe\u0142nienia kryteri\u00f3w formalnych przez cudzoziemc\u00f3w<\/a><\/li>\n<li>Uchwa\u0142a nr 573 Senatu Uniwersytetu \u015al\u0105skiego w Katowicach z dnia 25 czerwca 2024 r. w sprawie warunk\u00f3w i trybu rekrutacji na I rok studi\u00f3w w Uniwersytecie \u015al\u0105skim w Katowicach w roku akademickim 2025\/2026\u00a0\u00a0\u2013 <a href=\"https:\/\/aktyprawne.us.edu.pl\/Module\/Xhn3Na\/GetFile.ashx?lang=pl-PL&amp;z=7Z3I+eQmOyygFHksEkdJZ6PRMXf07Tm6QMWI7GcAQsk=\">Zasady i spos\u00f3b przeliczania ocen ze \u015bwiadectw i innych dokument\u00f3w uzyskanych za granic\u0105 uprawniaj\u0105cych do podj\u0119cia studi\u00f3w I stopnia i jednolitych magisterskich w kraju ich wydania (Za\u0142\u0105cznik nr 10 do uchwa\u0142y nr 573 Senatu U\u015a z dnia 25 czerwca 2024 r.)<\/a>.<\/li>\n<li>Zmiany w rekrutacji cudzoziemc\u00f3w \u2013 <a href=\"https:\/\/us.edu.pl\/pracownik\/wp-content\/uploads\/sites\/2\/Editor\/sprawy-dydatktyczne\/rekrutacja\/WKR-2025\/cudzoziemcy\/TABELA_zmiany-w-rekrutacji-cudzoziemcow_2025-2026.pdf\" class=\"mtli_attachment mtli_pdf\" data-mtli=\"mtli_filesize151,04kB\" class=\"mtli_attachment mtli_pdf\" data-mtli=\"mtli_filesize151,04kB\">tabela<\/a><\/li>\n<li>Cudzoziemcy &#8211; <a href=\"https:\/\/us.edu.pl\/pracownik\/wp-content\/uploads\/sites\/2\/Editor\/sprawy-dydatktyczne\/rekrutacja\/WKR-2025\/cudzoziemcy\/Cudzoziemcy-wazne-zmiany-dla-kandydatow-zagranicznych-aplikujacych-na-studia-w-roku-akademickim-2025-2026.pdf\" class=\"mtli_attachment mtli_pdf\" data-mtli=\"mtli_filesize194,54kB\" class=\"mtli_attachment mtli_pdf\" data-mtli=\"mtli_filesize194,54kB\">wa\u017cne zmiany dla kandydat\u00f3w zagranicznych aplikuj\u0105cych na studia w roku akademickim 2025\/2026<\/a><\/li>\n<li><a href=\"https:\/\/us.edu.pl\/pracownik\/wp-content\/uploads\/sites\/2\/Editor\/sprawy-dydatktyczne\/rekrutacja\/instrukcje-WKR\/WKR-czerwiec-2025-zmiany-w-rekrutacji-cudzoziemcow.pdf\" class=\"mtli_attachment mtli_pdf\" data-mtli=\"mtli_filesize240,76kB\" class=\"mtli_attachment mtli_pdf\" data-mtli=\"mtli_filesize240,76kB\">Prezentacja WKR czerwiec 2025 &#8211; zmiany w rekrutacji cudzoziemc\u00f3w<\/a><\/li>\n<li><a href=\"https:\/\/us.edu.pl\/pracownik\/wp-content\/uploads\/sites\/2\/Editor\/sprawy-dydatktyczne\/rekrutacja\/instrukcje-WKR\/WKR-prezentacja-dot.-obslugi-systemu-IRK-lipiec-2025.pdf\" class=\"mtli_attachment mtli_pdf\" data-mtli=\"mtli_filesize2,07MB\" class=\"mtli_attachment mtli_pdf\" data-mtli=\"mtli_filesize2,07MB\">Prezentacja WKR lipiec 2025 &#8211; zmiany w rekrutacji cudzoziemc\u00f3w<\/a><\/li>\n<li><a href=\"https:\/\/us.edu.pl\/pracownik\/wp-content\/uploads\/sites\/2\/Editor\/sprawy-dydatktyczne\/rekrutacja\/instrukcje-WKR\/WKR-czlonkowie-ds.-zagranicznych-dokumentow-lipiec-2025-rekrutacja-cudzoziemcow.pdf\" class=\"mtli_attachment mtli_pdf\" data-mtli=\"mtli_filesize9,25MB\" class=\"mtli_attachment mtli_pdf\" data-mtli=\"mtli_filesize9,25MB\">Materia\u0142y informacyjne dla cz\u0142onk\u00f3w Wydzia\u0142owych Komisji Rekrutacyjnych<\/a><br \/>\nds. \u015bwiadectw i dyplom\u00f3w zagranicznych<\/li>\n<\/ul>\n<p>\n<style type=\"text\/css\">a[data-mtli~=\"mtli_filesize168,23kB\"]:after {content:\" (168,23 kB)\"}a[data-mtli~=\"mtli_filesize1,27MB\"]:after {content:\" (1,27 MB)\"}a[data-mtli~=\"mtli_filesize151,04kB\"]:after {content:\" (151,04 kB)\"}a[data-mtli~=\"mtli_filesize194,54kB\"]:after {content:\" (194,54 kB)\"}a[data-mtli~=\"mtli_filesize240,76kB\"]:after {content:\" (240,76 kB)\"}a[data-mtli~=\"mtli_filesize2,07MB\"]:after {content:\" (2,07 MB)\"}a[data-mtli~=\"mtli_filesize9,25MB\"]:after {content:\" (9,25 MB)\"}<\/style><\/div>\r\n                    <\/div>\r\n                <\/div>[\/vc_column][\/vc_row]<\/p>\n<style type=\"text\/css\">a[data-mtli~=\"mtli_filesize6,96MB\"]:after {content:\" (6,96 MB)\"}a[data-mtli~=\"mtli_filesize1,27MB\"]:after {content:\" (1,27 MB)\"}a[data-mtli~=\"mtli_filesize29,70kB\"]:after {content:\" (29,70 kB)\"}a[data-mtli~=\"mtli_filesize879,49kB\"]:after {content:\" (879,49 kB)\"}a[data-mtli~=\"mtli_filesize3,17MB\"]:after {content:\" (3,17 MB)\"}a[data-mtli~=\"mtli_filesize12,83kB\"]:after {content:\" (12,83 kB)\"}a[data-mtli~=\"mtli_filesize12,67kB\"]:after {content:\" (12,67 kB)\"}a[data-mtli~=\"mtli_filesize12,92kB\"]:after {content:\" (12,92 kB)\"}a[data-mtli~=\"mtli_filesize13,00kB\"]:after {content:\" (13,00 kB)\"}a[data-mtli~=\"mtli_filesize168,23kB\"]:after {content:\" (168,23 kB)\"}a[data-mtli~=\"mtli_filesize151,04kB\"]:after {content:\" (151,04 kB)\"}a[data-mtli~=\"mtli_filesize194,54kB\"]:after {content:\" (194,54 kB)\"}a[data-mtli~=\"mtli_filesize240,76kB\"]:after {content:\" (240,76 kB)\"}a[data-mtli~=\"mtli_filesize2,07MB\"]:after {content:\" (2,07 MB)\"}a[data-mtli~=\"mtli_filesize9,25MB\"]:after {content:\" (9,25 MB)\"}<\/style>","protected":false},"excerpt":{"rendered":"<p>[vc_row][vc_column][\/vc_column][\/vc_row] [&#8230;]<\/p>\n<p><a class=\"btn btn-secondary understrap-read-more-link\" href=\"https:\/\/us.edu.pl\/pracownik\/sprawy-dydaktyczne\/rekrutacja-na-studia\/informacja-dla-wkr\/poradniki-dla-wkr\/\">Read More&#8230;<\/a><\/p>\n","protected":false},"author":31,"featured_media":0,"parent":3785,"menu_order":451,"comment_status":"closed","ping_status":"closed","template":"page-templates\/inner-page.php","meta":{"_expiration-date-status":"saved","_expiration-date":0,"_expiration-date-type":"","_expiration-date-categories":[],"_expiration-date-options":[]},"acf":[],"_links":{"self":[{"href":"https:\/\/us.edu.pl\/pracownik\/wp-json\/wp\/v2\/pages\/19244"}],"collection":[{"href":"https:\/\/us.edu.pl\/pracownik\/wp-json\/wp\/v2\/pages"}],"about":[{"href":"https:\/\/us.edu.pl\/pracownik\/wp-json\/wp\/v2\/types\/page"}],"author":[{"embeddable":true,"href":"https:\/\/us.edu.pl\/pracownik\/wp-json\/wp\/v2\/users\/31"}],"replies":[{"embeddable":true,"href":"https:\/\/us.edu.pl\/pracownik\/wp-json\/wp\/v2\/comments?post=19244"}],"version-history":[{"count":10,"href":"https:\/\/us.edu.pl\/pracownik\/wp-json\/wp\/v2\/pages\/19244\/revisions"}],"predecessor-version":[{"id":43076,"href":"https:\/\/us.edu.pl\/pracownik\/wp-json\/wp\/v2\/pages\/19244\/revisions\/43076"}],"up":[{"embeddable":true,"href":"https:\/\/us.edu.pl\/pracownik\/wp-json\/wp\/v2\/pages\/3785"}],"wp:attachment":[{"href":"https:\/\/us.edu.pl\/pracownik\/wp-json\/wp\/v2\/media?parent=19244"}],"curies":[{"name":"wp","href":"https:\/\/api.w.org\/{rel}","templated":true}]}}