{"id":1936,"date":"2019-10-15T14:30:43","date_gmt":"2019-10-15T12:30:43","guid":{"rendered":"https:\/\/us.edu.pl\/pracownik\/?page_id=1936"},"modified":"2025-05-29T14:54:11","modified_gmt":"2025-05-29T12:54:11","slug":"urlopy-dla-celow-naukowych","status":"publish","type":"page","link":"https:\/\/us.edu.pl\/pracownik\/sprawy-naukowe\/sprawy-pracownika-naukowego-na\/urlopy-dla-celow-naukowych\/","title":{"rendered":"Urlopy dla cel\u00f3w naukowych"},"content":{"rendered":"<p>[vc_row][vc_column][\/vc_column][\/vc_row][vc_row][vc_column]\r\n                <div class=\"text-modules\">\r\n                    <div class=\"container\">\r\n                        <h3 class=\"page-title text__title\">Urlopy dla cel\u00f3w naukowych<\/h3>\r\n                        <div class=\"text-modules__content\"><p>Szczeg\u00f3\u0142owe informacje dost\u0119pne s\u0105 w <a href=\"https:\/\/ab.us.edu.pl\/unit?id=60691804\"><u>Biurze Doskona\u0142o\u015bci Naukowej<\/u><\/a>\u00a0Dzia\u0142u Nauki, tel. 32 359 20 43, e-mail: bdn@us.edu.pl.<\/p>\n<\/div>\r\n                    <\/div>\r\n                <\/div>[\/vc_column][\/vc_row]<\/p>","protected":false},"excerpt":{"rendered":"<p>[vc_row][vc_column][\/vc_column][\/vc_row][vc_row][vc_column][\/vc_column][\/vc_row] [&#8230;]<\/p>\n<p><a class=\"btn btn-secondary understrap-read-more-link\" href=\"https:\/\/us.edu.pl\/pracownik\/sprawy-naukowe\/sprawy-pracownika-naukowego-na\/urlopy-dla-celow-naukowych\/\">Read More&#8230;<\/a><\/p>\n","protected":false},"author":41,"featured_media":0,"parent":989,"menu_order":333,"comment_status":"closed","ping_status":"closed","template":"page-templates\/inner-page-with-bookmarks.php","meta":{"_expiration-date-status":"saved","_expiration-date":0,"_expiration-date-type":"","_expiration-date-categories":[],"_expiration-date-options":[]},"acf":[],"_links":{"self":[{"href":"https:\/\/us.edu.pl\/pracownik\/wp-json\/wp\/v2\/pages\/1936"}],"collection":[{"href":"https:\/\/us.edu.pl\/pracownik\/wp-json\/wp\/v2\/pages"}],"about":[{"href":"https:\/\/us.edu.pl\/pracownik\/wp-json\/wp\/v2\/types\/page"}],"author":[{"embeddable":true,"href":"https:\/\/us.edu.pl\/pracownik\/wp-json\/wp\/v2\/users\/41"}],"replies":[{"embeddable":true,"href":"https:\/\/us.edu.pl\/pracownik\/wp-json\/wp\/v2\/comments?post=1936"}],"version-history":[{"count":10,"href":"https:\/\/us.edu.pl\/pracownik\/wp-json\/wp\/v2\/pages\/1936\/revisions"}],"predecessor-version":[{"id":36805,"href":"https:\/\/us.edu.pl\/pracownik\/wp-json\/wp\/v2\/pages\/1936\/revisions\/36805"}],"up":[{"embeddable":true,"href":"https:\/\/us.edu.pl\/pracownik\/wp-json\/wp\/v2\/pages\/989"}],"wp:attachment":[{"href":"https:\/\/us.edu.pl\/pracownik\/wp-json\/wp\/v2\/media?parent=1936"}],"curies":[{"name":"wp","href":"https:\/\/api.w.org\/{rel}","templated":true}]}}