{"id":19469,"date":"2022-11-22T08:11:23","date_gmt":"2022-11-22T07:11:23","guid":{"rendered":"https:\/\/us.edu.pl\/pracownik\/?page_id=19469"},"modified":"2022-11-24T12:37:16","modified_gmt":"2022-11-24T11:37:16","slug":"posiedzenie-komisji-24-11-2022","status":"publish","type":"page","link":"https:\/\/us.edu.pl\/pracownik\/sprawy-dydaktyczne\/senacka-komisja-ds-ksztalcenia\/senacka-komisja-ds-ksztalcenia-sklad-komisji\/kadencja-2020-2024\/posiedzenie-komisji-24-11-2022\/","title":{"rendered":"Posiedzenie komisji &#8211; 24.11.2022"},"content":{"rendered":"<p>[vc_row][vc_column]\r\n                <div class=\"text-modules\">\r\n                    <div class=\"container\">\r\n                        <h3 class=\"page-title text__title\">Posiedzenie Komisji ds. kszta\u0142cenia i student\u00f3w - 24 listopada 2022 r.<\/h3>\r\n                        <div class=\"text-modules__content\"><p>Posiedzenie Komisji ds. kszta\u0142cenia i student\u00f3w, kt\u00f3re odb\u0119dzie si\u0119 w czwartek <strong>24 listopada 2022 r. o godz. 13.00.<\/strong><\/p>\n<p>Spotkanie odb\u0119dzie si\u0119 na platformie MS Teams:<\/p>\n<p><a href=\"https:\/\/teams.microsoft.com\/l\/meetup-join\/19%3ameeting_YTU1Y2YxODgtOWI1ZS00NDg0LTk4MWEtY2Q2MzEzY2FlMGY2%40thread.v2\/0?context=%7b%22Tid%22%3a%2250c76291-0c80-4444-a2fb-4f8ab168c311%22%2c%22Oid%22%3a%22c35600bf-4814-4e5c-92bf-0f4cc57bae49%22%7d\">https:\/\/teams.microsoft.com\/l\/meetup-join\/19%3ameeting_YTU1Y2YxODgtOWI1ZS00NDg0LTk4MWEtY2Q2MzEzY2FlMGY2%40thread.v2\/0?context=%7b%22Tid%22%3a%2250c76291-0c80-4444-a2fb-4f8ab168c311%22%2c%22Oid%22%3a%22c35600bf-4814-4e5c-92bf-0f4cc57bae49%22%7d<\/a><\/p>\n<p>Planowany porz\u0105dek posiedzenia:<\/p>\n<ol>\n<li>Komunikaty Prorektor ds. kszta\u0142cenia i student\u00f3w.<\/li>\n<li>Rekrutacja w Uniwersytecie \u015al\u0105skim kandydat\u00f3w na studia <a href=\"https:\/\/us.edu.pl\/pracownik\/wp-content\/uploads\/sites\/2\/Editor\/sprawy-dydatktyczne\/Komisja-ksztalcenia\/Kadencja-2020-2024\/20222023\/24-listopad\/Prezentacja-rekrutacja-2022-2023.pdf\" class=\"mtli_attachment mtli_pdf\" data-mtli=\"mtli_filesize1&nbsp;006,52kB\" class=\"mtli_attachment mtli_pdf\" data-mtli=\"mtli_filesize1&nbsp;006,52kB\">na rok akademicki 2022\/2023 \u2013 statystyki, analizy, wnioski.<\/a><\/li>\n<li>List intencyjny dotycz\u0105cy utworzenia nowego kierunku studi\u00f3w na Wydziale Humanistycznym: <a href=\"https:\/\/us.edu.pl\/pracownik\/wp-content\/uploads\/sites\/2\/Editor\/sprawy-dydatktyczne\/Komisja-ksztalcenia\/Kadencja-2020-2024\/20222023\/24-listopad\/Lingwistyka-stosowana-_-pismo-przewodnie-....pdf\" class=\"mtli_attachment mtli_pdf\" data-mtli=\"mtli_filesize2,02MB\" class=\"mtli_attachment mtli_pdf\" data-mtli=\"mtli_filesize2,02MB\"><em>Lingwistyka stosowana<\/em>, studia stacjonarne I stopnia.<\/a><\/li>\n<li>Opinia do wniosku inicjuj\u0105cego utworzenie nowego kierunku studi\u00f3w na Wydziale Sztuki i Nauk o Edukacji: <a href=\"https:\/\/us.edu.pl\/pracownik\/wp-content\/uploads\/sites\/2\/Editor\/sprawy-dydatktyczne\/Komisja-ksztalcenia\/Kadencja-2020-2024\/20222023\/24-listopad\/Studia-czeskie-w-kulturze-i-biznesie-wniosek.pdf\" class=\"mtli_attachment mtli_pdf\" data-mtli=\"mtli_filesize13,12MB\" class=\"mtli_attachment mtli_pdf\" data-mtli=\"mtli_filesize13,12MB\"><em>Studia czeskie w kulturze i biznesie<\/em>, studia stacjonarne I stopnia.<\/a><\/li>\n<li>Opiniowanie kandydat\u00f3w\/kandydatek do otrzymania listu gratulacyjnego JM Rektora U\u015a za doskona\u0142\u0105 dydaktyk\u0119 w roku akademickim 2021\/2022.<\/li>\n<li>Informacja o I edycji konkursu \u201eDoskona\u0142y kierunek\u201d (zgodnie z za\u0142o\u017ceniami nowej koncepcji studi\u00f3w) dla rad dydaktycznych kierunk\u00f3w studi\u00f3w w ramach systemu motywacyjnego w dydaktyce akademickiej (SMoDA).<\/li>\n<li>Opinie w sprawie likwidacji program\u00f3w studi\u00f3w:<\/li>\n<\/ol>\n<ul>\n<li style=\"list-style-type: none;\">\n<ul>\n<li><a href=\"https:\/\/us.edu.pl\/pracownik\/wp-content\/uploads\/sites\/2\/Editor\/sprawy-dydatktyczne\/Komisja-ksztalcenia\/Kadencja-2020-2024\/20222023\/24-listopad\/Fil.-ros.-_-I-st.-NS-_-likwidacja.zip\">filologia rosyjska \u2013 studia niestacjonarne I stopnia<\/a><\/li>\n<li><a href=\"https:\/\/us.edu.pl\/pracownik\/wp-content\/uploads\/sites\/2\/Editor\/sprawy-dydatktyczne\/Komisja-ksztalcenia\/Kadencja-2020-2024\/20222023\/24-listopad\/Historia-I-i-II-st_niestacjonarne_likwidacja.zip\">historia \u2013 studia niestacjonarne I i II stopnia<\/a><\/li>\n<li><a href=\"https:\/\/us.edu.pl\/pracownik\/wp-content\/uploads\/sites\/2\/Editor\/sprawy-dydatktyczne\/Komisja-ksztalcenia\/Kadencja-2020-2024\/20222023\/24-listopad\/Turystyka-histroryczna-I-st_niestacjonarne_likwidacja.zip\">turystyka historyczna \u2013 studia niestacjonarne I stopnia<\/a><\/li>\n<li><a href=\"https:\/\/us.edu.pl\/pracownik\/wp-content\/uploads\/sites\/2\/Editor\/sprawy-dydatktyczne\/Komisja-ksztalcenia\/Kadencja-2020-2024\/20222023\/24-listopad\/Mikro-i-nanotechnologia-I-i-II-st_likwidacja.zip\">mikro i nanotechnologia \u2013 studia stacjonarne I i II stopnia<\/a><\/li>\n<li><a href=\"https:\/\/us.edu.pl\/pracownik\/wp-content\/uploads\/sites\/2\/Editor\/sprawy-dydatktyczne\/Komisja-ksztalcenia\/Kadencja-2020-2024\/20222023\/24-listopad\/Geofizyka-_-I-i-II-st.-SS-_-likwidacja.zip\">geofizyka \u2013 studia stacjonarne I i II stopnia<\/a><\/li>\n<\/ul>\n<\/li>\n<\/ul>\n<ol start=\"8\">\n<li>Opinie do wniosk\u00f3w w sprawie modyfikacji program\u00f3w studi\u00f3w:<\/li>\n<\/ol>\n<ul>\n<li style=\"list-style-type: none;\">\n<ul>\n<li><a href=\"https:\/\/us.edu.pl\/pracownik\/wp-content\/uploads\/sites\/2\/Editor\/sprawy-dydatktyczne\/Komisja-ksztalcenia\/Kadencja-2020-2024\/20222023\/24-listopad\/informatyka-w-jez.-angielskim-II-st_stacjonarne.zip\">Computer Science \u2013 studia stacjonarne II stopnia<\/a><\/li>\n<li><a href=\"https:\/\/us.edu.pl\/pracownik\/wp-content\/uploads\/sites\/2\/Editor\/sprawy-dydatktyczne\/Komisja-ksztalcenia\/Kadencja-2020-2024\/20222023\/24-listopad\/informatyka_II-st_stacjonarne-i-niestacjonarne.zip\">informatyka \u2013 studia stacjonarne i niestacjonarne II stopnia<\/a><\/li>\n<li><a href=\"https:\/\/us.edu.pl\/pracownik\/wp-content\/uploads\/sites\/2\/Editor\/sprawy-dydatktyczne\/Komisja-ksztalcenia\/Kadencja-2020-2024\/20222023\/24-listopad\/chemia_II-st_stacjonarne.zip\">chemia \u2013 studia stacjonarne II stopnia<\/a><\/li>\n<\/ul>\n<\/li>\n<\/ul>\n<ol start=\"9\">\n<li>Wolne wnioski.<\/li>\n<\/ol>\n<p>\n<style type=\"text\/css\">a[data-mtli~=\"mtli_filesize1&nbsp;006,52kB\"]:after {content:\" (1&nbsp;006,52 kB)\"}a[data-mtli~=\"mtli_filesize2,02MB\"]:after {content:\" (2,02 MB)\"}a[data-mtli~=\"mtli_filesize13,12MB\"]:after {content:\" (13,12 MB)\"}<\/style><\/div>\r\n                    <\/div>\r\n                <\/div>[\/vc_column][\/vc_row]<\/p>\n<style type=\"text\/css\">a[data-mtli~=\"mtli_filesize1&nbsp;006,52kB\"]:after {content:\" (1&nbsp;006,52 kB)\"}a[data-mtli~=\"mtli_filesize2,02MB\"]:after {content:\" (2,02 MB)\"}a[data-mtli~=\"mtli_filesize13,12MB\"]:after {content:\" (13,12 MB)\"}<\/style>","protected":false},"excerpt":{"rendered":"<p>[vc_row][vc_column][\/vc_column][\/vc_row] [&#8230;]<\/p>\n<p><a class=\"btn btn-secondary understrap-read-more-link\" href=\"https:\/\/us.edu.pl\/pracownik\/sprawy-dydaktyczne\/senacka-komisja-ds-ksztalcenia\/senacka-komisja-ds-ksztalcenia-sklad-komisji\/kadencja-2020-2024\/posiedzenie-komisji-24-11-2022\/\">Read More&#8230;<\/a><\/p>\n","protected":false},"author":31,"featured_media":0,"parent":5151,"menu_order":50,"comment_status":"closed","ping_status":"closed","template":"page-templates\/inner-page.php","meta":{"_expiration-date-status":"saved","_expiration-date":0,"_expiration-date-type":"","_expiration-date-categories":[],"_expiration-date-options":[]},"acf":[],"_links":{"self":[{"href":"https:\/\/us.edu.pl\/pracownik\/wp-json\/wp\/v2\/pages\/19469"}],"collection":[{"href":"https:\/\/us.edu.pl\/pracownik\/wp-json\/wp\/v2\/pages"}],"about":[{"href":"https:\/\/us.edu.pl\/pracownik\/wp-json\/wp\/v2\/types\/page"}],"author":[{"embeddable":true,"href":"https:\/\/us.edu.pl\/pracownik\/wp-json\/wp\/v2\/users\/31"}],"replies":[{"embeddable":true,"href":"https:\/\/us.edu.pl\/pracownik\/wp-json\/wp\/v2\/comments?post=19469"}],"version-history":[{"count":10,"href":"https:\/\/us.edu.pl\/pracownik\/wp-json\/wp\/v2\/pages\/19469\/revisions"}],"predecessor-version":[{"id":19518,"href":"https:\/\/us.edu.pl\/pracownik\/wp-json\/wp\/v2\/pages\/19469\/revisions\/19518"}],"up":[{"embeddable":true,"href":"https:\/\/us.edu.pl\/pracownik\/wp-json\/wp\/v2\/pages\/5151"}],"wp:attachment":[{"href":"https:\/\/us.edu.pl\/pracownik\/wp-json\/wp\/v2\/media?parent=19469"}],"curies":[{"name":"wp","href":"https:\/\/api.w.org\/{rel}","templated":true}]}}