{"id":196,"date":"2019-09-13T09:33:23","date_gmt":"2019-09-13T07:33:23","guid":{"rendered":"http:\/\/php71.nfinity-beta.pl\/us\/pracownik\/?page_id=196"},"modified":"2019-09-13T09:46:31","modified_gmt":"2019-09-13T07:46:31","slug":"wyjazdy-zagraniczne","status":"publish","type":"page","link":"https:\/\/us.edu.pl\/pracownik\/wyjazdy-zagraniczne\/","title":{"rendered":"Wyjazdy zagraniczne"},"content":{"rendered":"<p>[vc_row][vc_column]\r\n                <div class=\"text-modules\">\r\n                    <div class=\"container\">\r\n                        <h3 class=\"page-title text__title\">Wyjazdy zagraniczne<\/h3>\r\n                        <div class=\"text-modules__content\"><\/p>\n<div class=\"content\">\n<h2 class=\"rtecenter\"><span style=\"color: #002e5a;\"><strong>Rodzaje wyjazd\u00f3w<\/strong><\/span><\/h2>\n<p class=\"rtejustify\"><a href=\"http:\/\/dwz.us.edu.pl\/content\/dokumenty\"><strong>Wniosek W\/P<\/strong>\u00a0<\/a>&#8211; polecenie wyjazdu s\u0142u\u017cbowego &#8211; wykonywanie zadania zleconego przez pracodawc\u0119 w okre\u015blonym terminie i miejscu. Wniosek W\/P jest przeznaczony dla os\u00f3b wyje\u017cd\u017caj\u0105cych w celu m.in.:<\/p>\n<p class=\"rtejustify\">\u00a0&#8211; uczestnictwa w \u00a0konferencjach, kongresach;<\/p>\n<p class=\"rtejustify\">&#8211; udzia\u0142 w posiedzeniach komitet\u00f3w, grup roboczych;<\/p>\n<p class=\"rtejustify\">&#8211; uczestnictwa w targach i wystawach;<\/p>\n<p class=\"rtejustify\">&#8211; uczestnictwa w spotkaniach organizacyjnych, np. dotycz\u0105cych prac nad projektem;<\/p>\n<p class=\"rtejustify\">&#8211; realizacji zada\u0144 zwi\u0105zanych z prowadzeniem w jednostce organizacyjnej w spos\u00f3b ci\u0105g\u0142y badaniami naukowymi lub pracami rozwojowymi;<\/p>\n<p class=\"rtejustify\">&#8211; realizacji zada\u0144 zwi\u0105zanych z prowadzeniem bada\u0144 naukowych wynikaj\u0105cych z zawartej przez uczelni\u0119 umowy o realizacji projektu.<\/p>\n<p class=\"rtejustify\">Osoba wyje\u017cd\u017caj\u0105ca otrzymuje \u015bwiadczenia na pokrycie pe\u0142nych koszt\u00f3w wyjazdu:<\/p>\n<ul class=\"rteindent2\">\n<li class=\"rtejustify\">diety;<\/li>\n<li class=\"rtejustify\">przejazd;<\/li>\n<li class=\"rtejustify\">rycza\u0142t na pokrycie koszt\u00f3w dojazdu;<\/li>\n<li class=\"rtejustify\">rycza\u0142ty na pokrycie koszt\u00f3w dojazd\u00f3w \u015brodkami komunikacji miejscowej;<\/li>\n<li class=\"rtejustify\">noclegi;<\/li>\n<li class=\"rtejustify\">ubezpieczenie;<\/li>\n<li class=\"rtejustify\">wiz\u0119;<\/li>\n<li class=\"rtejustify\">op\u0142at\u0119 konferencyjn\u0105;<\/li>\n<li class=\"rtejustify\">inne, np. bilety wst\u0119pu na targi, karnety do biblioteki, itp.;<\/li>\n<li class=\"rtejustify\">krajow\u0105 cz\u0119\u015b\u0107 podr\u00f3\u017cy.<\/li>\n<\/ul>\n<p class=\"rtejustify\">W przypadku wyjazdu studenta, doktoranta lub innej osoby niezwi\u0105zanej stosunkiem pracy z U\u015a nale\u017cy wype\u0142ni\u0107 umow\u0119 o zwrot koszt\u00f3w podr\u00f3\u017cy.<\/p>\n<p class=\"rtejustify\"><a href=\"http:\/\/dwz.us.edu.pl\/content\/dokumenty\"><strong>Wniosek W\/S<\/strong><\/a>\u00a0&#8211; skierowanie za granic\u0119. Wniosek W\/S jest przeznaczony dla os\u00f3b wyje\u017cd\u017caj\u0105cych w celu:<\/p>\n<ol>\n<li class=\"rtejustify\">prowadzenia bada\u0144 naukowych &#8211; je\u017celi uczestnicz\u0105 w realizacji bada\u0144 naukowych w kraju;<\/li>\n<li class=\"rtejustify\">podejmowania i prowadzenia dzia\u0142alno\u015bci dydaktycznej;<\/li>\n<li class=\"rtejustify\">szkoleniowym na:\n<ol style=\"list-style-type: lower-alpha;\">\n<li>odbycie cz\u0119\u015bci\u00a0studi\u00f3w lub cz\u0119\u015bci \u00a0studi\u00f3w doktoranckich;<\/li>\n<li>studia podyplomowe;<\/li>\n<li>studia doktoranckie &#8211; je\u017celi posiadaj\u0105 odpowiedni dorobek naukowy i co najmniej roczny sta\u017c pracy w\u00a0danej specjalno\u015bci;<\/li>\n<li>sta\u017ce naukowe, artystyczne lub specjalizacyjne;<\/li>\n<li>kursy j\u0119zykowe i inne kursy podnosz\u0105ce kwalifikacje zawodowe;<\/li>\n<li>praktyki zawodowe student\u00f3w i doktorant\u00f3w.<\/li>\n<\/ol>\n<\/li>\n<\/ol>\n<p>Osoba wyje\u017cd\u017caj\u0105ca mo\u017ce otrzyma\u0107 nast\u0119puj\u0105ce \u015bwiadczenia:<\/p>\n<ul class=\"rteindent2\">\n<li class=\"rtejustify\">stypendium na pokrycie koszt\u00f3w utrzymania i zakwaterowania do wysokosci 1 diety dziennie;<\/li>\n<li class=\"rtejustify\">rycza\u0142t (dotyczy wyjazd\u00f3w dydaktycznych);<\/li>\n<li class=\"rtejustify\">przejazd;<\/li>\n<li class=\"rtejustify\">ubezpieczenie;<\/li>\n<li class=\"rtejustify\">wiz\u0119;<\/li>\n<li class=\"rtejustify\">op\u0142at\u0119 szkoleniow\u0105;<\/li>\n<\/ul>\n<p class=\"rtejustify\">Pracownikowi kierowanemu za granic\u0119 musi zosta\u0107 udzielony przez dziekana\/kierownika jednostki organizacyjnej urlop szkoleniowy p\u0142atny jak za urlop wypoczynkowy (wyjazdy do 1 miesi\u0105ca).<\/p>\n<p class=\"rtejustify\">W przypadku wyjazd\u00f3w d\u0142u\u017cszych ni\u017c 1 miesi\u0105c urlopu udziela Rektor. Na czas pobytu powy\u017cej 1 miesi\u0105ca udzielany jest urlop bezp\u0142atny. W szczeg\u00f3lnie uzasadnionych przypadkach pracownik mo\u017ce otrzyma\u0107 urlop szkoleniowy p\u0142atny na okres d\u0142u\u017cszy ni\u017c 1 miesi\u0105c.<\/p>\n<p class=\"rtejustify\">Je\u017celi wyjazd pracownika nast\u0119puje w czasie trwania zaj\u0119\u0107 dydaktycznych, osoba ubiegaj\u0105ca si\u0119 o wyjazd za\u0142\u0105cza do Wniosku W\/S informacj\u0119 o sposobie organizacji zaj\u0119\u0107 w tym okresie, potwierdzona przez bezpo\u015bredniego prze\u0142o\u017conego.<\/p>\n<h2><\/h2>\n<h2 class=\"rtecenter\"><span style=\"color: #002e5a;\"><strong>Podstawy prawne wyjazd\u00f3w zagranicznych<\/strong><\/span><\/h2>\n<p class=\"rtejustify\"><strong>Polecenie wyjazdu s\u0142u\u017cbowego:<\/strong><\/p>\n<ul>\n<li class=\"rtejustify\">Rozporz\u0105dzenie Ministra Pracy i Polityki Spo\u0142ecznej z dnia 29 stycznia 2013 r. w sprawie nale\u017cno\u015bci przys\u0142uguj\u0105cych pracownikowi zatrudnionemu w pa\u0144stwowej lub samorz\u0105dowej jednostce sfery bud\u017cetowej z tytu\u0142u podr\u00f3\u017cy s\u0142u\u017cbowej;<\/li>\n<li class=\"rtejustify\">Zarz\u0105dzenie nr 30 Rektora U\u015a z dnia 20 kwietnia 2016 roku w sprawie wprowadzenia ,,Instrukcji w sprawie nale\u017cno\u015bci zwi\u0105zanych z podr\u00f3\u017cami s\u0142u\u017cbowymi pracownik\u00f3w, podr\u00f3\u017cami os\u00f3b nieb\u0119d\u0105cych pracownikami Uniwersytetu \u015al\u0105skiego i podr\u00f3\u017cami go\u015bci oraz zasad ich rozliczani&#8221;.<\/li>\n<\/ul>\n<p class=\"rtejustify\"><strong>Skierowanie za granic\u0119:<\/strong><\/p>\n<ul>\n<li class=\"rtejustify\">Uchwa\u0142a Senatu nr 112\/2008 z dnia 24 czerwca 2008 roku w sprawie warunk\u00f3w i trybu kierowania pracownik\u00f3w, doktorant\u00f3w i student\u00f3w Uniwersytetu \u015al\u0105skiego za granic\u0119 w celach naukowych, dydaktycznych<br \/>\ni szkoleniowych;<\/li>\n<li class=\"rtejustify\">Zarz\u0105dzenie Rektora nr 26 z \u00a020 lutego 2015 r. wprowadzaj\u0105ce Instrukcj\u0119 w sprawie zasad kierowania pracownik\u00f3w, doktorant\u00f3w<br \/>\ni student\u00f3w Uniwersytetu \u015al\u0105skiego za granic\u0119 w celach naukowych, dydaktycznych i szkoleniowych, z p\u00f3\u017an. zm;<\/li>\n<li class=\"rtejustify\">Zarz\u0105dzenie nr 32 Rektora U\u015a z dnia 21 kwietnia 2016 roku zmieniaj\u0105ce zarz\u0105dzenie w sprawie wprowadzania ,,Instrukcji w sprawie zasad kierowania pracownik\u00f3w, doktorant\u00f3w i student\u00f3w Uniwersytetu \u015al\u0105skiego za granic\u0119 w celach naukowych, dydaktycznych i szkoleniowych&#8221;.<\/li>\n<\/ul>\n<\/div>\n<p>\n<\/div>\r\n                    <\/div>\r\n                <\/div>[\/vc_column][\/vc_row]<\/p>","protected":false},"excerpt":{"rendered":"<p>[vc_row][vc_column][\/vc_column][\/vc_row] [&#8230;]<\/p>\n<p><a class=\"btn btn-secondary understrap-read-more-link\" href=\"https:\/\/us.edu.pl\/pracownik\/wyjazdy-zagraniczne\/\">Read More&#8230;<\/a><\/p>\n","protected":false},"author":1,"featured_media":0,"parent":0,"menu_order":401,"comment_status":"closed","ping_status":"closed","template":"","meta":{"_expiration-date-status":"","_expiration-date":0,"_expiration-date-type":"","_expiration-date-categories":[],"_expiration-date-options":[]},"acf":[],"_links":{"self":[{"href":"https:\/\/us.edu.pl\/pracownik\/wp-json\/wp\/v2\/pages\/196"}],"collection":[{"href":"https:\/\/us.edu.pl\/pracownik\/wp-json\/wp\/v2\/pages"}],"about":[{"href":"https:\/\/us.edu.pl\/pracownik\/wp-json\/wp\/v2\/types\/page"}],"author":[{"embeddable":true,"href":"https:\/\/us.edu.pl\/pracownik\/wp-json\/wp\/v2\/users\/1"}],"replies":[{"embeddable":true,"href":"https:\/\/us.edu.pl\/pracownik\/wp-json\/wp\/v2\/comments?post=196"}],"version-history":[{"count":3,"href":"https:\/\/us.edu.pl\/pracownik\/wp-json\/wp\/v2\/pages\/196\/revisions"}],"predecessor-version":[{"id":199,"href":"https:\/\/us.edu.pl\/pracownik\/wp-json\/wp\/v2\/pages\/196\/revisions\/199"}],"wp:attachment":[{"href":"https:\/\/us.edu.pl\/pracownik\/wp-json\/wp\/v2\/media?parent=196"}],"curies":[{"name":"wp","href":"https:\/\/api.w.org\/{rel}","templated":true}]}}