{"id":19608,"date":"2022-12-07T11:35:31","date_gmt":"2022-12-07T10:35:31","guid":{"rendered":"https:\/\/us.edu.pl\/pracownik\/?page_id=19608"},"modified":"2025-12-10T15:35:00","modified_gmt":"2025-12-10T14:35:00","slug":"wspolmyslenie-wspoldzialanie-smoda","status":"publish","type":"page","link":"https:\/\/us.edu.pl\/pracownik\/sprawy-dydaktyczne\/system-motywacyjny-w-dydaktyce-akademickiej-smoda\/wspolmyslenie-wspoldzialanie-smoda\/","title":{"rendered":"Wsp\u00f3\u0142my\u015blenie, wsp\u00f3\u0142dzia\u0142anie (SMoDA)"},"content":{"rendered":"<p>[vc_row][vc_column]\r\n                <div class=\"text-modules\">\r\n                    <div class=\"container\">\r\n                        <h3 class=\"page-title text__title\">Wsp\u00f3\u0142my\u015blenie, wsp\u00f3\u0142dzia\u0142anie (szybka \u015bcie\u017cka) \u2013 og\u0142oszenie o naborze w edycji 2025 (konkurs rozstrzygni\u0119ty)<\/h3>\r\n                        <div class=\"text-modules__content\"><p><span data-contrast=\"auto\"><img class=\"wp-image-40921 alignright\" src=\"https:\/\/us.edu.pl\/pracownik\/wp-content\/uploads\/sites\/2\/Editor\/sprawy-dydatktyczne\/jakosc-ksztalcenia\/SMoDA\/people-2557399_640-150x150.jpg\" alt=\"Osoby wsp\u00f3lnie pracuj\u0105ce nad projektem\" width=\"300\" height=\"200\" srcset=\"https:\/\/us.edu.pl\/pracownik\/wp-content\/uploads\/sites\/2\/Editor\/sprawy-dydatktyczne\/jakosc-ksztalcenia\/SMoDA\/people-2557399_640-575x384.jpg 575w, https:\/\/us.edu.pl\/pracownik\/wp-content\/uploads\/sites\/2\/Editor\/sprawy-dydatktyczne\/jakosc-ksztalcenia\/SMoDA\/people-2557399_640.jpg 640w\" sizes=\"(max-width: 300px) 100vw, 300px\" \/>Otwieramy nab\u00f3r wniosk\u00f3w do konkursu Wsp\u00f3\u0142my\u015blenie, wsp\u00f3\u0142dzia\u0142anie (szybka \u015bcie\u017cka), kt\u00f3ry adresowany jest do mentorek i mentor\u00f3w studenckich zespo\u0142\u00f3w projektowych realizuj\u0105cych oryginalne projekty w zakresie nauki, dydaktyki, aktywno\u015bci spo\u0142ecznych lub artystycznych.<\/span><span data-ccp-props=\"{}\">\u00a0<\/span><\/p>\n<p><span data-contrast=\"auto\">Zespo\u0142y projektowe rozpoczn\u0105 sw\u0105 dzia\u0142alno\u015b\u0107 3 listopada 2025, a zako\u0144cz\u0105 prezentacj\u0105 wynik\u00f3w prac projektowych 6-7 grudnia 2025 podczas dziewi\u0105tej edycji \u015al\u0105skiego Festiwalu Nauki.\u00a0<\/span><span data-ccp-props=\"{}\">\u00a0<\/span><\/p>\n<p><span data-contrast=\"auto\">Oceny nades\u0142anych wniosk\u00f3w dokona powo\u0142ana przez Rektora Komisja konkursowa, a decyzj\u0119 o przyznaniu nagrody podejmie Rektor lub upowa\u017cniony przez niego prorektor.<\/span><span data-ccp-props=\"{}\">\u00a0<\/span><\/p>\n<p><span data-contrast=\"auto\">Zg\u0142oszenia do konkursu nale\u017cy dokona\u0107 w terminie<\/span><b><span data-contrast=\"auto\"> od 2 do 15 pa\u017adziernika 2025<\/span><\/b><span data-contrast=\"auto\"> przesy\u0142aj\u0105c na adres <\/span><a href=\"mailto:smoda@us.edu.pl\"><span data-contrast=\"none\">smoda@us.edu.pl<\/span><\/a><span data-contrast=\"auto\">\u00a0 formularz zg\u0142oszeniowy (<\/span><a href=\"https:\/\/uniwersytetslaski.sharepoint.com\/:w:\/s\/BiuroJakociKsztacenia\/EaEW3VWXXFJEtt73DEVhA4YBX0seRJ7cD01WnHjetz3S_A?e=RRB9LK\"><span data-contrast=\"none\">Formularz zg\u0142oszeniowy do konkursu<\/span><\/a><span data-contrast=\"auto\">). Zg\u0142oszenia przes\u0142ane po up\u0142ywie wskazanego terminu pozostan\u0105 bez rozpatrzenia. Potwierdzenie otrzymania zg\u0142oszenia, jak r\u00f3wnie\u017c informacja o wynikach konkursu, zostan\u0105 przes\u0142ane na adres, z kt\u00f3rego otrzymano zg\u0142oszenie.<\/span><span data-ccp-props=\"{}\">\u00a0<\/span><\/p>\n<p><span data-contrast=\"auto\">Nagrodzonych zostanie 30 mentor\u00f3w i mentorek, a wynagrodzenie indywidualne dla mentora lub mentorki to 3 000 z\u0142 brutto.<\/span><span data-ccp-props=\"{}\">\u00a0<\/span><\/p>\n<p><strong>UWAGA!!<\/strong> Nab\u00f3r wniosk\u00f3w zostaje <strong>przed\u0142u\u017cony do dnia 20 pa\u017adziernika 2025 r.\u00a0<\/strong><\/p>\n<p><b><span data-contrast=\"auto\">Szczeg\u00f3\u0142y konkursu znajduj\u0105 si\u0119 w regulaminie: <\/span><\/b><a href=\"https:\/\/aktyprawne.us.edu.pl\/423-lista\/d\/8343\/5\/?reporef=%2F%3Fsearch-global%3D125%252f2025)\"><b><span data-contrast=\"none\">zarz\u0105dzenie 125\/2025<\/span><\/b><\/a><span data-ccp-props=\"{}\">\u00a0<\/span><\/p>\n<p><span data-contrast=\"auto\">W przypadku pyta\u0144 prosimy o kontakt: <\/span><a href=\"mailto:smoda@us.edu.pl\"><span data-contrast=\"none\">smoda@us.edu.pl<\/span><\/a><span data-contrast=\"auto\">\u00a0<\/span><span data-ccp-props=\"{}\">\u00a0<\/span><\/p>\n<p>&nbsp;<\/p>\n<p><span style=\"font-size: 14pt;\"><strong>Wyniki III edycji konkursu &#8222;Wsp\u00f3\u0142my\u015blenie, wsp\u00f3\u0142dzia\u0142anie (szybka \u015bcie\u017cka)&#8221;.<\/strong><\/span><\/p>\n<p>W dniu 3 listopada 2025 r. rozstrzygni\u0119ty zosta\u0142 konkurs \u201eWsp\u00f3\u0142my\u015blenie, wsp\u00f3\u0142dzia\u0142anie (szybka \u015bcie\u017cka)\u201d \u2013 edycja 2024\/2025.<\/p>\n<p>Na podstawie rekomendacji Komisji Konkursowej, Prorektor ds. studenckich i kszta\u0142cenia, dr Katarzyna Trynda, prof. U\u015a, podj\u0119\u0142a decyzj\u0119 o nagrodzeniu 29 mentorek i mentor\u00f3w studenckich zespo\u0142\u00f3w projektowych. Gratulujemy!<\/p>\n<p><a href=\"https:\/\/us.edu.pl\/pracownik\/wp-content\/uploads\/sites\/2\/Editor\/sprawy-dydatktyczne\/jakosc-ksztalcenia\/SMoDA\/Wyniki-III-edycji-WW.pdf\" class=\"mtli_attachment mtli_pdf\" data-mtli=\"mtli_filesize352,65kB\" class=\"mtli_attachment mtli_pdf\" data-mtli=\"mtli_filesize352,65kB\" target=\"_blank\" rel=\"noopener\">Wyniki III edycji konkursu<\/a><\/p>\n<style type=\"text\/css\">a[data-mtli~=\"mtli_filesize352,65kB\"]:after {content:\" (352,65 kB)\"}<\/style><\/div>\r\n                    <\/div>\r\n                <\/div>[\/vc_column][\/vc_row][vc_row][vc_column][vc_separator color=&#8221;black&#8221; style=&#8221;dashed&#8221; border_width=&#8221;3&#8243;]\r\n                <div class=\"text-modules\">\r\n                    <div class=\"container\">\r\n                        <h3 class=\"page-title text__title\">Archiwum:<\/h3>\r\n                        <div class=\"text-modules__content\"><\/div>\r\n                    <\/div>\r\n                <\/div>[\/vc_column][\/vc_row][vc_row][vc_column]\r\n                <div class=\"text-modules\">\r\n                    <div class=\"container\">\r\n                        \r\n                        <div class=\"text-modules__content\"><p><strong>\u015awi\u0119to dydaktyki Uniwersytetu \u015al\u0105skiego w Katowicach<\/strong><\/p>\n<p>Koniec roku to doskona\u0142y czas na podsumowania oraz \u015bwi\u0119towanie sukces\u00f3w. 17 grudnia 2024 roku w auli im. K. Lepszego w budynku Rektoratu Uniwersytetu \u015al\u0105skiego w Katowicach odby\u0142a si\u0119 uroczysta gala <strong>\u015awi\u0119to dydaktyki. <\/strong>Wydarzenie to by\u0142o okazj\u0105 do uhonorowania wybitnych osi\u0105gni\u0119\u0107 dydaktycznych naszych nauczycielek i nauczycieli akademickich oraz z\u0142o\u017cenia gratulacji laureatkom i laureatom konkurs\u00f3w zorganizowanych w ramach <strong>Systemu Motywacyjnego w Dydaktyce Akademickiej (SMoDA)<\/strong>: <strong>Wyr\u00f3\u017cnienia JM Rektora U\u015a <\/strong>oraz<strong> Wsp\u00f3\u0142my\u015blenie, wsp\u00f3\u0142dzia\u0142anie (szybka \u015bcie\u017cka).<\/strong><\/p>\n<p><strong>Wsp\u00f3\u0142my\u015blenie, wsp\u00f3\u0142dzia\u0142anie (szybka \u015bcie\u017cka)<\/strong><\/p>\n<p>Konkurs skierowany by\u0142 do mentorek i mentor\u00f3w zespo\u0142\u00f3w studenckich realizuj\u0105cych projekty naukowe, dydaktyczne, spo\u0142eczne i artystyczne. Na podstawie zg\u0142osze\u0144 Komisja konkursowa wy\u0142oni\u0142a 30 zespo\u0142\u00f3w, kt\u00f3re mia\u0142y szans\u0119 zrealizowa\u0107 swoje pomys\u0142y. Efekty ich pracy zosta\u0142y zaprezentowane podczas <strong>\u015al\u0105skiego Festiwalu Nauki<\/strong>.<\/p>\n<p><a href=\"https:\/\/us.edu.pl\/pracownik\/wp-content\/uploads\/sites\/2\/pracownik\/Lista-laureatek-i-laureatow-konkursu-Wspolmyslenie-wspoldzialanie.pdf\" class=\"mtli_attachment mtli_pdf\" data-mtli=\"mtli_filesize264,61kB\" class=\"mtli_attachment mtli_pdf\" data-mtli=\"mtli_filesize264,61kB\" target=\"_blank\" rel=\"noopener\"><em><u>Lista laureatek i laureat\u00f3w<\/u> <\/em><\/a>oraz<a href=\"https:\/\/us.edu.pl\/pracownik\/wp-content\/uploads\/sites\/2\/pracownik\/Regulamin-\u201eWspolmyslenie-Wspoldzialanie-szybka-sciezka.pdf\" class=\"mtli_attachment mtli_pdf\" data-mtli=\"mtli_filesize97,92kB\" class=\"mtli_attachment mtli_pdf\" data-mtli=\"mtli_filesize97,92kB\" target=\"_blank\" rel=\"noopener\"><em> <u>Szczeg\u00f3\u0142y konkursu<\/u><\/em><\/a><\/p>\n<p>Lista laureatek i laureat\u00f3w konkursu<strong> Wyr\u00f3\u017cnienia JM Rektora U\u015a <\/strong>dost\u0119pna jest na stronie: <a href=\"https:\/\/us.edu.pl\/pracownik\/sprawy-dydaktyczne\/system-motywacyjny-w-dydaktyce-akademickiej-smoda\/listy-gratulacyjne-smoda\/\">https:\/\/us.edu.pl\/pracownik\/sprawy-dydaktyczne\/system-motywacyjny-w-dydaktyce-akademickiej-smoda\/listy-gratulacyjne-smoda\/<\/a><\/p>\n<p><strong>Gala i wyk\u0142ad &#8222;Trendy 2025 w edukacji akademickiej&#8221;<\/strong><\/p>\n<p>Podczas uroczysto\u015bci wyr\u00f3\u017cnienia laureatkom i laureatom wr\u0119czyli: Jego Magnificencja Rektor Uniwersytetu \u015al\u0105skiego w Katowicach prof. dr hab. Ryszard Kozio\u0142ek oraz przewodnicz\u0105ce kapitu\u0142 konkursowych: Prorektor ds. Studenckich i Kszta\u0142cenia dr Katarzyna Trynda, prof. U\u015a oraz Pe\u0142nomocnik Rektora ds. Jako\u015bci kszta\u0142cenia i Akredytacji dr Marzena B\u0119dkowska-Ob\u0142\u0105k.<\/p>\n<p>Gal\u0119 u\u015bwietni\u0142 wyk\u0142ad pt. \u201eTrendy 2025 w edukacji akademickiej&#8221;, kt\u00f3ry wyg\u0142osi\u0142y dr Marcela Gruszczyk i dr Joanna Mercik.<\/p>\n<p><strong>Podzi\u0119kowania i gratulacje<\/strong><\/p>\n<p>Serdecznie gratulujemy wszystkim nagrodzonym i dzi\u0119kujemy za ich wk\u0142ad w podnoszenie jako\u015bci kszta\u0142cenia na Uniwersytecie \u015al\u0105skim w Katowicach. Ich zaanga\u017cowanie to fundament, na kt\u00f3rym budujemy przysz\u0142o\u015b\u0107 dydaktyki akademickiej.<\/p>\n<p>***<\/p>\n<p>Oba konkursy zosta\u0142y sfinansowane ze \u015brodk\u00f3w Ministra Nauki w ramach wydarzenia <strong>Europejskie Miasto Nauki Katowice 2024<\/strong> (EMNK2024), z \u0142\u0105cznym bud\u017cetem wynosz\u0105cym 300 000 z\u0142.<\/p>\n<style type=\"text\/css\">a[data-mtli~=\"mtli_filesize264,61kB\"]:after {content:\" (264,61 kB)\"}a[data-mtli~=\"mtli_filesize97,92kB\"]:after {content:\" (97,92 kB)\"}<\/style><\/div>\r\n                    <\/div>\r\n                <\/div>            \r\n                    <div class=\"container\">\r\n                        <div class=\"gallery gallery_3\" data-images-in-row=\"3\">\r\n                            \r\n                            <div class=\"row m-0\">\r\n                                <a data-fancybox-group=\"button\" title=\"\" data-fancybox=\"1718\" href=\"https:\/\/us.edu.pl\/pracownik\/wp-content\/uploads\/sites\/2\/Bez-kategorii\/smoda-1.jpg\" class=\"gallery__item thumbnail\"\r\n                                    style=\"background-image: url(https:\/\/us.edu.pl\/pracownik\/wp-content\/uploads\/sites\/2\/Bez-kategorii\/smoda-1-1024x576.jpg)\"> <span class=\"d-none\">https:\/\/us.edu.pl\/pracownik\/wp-content\/uploads\/sites\/2\/Bez-kategorii\/smoda-1.jpg<\/span> <\/a><a data-fancybox-group=\"button\" title=\"\" data-fancybox=\"1718\" href=\"https:\/\/us.edu.pl\/pracownik\/wp-content\/uploads\/sites\/2\/Bez-kategorii\/smoda-2.jpg\" class=\"gallery__item thumbnail\"\r\n                                    style=\"background-image: url(https:\/\/us.edu.pl\/pracownik\/wp-content\/uploads\/sites\/2\/Bez-kategorii\/smoda-2-1024x683.jpg)\"> <span class=\"d-none\">https:\/\/us.edu.pl\/pracownik\/wp-content\/uploads\/sites\/2\/Bez-kategorii\/smoda-2.jpg<\/span> <\/a><a data-fancybox-group=\"button\" title=\"\" data-fancybox=\"1718\" href=\"https:\/\/us.edu.pl\/pracownik\/wp-content\/uploads\/sites\/2\/Bez-kategorii\/smoda-3.jpg\" class=\"gallery__item thumbnail\"\r\n                                    style=\"background-image: url(https:\/\/us.edu.pl\/pracownik\/wp-content\/uploads\/sites\/2\/Bez-kategorii\/smoda-3-1024x683.jpg)\"> <span class=\"d-none\">https:\/\/us.edu.pl\/pracownik\/wp-content\/uploads\/sites\/2\/Bez-kategorii\/smoda-3.jpg<\/span> <\/a>\r\n                            <\/div>\r\n                    <\/div>\r\n                <\/div>[vc_separator border_width=&#8221;3&#8243;]\r\n                <div class=\"text-modules\">\r\n                    <div class=\"container\">\r\n                        \r\n                        <div class=\"text-modules__content\"><p><strong>Wsp\u00f3\u0142my\u015blenie, wsp\u00f3\u0142dzia\u0142anie &#8211; og\u0142oszenie o naborze w edycji 2024 (konkurs rozstrzygni\u0119ty)<\/strong><\/p>\n<p><img class=\"size-medium wp-image-19633 alignleft\" src=\"https:\/\/us.edu.pl\/pracownik\/wp-content\/uploads\/sites\/2\/Editor\/sprawy-dydatktyczne\/jakosc-ksztalcenia\/SMoDA\/zespol-projektowy-300x225.jpg\" alt=\"zesp\u00f3\u0142 projektowy pracuj\u0105cy przed laptotem\" width=\"300\" height=\"225\" srcset=\"https:\/\/us.edu.pl\/pracownik\/wp-content\/uploads\/sites\/2\/Editor\/sprawy-dydatktyczne\/jakosc-ksztalcenia\/SMoDA\/zespol-projektowy-300x225.jpg 300w, https:\/\/us.edu.pl\/pracownik\/wp-content\/uploads\/sites\/2\/Editor\/sprawy-dydatktyczne\/jakosc-ksztalcenia\/SMoDA\/zespol-projektowy-575x431.jpg 575w, https:\/\/us.edu.pl\/pracownik\/wp-content\/uploads\/sites\/2\/Editor\/sprawy-dydatktyczne\/jakosc-ksztalcenia\/SMoDA\/zespol-projektowy.jpg 640w\" sizes=\"(max-width: 300px) 100vw, 300px\" \/><\/p>\n<p>Uwaga! Og\u0142aszamy nowy konkurs \u201eWsp\u00f3\u0142my\u015blenie, wsp\u00f3\u0142dzia\u0142anie (szybka \u015bcie\u017cka)\u201d organizowany w ramach systemu motywacyjnego w dydaktyce akademickiej (SMODA) Uniwersytetu \u015al\u0105skiego w Katowicach dla mentor\u00f3w\/mentorek zespo\u0142\u00f3w studenckich realizuj\u0105cych projekty naukowe, dydaktyczne, spo\u0142eczne oraz artystyczne, finansowany z subwencji Ministra Nauki na realizacj\u0119 wydarzenia Europejskie Miasto Nauki Katowice 2024 (EMNK2024).<\/p>\n<p>20 zespo\u0142\u00f3w studenckich przy wsp\u00f3\u0142pracy z mentork\u0105\/mentorem ma szans\u0119 realizowa\u0107 projekty, kt\u00f3re ostatecznie zostan\u0105 zaprezentowane 9 grudnia w ramach \u015al\u0105skiego Festiwalu Nauki. Zg\u0142oszenia do konkursu przyjmowane s\u0105 <strong>do 25 pa\u017adziernika <\/strong>pod adresem smoda@us.edu.pl.<\/p>\n<p>Szczeg\u00f3\u0142y konkursu oraz formularz zg\u0142oszeniowy znajduj\u0105 si\u0119 w regulaminie: <a href=\"https:\/\/aktyprawne.us.edu.pl\/d\/7634\/5\/?tc=17\" target=\"_blank\" rel=\"noopener\">Zarz\u0105dzenie Rektora nr 155\/2024<\/a><\/p>\n<\/div>\r\n                    <\/div>\r\n                <\/div>\r\n                <div class=\"text-modules\">\r\n                    <div class=\"container\">\r\n                        \r\n                        <div class=\"text-modules__content\"><p><span style=\"font-size: 14pt;\"><strong>Wsp\u00f3\u0142my\u015blenie, Wsp\u00f3\u0142dzia\u0142anie (edycja 2022\/2023)<\/strong><\/span><\/p>\n<p>W ramach obszaru \u201eZawsze dla studenta\u201d zosta\u0142 przeprowadzony konkurs pn.<em><strong>\u00a0\u201eWsp\u00f3\u0142my\u015blenie, wsp\u00f3\u0142dzia\u0142anie\u201d dla mentorek\/mentor\u00f3w zespo\u0142\u00f3w studenckich realizuj\u0105cych projekty naukowe, dydaktyczne, spo\u0142eczne oraz artystyczne.<\/strong><\/em>\u00a0Zgodnie z za\u0142o\u017ceniami konkursu 20 zespo\u0142\u00f3w studenckich przy wsp\u00f3\u0142pracy z mentork\u0105\/mentorem ma szans\u0119 realizowa\u0107 na przestrzeni roku akademickiego 2022\/2023 projekty podnosz\u0105ce poziom zaanga\u017cowania os\u00f3b studiuj\u0105cych w \u017cycie naukowe, daj\u0105ce mo\u017cliwo\u015b\u0107 rozwoju oraz poszerzania kompetencji spo\u0142ecznych, a tak\u017ce b\u0119d\u0105ce szans\u0105 na prezentacj\u0119 prowadzonych przez nich bada\u0144. Projekty te ponadto maj\u0105 pozwoli\u0107 na budowanie relacji z szeroko rozumianym otoczeniem spo\u0142eczno-gospodarczym.<\/p>\n<p>Szczeg\u00f3\u0142y konkursu znajduj\u0105 si\u0119 w regulaminie:\u00a0<a href=\"https:\/\/aktyprawne.us.edu.pl\/d\/5762\/5\/?tc=17\" target=\"_blank\" rel=\"noopener\">Zarz\u0105dzenie Rektora nr 82\/2022 (us.edu.pl)<\/a><\/p>\n<p><strong>Wyniki konkursu<\/strong><br \/>\nWyboru mentorek\/mentor\u00f3w 27 nagrodzonych zespo\u0142\u00f3w projektowych w ramach konkursu pn. \u201eWSP\u00d3\u0141MY\u015aLENIE, WSP\u00d3\u0141DZIA\u0141ANIE\u201d dokona\u0142a komisja w sk\u0142adzie:<\/p>\n<p>1) prof. dr hab. Ewa Jarosz (WNS);<br \/>\n2) dr Katarzyna Trynda, prof. U\u015a (WN\u015aiT);<br \/>\n3) dr Katarzyna Sujkowska-Sobisz, prof. U\u015a (WH);<br \/>\n4) dr hab. Bogus\u0142aw Dziadzia, prof. U\u015a (WSiNE);<br \/>\n5) dr hab. Maciej Fic, prof. U\u015a (WH);<br \/>\n6) dr hab. Anna Ka\u0142u\u017ca, prof. U\u015a (WH);<br \/>\n7) dr hab. Martyna Rz\u0119ta\u0142a, prof. U\u015a (WNP);<br \/>\n8) dr Monika Gw\u00f3\u017ad\u017a (WT);<br \/>\n9) dr Agnieszka Kulawik (WN\u015aiT);<br \/>\n10) dr Maciej Janowski (WNS);<br \/>\n11) dr Magdalena P\u00f3\u0142torak (WPiA);<br \/>\n12) dr Adrian Robak, prof. U\u015a (SF)<\/p>\n<p>Wyniki I edycji Konkursu \u201eWSP\u00d3\u0141MY\u015aLENIE, WSP\u00d3\u0141DZIA\u0141ANIE\u201d<br \/>\norganizowanego w ramach Systemu Motywacyjnego w Dydaktyce Akademickiej (SMoDA) Uniwersytetu \u015al\u0105skiego w Katowicach dla mentor\u00f3w\/mentorek zespo\u0142\u00f3w studenckich realizuj\u0105cych projekty naukowe, dydaktyczne, spo\u0142eczne oraz artystyczne<\/p>\n<ul>\n<li><a class=\"mtli_attachment mtli_pdf mtli_attachment mtli_pdf mtli_attachment mtli_pdf\" href=\"https:\/\/us.edu.pl\/pracownik\/wp-content\/uploads\/sites\/2\/Editor\/sprawy-dydatktyczne\/jakosc-ksztalcenia\/SMoDA\/Wyniki-konkursu-WW.pdf\" data-mtli=\"mtli_filesize190,54kB\" data-mtli=\"mtli_filesize190,54kB\" target=\"_blank\" rel=\"noopener\" data-mtli=\"mtli_filesize190,54kB\">\u00a0Wyniki I edycji Konkursu \u201eWSP\u00d3\u0141MY\u015aLENIE, WSP\u00d3\u0141DZIA\u0141ANIE\u201d<\/a><\/li>\n<\/ul>\n<p>\n<style type=\"text\/css\">a[data-mtli~=\"mtli_filesize190,54kB\"]:after {content:\" (190,54 kB)\"}<\/style><\/div>\r\n                    <\/div>\r\n                <\/div>[\/vc_column][\/vc_row][vc_row][vc_column][\/vc_column][\/vc_row]<\/p>\n<style type=\"text\/css\">a[data-mtli~=\"mtli_filesize352,65kB\"]:after {content:\" (352,65 kB)\"}a[data-mtli~=\"mtli_filesize264,61kB\"]:after {content:\" (264,61 kB)\"}a[data-mtli~=\"mtli_filesize97,92kB\"]:after {content:\" (97,92 kB)\"}a[data-mtli~=\"mtli_filesize190,54kB\"]:after {content:\" (190,54 kB)\"}<\/style>","protected":false},"excerpt":{"rendered":"<p>[vc_row][vc_column][\/vc_column][\/vc_row][vc_row][vc_column][vc_separator color=&#8221;black&#8221; style=&#8221;dashed&#8221; border_width=&#8221;3&#8243;][\/vc_column][\/vc_row][vc_row][vc_column][vc_separator border_width=&#8221;3&#8243;][\/vc_column][\/vc_row][vc_row][vc_column][\/vc_column][\/vc_row] [&#8230;]<\/p>\n<p><a class=\"btn btn-secondary understrap-read-more-link\" href=\"https:\/\/us.edu.pl\/pracownik\/sprawy-dydaktyczne\/system-motywacyjny-w-dydaktyce-akademickiej-smoda\/wspolmyslenie-wspoldzialanie-smoda\/\">Read More&#8230;<\/a><\/p>\n","protected":false},"author":41,"featured_media":0,"parent":17754,"menu_order":42,"comment_status":"closed","ping_status":"closed","template":"page-templates\/inner-page.php","meta":{"_expiration-date-status":"","_expiration-date":0,"_expiration-date-type":"","_expiration-date-categories":[],"_expiration-date-options":[]},"acf":[],"_links":{"self":[{"href":"https:\/\/us.edu.pl\/pracownik\/wp-json\/wp\/v2\/pages\/19608"}],"collection":[{"href":"https:\/\/us.edu.pl\/pracownik\/wp-json\/wp\/v2\/pages"}],"about":[{"href":"https:\/\/us.edu.pl\/pracownik\/wp-json\/wp\/v2\/types\/page"}],"author":[{"embeddable":true,"href":"https:\/\/us.edu.pl\/pracownik\/wp-json\/wp\/v2\/users\/41"}],"replies":[{"embeddable":true,"href":"https:\/\/us.edu.pl\/pracownik\/wp-json\/wp\/v2\/comments?post=19608"}],"version-history":[{"count":10,"href":"https:\/\/us.edu.pl\/pracownik\/wp-json\/wp\/v2\/pages\/19608\/revisions"}],"predecessor-version":[{"id":41946,"href":"https:\/\/us.edu.pl\/pracownik\/wp-json\/wp\/v2\/pages\/19608\/revisions\/41946"}],"up":[{"embeddable":true,"href":"https:\/\/us.edu.pl\/pracownik\/wp-json\/wp\/v2\/pages\/17754"}],"wp:attachment":[{"href":"https:\/\/us.edu.pl\/pracownik\/wp-json\/wp\/v2\/media?parent=19608"}],"curies":[{"name":"wp","href":"https:\/\/api.w.org\/{rel}","templated":true}]}}