{"id":19670,"date":"2022-12-12T10:20:11","date_gmt":"2022-12-12T09:20:11","guid":{"rendered":"https:\/\/us.edu.pl\/pracownik\/?page_id=19670"},"modified":"2022-12-15T08:14:16","modified_gmt":"2022-12-15T07:14:16","slug":"posiedzenie-komisji-15-12-2022","status":"publish","type":"page","link":"https:\/\/us.edu.pl\/pracownik\/sprawy-dydaktyczne\/senacka-komisja-ds-ksztalcenia\/senacka-komisja-ds-ksztalcenia-sklad-komisji\/kadencja-2020-2024\/posiedzenie-komisji-15-12-2022\/","title":{"rendered":"Posiedzenie komisji &#8211; 15.12.2022"},"content":{"rendered":"<p>[vc_row][vc_column]\r\n                <div class=\"text-modules\">\r\n                    <div class=\"container\">\r\n                        <h3 class=\"page-title text__title\">Posiedzenie Komisji ds. kszta\u0142cenia i student\u00f3w - 15 grudnia 2022 r.<\/h3>\r\n                        <div class=\"text-modules__content\"><\/p>\n<p style=\"font-weight: 400;\">Posiedzenie Komisji ds. kszta\u0142cenia i student\u00f3w, kt\u00f3re odb\u0119dzie si\u0119 <strong>w czwartek 15 grudnia 2022 r. o godz. 13.00<\/strong>.<\/p>\n<p style=\"font-weight: 400;\">Spotkanie odb\u0119dzie si\u0119 na platformie MS Teams:<\/p>\n<p style=\"font-weight: 400;\"><a href=\"https:\/\/teams.microsoft.com\/l\/meetup-join\/19%3ameeting_YzA1YTMwMTEtN2M1Yi00YzYyLTkxYTYtYzI3MjVkZGQ0NTdl%40thread.v2\/0?context=%7b%22Tid%22%3a%2250c76291-0c80-4444-a2fb-4f8ab168c311%22%2c%22Oid%22%3a%22c35600bf-4814-4e5c-92bf-0f4cc57bae49%22%7d\">https:\/\/teams.microsoft.com\/l\/meetup-join\/19%3ameeting_YzA1YTMwMTEtN2M1Yi00YzYyLTkxYTYtYzI3MjVkZGQ0NTdl%40thread.v2\/0?context=%7b%22Tid%22%3a%2250c76291-0c80-4444-a2fb-4f8ab168c311%22%2c%22Oid%22%3a%22c35600bf-4814-4e5c-92bf-0f4cc57bae49%22%7d<\/a><\/p>\n<p style=\"font-weight: 400;\">Planowany porz\u0105dek posiedzenia:<\/p>\n<ol>\n<li style=\"font-weight: 400;\">Komunikaty Prorektor ds. kszta\u0142cenia i student\u00f3w.<\/li>\n<li style=\"font-weight: 400;\">Rekrutacja Cudzoziemc\u00f3w w Uniwersytecie \u015al\u0105skim.<\/li>\n<li style=\"font-weight: 400;\">Opinia do wniosk\u00f3w inicjuj\u0105cych utworzenie nowego kierunku studi\u00f3w na Wydziale Humanistycznym:\n<ol>\n<li style=\"font-weight: 400;\"><a href=\"https:\/\/us.edu.pl\/pracownik\/wp-content\/uploads\/sites\/2\/Editor\/sprawy-dydatktyczne\/Komisja-ksztalcenia\/Kadencja-2020-2024\/20222023\/15-grudzien\/Lingwistyka-stosowana.docx\" class=\"mtli_attachment mtli_docx\" data-mtli=\"mtli_filesize33,32kB\" class=\"mtli_attachment mtli_docx\" data-mtli=\"mtli_filesize33,32kB\"><strong><em>lingwistyka stosowana<\/em><\/strong><\/a>, studia stacjonarne I stopnia,<\/li>\n<li style=\"font-weight: 400;\"><strong><em><a href=\"https:\/\/us.edu.pl\/pracownik\/wp-content\/uploads\/sites\/2\/Editor\/sprawy-dydatktyczne\/Komisja-ksztalcenia\/Kadencja-2020-2024\/20222023\/15-grudzien\/Filologia-francuska.docx\" class=\"mtli_attachment mtli_docx\" data-mtli=\"mtli_filesize31,90kB\" class=\"mtli_attachment mtli_docx\" data-mtli=\"mtli_filesize31,90kB\">filologia francuska<\/a> z rozszerzonym programem j\u0119zyka angielskiego lub wybranego j\u0119zyka roma\u0144skiego<\/em><\/strong>, studia stacjonarne I stopnia,<\/li>\n<li style=\"font-weight: 400;\"><strong><em><a href=\"https:\/\/us.edu.pl\/pracownik\/wp-content\/uploads\/sites\/2\/Editor\/sprawy-dydatktyczne\/Komisja-ksztalcenia\/Kadencja-2020-2024\/20222023\/15-grudzien\/Filologia-wloska.docx\" class=\"mtli_attachment mtli_docx\" data-mtli=\"mtli_filesize31,95kB\" class=\"mtli_attachment mtli_docx\" data-mtli=\"mtli_filesize31,95kB\">filologia w\u0142oska<\/a> z rozszerzonym programem j\u0119zyka angielskiego lub wybranego j\u0119zyka roma\u0144skiego<\/em><\/strong>, studia stacjonarne I stopnia,<\/li>\n<li style=\"font-weight: 400;\"><strong><em><a href=\"https:\/\/us.edu.pl\/pracownik\/wp-content\/uploads\/sites\/2\/Editor\/sprawy-dydatktyczne\/Komisja-ksztalcenia\/Kadencja-2020-2024\/20222023\/15-grudzien\/filologia-hiszpanska.docx\" class=\"mtli_attachment mtli_docx\" data-mtli=\"mtli_filesize32,05kB\" class=\"mtli_attachment mtli_docx\" data-mtli=\"mtli_filesize32,05kB\">filologia hiszpa\u0144ska<\/a> z rozszerzonym programem j\u0119zyka angielskiego lub wybranego j\u0119zyka roma\u0144skiego<\/em><\/strong>, studia stacjonarne I stopnia.<\/li>\n<\/ol>\n<\/li>\n<li style=\"font-weight: 400;\">Przyj\u0119cie uchwa\u0142y <a href=\"https:\/\/us.edu.pl\/pracownik\/wp-content\/uploads\/sites\/2\/Editor\/sprawy-dydatktyczne\/Komisja-ksztalcenia\/Kadencja-2020-2024\/20222023\/15-grudzien\/2022.12.13-wzor-WSZJK-z-zalacznikami-projekt-modyfikacji.docx\" class=\"mtli_attachment mtli_docx\" data-mtli=\"mtli_filesize274,76kB\" class=\"mtli_attachment mtli_docx\" data-mtli=\"mtli_filesize274,76kB\">w sprawie procedur Systemu Zapewniania Jako\u015bci Kszta\u0142cenia dla kierunk\u00f3w studi\u00f3w.<\/a><\/li>\n<li style=\"font-weight: 400;\">Kolejne etapy wdra\u017cania nowej koncepcji studi\u00f3w.<\/li>\n<li style=\"font-weight: 400;\">Wolne wnioski.<\/li>\n<\/ol>\n<p>\n<style type=\"text\/css\">a[data-mtli~=\"mtli_filesize33,32kB\"]:after {content:\" (33,32 kB)\"}a[data-mtli~=\"mtli_filesize31,90kB\"]:after {content:\" (31,90 kB)\"}a[data-mtli~=\"mtli_filesize31,95kB\"]:after {content:\" (31,95 kB)\"}a[data-mtli~=\"mtli_filesize32,05kB\"]:after {content:\" (32,05 kB)\"}a[data-mtli~=\"mtli_filesize274,76kB\"]:after {content:\" (274,76 kB)\"}<\/style><\/div>\r\n                    <\/div>\r\n                <\/div>[\/vc_column][\/vc_row]<\/p>\n<style type=\"text\/css\">a[data-mtli~=\"mtli_filesize33,32kB\"]:after {content:\" (33,32 kB)\"}a[data-mtli~=\"mtli_filesize31,90kB\"]:after {content:\" (31,90 kB)\"}a[data-mtli~=\"mtli_filesize31,95kB\"]:after {content:\" (31,95 kB)\"}a[data-mtli~=\"mtli_filesize32,05kB\"]:after {content:\" (32,05 kB)\"}a[data-mtli~=\"mtli_filesize274,76kB\"]:after {content:\" (274,76 kB)\"}<\/style>","protected":false},"excerpt":{"rendered":"<p>[vc_row][vc_column][\/vc_column][\/vc_row] [&#8230;]<\/p>\n<p><a class=\"btn btn-secondary understrap-read-more-link\" href=\"https:\/\/us.edu.pl\/pracownik\/sprawy-dydaktyczne\/senacka-komisja-ds-ksztalcenia\/senacka-komisja-ds-ksztalcenia-sklad-komisji\/kadencja-2020-2024\/posiedzenie-komisji-15-12-2022\/\">Read More&#8230;<\/a><\/p>\n","protected":false},"author":31,"featured_media":0,"parent":5151,"menu_order":41,"comment_status":"closed","ping_status":"closed","template":"page-templates\/inner-page.php","meta":{"_expiration-date-status":"saved","_expiration-date":0,"_expiration-date-type":"","_expiration-date-categories":[],"_expiration-date-options":[]},"acf":[],"_links":{"self":[{"href":"https:\/\/us.edu.pl\/pracownik\/wp-json\/wp\/v2\/pages\/19670"}],"collection":[{"href":"https:\/\/us.edu.pl\/pracownik\/wp-json\/wp\/v2\/pages"}],"about":[{"href":"https:\/\/us.edu.pl\/pracownik\/wp-json\/wp\/v2\/types\/page"}],"author":[{"embeddable":true,"href":"https:\/\/us.edu.pl\/pracownik\/wp-json\/wp\/v2\/users\/31"}],"replies":[{"embeddable":true,"href":"https:\/\/us.edu.pl\/pracownik\/wp-json\/wp\/v2\/comments?post=19670"}],"version-history":[{"count":8,"href":"https:\/\/us.edu.pl\/pracownik\/wp-json\/wp\/v2\/pages\/19670\/revisions"}],"predecessor-version":[{"id":19696,"href":"https:\/\/us.edu.pl\/pracownik\/wp-json\/wp\/v2\/pages\/19670\/revisions\/19696"}],"up":[{"embeddable":true,"href":"https:\/\/us.edu.pl\/pracownik\/wp-json\/wp\/v2\/pages\/5151"}],"wp:attachment":[{"href":"https:\/\/us.edu.pl\/pracownik\/wp-json\/wp\/v2\/media?parent=19670"}],"curies":[{"name":"wp","href":"https:\/\/api.w.org\/{rel}","templated":true}]}}