{"id":19952,"date":"2023-01-18T11:01:32","date_gmt":"2023-01-18T10:01:32","guid":{"rendered":"https:\/\/us.edu.pl\/pracownik\/?page_id=19952"},"modified":"2023-01-20T14:09:04","modified_gmt":"2023-01-20T13:09:04","slug":"uzycie-prywatnego-pojazdu-do-celow-sluzbowych","status":"publish","type":"page","link":"https:\/\/us.edu.pl\/pracownik\/procedury-i-obieg-dokumentow\/sprawy-finansowe-i-ksiegowe\/sprawy-finansowe\/krajowe-podroze-sluzbowe\/uzycie-prywatnego-pojazdu-do-celow-sluzbowych\/","title":{"rendered":"U\u017cycie prywatnego pojazdu do cel\u00f3w s\u0142u\u017cbowych"},"content":{"rendered":"<p>[vc_row][vc_column][\/vc_column][\/vc_row][vc_row][vc_column]\r\n                <div class=\"text-modules\">\r\n                    <div class=\"container\">\r\n                        <h3 class=\"page-title text__title\">Stawki za 1 km przebiegu prywatnego pojazdu do cel\u00f3w s\u0142u\u017cbowych<\/h3>\r\n                        <div class=\"text-modules__content\"><p><strong>Stawka do 16 stycznia 2023 r.<\/strong><\/p>\n<p>Rodzaj pojazdu:<\/p>\n<ul>\n<li>samoch\u00f3d osobowy o pojemno\u015bci skokowej silnika do 900 cm sze\u015bc. (0,5214 z\u0142)<\/li>\n<li>samoch\u00f3d osobowy o pojemno\u015bci skokowej silnika powy\u017cej 900 cm sze\u015bc. (0,8358 z\u0142)<\/li>\n<li>motocykl (0,2302 z\u0142)<\/li>\n<li>motorower (0,1382 z\u0142)<\/li>\n<\/ul>\n<p><strong>Stawka od 17 stycznia 2023 r.<\/strong><\/p>\n<p>Rodzaj pojazdu:<\/p>\n<ul>\n<li>samoch\u00f3d osobowy o pojemno\u015bci skokowej silnika do 900 cm sze\u015bc. (0,89 z\u0142)<\/li>\n<li>samoch\u00f3d osobowy o pojemno\u015bci skokowej silnika powy\u017cej 900 cm sze\u015bc. (1,15 z\u0142)<\/li>\n<li>motocykl (0,69 z\u0142)<\/li>\n<li>motorower (0,42 z\u0142)<\/li>\n<\/ul>\n<p>&nbsp;<\/p>\n<p><strong>W przypadku podr\u00f3\u017cy s\u0142u\u017cbowej, rozpocz\u0119tej i niezako\u0144czonej przed dniem 17 stycznia 2023 r., nale\u017cno\u015bci z tytu\u0142u u\u017cywania do cel\u00f3w s\u0142u\u017cbowych samochodu osobowego obliczamy nast\u0119puj\u0105co: <\/strong><br \/>\n1. za czas podr\u00f3\u017cy przypadaj\u0105cy przed dniem 17 stycznia 2023 r. \u2013 na podstawie dotychczasowych przepis\u00f3w<br \/>\n2. za czas podr\u00f3\u017cy przypadaj\u0105cy od dnia 17 stycznia 2023 r. \u2013 na podstawie nowych przepis\u00f3w.<\/p>\n<p><span style=\"font-size: 14pt;\"><strong>Podstawa prawna<\/strong><\/span><\/p>\n<p><strong>\u00a71<\/strong> &#8211; 3 rozporz\u0105dzenia Ministra Infrastruktury z 22 grudnia 2022 r. zmieniaj\u0105ce rozporz\u0105dzenie w sprawie warunk\u00f3w ustalania oraz sposobu dokonywania zwrotu koszt\u00f3w u\u017cywania do cel\u00f3w s\u0142u\u017cbowych samochod\u00f3w osobowych, motocykli i motorower\u00f3w nieb\u0119d\u0105cych w\u0142asno\u015bci\u0105 pracodawcy &#8211; Dz.U. z 2023 r. poz. 5<\/p>\n<p><strong>\u00a72<\/strong> rozporz\u0105dzenia Ministra Infrastruktury z 25 marca 2002 r. w sprawie warunk\u00f3w ustalania oraz sposobu dokonywania zwrotu koszt\u00f3w u\u017cywania do cel\u00f3w s\u0142u\u017cbowych samochod\u00f3w osobowych, motocykli i motorower\u00f3w nieb\u0119d\u0105cych w\u0142asno\u015bci\u0105 pracodawcy &#8211; Dz.U. Nr 27 poz. 271; ost. zm. Dz.U. z 2023 r. poz. 5\u201d<\/p>\n<p>&nbsp;<\/p>\n<p><a href=\"https:\/\/ab.us.edu.pl\/unit?id=606802\" target=\"_blank\" rel=\"noopener\">Dzia\u0142 Finansowy\u00a0<\/a><\/p>\n<p>tel. 032\u00a0359 1951<\/p>\n<\/div>\r\n                    <\/div>\r\n                <\/div>[\/vc_column][\/vc_row]<\/p>","protected":false},"excerpt":{"rendered":"<p>[vc_row][vc_column][\/vc_column][\/vc_row][vc_row][vc_column][\/vc_column][\/vc_row] [&#8230;]<\/p>\n<p><a class=\"btn btn-secondary understrap-read-more-link\" href=\"https:\/\/us.edu.pl\/pracownik\/procedury-i-obieg-dokumentow\/sprawy-finansowe-i-ksiegowe\/sprawy-finansowe\/krajowe-podroze-sluzbowe\/uzycie-prywatnego-pojazdu-do-celow-sluzbowych\/\">Read More&#8230;<\/a><\/p>\n","protected":false},"author":41,"featured_media":0,"parent":4689,"menu_order":36,"comment_status":"closed","ping_status":"closed","template":"page-templates\/inner-page.php","meta":{"_expiration-date-status":"","_expiration-date":0,"_expiration-date-type":"","_expiration-date-categories":[],"_expiration-date-options":[]},"acf":[],"_links":{"self":[{"href":"https:\/\/us.edu.pl\/pracownik\/wp-json\/wp\/v2\/pages\/19952"}],"collection":[{"href":"https:\/\/us.edu.pl\/pracownik\/wp-json\/wp\/v2\/pages"}],"about":[{"href":"https:\/\/us.edu.pl\/pracownik\/wp-json\/wp\/v2\/types\/page"}],"author":[{"embeddable":true,"href":"https:\/\/us.edu.pl\/pracownik\/wp-json\/wp\/v2\/users\/41"}],"replies":[{"embeddable":true,"href":"https:\/\/us.edu.pl\/pracownik\/wp-json\/wp\/v2\/comments?post=19952"}],"version-history":[{"count":6,"href":"https:\/\/us.edu.pl\/pracownik\/wp-json\/wp\/v2\/pages\/19952\/revisions"}],"predecessor-version":[{"id":19986,"href":"https:\/\/us.edu.pl\/pracownik\/wp-json\/wp\/v2\/pages\/19952\/revisions\/19986"}],"up":[{"embeddable":true,"href":"https:\/\/us.edu.pl\/pracownik\/wp-json\/wp\/v2\/pages\/4689"}],"wp:attachment":[{"href":"https:\/\/us.edu.pl\/pracownik\/wp-json\/wp\/v2\/media?parent=19952"}],"curies":[{"name":"wp","href":"https:\/\/api.w.org\/{rel}","templated":true}]}}