{"id":20384,"date":"2023-02-16T12:11:01","date_gmt":"2023-02-16T11:11:01","guid":{"rendered":"https:\/\/us.edu.pl\/pracownik\/?page_id=20384"},"modified":"2023-09-21T10:18:17","modified_gmt":"2023-09-21T08:18:17","slug":"wsparcie-dla-pracownikow-w-us","status":"publish","type":"page","link":"https:\/\/us.edu.pl\/pracownik\/wsparcie-dla-pracownikow-w-us\/","title":{"rendered":"Wsparcie dla pracownik\u00f3w w U\u015a"},"content":{"rendered":"<p>[vc_row][vc_column][\/vc_column][\/vc_row][vc_row][vc_column]\r\n                <div class=\"text-modules\">\r\n                    <div class=\"container\">\r\n                        <h3 class=\"page-title text__title\">Wsparcie dla pracownik\u00f3w w U\u015a<\/h3>\r\n                        <div class=\"text-modules__content\"><\/div>\r\n                    <\/div>\r\n                <\/div>[\/vc_column][\/vc_row][vc_row][vc_column]\r\n                <div class=\"text-modules \">\r\n                    <div class=\"container\">\r\n                         \r\n                        <div class=\"row m-0\">\r\n                            <div class=\"text-modules__content\">\r\n                                <\/p>\n<h4><strong><span style=\"font-size: 14pt;\">Indywidualne konsultacje ze specjalistami<\/span><\/strong><\/h4>\n<p>W ramach dzia\u0142a\u0144 podejmowanych przez Centrum wsparcia z zakresu dost\u0119pno\u015bci powsta\u0142ego w zwi\u0105zku z realizacj\u0105 projektu \u201eDUO &#8211; Uniwersytet \u015al\u0105ski uczelni\u0105 dost\u0119pn\u0105, uniwersaln\u0105 i otwart\u0105\u201d zapraszamy pracownik\u00f3w Uczelni do korzystania z poradnictwa specjalistycznego realizowanego w formie zdalnej.<\/p>\n<p>Do dyspozycji pracownik\u00f3w Uczelni b\u0119d\u0105 nast\u0119puj\u0105cy specjali\u015bci:<\/p>\n<ul>\n<li><strong>Psycholog<\/strong><\/li>\n<li><strong>Psychoterapeuta<\/strong><\/li>\n<li><strong>Psychiatra<\/strong><\/li>\n<li><strong>Specjalista w obszarze spektrum autyzmu<\/strong><\/li>\n<li><strong>Neurodydaktyk<\/strong><\/li>\n<li><strong>Mediator<\/strong><\/li>\n<li><strong>Tyflopedagog<\/strong><\/li>\n<li><strong>Surdopedagog<\/strong><\/li>\n<li><strong>Facylitator<\/strong><\/li>\n<\/ul>\n<p>Konsultacje s\u0105 ca\u0142kowicie poufne i\u00a0 bezp\u0142atne. \r\n                                <div class=\"mt-3\"><\/div>\r\n                            <\/div>\r\n                            \r\n                            <div class=\"text-modules__img\"><img src=\"https:\/\/us.edu.pl\/pracownik\/wp-content\/uploads\/sites\/2\/pracownik\/wiadomosci\/002_Konsultacje_DUO_Obrazek_wyrozniajacy_800x600.jpg\" alt=\"img\"><\/div>\r\n                        <\/div>\r\n                    <\/div>\r\n                <\/div>\r\n                <div class=\"text-modules \">\r\n                    <div class=\"container\">\r\n                         \r\n                        <div class=\"row m-0\">\r\n                            <div class=\"text-modules__content\">\r\n                                Konsultacje maj\u0105 na celu wsparcie pracownik\u00f3w Uczelni w zrozumieniu zachowa\u0144, poznaniu w\u0142a\u015bciwych metod komunikacji i przyjmowaniu stosownych postaw w kontaktach z osobami z niepe\u0142nosprawno\u015bciami, dysfunkcjami emocjonalnymi i spo\u0142ecznymi, a tak\u017ce w dostosowaniu procesu kszta\u0142cenia do specjalnych potrzeb edukacyjnych os\u00f3b z niepe\u0142nosprawno\u015bciami, os\u00f3b przejawiaj\u0105cych zaburzenia zdrowia psychicznego, a zw\u0142aszcza os\u00f3b z ca\u0142o\u015bciowymi zaburzeniami rozwojowymi i\/lub z zaburzeniami psychicznymi (os. ze specjalnymi potrzebami edukacyjnymi oraz dysfunkcjami emocjonalnymi i spo\u0142ecznymi).<\/p>\n<p>Konsultacje realizowane b\u0119d\u0105 w formie zdalnej \u2013 emailowej b\u0105d\u017a videokonferencji. Mo\u017cliwe jest skorzystanie z grupowego spotkania pracownik\u00f3w ze specjalist\u0105.<\/p>\n<p>W celu zg\u0142oszenia ch\u0119ci skorzystania z konsultacji prosimy o kontakt na adres:\u00a0<a href=\"mailto:centrumduo@us.edu.pl\"><strong>centrumduo@us.edu.pl<\/strong><\/a><strong>.<\/strong> W tytule wiadomo\u015bci prosimy o podanie nazwy specjalisty, z kt\u00f3rym chcieliby si\u0119 Pa\u0144stwo skonsultowa\u0107, natomiast w tre\u015bci wiadomo\u015bci prosimy o wskazanie nazwiska osoby\/os\u00f3b, kt\u00f3re b\u0119d\u0105 korzysta\u0107 z konsultacji oraz jej preferowanej formy. \r\n                                <div class=\"mt-3\"><a href=\"https:\/\/duo.us.edu.pl\/pl\" class=\"link-button mr-3 \">Strona projektu DUO - Uniwersytet \u015al\u0105ski uczelni\u0105 dost\u0119pn\u0105, uniwersaln\u0105 i otwart\u0105<\/a><\/div>\r\n                            <\/div>\r\n                            \r\n                            \r\n                        <\/div>\r\n                    <\/div>\r\n                <\/div>[\/vc_column][\/vc_row][vc_row][vc_column]<div class=\"container\"><div class=\"separator\" style=\"background-color: #000000\"><\/div><\/div>[\/vc_column][\/vc_row][vc_row][vc_column]\r\n                <div class=\"text-modules \">\r\n                    <div class=\"container\">\r\n                         \r\n                        <div class=\"row m-0\">\r\n                            <div class=\"text-modules__content\">\r\n                                <\/p>\n<h4><strong><span style=\"font-size: 14pt;\">Pakiet korzy\u015bci i narz\u0119dzi wsparcia dla pracownik\u00f3w Uniwersytetu \u015al\u0105skiego w Katowicach<\/span><\/strong><\/h4>\n<p>Uniwersytet \u015al\u0105ski w Katowicach systematycznie podejmuje dzia\u0142ania na rzecz budowy stabilnego i wspieraj\u0105cego miejsca pracy.<\/p>\n<p>Uczelnia oferuje pracownikom szereg rozwi\u0105za\u0144, w postaci dodatkowych korzy\u015bci, \u015bwiadcze\u0144 i r\u00f3\u017cnych rozwi\u0105za\u0144 ukierunkowanych na zapewnienie dobrostanu kadry. Ich dost\u0119pno\u015b\u0107 i zakres mog\u0105 si\u0119 r\u00f3\u017cni\u0107, w zale\u017cno\u015bci od warunk\u00f3w, jakie nale\u017cy spe\u0142ni\u0107, by m\u00f3c skorzysta\u0107 z danej mo\u017cliwo\u015bci.<\/p>\n<p>Szczeg\u00f3\u0142owe informacje na temat dost\u0119pnych opcji znajduj\u0105 si\u0119 w za\u0142\u0105czonej broszurze. \r\n                                <div class=\"mt-3\"><a href=\"https:\/\/us.edu.pl\/pracownik\/wsparcie-dla-pracownikow-w-us\/pakiet-korzysci-i-narzedzi-wsparcia-dla-pracownikow\/\" class=\"link-button mr-3 \">ULOTKA<\/a><\/div>\r\n                            <\/div>\r\n                            \r\n                            <div class=\"text-modules__img\"><img src=\"https:\/\/us.edu.pl\/pracownik\/wp-content\/uploads\/sites\/2\/pracownik\/Ikony-graficzne\/4.jpg\" alt=\"img\"><\/div>\r\n                        <\/div>\r\n                    <\/div>\r\n                <\/div>[\/vc_column][\/vc_row][vc_row][vc_column]<div class=\"container\"><div class=\"separator\" style=\"background-color: #000000\"><\/div><\/div>[\/vc_column][\/vc_row][vc_row][vc_column]\r\n                <div class=\"text-modules \">\r\n                    <div class=\"container\">\r\n                         \r\n                        <div class=\"row m-0\">\r\n                            <div class=\"text-modules__content\">\r\n                                <\/p>\n<h4><strong><span style=\"font-size: 14pt;\">Pomoc dla pracownik\u00f3w w ramach przeciwdzia\u0142ania mobbingowi<\/span><\/strong><\/h4>\n<p>W celu wspierania dzia\u0142a\u0144 sprzyjaj\u0105cych budowaniu pozytywnych relacji mi\u0119dzy pracownikami uczelni opartych na wzajemnym szacunku i r\u00f3wno\u015bci wobec prawa wprowadzona zosta\u0142a \u201ePolityka antymobbingowa Uniwersytetu \u015al\u0105skiego w Katowicach\u201d zmierzaj\u0105ca do zapobiegania powstania przypadk\u00f3w mobbingu w miejscu pracy oraz okre\u015blaj\u0105ca tryb post\u0119powania antymobbingowego.<\/p>\n<p><a href=\"https:\/\/us.edu.pl\/uczelnia\/rowne-traktowanie\/przeciwdzialanie-mobbingowi\/\">przeciwdzia\u0142anie mobbingowi | Uniwersytet \u015al\u0105ski w Katowicach (us.edu.pl)<\/a> \r\n                                <div class=\"mt-3\"><a href=\"https:\/\/us.edu.pl\/pracownik\/wp-content\/uploads\/sites\/2\/pracownik\/zalacznik_nr_2_do-Regulaminu-pracy-US-Polityka-antymobbingowa.pdf\" class=\"mtli_attachment mtli_pdf\" data-mtli=\"mtli_filesize478,34kB\" class=\"link-button mr-3 \">Polityka antymobbingowa w U\u015a<\/a><\/div>\r\n                            <\/div>\r\n                            \r\n                            <div class=\"text-modules__img\"><a href=\"https:\/\/us.edu.pl\/uczelnia\/rowne-traktowanie\/przeciwdzialanie-mobbingowi\/\" target=\"_blank\"><img src=\"https:\/\/us.edu.pl\/pracownik\/wp-content\/uploads\/sites\/2\/pracownik\/wiadomosci\/Photo-by-Rich-Tervet-on-Unsplash-600x400.jpg\" alt=\"img\"><\/a><\/div>\r\n                        <\/div>\r\n                    <\/div>\r\n                <\/div>[\/vc_column][\/vc_row][vc_row][vc_column]<div class=\"container\"><div class=\"separator\" style=\"background-color: #000000\"><\/div><\/div>[\/vc_column][\/vc_row][vc_row][vc_column]\r\n                <div class=\"text-modules \">\r\n                    <div class=\"container\">\r\n                         \r\n                        <div class=\"row m-0\">\r\n                            <div class=\"text-modules__content\">\r\n                                <\/p>\n<h4><strong><span style=\"font-size: 14pt;\">Poradniki dla pracownik\u00f3w w U\u015a<\/span><\/strong><\/h4>\n<p>Przygotowane materia\u0142y zawieraj\u0105 szczeg\u00f3\u0142owe informacje o wsparciu dla pracownik\u00f3w Uniwersytetu \u015al\u0105skiego w Katowicach \r\n                                <div class=\"mt-3\"><a href=\"https:\/\/us.edu.pl\/pracownik\/poradniki\/\" class=\"link-button mr-3 \">PORADNIKI<\/a><\/div>\r\n                            <\/div>\r\n                            \r\n                            <div class=\"text-modules__img\"><a href=\"https:\/\/us.edu.pl\/pracownik\/poradniki\/\" target=\"_blank\"><img src=\"https:\/\/us.edu.pl\/pracownik\/wp-content\/uploads\/sites\/2\/pracownik\/wiadomosci\/C360_2021-02-01-09-50-10-563.jpg\" alt=\"img\"><\/a><\/div>\r\n                        <\/div>\r\n                    <\/div>\r\n                <\/div>[\/vc_column][\/vc_row][vc_row][vc_column]<div class=\"container\"><div class=\"separator\" style=\"background-color: #000000\"><\/div><\/div>[\/vc_column][\/vc_row][vc_row][vc_column]\r\n                <div class=\"text-modules \">\r\n                    <div class=\"container\">\r\n                         \r\n                        <div class=\"row m-0\">\r\n                            <div class=\"text-modules__content\">\r\n                                <\/p>\n<h4><strong><span style=\"font-size: 14pt;\">Uniwersytet r\u00f3wnych szans<\/span><\/strong><\/h4>\n<p>Przygotowana strona internetowa zawiera informacje mi\u0119dzy innymi o wsparciu dla pracownik\u00f3w Uniwersytetu \u015al\u0105skiego w zakresie problem\u00f3w pojawiaj\u0105cych si\u0119 w relacjach pracowniczych. \r\n                                <div class=\"mt-3\"><a href=\"https:\/\/us.edu.pl\/uczelnia\/rowne-traktowanie\/#czytaj-dalej\" class=\"link-button mr-3 \">STRONA<\/a><\/div>\r\n                            <\/div>\r\n                            \r\n                            <div class=\"text-modules__img\"><img src=\"https:\/\/us.edu.pl\/pracownik\/wp-content\/uploads\/sites\/2\/pracownik\/wiadomosci\/people-diversity-success-celebration-happiness-community-crowd-concept-575x431-1.jpg\" alt=\"img\"><\/div>\r\n                        <\/div>\r\n                    <\/div>\r\n                <\/div>[\/vc_column][\/vc_row]<\/p>\n<style type=\"text\/css\">a[data-mtli~=\"mtli_filesize478,34kB\"]:after {content:\" (478,34 kB)\"}<\/style>","protected":false},"excerpt":{"rendered":"<p>[vc_row][vc_column][\/vc_column][\/vc_row][vc_row][vc_column][\/vc_column][\/vc_row][vc_row][vc_column][\/vc_column][\/vc_row][vc_row][vc_column][\/vc_column][\/vc_row][vc_row][vc_column][\/vc_column][\/vc_row][vc_row][vc_column][\/vc_column][\/vc_row][vc_row][vc_column][\/vc_column][\/vc_row][vc_row][vc_column][\/vc_column][\/vc_row][vc_row][vc_column][\/vc_column][\/vc_row][vc_row][vc_column][\/vc_column][\/vc_row][vc_row][vc_column][\/vc_column][\/vc_row] [&#8230;]<\/p>\n<p><a class=\"btn btn-secondary understrap-read-more-link\" href=\"https:\/\/us.edu.pl\/pracownik\/wsparcie-dla-pracownikow-w-us\/\">Read More&#8230;<\/a><\/p>\n","protected":false},"author":41,"featured_media":0,"parent":0,"menu_order":91,"comment_status":"closed","ping_status":"closed","template":"","meta":{"_expiration-date-status":"","_expiration-date":0,"_expiration-date-type":"","_expiration-date-categories":[],"_expiration-date-options":[]},"acf":[],"_links":{"self":[{"href":"https:\/\/us.edu.pl\/pracownik\/wp-json\/wp\/v2\/pages\/20384"}],"collection":[{"href":"https:\/\/us.edu.pl\/pracownik\/wp-json\/wp\/v2\/pages"}],"about":[{"href":"https:\/\/us.edu.pl\/pracownik\/wp-json\/wp\/v2\/types\/page"}],"author":[{"embeddable":true,"href":"https:\/\/us.edu.pl\/pracownik\/wp-json\/wp\/v2\/users\/41"}],"replies":[{"embeddable":true,"href":"https:\/\/us.edu.pl\/pracownik\/wp-json\/wp\/v2\/comments?post=20384"}],"version-history":[{"count":10,"href":"https:\/\/us.edu.pl\/pracownik\/wp-json\/wp\/v2\/pages\/20384\/revisions"}],"predecessor-version":[{"id":23237,"href":"https:\/\/us.edu.pl\/pracownik\/wp-json\/wp\/v2\/pages\/20384\/revisions\/23237"}],"wp:attachment":[{"href":"https:\/\/us.edu.pl\/pracownik\/wp-json\/wp\/v2\/media?parent=20384"}],"curies":[{"name":"wp","href":"https:\/\/api.w.org\/{rel}","templated":true}]}}