{"id":20736,"date":"2023-03-06T17:36:44","date_gmt":"2023-03-06T16:36:44","guid":{"rendered":"https:\/\/us.edu.pl\/pracownik\/?page_id=20736"},"modified":"2023-03-07T15:08:45","modified_gmt":"2023-03-07T14:08:45","slug":"posiedzenie-komisji-09-03-2023","status":"publish","type":"page","link":"https:\/\/us.edu.pl\/pracownik\/sprawy-dydaktyczne\/senacka-komisja-ds-ksztalcenia\/senacka-komisja-ds-ksztalcenia-sklad-komisji\/kadencja-2020-2024\/posiedzenie-komisji-09-03-2023\/","title":{"rendered":"Posiedzenie komisji &#8211; 09.03.2023"},"content":{"rendered":"<p>[vc_row][vc_column]\r\n                <div class=\"text-modules\">\r\n                    <div class=\"container\">\r\n                        <h3 class=\"page-title text__title\">Posiedzenie Komisji ds. kszta\u0142cenia i student\u00f3w - 9 marca 2023 r.<\/h3>\r\n                        <div class=\"text-modules__content\"><\/p>\n<p style=\"font-weight: 400;\">Posiedzenie Komisji ds. kszta\u0142cenia i student\u00f3w, kt\u00f3re odb\u0119dzie si\u0119 w czwartek <strong>9 marca 2023\u00a0r. o godz. 13.00<\/strong>\u00a0w Rektoracie Uniwersytetu \u015al\u0105skiego w Katowicach w sali 1.20.<\/p>\n<p style=\"font-weight: 400;\"><u>Planowany porz\u0105dek posiedzenia:<\/u><\/p>\n<p>1.Komunikaty Prorektor ds. kszta\u0142cenia i student\u00f3w.<\/p>\n<p style=\"font-weight: 400;\">2. Opiniowanie programu studi\u00f3w podyplomowych <a href=\"https:\/\/us.edu.pl\/pracownik\/wp-content\/uploads\/sites\/2\/Editor\/sprawy-dydatktyczne\/Komisja-ksztalcenia\/Kadencja-2020-2024\/20222023\/9-marca\/Kwalifikacyjne-studia-podyplomowe-Przygotowanie-do-wykonywania-zawodu-nauczyciela.zip\"><strong><em>Kwalifikacyjne studia podyplomowe Przygotowanie do wykonywania zawodu nauczyciela<\/em><\/strong><\/a>.<\/p>\n<p style=\"font-weight: 400;\">3. Opiniowanie programu studi\u00f3w podyplomowych <a href=\"https:\/\/us.edu.pl\/pracownik\/wp-content\/uploads\/sites\/2\/Editor\/sprawy-dydatktyczne\/Komisja-ksztalcenia\/Kadencja-2020-2024\/20222023\/9-marca\/Studia-podyplomowe-Zarzadzanie-Marka-Zarzadzanie-Marka-Pracodawcy-\u2013-Zarzadzanie-Marka-Osobista.zip\"><strong><em>Studia podyplomowe Zarz\u0105dzanie Mark\u0105 &#8211; Zarz\u0105dzanie Mark\u0105 Pracodawcy &#8211; Zarz\u0105dzanie Mark\u0105 Osobist\u0105<\/em><\/strong><\/a>.<\/p>\n<p style=\"font-weight: 400;\">4. Ocena okresowa nauczycieli akademickich 2023 \u2013 wst\u0119pne za\u0142o\u017cenia dotycz\u0105ce procesu opiniowania (aspekt techniczny).<\/p>\n<p style=\"font-weight: 400;\">5. Zaopiniowanie zmian w uchwale <a href=\"https:\/\/us.edu.pl\/pracownik\/wp-content\/uploads\/sites\/2\/Editor\/sprawy-dydatktyczne\/Komisja-ksztalcenia\/Kadencja-2020-2024\/20222023\/9-marca\/uchwala-zmieniajaca-konkursy_marzec-2023.docx\" class=\"mtli_attachment mtli_docx\" data-mtli=\"mtli_filesize16,36kB\" class=\"mtli_attachment mtli_docx\" data-mtli=\"mtli_filesize16,36kB\">nr 145 Senatu Uniwersytetu \u015al\u0105skiego w Katowicach z dnia 29 czerwca 2021 r. w sprawie szczeg\u00f3\u0142owych zasad przyjmowania na I rok studi\u00f3w laureat\u00f3w i finalist\u00f3w olimpiad stopnia centralnego, laureat\u00f3w konkurs\u00f3w mi\u0119dzynarodowych oraz og\u00f3lnopolskich a tak\u017ce finalist\u00f3w Mistrzostw Polski w kategoriach m\u0142odzie\u017cowych, w dyscyplinach sportowych uj\u0119tych w rywalizacji sportu akademickiego w ramach programu Akademickie Mistrzostwa Polski w latach 2023\/2024, 2024\/2025, 2025\/2026, 2026\/2027.<\/a><\/p>\n<p style=\"font-weight: 400;\">6. Uchwa\u0142a w sprawie przyj\u0119cia sprawozdania z <a href=\"https:\/\/us.edu.pl\/pracownik\/wp-content\/uploads\/sites\/2\/Editor\/sprawy-dydatktyczne\/Komisja-ksztalcenia\/Kadencja-2020-2024\/20222023\/9-marca\/Raport-Jakosci-Ksztalcenia-na-KK.zip\">oceny jako\u015bci kszta\u0142cenia na Uniwersytecie \u015al\u0105skim w Katowicach za rok akademicki 2021\/2022.<\/a><\/p>\n<p style=\"font-weight: 400;\">7. Opinie w sprawie likwidacji program\u00f3w studi\u00f3w:<\/p>\n<ul>\n<li style=\"font-weight: 400;\"><a href=\"https:\/\/us.edu.pl\/pracownik\/wp-content\/uploads\/sites\/2\/Editor\/sprawy-dydatktyczne\/Komisja-ksztalcenia\/Kadencja-2020-2024\/20222023\/9-marca\/Doradztwo-polityczne-i-publiczne-I-stopien-niestacjonarne-likwidacja.zip\">Doradztwo polityczne i publiczne \u2013 studia niestacjonarne I stopnia<\/a>,<\/li>\n<li style=\"font-weight: 400;\"><a href=\"https:\/\/us.edu.pl\/pracownik\/wp-content\/uploads\/sites\/2\/Editor\/sprawy-dydatktyczne\/Komisja-ksztalcenia\/Kadencja-2020-2024\/20222023\/9-marca\/Turystyka-historyczna-I-stopien-niestacjonarne-likwidacja.zip\">Historia sztuki \u2013 studia niestacjonarne I stopnia<\/a>,<\/li>\n<li style=\"font-weight: 400;\"><a href=\"https:\/\/us.edu.pl\/pracownik\/wp-content\/uploads\/sites\/2\/Editor\/sprawy-dydatktyczne\/Komisja-ksztalcenia\/Kadencja-2020-2024\/20222023\/9-marca\/Politologia-I-i-II-stopien-niestacjonarne-likwidacja.zip\">Politologia \u2013 studia niestacjonarne I i II stopnia<\/a>,<\/li>\n<li style=\"font-weight: 400;\"><a href=\"https:\/\/us.edu.pl\/pracownik\/wp-content\/uploads\/sites\/2\/Editor\/sprawy-dydatktyczne\/Komisja-ksztalcenia\/Kadencja-2020-2024\/20222023\/9-marca\/Zarzadzenie-Zasobami-Ludzkimi-I-stopien-stacjonarne-i-niestacjonarne-likwidacja.zip\">Zarz\u0105dzanie zasobami ludzkimi \u2013 studia stacjonarne i niestacjonarne I stopnia<\/a>.<\/li>\n<\/ul>\n<p style=\"font-weight: 400;\">8. Opinia do wniosku inicjuj\u0105cego utworzenie nowego kierunku studi\u00f3w na Wydziale Nauk Spo\u0142ecznych &#8211;\u00a0 <a href=\"https:\/\/us.edu.pl\/pracownik\/wp-content\/uploads\/sites\/2\/Editor\/sprawy-dydatktyczne\/Komisja-ksztalcenia\/Kadencja-2020-2024\/20222023\/9-marca\/Zarzadzanie-zasobami-ludzkimi-w-organizacji-wniosek-o-utowrzenie-kierunku.zip\"><strong><em>Zarz\u0105dzanie zasobami ludzkimi w organizacji.<\/em><\/strong><\/a><\/p>\n<p style=\"font-weight: 400;\">\u00a09. Wolne wnioski.<\/p>\n<p>\n<style type=\"text\/css\">a[data-mtli~=\"mtli_filesize16,36kB\"]:after {content:\" (16,36 kB)\"}<\/style><\/div>\r\n                    <\/div>\r\n                <\/div>[\/vc_column][\/vc_row]<\/p>\n<style type=\"text\/css\">a[data-mtli~=\"mtli_filesize16,36kB\"]:after {content:\" (16,36 kB)\"}<\/style>","protected":false},"excerpt":{"rendered":"<p>[vc_row][vc_column][\/vc_column][\/vc_row] [&#8230;]<\/p>\n<p><a class=\"btn btn-secondary understrap-read-more-link\" href=\"https:\/\/us.edu.pl\/pracownik\/sprawy-dydaktyczne\/senacka-komisja-ds-ksztalcenia\/senacka-komisja-ds-ksztalcenia-sklad-komisji\/kadencja-2020-2024\/posiedzenie-komisji-09-03-2023\/\">Read More&#8230;<\/a><\/p>\n","protected":false},"author":31,"featured_media":0,"parent":5151,"menu_order":33,"comment_status":"closed","ping_status":"closed","template":"page-templates\/inner-page.php","meta":{"_expiration-date-status":"saved","_expiration-date":0,"_expiration-date-type":"","_expiration-date-categories":[],"_expiration-date-options":[]},"acf":[],"_links":{"self":[{"href":"https:\/\/us.edu.pl\/pracownik\/wp-json\/wp\/v2\/pages\/20736"}],"collection":[{"href":"https:\/\/us.edu.pl\/pracownik\/wp-json\/wp\/v2\/pages"}],"about":[{"href":"https:\/\/us.edu.pl\/pracownik\/wp-json\/wp\/v2\/types\/page"}],"author":[{"embeddable":true,"href":"https:\/\/us.edu.pl\/pracownik\/wp-json\/wp\/v2\/users\/31"}],"replies":[{"embeddable":true,"href":"https:\/\/us.edu.pl\/pracownik\/wp-json\/wp\/v2\/comments?post=20736"}],"version-history":[{"count":8,"href":"https:\/\/us.edu.pl\/pracownik\/wp-json\/wp\/v2\/pages\/20736\/revisions"}],"predecessor-version":[{"id":20774,"href":"https:\/\/us.edu.pl\/pracownik\/wp-json\/wp\/v2\/pages\/20736\/revisions\/20774"}],"up":[{"embeddable":true,"href":"https:\/\/us.edu.pl\/pracownik\/wp-json\/wp\/v2\/pages\/5151"}],"wp:attachment":[{"href":"https:\/\/us.edu.pl\/pracownik\/wp-json\/wp\/v2\/media?parent=20736"}],"curies":[{"name":"wp","href":"https:\/\/api.w.org\/{rel}","templated":true}]}}