{"id":20836,"date":"2023-03-13T17:24:17","date_gmt":"2023-03-13T16:24:17","guid":{"rendered":"https:\/\/us.edu.pl\/pracownik\/?page_id=20836"},"modified":"2023-05-31T15:28:44","modified_gmt":"2023-05-31T13:28:44","slug":"nks-tutoriale","status":"publish","type":"page","link":"https:\/\/us.edu.pl\/pracownik\/sprawy-dydaktyczne\/nowa-koncepcja-studiow\/nks-tutoriale\/","title":{"rendered":"NKS | tutoriale"},"content":{"rendered":"<p><\/p>\n<p>[vc_row el_class=&#8221;container&#8221;][vc_column width=&#8221;4\/5&#8243;][vc_row_inner][vc_column_inner][vc_custom_heading text=&#8221;Tutoriale&#8221; font_container=&#8221;tag:h2|font_size:3.4em|text_align:left|color:%23002e5a&#8221; use_theme_fonts=&#8221;yes&#8221; el_class=&#8221;section-title&#8221;][\/vc_column_inner][\/vc_row_inner]\r\n                <div class=\"text-modules\">\r\n                    <div class=\"container\">\r\n                        \r\n                        <div class=\"text-modules__content\"><p>Materia\u0142y szkoleniowe w formie nagra\u0144 wideo dost\u0119pne s\u0105 na platformie: repo.us.edu.pl.<\/p>\n<\/div>\r\n                    <\/div>\r\n                <\/div>[vc_row_inner content_placement=&#8221;middle&#8221;][vc_column_inner css=&#8221;.vc_custom_1653047881486{margin-top: 20px !important;}&#8221;][\/vc_column_inner][\/vc_row_inner][vc_row_inner content_placement=&#8221;middle&#8221; css=&#8221;.vc_custom_1655126619474{border-bottom-width: 1px !important;border-left-width: 10px !important;border-left-color: #fbb901 !important;border-left-style: solid !important;border-bottom-color: #fbb901 !important;border-bottom-style: solid !important;}&#8221; el_class=&#8221;rogi&#8221;][vc_column_inner css=&#8221;.vc_custom_1653047881486{margin-top: 20px !important;}&#8221;]\r\n                <div class=\"text-modules\">\r\n                    <div class=\"container\">\r\n                        \r\n                        <div class=\"text-modules__content\"><\/p>\n<h3>Jak obs\u0142ugiwa\u0107 Kart\u0119 kierunku?<\/h3>\n<p>\n<\/div>\r\n                    <\/div>\r\n                <\/div>\r\n                <div class=\"text-modules reverse\">\r\n                    <div class=\"container\">\r\n                         \r\n                        <div class=\"row m-0\">\r\n                            <div class=\"text-modules__content\">\r\n                                Szkolenie adresowane do dyrekcji kierunk\u00f3w studi\u00f3w oraz os\u00f3b posiadaj\u0105cych uprawnienia w systemie.<\/p>\n<p>Materia\u0142 szkoleniowy dost\u0119pny jest na stronie: <a href=\"https:\/\/repo.us.edu.pl\/index.php\/s\/jzypWXSZ7sBB69v\">repo.us.edu.pl\/index.php\/s\/jzypWXSZ7sBB69v<\/a>. \r\n                                <div class=\"mt-3\"><\/div>\r\n                            <\/div>\r\n                            \r\n                            <div class=\"text-modules__img\"><img src=\"https:\/\/us.edu.pl\/pracownik\/wp-content\/uploads\/sites\/2\/pracownik\/Ikony-graficzne\/ikona-dokument-granat-150x150.png\" alt=\"img\"><\/div>\r\n                        <\/div>\r\n                    <\/div>\r\n                <\/div>[\/vc_column_inner][\/vc_row_inner][vc_row_inner content_placement=&#8221;middle&#8221;][vc_column_inner css=&#8221;.vc_custom_1653047881486{margin-top: 20px !important;}&#8221;][vc_empty_space height=&#8221;30px&#8221;][\/vc_column_inner][\/vc_row_inner][vc_row_inner content_placement=&#8221;middle&#8221; css=&#8221;.vc_custom_1655126619474{border-bottom-width: 1px !important;border-left-width: 10px !important;border-left-color: #fbb901 !important;border-left-style: solid !important;border-bottom-color: #fbb901 !important;border-bottom-style: solid !important;}&#8221; el_class=&#8221;rogi&#8221;][vc_column_inner css=&#8221;.vc_custom_1653047881486{margin-top: 20px !important;}&#8221;]\r\n                <div class=\"text-modules\">\r\n                    <div class=\"container\">\r\n                        \r\n                        <div class=\"text-modules__content\"><\/p>\n<h3>Jak wprowadza\u0107 opisy modu\u0142\u00f3w za po\u015brednictwem strony informator.us.edu.pl?<\/h3>\n<p>\n<\/div>\r\n                    <\/div>\r\n                <\/div>\r\n                <div class=\"text-modules reverse\">\r\n                    <div class=\"container\">\r\n                         \r\n                        <div class=\"row m-0\">\r\n                            <div class=\"text-modules__content\">\r\n                                Materia\u0142 szkoleniowy dost\u0119pny jest na stronie: <a href=\"https:\/\/repo.us.edu.pl\/index.php\/s\/PT8tsbYFxXXkWuq\">repo.us.edu.pl\/index.php\/s\/PT8tsbYFxXXkWuq<\/a>. \r\n                                <div class=\"mt-3\"><\/div>\r\n                            <\/div>\r\n                            \r\n                            <div class=\"text-modules__img\"><img src=\"https:\/\/us.edu.pl\/pracownik\/wp-content\/uploads\/sites\/2\/pracownik\/Ikony-graficzne\/ikona-dokument-granat-150x150.png\" alt=\"img\"><\/div>\r\n                        <\/div>\r\n                    <\/div>\r\n                <\/div>[\/vc_column_inner][\/vc_row_inner][vc_row_inner content_placement=&#8221;middle&#8221;][vc_column_inner css=&#8221;.vc_custom_1653047881486{margin-top: 20px !important;}&#8221;][vc_empty_space height=&#8221;30px&#8221;][vc_empty_space height=&#8221;20px&#8221;][\/vc_column_inner][\/vc_row_inner][\/vc_column][vc_column width=&#8221;1\/5&#8243; css=&#8221;.vc_custom_1655116292854{border: 3px solid #f2f2f2 !important;border-radius: 3px !important;}&#8221;]\r\n                <div class=\"text-modules\">\r\n                    <div class=\"container\">\r\n                        \r\n                        <div class=\"text-modules__content\"><\/p>\n<p style=\"text-align: center; font-size: 120%;\">przysz\u0142o\u015b\u0107 kszta\u0142cenia uniwersyteckiego<\/p>\n<p>\n<\/div>\r\n                    <\/div>\r\n                <\/div>[vc_wp_text]<\/p>\n<p style=\"text-align: center;\">strona projektu:<\/p>\n<p>[\/vc_wp_text][vc_btn title=&#8221;Nowa Koncepcja Studi\u00f3w&#8221; style=&#8221;outline-custom&#8221; outline_custom_color=&#8221;#002e5a&#8221; outline_custom_hover_background=&#8221;#002e5a&#8221; outline_custom_hover_text=&#8221;#ffffff&#8221; shape=&#8221;square&#8221; size=&#8221;lg&#8221; align=&#8221;center&#8221; custom_onclick=&#8221;true&#8221; link=&#8221;url:https%3A%2F%2Fus.edu.pl%2Fpracownik%2Fsprawy-dydaktyczne%2Fnowa-koncepcja-studiow%2F|title:przejd%C5%BA%20na%20stron%C4%99%20projektu%20||&#8221;][\/vc_column][\/vc_row][vc_row el_class=&#8221;container&#8221;][vc_column][\/vc_column][\/vc_row]<\/p>\n<p><\/p>","protected":false},"excerpt":{"rendered":"<p>[vc_row el_class=&#8221;container&#8221;][vc_column width=&#8221;4\/5&#8243;][vc_row_inner][vc_column_inner][vc_custom_heading text=&#8221;Tutoriale&#8221; font_container=&#8221;tag:h2|font_size:3.4em|text_align:left|color:%23002e5a&#8221; use_theme_fonts=&#8221;yes&#8221; el_class=&#8221;section-title&#8221;][\/vc_column_inner][\/vc_row_inner][vc_row_inner content_placement=&#8221;middle&#8221;][vc_column_inner css=&#8221;.vc_custom_1653047881486{margin-top: 20px !important;}&#8221;][\/vc_column_inner][\/vc_row_inner][vc_row_inner content_placement=&#8221;middle&#8221; css=&#8221;.vc_custom_1655126619474{border-bottom-width: 1px !important;border-left-width: 10px !important;border-left-color: #fbb901 !important;border-left-style: solid !important;border-bottom-color: #fbb901 !important;border-bottom-style: solid !important;}&#8221; el_class=&#8221;rogi&#8221;][vc_column_inner css=&#8221;.vc_custom_1653047881486{margin-top: 20px !important;}&#8221;][\/vc_column_inner][\/vc_row_inner][vc_row_inner content_placement=&#8221;middle&#8221;][vc_column_inner css=&#8221;.vc_custom_1653047881486{margin-top: 20px !important;}&#8221;][vc_empty_space height=&#8221;30px&#8221;][\/vc_column_inner][\/vc_row_inner][vc_row_inner content_placement=&#8221;middle&#8221; css=&#8221;.vc_custom_1655126619474{border-bottom-width: 1px !important;border-left-width: 10px !important;border-left-color: #fbb901 !important;border-left-style: solid !important;border-bottom-color: #fbb901 !important;border-bottom-style: solid !important;}&#8221; el_class=&#8221;rogi&#8221;][vc_column_inner css=&#8221;.vc_custom_1653047881486{margin-top: 20px !important;}&#8221;][\/vc_column_inner][\/vc_row_inner][vc_row_inner content_placement=&#8221;middle&#8221;][vc_column_inner css=&#8221;.vc_custom_1653047881486{margin-top: 20px [&#8230;]<\/p>\n<p><a class=\"btn btn-secondary understrap-read-more-link\" href=\"https:\/\/us.edu.pl\/pracownik\/sprawy-dydaktyczne\/nowa-koncepcja-studiow\/nks-tutoriale\/\">Read More&#8230;<\/a><\/p>\n","protected":false},"author":26,"featured_media":0,"parent":17170,"menu_order":68,"comment_status":"closed","ping_status":"closed","template":"","meta":{"_expiration-date-status":"","_expiration-date":0,"_expiration-date-type":"","_expiration-date-categories":[],"_expiration-date-options":[]},"acf":[],"_links":{"self":[{"href":"https:\/\/us.edu.pl\/pracownik\/wp-json\/wp\/v2\/pages\/20836"}],"collection":[{"href":"https:\/\/us.edu.pl\/pracownik\/wp-json\/wp\/v2\/pages"}],"about":[{"href":"https:\/\/us.edu.pl\/pracownik\/wp-json\/wp\/v2\/types\/page"}],"author":[{"embeddable":true,"href":"https:\/\/us.edu.pl\/pracownik\/wp-json\/wp\/v2\/users\/26"}],"replies":[{"embeddable":true,"href":"https:\/\/us.edu.pl\/pracownik\/wp-json\/wp\/v2\/comments?post=20836"}],"version-history":[{"count":9,"href":"https:\/\/us.edu.pl\/pracownik\/wp-json\/wp\/v2\/pages\/20836\/revisions"}],"predecessor-version":[{"id":21874,"href":"https:\/\/us.edu.pl\/pracownik\/wp-json\/wp\/v2\/pages\/20836\/revisions\/21874"}],"up":[{"embeddable":true,"href":"https:\/\/us.edu.pl\/pracownik\/wp-json\/wp\/v2\/pages\/17170"}],"wp:attachment":[{"href":"https:\/\/us.edu.pl\/pracownik\/wp-json\/wp\/v2\/media?parent=20836"}],"curies":[{"name":"wp","href":"https:\/\/api.w.org\/{rel}","templated":true}]}}