{"id":2088,"date":"2019-10-17T12:37:01","date_gmt":"2019-10-17T10:37:01","guid":{"rendered":"https:\/\/us.edu.pl\/pracownik\/?page_id=2088"},"modified":"2020-07-13T14:50:19","modified_gmt":"2020-07-13T12:50:19","slug":"wypadki-przy-pracy-i-w-drodze-do-lub-z-pracy","status":"publish","type":"page","link":"https:\/\/us.edu.pl\/pracownik\/procedury-i-obieg-dokumentow\/instrukcje-i-procedury-bhp-i-op\/wypadki-przy-pracy-i-w-drodze-do-lub-z-pracy\/","title":{"rendered":"Wypadki przy pracy i w drodze do lub z pracy"},"content":{"rendered":"<p>[vc_row][vc_column][\/vc_column][\/vc_row][vc_row][vc_column]\r\n                <div class=\"text-modules\">\r\n                    <div class=\"container\">\r\n                        <h3 class=\"page-title text__title\">Wypadki przy pracy i w drodze do lub z pracy<\/h3>\r\n                        <div class=\"text-modules__content\"><p><b>Obowi\u0105zkiem ka\u017cdego pracownika<\/b><span style=\"font-weight: 400\"> jest niezw\u0142ocznie powiadomi\u0107 prze\u0142o\u017conego <\/span><span style=\"font-weight: 400\"><br \/>\n<\/span><span style=\"font-weight: 400\">o zauwa\u017conym w zak\u0142adzie pracy wypadku albo zagro\u017ceniu \u017cycia lub zdrowia ludzkiego oraz ostrzec wsp\u00f3\u0142pracownik\u00f3w, a tak\u017ce inne osoby znajduj\u0105ce si\u0119 w rejonie zagro\u017cenia <\/span><span style=\"font-weight: 400\"><br \/>\n<\/span><span style=\"font-weight: 400\">o gro\u017c\u0105cym im niebezpiecze\u0144stwie.<\/span><\/p>\n<p><b>Obowi\u0105zkiem pracodawcy\/kierownika<\/b><span style=\"font-weight: 400\"> w razie wypadku przy pracy jest podj\u0119cie niezb\u0119dnych dzia\u0142a\u0144 eliminuj\u0105cych lub ograniczaj\u0105cych zagro\u017cenie oraz zapewnienie pierwszej pomocy osobom poszkodowanym.<\/span><\/p>\n<p><b>Zabezpieczenie miejsca wypadku.<\/b><span style=\"font-weight: 400\"> Do czasu przeprowadzenia dochodzenia powypadkowego tj. ustalenia okoliczno\u015bci i przyczyn wypadku, nie wolno dopuszcza\u0107 os\u00f3b niepowo\u0142anych do miejsca wypadku, nie wolno uruchamia\u0107 maszyn i urz\u0105dze\u0144 zwi\u0105zanych <\/span><span style=\"font-weight: 400\"><br \/>\n<\/span><span style=\"font-weight: 400\">z wypadkiem, nie wolno zmienia\u0107 po\u0142o\u017cenia element\u00f3w maszyn, os\u0142on przedmiot\u00f3w chyba, \u017ce wynika to z konieczno\u015bci ratowania ludzi i mienia .<\/span><\/p>\n<p><span style=\"font-weight: 400\">Po zabezpieczeniu miejsca wypadku, udzieleniu pierwszej pomocy osobom poszkodowanym, wezwaniu pomocy medycznej,\u00a0<\/span><b>prze\u0142o\u017cony pracownika informuje Inspektorat BHP i OP <\/b><b><br \/>\n<\/b><b>a nast\u0119pnie dokonuje zg\u0142oszenia wypadku\u00a0 <\/b><span style=\"font-weight: 400\">wype\u0142niaj\u0105c dokument zg\u0142oszenia wypadku przy pracy<br \/>\n<strong><em><a href=\"\/pracownik\/wp-content\/uploads\/sites\/2\/pracownik\/druki\/za\u0142.5-zg\u0142oszenie_wypadek_w_pracy.doc\" class=\"mtli_attachment mtli_doc\" data-mtli=\"mtli_filesize24,50kB\" class=\"mtli_attachment mtli_doc\" data-mtli=\"mtli_filesize24,50kB\">druk zg\u0142oszenia do pobrania<\/a>\u00a0<\/em><\/strong><\/span><\/p>\n<p><span style=\"font-weight: 400\">Inspektorat BHP po otrzymaniu informacji o wypadku podejmuje czynno\u015bci zmierzaj\u0105ce do ustalenia okoliczno\u015bci i przyczyn wypadku.<\/span><\/p>\n<style type=\"text\/css\">a[data-mtli~=\"mtli_filesize24,50kB\"]:after {content:\" (24,50 kB)\"}<\/style><\/div>\r\n                    <\/div>\r\n                <\/div>[\/vc_column][\/vc_row]<\/p>\n<style type=\"text\/css\">a[data-mtli~=\"mtli_filesize24,50kB\"]:after {content:\" (24,50 kB)\"}a[data-mtli~=\"mtli_filesize7,41kB\"]:after {content:\" (7,41 kB)\"}<\/style>","protected":false},"excerpt":{"rendered":"<p>[vc_row][vc_column][\/vc_column][\/vc_row][vc_row][vc_column][\/vc_column][\/vc_row] [&#8230;]<\/p>\n<p><a class=\"btn btn-secondary understrap-read-more-link\" href=\"https:\/\/us.edu.pl\/pracownik\/procedury-i-obieg-dokumentow\/instrukcje-i-procedury-bhp-i-op\/wypadki-przy-pracy-i-w-drodze-do-lub-z-pracy\/\">Read More&#8230;<\/a><\/p>\n","protected":false},"author":41,"featured_media":0,"parent":905,"menu_order":330,"comment_status":"closed","ping_status":"closed","template":"page-templates\/inner-page-with-bookmarks.php","meta":{"_expiration-date-status":"saved","_expiration-date":0,"_expiration-date-type":"","_expiration-date-categories":[],"_expiration-date-options":[]},"acf":[],"_links":{"self":[{"href":"https:\/\/us.edu.pl\/pracownik\/wp-json\/wp\/v2\/pages\/2088"}],"collection":[{"href":"https:\/\/us.edu.pl\/pracownik\/wp-json\/wp\/v2\/pages"}],"about":[{"href":"https:\/\/us.edu.pl\/pracownik\/wp-json\/wp\/v2\/types\/page"}],"author":[{"embeddable":true,"href":"https:\/\/us.edu.pl\/pracownik\/wp-json\/wp\/v2\/users\/41"}],"replies":[{"embeddable":true,"href":"https:\/\/us.edu.pl\/pracownik\/wp-json\/wp\/v2\/comments?post=2088"}],"version-history":[{"count":12,"href":"https:\/\/us.edu.pl\/pracownik\/wp-json\/wp\/v2\/pages\/2088\/revisions"}],"predecessor-version":[{"id":8574,"href":"https:\/\/us.edu.pl\/pracownik\/wp-json\/wp\/v2\/pages\/2088\/revisions\/8574"}],"up":[{"embeddable":true,"href":"https:\/\/us.edu.pl\/pracownik\/wp-json\/wp\/v2\/pages\/905"}],"wp:attachment":[{"href":"https:\/\/us.edu.pl\/pracownik\/wp-json\/wp\/v2\/media?parent=2088"}],"curies":[{"name":"wp","href":"https:\/\/api.w.org\/{rel}","templated":true}]}}