{"id":2101,"date":"2019-10-17T13:13:24","date_gmt":"2019-10-17T11:13:24","guid":{"rendered":"https:\/\/us.edu.pl\/pracownik\/?page_id=2101"},"modified":"2025-11-25T08:31:40","modified_gmt":"2025-11-25T07:31:40","slug":"czynniki-rakotworcze-i-mutagenne-w-srodowisku-pracy","status":"publish","type":"page","link":"https:\/\/us.edu.pl\/pracownik\/procedury-i-obieg-dokumentow\/instrukcje-i-procedury-bhp-i-op\/czynniki-rakotworcze-i-mutagenne-w-srodowisku-pracy\/","title":{"rendered":"Czynniki rakotw\u00f3rcze i mutagenne w \u015brodowisku pracy"},"content":{"rendered":"<p>[vc_row][vc_column][\/vc_column][\/vc_row][vc_row][vc_column]\r\n                <div class=\"text-modules\">\r\n                    <div class=\"container\">\r\n                        <h3 class=\"page-title text__title\">Czynniki rakotw\u00f3rcze, mutagenne i reprotoksyczne w \u015brodowisku pracy<\/h3>\r\n                        <div class=\"text-modules__content\"><p>Pracownicy Uczelni zobowi\u0105zani s\u0105 corocznie w terminie do dnia 3 stycznia dostarcza\u0107 do Inspektoratu BHP i OP informacje o substancjach chemicznych, ich mieszaninach, czynnikach lub procesach technologicznych o dzia\u0142aniu rakotw\u00f3rczym, mutagennym i reprotoksycznym w \u015brodowisku pracy oraz wielko\u015bci ich zu\u017cycia w minionym roku, na drukach do pobrania z linku druki:<\/p>\n<ol>\n<li style=\"font-weight: 400;\"><a href=\"https:\/\/us.edu.pl\/pracownik\/wp-content\/uploads\/sites\/2\/Editor\/BHP\/Tabela-I-Czynniki-rakotworcze-Carc.-mutagenne-Muta.-lub-reprotoksyczne-Repr.-kat.-1A-1B.doc\" class=\"mtli_attachment mtli_doc\" data-mtli=\"mtli_filesize48,00kB\" class=\"mtli_attachment mtli_doc\" data-mtli=\"mtli_filesize48,00kB\" target=\"_blank\" rel=\"noopener\"><span style=\"font-weight: 400;\">Tabela czynnik\u00f3w rakotw\u00f3rczych, mutagennych lub reprotoksycznych\u00a0<\/span><\/a><\/li>\n<li style=\"font-weight: 400;\"><a href=\"https:\/\/us.edu.pl\/pracownik\/wp-content\/uploads\/sites\/2\/Editor\/BHP\/Tabela-II-Wykaz-osob-pracujacych-z-izotopowymi-zrodlami-promieniowania-1.doc\" class=\"mtli_attachment mtli_doc\" data-mtli=\"mtli_filesize34,50kB\" class=\"mtli_attachment mtli_doc\" data-mtli=\"mtli_filesize34,50kB\" target=\"_blank\" rel=\"noopener\"><span style=\"font-weight: 400;\">Wykaz os\u00f3b pracuj\u0105cych z izotopowymi \u017ar\u00f3d\u0142ami promieniowania\u00a0<\/span><\/a><\/li>\n<li style=\"font-weight: 400;\"><span style=\"font-weight: 400;\"><a href=\"https:\/\/us.edu.pl\/pracownik\/wp-content\/uploads\/sites\/2\/Editor\/BHP\/Tabela-III-Wykaz-osob-pracujacych-z-urzadzeniami-emitujacymi-promieniowanie-jonizujace-1.doc\" class=\"mtli_attachment mtli_doc\" data-mtli=\"mtli_filesize35,00kB\" class=\"mtli_attachment mtli_doc\" data-mtli=\"mtli_filesize35,00kB\" target=\"_blank\" rel=\"noopener\">Wykaz os\u00f3b pracuj\u0105cych z urz\u0105dzeniami emituj\u0105cymi promieniowanie jonizuj\u0105ce<\/a>\u00a0<\/span><\/li>\n<\/ol>\n<p>Wykaz substancji chemicznych, ich mieszanin, czynnik\u00f3w lub proces\u00f3w technologicznych o dzia\u0142aniu rakotw\u00f3rczym, mutagennym i\u00a0 reprotoksycznym stanowi\u0105 substancje chemiczne spe\u0142niaj\u0105ce kryteria klasyfikacji jako rakotw\u00f3rcze, mutagenne lub reprotoksyczne kategorii 1A lub 1B zgodnie z rozporz\u0105dzeniem Parlamentu Europejskiego i Rady (WE) nr 1272\/2008 z dnia 16 grudnia 2008 r. w sprawie klasyfikacji, oznakowania i pakowania substancji i mieszanin.<\/p>\n<p>Pracodawca prowadzi rejestr prac, kt\u00f3rych wykonywanie powoduje konieczno\u015b\u0107 pozostawania w kontakcie z substancjami chemicznymi, ich mieszaninami, czynnikami lub procesami technologicznymi o dzia\u0142aniu rakotw\u00f3rczym, mutagennym lub reprotoksycznym.<\/p>\n<p>Pracodawca jest obowi\u0105zany prowadzi\u0107 rejestr pracownik\u00f3w nara\u017conych na dzia\u0142anie substancji chemicznych, ich mieszanin, czynnik\u00f3w lub proces\u00f3w technologicznych o dzia\u0142aniu rakotw\u00f3rczym, mutagennym lub reprotoksycznym i przechowywa\u0107 go przez okres 40 lat po ustaniu nara\u017cenia, a w przypadku czynnik\u00f3w reprotoksycznych przez okres 5 lat. W przypadku likwidacji zak\u0142adu pracy \u2013 przekaza\u0107 w\u0142a\u015bciwemu pa\u0144stwowemu wojew\u00f3dzkiemu inspektorowi sanitarnemu.<\/p>\n<p>Informacje o czynnikach rakotw\u00f3rczych, mutagennych i reprotoksycznych w \u015brodowisku pracy pracodawca przekazuje w\u0142a\u015bciwemu pa\u0144stwowemu wojew\u00f3dzkiemu inspektorowi sanitarnemu oraz w\u0142a\u015bciwemu okr\u0119gowemu inspektorowi pracy corocznie w terminie do dnia 15 stycznia.<\/p>\n<style type=\"text\/css\">a[data-mtli~=\"mtli_filesize48,00kB\"]:after {content:\" (48,00 kB)\"}a[data-mtli~=\"mtli_filesize34,50kB\"]:after {content:\" (34,50 kB)\"}a[data-mtli~=\"mtli_filesize35,00kB\"]:after {content:\" (35,00 kB)\"}<\/style><\/div>\r\n                    <\/div>\r\n                <\/div>[\/vc_column][\/vc_row]<\/p>\n<style type=\"text\/css\">a[data-mtli~=\"mtli_filesize48,00kB\"]:after {content:\" (48,00 kB)\"}a[data-mtli~=\"mtli_filesize34,50kB\"]:after {content:\" (34,50 kB)\"}a[data-mtli~=\"mtli_filesize35,00kB\"]:after {content:\" (35,00 kB)\"}a[data-mtli~=\"mtli_filesize15,58kB\"]:after {content:\" (15,58 kB)\"}a[data-mtli~=\"mtli_filesize7,62kB\"]:after {content:\" (7,62 kB)\"}a[data-mtli~=\"mtli_filesize7,18kB\"]:after {content:\" (7,18 kB)\"}<\/style>","protected":false},"excerpt":{"rendered":"<p>[vc_row][vc_column][\/vc_column][\/vc_row][vc_row][vc_column][\/vc_column][\/vc_row] [&#8230;]<\/p>\n<p><a class=\"btn btn-secondary understrap-read-more-link\" href=\"https:\/\/us.edu.pl\/pracownik\/procedury-i-obieg-dokumentow\/instrukcje-i-procedury-bhp-i-op\/czynniki-rakotworcze-i-mutagenne-w-srodowisku-pracy\/\">Read More&#8230;<\/a><\/p>\n","protected":false},"author":41,"featured_media":0,"parent":905,"menu_order":328,"comment_status":"closed","ping_status":"closed","template":"page-templates\/inner-page.php","meta":{"_expiration-date-status":"","_expiration-date":0,"_expiration-date-type":"","_expiration-date-categories":[],"_expiration-date-options":[]},"acf":[],"_links":{"self":[{"href":"https:\/\/us.edu.pl\/pracownik\/wp-json\/wp\/v2\/pages\/2101"}],"collection":[{"href":"https:\/\/us.edu.pl\/pracownik\/wp-json\/wp\/v2\/pages"}],"about":[{"href":"https:\/\/us.edu.pl\/pracownik\/wp-json\/wp\/v2\/types\/page"}],"author":[{"embeddable":true,"href":"https:\/\/us.edu.pl\/pracownik\/wp-json\/wp\/v2\/users\/41"}],"replies":[{"embeddable":true,"href":"https:\/\/us.edu.pl\/pracownik\/wp-json\/wp\/v2\/comments?post=2101"}],"version-history":[{"count":11,"href":"https:\/\/us.edu.pl\/pracownik\/wp-json\/wp\/v2\/pages\/2101\/revisions"}],"predecessor-version":[{"id":41631,"href":"https:\/\/us.edu.pl\/pracownik\/wp-json\/wp\/v2\/pages\/2101\/revisions\/41631"}],"up":[{"embeddable":true,"href":"https:\/\/us.edu.pl\/pracownik\/wp-json\/wp\/v2\/pages\/905"}],"wp:attachment":[{"href":"https:\/\/us.edu.pl\/pracownik\/wp-json\/wp\/v2\/media?parent=2101"}],"curies":[{"name":"wp","href":"https:\/\/api.w.org\/{rel}","templated":true}]}}